{"id":11826,"date":"2022-02-08T19:46:59","date_gmt":"2022-02-08T19:46:59","guid":{"rendered":"https:\/\/barneleker.no\/index.php\/product\/barbie-extra-playset\/"},"modified":"2022-02-08T19:46:59","modified_gmt":"2022-02-08T19:46:59","slug":"barbie-extra-playset","status":"publish","type":"product","link":"https:\/\/barneleker.no\/index.php\/product\/barbie-extra-playset\/","title":{"rendered":"Barbie, Extra Playset"},"content":{"rendered":"<p>Pump opp stilen med dette sminkebordinspirerte lekesettet med fungerende speil og lys! Det er den perfekte plassen \u00e5 skape EXTRA-ordin\u00e6re stiler. Fortell endel\u00f8se motehistorier med mer enn 45 deler \u2013 en eksklusiv Barbie\u00ae Extra-dukke, rullende klesstativ, moter, tilbeh\u00f8r, h\u00e5rforlengelser, s\u00f8t valp med mer! Etter Barbie\u00ae Extra-dukken er p\u00e5kledd, kan du sjekke ut stilen hennes i sminkebordspeilet, vise frem moter p\u00e5 de merkede Barbie\u00ae Extra-hengerne og det rullende klesstativet, eller bruke et dukkehode for h\u00e5r- og tilbeh\u00f8rstyling. Det er til og med en leppestiftformet salgsautomat som slipper ut valpegodbiter! Lekesettet er ogs\u00e5 en lagringsplass med fungerende skuffer, hyller og tonnevis av morsomme tilbeh\u00f8rplasser, som en parfymeflaske og tilbeh\u00f8rsholder for lipgloss-fargekart! Den bevegelige Barbie\u00ae-dukken har ekstra langt, lilla h\u00e5r og har p\u00e5 seg et trendy, rutete antrekk og neonfarget pelsk\u00e5pe \u2013 og kommer med extra stemning uansett hvor hun drar. Barn kan mikse og matche for \u00e5 skape stiler som uttrykker deres egen unike stil, fra lyst og t\u00f8ft til morsomt og sterkt. Slipp l\u00f8s deres indre trendsetter med dette lekesettet samtidig som de forestiller seg soverommet sitt som en catwalk eller scenen til et show! Dukken kan ikke st\u00e5 uten st\u00f8tte. Farger og dekor kan variere.<\/p>\n","protected":false},"excerpt":{"rendered":"<p>Pump opp stilen med dette sminkebordinspirerte lekesettet med fungerende speil og lys! Det er den perfekte plassen \u00e5 skape EXTRA-ordin\u00e6re stiler. Fortell endel\u00f8se motehistorier med&hellip;<\/p>\n","protected":false},"featured_media":11825,"comment_status":"open","ping_status":"closed","template":"","meta":[],"product_brand":[],"product_cat":[346],"product_tag":[],"class_list":{"0":"post-11826","1":"product","2":"type-product","3":"status-publish","4":"has-post-thumbnail","6":"product_cat-dockset","8":"first","9":"instock","10":"shipping-taxable","11":"product-type-external","12":"customify-col"},"yoast_head":"<!-- This site is optimized with the Yoast SEO plugin v26.0 - https:\/\/yoast.com\/wordpress\/plugins\/seo\/ -->\n<title>Barbie, Extra Playset - Barneleker.no<\/title>\n<meta name=\"robots\" content=\"index, follow, max-snippet:-1, max-image-preview:large, max-video-preview:-1\" \/>\n<link rel=\"canonical\" href=\"https:\/\/barneleker.no\/index.php\/product\/barbie-extra-playset\/\" \/>\n<meta property=\"og:locale\" content=\"nb_NO\" \/>\n<meta property=\"og:type\" content=\"article\" \/>\n<meta property=\"og:title\" content=\"Barbie, Extra Playset - Barneleker.no\" \/>\n<meta property=\"og:description\" content=\"Pump opp stilen med dette sminkebordinspirerte lekesettet med fungerende speil og lys! Det er den perfekte plassen \u00e5 skape EXTRA-ordin\u00e6re stiler. Fortell endel\u00f8se motehistorier med&hellip;\" \/>\n<meta property=\"og:url\" content=\"https:\/\/barneleker.no\/index.php\/product\/barbie-extra-playset\/\" \/>\n<meta property=\"og:site_name\" content=\"Barneleker.no\" \/>\n<meta name=\"twitter:card\" content=\"summary_large_image\" \/>\n<meta name=\"twitter:label1\" content=\"Ansl. lesetid\" \/>\n\t<meta name=\"twitter:data1\" content=\"1 minutt\" \/>\n<script type=\"application\/ld+json\" class=\"yoast-schema-graph\">{\"@context\":\"https:\/\/schema.org\",\"@graph\":[{\"@type\":\"WebPage\",\"@id\":\"https:\/\/barneleker.no\/index.php\/product\/barbie-extra-playset\/\",\"url\":\"https:\/\/barneleker.no\/index.php\/product\/barbie-extra-playset\/\",\"name\":\"Barbie, Extra Playset - Barneleker.no\",\"isPartOf\":{\"@id\":\"https:\/\/barneleker.no\/#website\"},\"primaryImageOfPage\":{\"@id\":\"https:\/\/barneleker.no\/index.php\/product\/barbie-extra-playset\/#primaryimage\"},\"image\":{\"@id\":\"https:\/\/barneleker.no\/index.php\/product\/barbie-extra-playset\/#primaryimage\"},\"thumbnailUrl\":\"https:\/\/barneleker.no\/wp-content\/uploads\/2022\/02\/barbie-extra-playset.jpg\",\"datePublished\":\"2022-02-08T19:46:59+00:00\",\"breadcrumb\":{\"@id\":\"https:\/\/barneleker.no\/index.php\/product\/barbie-extra-playset\/#breadcrumb\"},\"inLanguage\":\"nb-NO\",\"potentialAction\":[{\"@type\":\"ReadAction\",\"target\":[\"https:\/\/barneleker.no\/index.php\/product\/barbie-extra-playset\/\"]}]},{\"@type\":\"ImageObject\",\"inLanguage\":\"nb-NO\",\"@id\":\"https:\/\/barneleker.no\/index.php\/product\/barbie-extra-playset\/#primaryimage\",\"url\":\"https:\/\/barneleker.no\/wp-content\/uploads\/2022\/02\/barbie-extra-playset.jpg\",\"contentUrl\":\"https:\/\/barneleker.no\/wp-content\/uploads\/2022\/02\/barbie-extra-playset.jpg\",\"width\":555,\"height\":555},{\"@type\":\"BreadcrumbList\",\"@id\":\"https:\/\/barneleker.no\/index.php\/product\/barbie-extra-playset\/#breadcrumb\",\"itemListElement\":[{\"@type\":\"ListItem\",\"position\":1,\"name\":\"Butikken\",\"item\":\"https:\/\/barneleker.no\/\"},{\"@type\":\"ListItem\",\"position\":2,\"name\":\"Barbie, Extra Playset\"}]},{\"@type\":\"WebSite\",\"@id\":\"https:\/\/barneleker.no\/#website\",\"url\":\"https:\/\/barneleker.no\/\",\"name\":\"Barneleker.no\",\"description\":\"Selvf\u00f8lgelig!\",\"publisher\":{\"@id\":\"https:\/\/barneleker.no\/#organization\"},\"potentialAction\":[{\"@type\":\"SearchAction\",\"target\":{\"@type\":\"EntryPoint\",\"urlTemplate\":\"https:\/\/barneleker.no\/?s={search_term_string}\"},\"query-input\":{\"@type\":\"PropertyValueSpecification\",\"valueRequired\":true,\"valueName\":\"search_term_string\"}}],\"inLanguage\":\"nb-NO\"},{\"@type\":\"Organization\",\"@id\":\"https:\/\/barneleker.no\/#organization\",\"name\":\"Barneleker.no\",\"url\":\"https:\/\/barneleker.no\/\",\"logo\":{\"@type\":\"ImageObject\",\"inLanguage\":\"nb-NO\",\"@id\":\"https:\/\/barneleker.no\/#\/schema\/logo\/image\/\",\"url\":\"https:\/\/barneleker.no\/wp-content\/uploads\/2021\/11\/barneleker_logo-780x150-1.jpg\",\"contentUrl\":\"https:\/\/barneleker.no\/wp-content\/uploads\/2021\/11\/barneleker_logo-780x150-1.jpg\",\"width\":780,\"height\":150,\"caption\":\"Barneleker.no\"},\"image\":{\"@id\":\"https:\/\/barneleker.no\/#\/schema\/logo\/image\/\"}}]}<\/script>\n<!-- \/ Yoast SEO plugin. -->","yoast_head_json":{"title":"Barbie, Extra Playset - Barneleker.no","robots":{"index":"index","follow":"follow","max-snippet":"max-snippet:-1","max-image-preview":"max-image-preview:large","max-video-preview":"max-video-preview:-1"},"canonical":"https:\/\/barneleker.no\/index.php\/product\/barbie-extra-playset\/","og_locale":"nb_NO","og_type":"article","og_title":"Barbie, Extra Playset - Barneleker.no","og_description":"Pump opp stilen med dette sminkebordinspirerte lekesettet med fungerende speil og lys! Det er den perfekte plassen \u00e5 skape EXTRA-ordin\u00e6re stiler. Fortell endel\u00f8se motehistorier med&hellip;","og_url":"https:\/\/barneleker.no\/index.php\/product\/barbie-extra-playset\/","og_site_name":"Barneleker.no","twitter_card":"summary_large_image","twitter_misc":{"Ansl. lesetid":"1 minutt"},"schema":{"@context":"https:\/\/schema.org","@graph":[{"@type":"WebPage","@id":"https:\/\/barneleker.no\/index.php\/product\/barbie-extra-playset\/","url":"https:\/\/barneleker.no\/index.php\/product\/barbie-extra-playset\/","name":"Barbie, Extra Playset - Barneleker.no","isPartOf":{"@id":"https:\/\/barneleker.no\/#website"},"primaryImageOfPage":{"@id":"https:\/\/barneleker.no\/index.php\/product\/barbie-extra-playset\/#primaryimage"},"image":{"@id":"https:\/\/barneleker.no\/index.php\/product\/barbie-extra-playset\/#primaryimage"},"thumbnailUrl":"https:\/\/barneleker.no\/wp-content\/uploads\/2022\/02\/barbie-extra-playset.jpg","datePublished":"2022-02-08T19:46:59+00:00","breadcrumb":{"@id":"https:\/\/barneleker.no\/index.php\/product\/barbie-extra-playset\/#breadcrumb"},"inLanguage":"nb-NO","potentialAction":[{"@type":"ReadAction","target":["https:\/\/barneleker.no\/index.php\/product\/barbie-extra-playset\/"]}]},{"@type":"ImageObject","inLanguage":"nb-NO","@id":"https:\/\/barneleker.no\/index.php\/product\/barbie-extra-playset\/#primaryimage","url":"https:\/\/barneleker.no\/wp-content\/uploads\/2022\/02\/barbie-extra-playset.jpg","contentUrl":"https:\/\/barneleker.no\/wp-content\/uploads\/2022\/02\/barbie-extra-playset.jpg","width":555,"height":555},{"@type":"BreadcrumbList","@id":"https:\/\/barneleker.no\/index.php\/product\/barbie-extra-playset\/#breadcrumb","itemListElement":[{"@type":"ListItem","position":1,"name":"Butikken","item":"https:\/\/barneleker.no\/"},{"@type":"ListItem","position":2,"name":"Barbie, Extra Playset"}]},{"@type":"WebSite","@id":"https:\/\/barneleker.no\/#website","url":"https:\/\/barneleker.no\/","name":"Barneleker.no","description":"Selvf\u00f8lgelig!","publisher":{"@id":"https:\/\/barneleker.no\/#organization"},"potentialAction":[{"@type":"SearchAction","target":{"@type":"EntryPoint","urlTemplate":"https:\/\/barneleker.no\/?s={search_term_string}"},"query-input":{"@type":"PropertyValueSpecification","valueRequired":true,"valueName":"search_term_string"}}],"inLanguage":"nb-NO"},{"@type":"Organization","@id":"https:\/\/barneleker.no\/#organization","name":"Barneleker.no","url":"https:\/\/barneleker.no\/","logo":{"@type":"ImageObject","inLanguage":"nb-NO","@id":"https:\/\/barneleker.no\/#\/schema\/logo\/image\/","url":"https:\/\/barneleker.no\/wp-content\/uploads\/2021\/11\/barneleker_logo-780x150-1.jpg","contentUrl":"https:\/\/barneleker.no\/wp-content\/uploads\/2021\/11\/barneleker_logo-780x150-1.jpg","width":780,"height":150,"caption":"Barneleker.no"},"image":{"@id":"https:\/\/barneleker.no\/#\/schema\/logo\/image\/"}}]}},"_links":{"self":[{"href":"https:\/\/barneleker.no\/index.php\/wp-json\/wp\/v2\/product\/11826","targetHints":{"allow":["GET"]}}],"collection":[{"href":"https:\/\/barneleker.no\/index.php\/wp-json\/wp\/v2\/product"}],"about":[{"href":"https:\/\/barneleker.no\/index.php\/wp-json\/wp\/v2\/types\/product"}],"replies":[{"embeddable":true,"href":"https:\/\/barneleker.no\/index.php\/wp-json\/wp\/v2\/comments?post=11826"}],"wp:featuredmedia":[{"embeddable":true,"href":"https:\/\/barneleker.no\/index.php\/wp-json\/wp\/v2\/media\/11825"}],"wp:attachment":[{"href":"https:\/\/barneleker.no\/index.php\/wp-json\/wp\/v2\/media?parent=11826"}],"wp:term":[{"taxonomy":"product_brand","embeddable":true,"href":"https:\/\/barneleker.no\/index.php\/wp-json\/wp\/v2\/product_brand?post=11826"},{"taxonomy":"product_cat","embeddable":true,"href":"https:\/\/barneleker.no\/index.php\/wp-json\/wp\/v2\/product_cat?post=11826"},{"taxonomy":"product_tag","embeddable":true,"href":"https:\/\/barneleker.no\/index.php\/wp-json\/wp\/v2\/product_tag?post=11826"}],"curies":[{"name":"wp","href":"https:\/\/api.w.org\/{rel}","templated":true}]}}