{"id":11830,"date":"2022-02-08T19:47:00","date_gmt":"2022-02-08T19:47:00","guid":{"rendered":"https:\/\/barneleker.no\/index.php\/product\/barbie-fargeavsloring-gavesett-ror\/"},"modified":"2022-02-08T19:47:00","modified_gmt":"2022-02-08T19:47:00","slug":"barbie-fargeavsloring-gavesett-ror","status":"publish","type":"product","link":"https:\/\/barneleker.no\/index.php\/product\/barbie-fargeavsloring-gavesett-ror\/","title":{"rendered":"Barbie, Fargeavsl\u00f8ring Gavesett R\u00f8r"},"content":{"rendered":"<p>\u200bBarbie\u00ae Color Reveal-dukker gir en fantastisk utpakkingsopplevelse \u2013 dette kjempesettet har over 50 overraskelser, inkludert en Color Reveal Barbie\u00ae-dukke, en Color Reveal Chelsea-dukke og tre Color Reveal-kj\u00e6ledyr! Det finnes ogs\u00e5 funksjoner gjentatte fargeendringer, en lang parykk, kl\u00e6r, tilbeh\u00f8r og historiefortellingsdeler barna kan bruke til \u00e5 ha pysjamasfest! Dessuten er det et spill, sceneelementer og gjenbrukbar emballasje som gir ekstra moro. Barna begynner med \u00e5 \u00e5pne b\u00f8tten og t\u00f8mme de 28 mysterieposene. Alt kan oppbevares p\u00e5 innsiden n\u00e5r leken er slutt. Finn lekematten, sl\u00e5 ut terningene og spilldelene fra emballasjen, og sett dem sammen. Deretter kan du bruke dem til \u00e5 flytte spillbrettet og pakke ut emballasjen som anvist. N\u00e5r alt er \u00e5pnet, kan oppdagelsene begynne. Ta Color Reveal Barbie\u00ae-dukken ut av r\u00f8ret. Fyll r\u00f8ret med varmt vann, legg dukken nedi, og virvle henne rundt. Vannet blir s\u00f8lvfarget, og n\u00e5r dukken trekkes ut, avsl\u00f8res det unike utseendet hennes! Gj\u00f8r det samme for \u00e5 avsl\u00f8re utseendet til Color Reveal Chelsea-dukken og alle de tre Color Reveal-kj\u00e6ledyrene. Finn svampen, dypp den i iskaldt vann, og bruk den til \u00e5 lage fargeendringer p\u00e5 Barbie\u00ae-dukkens og Chelsea-dukkens kropp. Bruk varmt vann for \u00e5 forvandle den tilbake. Gjenta wow-\u00f8yeblikket om og om igjen! Snu spillet for \u00e5 finne en pysjamasfestscene p\u00e5 den andre siden, og bruk de ekstra delene til \u00e5 spille ut overnattingshistorier \u2013 tilbeh\u00f8r inkluderer pyjamas, soveposer, snacks, kj\u00e6ledyrutstyr og mer! Barn kan sl\u00e5 ut \u00f8yemaskene i barnest\u00f8rrelse fra emballasjen for \u00e5 fordype seg enda mer i rollespillet. De kommer til \u00e5 elske \u00e5 \u00e5pne denne pakken, sette i gang pysjamasfesten og spille ut dagdr\u00f8mmer, s\u00f8te dr\u00f8mmer og mye mer! Hvilke dukker vil bli avsl\u00f8rt? Barbie\u00ae-dukken kan ikke st\u00e5 uten st\u00f8tte. Farger og dekor kan variere.\u200b\u200b\u200bMed over 50 overraskelser i \u00e9n pakke inspirerer Barbie\u00ae Color Reveal-settet barn til \u00e5 dr\u00f8mme om alt mulig med et morsomt pysjamasfesttema som inkluderer dukker, kj\u00e6ledyr, tilbeh\u00f8r, et spill og mye mer!\u200b\u200b\u200bBarna \u00e5pner b\u00f8tten for \u00e5 finne de 28 mysteriepakkene, spill-\/lekematten og emballasjen som kan sl\u00e5s ut og settes sammen for \u00e5 lage 2 terninger og 7 lekedeler, i tillegg til 4 \u00f8yemasker i barnest\u00f8rrelse for morsom lek med rollespill!\u200bP\u00e5 innsiden skjuler det seg en s\u00f8lvfarget Barbie\u00ae Color Reveal-dukke, en bl\u00e5gr\u00f8nn Chelsea Color Reveal-dukke, 3 Color Reveal-kj\u00e6ledyr og 36 tilbeh\u00f8r med overnattingstema, inkludert en lang parykk, kl\u00e6r, historiefortellingsdeler og et ark med klistremerker som lyser i m\u00f8rket.\u200b\u200bBarna kan leke utpakkingsspillet p\u00e5 spillmatten som f\u00e5r dem til \u00e5 \u00e5pne bestemte pakker mens de flytter rundt brettet! \u200b\u200bN\u00e5r alt er \u00e5pnet, er det tid for \u00e5 avsl\u00f8re dukker og kj\u00e6ledyr! Barna kan ta ut Barbie\u00ae Color Reveal-dukken fra r\u00f8ret og fylle det med varmt vann, og deretter dyppe Color Reveal-dukken i det og virvle henne rundt. Vannet endrer dukkens farge, og utseendet hennes er avsl\u00f8rt! Gjenta prosessen for hver av dem \u2013 hvilke vil du avsl\u00f8re? \u200b\u200bFinn svampen som f\u00f8lger med, for \u00e5 aktivere fargeendringsfunksjonene, bruk kaldt og varmt vann til \u00e5 forvandle dukkens farge og endre den tilbake, for ekstra historiefortelling og gjentatte overraskelser.\u200b\u200bBarna kan snu spillbrettet for \u00e5 finne en lekematte med pysjamasfesttema og sette opp det laminerte teltet og andre deler \u2013 en sk\u00e5l med popkorn, en nakkepute, en bamse \u2013 for \u00e5 arrangere den perfekte pysjamasfesten!\u200b<\/p>\n","protected":false},"excerpt":{"rendered":"<p>\u200bBarbie\u00ae Color Reveal-dukker gir en fantastisk utpakkingsopplevelse \u2013 dette kjempesettet har over 50 overraskelser, inkludert en Color Reveal Barbie\u00ae-dukke, en Color Reveal Chelsea-dukke og tre&hellip;<\/p>\n","protected":false},"featured_media":11829,"comment_status":"open","ping_status":"closed","template":"","meta":[],"product_brand":[],"product_cat":[349],"product_tag":[],"class_list":{"0":"post-11830","1":"product","2":"type-product","3":"status-publish","4":"has-post-thumbnail","6":"product_cat-modedockor","8":"first","9":"instock","10":"shipping-taxable","11":"product-type-external","12":"customify-col"},"yoast_head":"<!-- This site is optimized with the Yoast SEO plugin v26.0 - https:\/\/yoast.com\/wordpress\/plugins\/seo\/ -->\n<title>Barbie, Fargeavsl\u00f8ring Gavesett R\u00f8r - Barneleker.no<\/title>\n<meta name=\"robots\" content=\"index, follow, max-snippet:-1, max-image-preview:large, max-video-preview:-1\" \/>\n<link rel=\"canonical\" href=\"https:\/\/barneleker.no\/index.php\/product\/barbie-fargeavsloring-gavesett-ror\/\" \/>\n<meta property=\"og:locale\" content=\"nb_NO\" \/>\n<meta property=\"og:type\" content=\"article\" \/>\n<meta property=\"og:title\" content=\"Barbie, Fargeavsl\u00f8ring Gavesett R\u00f8r - Barneleker.no\" \/>\n<meta property=\"og:description\" content=\"\u200bBarbie\u00ae Color Reveal-dukker gir en fantastisk utpakkingsopplevelse \u2013 dette kjempesettet har over 50 overraskelser, inkludert en Color Reveal Barbie\u00ae-dukke, en Color Reveal Chelsea-dukke og tre&hellip;\" \/>\n<meta property=\"og:url\" content=\"https:\/\/barneleker.no\/index.php\/product\/barbie-fargeavsloring-gavesett-ror\/\" \/>\n<meta property=\"og:site_name\" content=\"Barneleker.no\" \/>\n<meta name=\"twitter:card\" content=\"summary_large_image\" \/>\n<meta name=\"twitter:label1\" content=\"Ansl. lesetid\" \/>\n\t<meta name=\"twitter:data1\" content=\"3 minutter\" \/>\n<script type=\"application\/ld+json\" class=\"yoast-schema-graph\">{\"@context\":\"https:\/\/schema.org\",\"@graph\":[{\"@type\":\"WebPage\",\"@id\":\"https:\/\/barneleker.no\/index.php\/product\/barbie-fargeavsloring-gavesett-ror\/\",\"url\":\"https:\/\/barneleker.no\/index.php\/product\/barbie-fargeavsloring-gavesett-ror\/\",\"name\":\"Barbie, Fargeavsl\u00f8ring Gavesett R\u00f8r - Barneleker.no\",\"isPartOf\":{\"@id\":\"https:\/\/barneleker.no\/#website\"},\"primaryImageOfPage\":{\"@id\":\"https:\/\/barneleker.no\/index.php\/product\/barbie-fargeavsloring-gavesett-ror\/#primaryimage\"},\"image\":{\"@id\":\"https:\/\/barneleker.no\/index.php\/product\/barbie-fargeavsloring-gavesett-ror\/#primaryimage\"},\"thumbnailUrl\":\"https:\/\/barneleker.no\/wp-content\/uploads\/2022\/02\/barbie-fargeavsloring-gavesett-ror.jpg\",\"datePublished\":\"2022-02-08T19:47:00+00:00\",\"breadcrumb\":{\"@id\":\"https:\/\/barneleker.no\/index.php\/product\/barbie-fargeavsloring-gavesett-ror\/#breadcrumb\"},\"inLanguage\":\"nb-NO\",\"potentialAction\":[{\"@type\":\"ReadAction\",\"target\":[\"https:\/\/barneleker.no\/index.php\/product\/barbie-fargeavsloring-gavesett-ror\/\"]}]},{\"@type\":\"ImageObject\",\"inLanguage\":\"nb-NO\",\"@id\":\"https:\/\/barneleker.no\/index.php\/product\/barbie-fargeavsloring-gavesett-ror\/#primaryimage\",\"url\":\"https:\/\/barneleker.no\/wp-content\/uploads\/2022\/02\/barbie-fargeavsloring-gavesett-ror.jpg\",\"contentUrl\":\"https:\/\/barneleker.no\/wp-content\/uploads\/2022\/02\/barbie-fargeavsloring-gavesett-ror.jpg\",\"width\":555,\"height\":555},{\"@type\":\"BreadcrumbList\",\"@id\":\"https:\/\/barneleker.no\/index.php\/product\/barbie-fargeavsloring-gavesett-ror\/#breadcrumb\",\"itemListElement\":[{\"@type\":\"ListItem\",\"position\":1,\"name\":\"Butikken\",\"item\":\"https:\/\/barneleker.no\/\"},{\"@type\":\"ListItem\",\"position\":2,\"name\":\"Barbie, Fargeavsl\u00f8ring Gavesett R\u00f8r\"}]},{\"@type\":\"WebSite\",\"@id\":\"https:\/\/barneleker.no\/#website\",\"url\":\"https:\/\/barneleker.no\/\",\"name\":\"Barneleker.no\",\"description\":\"Selvf\u00f8lgelig!\",\"publisher\":{\"@id\":\"https:\/\/barneleker.no\/#organization\"},\"potentialAction\":[{\"@type\":\"SearchAction\",\"target\":{\"@type\":\"EntryPoint\",\"urlTemplate\":\"https:\/\/barneleker.no\/?s={search_term_string}\"},\"query-input\":{\"@type\":\"PropertyValueSpecification\",\"valueRequired\":true,\"valueName\":\"search_term_string\"}}],\"inLanguage\":\"nb-NO\"},{\"@type\":\"Organization\",\"@id\":\"https:\/\/barneleker.no\/#organization\",\"name\":\"Barneleker.no\",\"url\":\"https:\/\/barneleker.no\/\",\"logo\":{\"@type\":\"ImageObject\",\"inLanguage\":\"nb-NO\",\"@id\":\"https:\/\/barneleker.no\/#\/schema\/logo\/image\/\",\"url\":\"https:\/\/barneleker.no\/wp-content\/uploads\/2021\/11\/barneleker_logo-780x150-1.jpg\",\"contentUrl\":\"https:\/\/barneleker.no\/wp-content\/uploads\/2021\/11\/barneleker_logo-780x150-1.jpg\",\"width\":780,\"height\":150,\"caption\":\"Barneleker.no\"},\"image\":{\"@id\":\"https:\/\/barneleker.no\/#\/schema\/logo\/image\/\"}}]}<\/script>\n<!-- \/ Yoast SEO plugin. -->","yoast_head_json":{"title":"Barbie, Fargeavsl\u00f8ring Gavesett R\u00f8r - Barneleker.no","robots":{"index":"index","follow":"follow","max-snippet":"max-snippet:-1","max-image-preview":"max-image-preview:large","max-video-preview":"max-video-preview:-1"},"canonical":"https:\/\/barneleker.no\/index.php\/product\/barbie-fargeavsloring-gavesett-ror\/","og_locale":"nb_NO","og_type":"article","og_title":"Barbie, Fargeavsl\u00f8ring Gavesett R\u00f8r - Barneleker.no","og_description":"\u200bBarbie\u00ae Color Reveal-dukker gir en fantastisk utpakkingsopplevelse \u2013 dette kjempesettet har over 50 overraskelser, inkludert en Color Reveal Barbie\u00ae-dukke, en Color Reveal Chelsea-dukke og tre&hellip;","og_url":"https:\/\/barneleker.no\/index.php\/product\/barbie-fargeavsloring-gavesett-ror\/","og_site_name":"Barneleker.no","twitter_card":"summary_large_image","twitter_misc":{"Ansl. lesetid":"3 minutter"},"schema":{"@context":"https:\/\/schema.org","@graph":[{"@type":"WebPage","@id":"https:\/\/barneleker.no\/index.php\/product\/barbie-fargeavsloring-gavesett-ror\/","url":"https:\/\/barneleker.no\/index.php\/product\/barbie-fargeavsloring-gavesett-ror\/","name":"Barbie, Fargeavsl\u00f8ring Gavesett R\u00f8r - Barneleker.no","isPartOf":{"@id":"https:\/\/barneleker.no\/#website"},"primaryImageOfPage":{"@id":"https:\/\/barneleker.no\/index.php\/product\/barbie-fargeavsloring-gavesett-ror\/#primaryimage"},"image":{"@id":"https:\/\/barneleker.no\/index.php\/product\/barbie-fargeavsloring-gavesett-ror\/#primaryimage"},"thumbnailUrl":"https:\/\/barneleker.no\/wp-content\/uploads\/2022\/02\/barbie-fargeavsloring-gavesett-ror.jpg","datePublished":"2022-02-08T19:47:00+00:00","breadcrumb":{"@id":"https:\/\/barneleker.no\/index.php\/product\/barbie-fargeavsloring-gavesett-ror\/#breadcrumb"},"inLanguage":"nb-NO","potentialAction":[{"@type":"ReadAction","target":["https:\/\/barneleker.no\/index.php\/product\/barbie-fargeavsloring-gavesett-ror\/"]}]},{"@type":"ImageObject","inLanguage":"nb-NO","@id":"https:\/\/barneleker.no\/index.php\/product\/barbie-fargeavsloring-gavesett-ror\/#primaryimage","url":"https:\/\/barneleker.no\/wp-content\/uploads\/2022\/02\/barbie-fargeavsloring-gavesett-ror.jpg","contentUrl":"https:\/\/barneleker.no\/wp-content\/uploads\/2022\/02\/barbie-fargeavsloring-gavesett-ror.jpg","width":555,"height":555},{"@type":"BreadcrumbList","@id":"https:\/\/barneleker.no\/index.php\/product\/barbie-fargeavsloring-gavesett-ror\/#breadcrumb","itemListElement":[{"@type":"ListItem","position":1,"name":"Butikken","item":"https:\/\/barneleker.no\/"},{"@type":"ListItem","position":2,"name":"Barbie, Fargeavsl\u00f8ring Gavesett R\u00f8r"}]},{"@type":"WebSite","@id":"https:\/\/barneleker.no\/#website","url":"https:\/\/barneleker.no\/","name":"Barneleker.no","description":"Selvf\u00f8lgelig!","publisher":{"@id":"https:\/\/barneleker.no\/#organization"},"potentialAction":[{"@type":"SearchAction","target":{"@type":"EntryPoint","urlTemplate":"https:\/\/barneleker.no\/?s={search_term_string}"},"query-input":{"@type":"PropertyValueSpecification","valueRequired":true,"valueName":"search_term_string"}}],"inLanguage":"nb-NO"},{"@type":"Organization","@id":"https:\/\/barneleker.no\/#organization","name":"Barneleker.no","url":"https:\/\/barneleker.no\/","logo":{"@type":"ImageObject","inLanguage":"nb-NO","@id":"https:\/\/barneleker.no\/#\/schema\/logo\/image\/","url":"https:\/\/barneleker.no\/wp-content\/uploads\/2021\/11\/barneleker_logo-780x150-1.jpg","contentUrl":"https:\/\/barneleker.no\/wp-content\/uploads\/2021\/11\/barneleker_logo-780x150-1.jpg","width":780,"height":150,"caption":"Barneleker.no"},"image":{"@id":"https:\/\/barneleker.no\/#\/schema\/logo\/image\/"}}]}},"_links":{"self":[{"href":"https:\/\/barneleker.no\/index.php\/wp-json\/wp\/v2\/product\/11830","targetHints":{"allow":["GET"]}}],"collection":[{"href":"https:\/\/barneleker.no\/index.php\/wp-json\/wp\/v2\/product"}],"about":[{"href":"https:\/\/barneleker.no\/index.php\/wp-json\/wp\/v2\/types\/product"}],"replies":[{"embeddable":true,"href":"https:\/\/barneleker.no\/index.php\/wp-json\/wp\/v2\/comments?post=11830"}],"wp:featuredmedia":[{"embeddable":true,"href":"https:\/\/barneleker.no\/index.php\/wp-json\/wp\/v2\/media\/11829"}],"wp:attachment":[{"href":"https:\/\/barneleker.no\/index.php\/wp-json\/wp\/v2\/media?parent=11830"}],"wp:term":[{"taxonomy":"product_brand","embeddable":true,"href":"https:\/\/barneleker.no\/index.php\/wp-json\/wp\/v2\/product_brand?post=11830"},{"taxonomy":"product_cat","embeddable":true,"href":"https:\/\/barneleker.no\/index.php\/wp-json\/wp\/v2\/product_cat?post=11830"},{"taxonomy":"product_tag","embeddable":true,"href":"https:\/\/barneleker.no\/index.php\/wp-json\/wp\/v2\/product_tag?post=11830"}],"curies":[{"name":"wp","href":"https:\/\/api.w.org\/{rel}","templated":true}]}}