{"id":11854,"date":"2022-02-08T19:47:08","date_gmt":"2022-02-08T19:47:08","guid":{"rendered":"https:\/\/barneleker.no\/index.php\/product\/barbie-breathe-with-me-barbie-doll\/"},"modified":"2022-02-08T19:47:08","modified_gmt":"2022-02-08T19:47:08","slug":"barbie-breathe-with-me-barbie-doll","status":"publish","type":"product","link":"https:\/\/barneleker.no\/index.php\/product\/barbie-breathe-with-me-barbie-doll\/","title":{"rendered":"Barbie\u00ae Breathe with Me Barbie\u2122 Doll"},"content":{"rendered":"<p>Barbie\u00ae-dukken vet at du m\u00e5 ta godt vare p\u00e5 deg selv for at du skal f\u00f8le deg p\u00e5 topp. Med denne dukken med meditasjonstema kan Barbie lade batteriene p\u00e5 en fantastisk m\u00e5te \u2013 mindfulness-meditasjon, samt lys og lyder. Settet kommer med en Barbie\u00ae-dukke, en valp og fire skyemojier. Barna trenger bare \u00e5 trykke p\u00e5 knappen p\u00e5 halskjedet til Barbie\u00ae-dukken for \u00e5 aktivere en av de fem guidede meditasjons\u00f8velsene som bruker lys og lydeffekter til \u00e5 inspirere barna til \u00e5 \u00f8ve selv. Valpen hjelper henne med \u00e5 visualisere \u2013 sett i en av skyemojiene i hodet p\u00e5 den for \u00e5 representere en meditativ tankeboble, og bytt ut om du trenger inspirasjon til ny meditasjon. Breathe with Me Barbie\u2122-dukken er kledd i behagelige kl\u00e6r og har ekstra fleksible ledd for realistiske positurer og aktiv lek. Barna kan samle p\u00e5 alle Barbie\u00ae-velv\u00e6redukkene for \u00e5 utforske avslapping og selvpleie og utvide horisonten, for n\u00e5r barna leker med Barbie\u00ae, ser de for seg alt de kan bli. Selges hver for seg s\u00e5 langt lageret rekker.Barna kan ta seg tid til selvpleie mens de hjelper Breathe with Me Barbie\u2122-dukken med meditasjons\u00f8velsene.Barbie\u00ae-dukken har lys og lyder som inspirerer til mindfulness \u2013 trykk p\u00e5 knappen p\u00e5 halskjedet hennes for \u00e5 starte en av fem guidede meditasjons\u00f8velser som barna ogs\u00e5 kan gj\u00f8re.Valpen hjelper Barbie\u00ae-dukken med \u00e5 fokusere via visualisering. Bare sett en av de fire skyemojiene \u2013 kj\u00e6rlighetsregnbue, trist regn, lykkelig solskinn eller sur, r\u00f8d sky \u2013 p\u00e5 hodet til valpen for \u00e5 uttrykke en f\u00f8lelse, og bytt emoji for \u00e5 uttrykke en ny.Barbie\u00ae-dukken har p\u00e5 seg inspirerende og behagelige kl\u00e6r med sky og regnbue p\u00e5 toppen og skym\u00f8nster p\u00e5 buksa.Hun har ogs\u00e5 15\u00a0ledd for mer realistiske bevegelser og positurer \u2013 i nakken, skuldrene, albuene, h\u00e5ndleddene, l\u00e5rene, hoften, kn\u00e6rne og anklene.Barna kan dikte opp mange historier med Barbie\u00ae-velv\u00e6redukken som inspirerer dem til \u00e5 v\u00e6re gode mot seg selv, for n\u00e5r barna leker med Barbie\u00ae, ser de for seg alt de kan bli.Du kan samle p\u00e5 alle for \u00e5 f\u00e5 flere lekemuligheter og la barn fra 3 til 8\u00a0\u00e5r utforske verden gjennom lek.<\/p>\n","protected":false},"excerpt":{"rendered":"<p>Barbie\u00ae-dukken vet at du m\u00e5 ta godt vare p\u00e5 deg selv for at du skal f\u00f8le deg p\u00e5 topp. Med denne dukken med meditasjonstema kan&hellip;<\/p>\n","protected":false},"featured_media":11853,"comment_status":"open","ping_status":"closed","template":"","meta":[],"product_brand":[],"product_cat":[349],"product_tag":[],"class_list":{"0":"post-11854","1":"product","2":"type-product","3":"status-publish","4":"has-post-thumbnail","6":"product_cat-modedockor","8":"first","9":"instock","10":"shipping-taxable","11":"product-type-external","12":"customify-col"},"yoast_head":"<!-- This site is optimized with the Yoast SEO plugin v26.0 - https:\/\/yoast.com\/wordpress\/plugins\/seo\/ -->\n<title>Barbie\u00ae Breathe with Me Barbie\u2122 Doll - Barneleker.no<\/title>\n<meta name=\"robots\" content=\"index, follow, max-snippet:-1, max-image-preview:large, max-video-preview:-1\" \/>\n<link rel=\"canonical\" href=\"https:\/\/barneleker.no\/index.php\/product\/barbie-breathe-with-me-barbie-doll\/\" \/>\n<meta property=\"og:locale\" content=\"nb_NO\" \/>\n<meta property=\"og:type\" content=\"article\" \/>\n<meta property=\"og:title\" content=\"Barbie\u00ae Breathe with Me Barbie\u2122 Doll - Barneleker.no\" \/>\n<meta property=\"og:description\" content=\"Barbie\u00ae-dukken vet at du m\u00e5 ta godt vare p\u00e5 deg selv for at du skal f\u00f8le deg p\u00e5 topp. Med denne dukken med meditasjonstema kan&hellip;\" \/>\n<meta property=\"og:url\" content=\"https:\/\/barneleker.no\/index.php\/product\/barbie-breathe-with-me-barbie-doll\/\" \/>\n<meta property=\"og:site_name\" content=\"Barneleker.no\" \/>\n<meta name=\"twitter:card\" content=\"summary_large_image\" \/>\n<meta name=\"twitter:label1\" content=\"Ansl. lesetid\" \/>\n\t<meta name=\"twitter:data1\" content=\"2 minutter\" \/>\n<script type=\"application\/ld+json\" class=\"yoast-schema-graph\">{\"@context\":\"https:\/\/schema.org\",\"@graph\":[{\"@type\":\"WebPage\",\"@id\":\"https:\/\/barneleker.no\/index.php\/product\/barbie-breathe-with-me-barbie-doll\/\",\"url\":\"https:\/\/barneleker.no\/index.php\/product\/barbie-breathe-with-me-barbie-doll\/\",\"name\":\"Barbie\u00ae Breathe with Me Barbie\u2122 Doll - Barneleker.no\",\"isPartOf\":{\"@id\":\"https:\/\/barneleker.no\/#website\"},\"primaryImageOfPage\":{\"@id\":\"https:\/\/barneleker.no\/index.php\/product\/barbie-breathe-with-me-barbie-doll\/#primaryimage\"},\"image\":{\"@id\":\"https:\/\/barneleker.no\/index.php\/product\/barbie-breathe-with-me-barbie-doll\/#primaryimage\"},\"thumbnailUrl\":\"https:\/\/barneleker.no\/wp-content\/uploads\/2022\/02\/barbie-breathe-with-me-barbie-doll.jpg\",\"datePublished\":\"2022-02-08T19:47:08+00:00\",\"breadcrumb\":{\"@id\":\"https:\/\/barneleker.no\/index.php\/product\/barbie-breathe-with-me-barbie-doll\/#breadcrumb\"},\"inLanguage\":\"nb-NO\",\"potentialAction\":[{\"@type\":\"ReadAction\",\"target\":[\"https:\/\/barneleker.no\/index.php\/product\/barbie-breathe-with-me-barbie-doll\/\"]}]},{\"@type\":\"ImageObject\",\"inLanguage\":\"nb-NO\",\"@id\":\"https:\/\/barneleker.no\/index.php\/product\/barbie-breathe-with-me-barbie-doll\/#primaryimage\",\"url\":\"https:\/\/barneleker.no\/wp-content\/uploads\/2022\/02\/barbie-breathe-with-me-barbie-doll.jpg\",\"contentUrl\":\"https:\/\/barneleker.no\/wp-content\/uploads\/2022\/02\/barbie-breathe-with-me-barbie-doll.jpg\",\"width\":555,\"height\":555},{\"@type\":\"BreadcrumbList\",\"@id\":\"https:\/\/barneleker.no\/index.php\/product\/barbie-breathe-with-me-barbie-doll\/#breadcrumb\",\"itemListElement\":[{\"@type\":\"ListItem\",\"position\":1,\"name\":\"Butikken\",\"item\":\"https:\/\/barneleker.no\/\"},{\"@type\":\"ListItem\",\"position\":2,\"name\":\"Barbie\u00ae Breathe with Me Barbie\u2122 Doll\"}]},{\"@type\":\"WebSite\",\"@id\":\"https:\/\/barneleker.no\/#website\",\"url\":\"https:\/\/barneleker.no\/\",\"name\":\"Barneleker.no\",\"description\":\"Selvf\u00f8lgelig!\",\"publisher\":{\"@id\":\"https:\/\/barneleker.no\/#organization\"},\"potentialAction\":[{\"@type\":\"SearchAction\",\"target\":{\"@type\":\"EntryPoint\",\"urlTemplate\":\"https:\/\/barneleker.no\/?s={search_term_string}\"},\"query-input\":{\"@type\":\"PropertyValueSpecification\",\"valueRequired\":true,\"valueName\":\"search_term_string\"}}],\"inLanguage\":\"nb-NO\"},{\"@type\":\"Organization\",\"@id\":\"https:\/\/barneleker.no\/#organization\",\"name\":\"Barneleker.no\",\"url\":\"https:\/\/barneleker.no\/\",\"logo\":{\"@type\":\"ImageObject\",\"inLanguage\":\"nb-NO\",\"@id\":\"https:\/\/barneleker.no\/#\/schema\/logo\/image\/\",\"url\":\"https:\/\/barneleker.no\/wp-content\/uploads\/2021\/11\/barneleker_logo-780x150-1.jpg\",\"contentUrl\":\"https:\/\/barneleker.no\/wp-content\/uploads\/2021\/11\/barneleker_logo-780x150-1.jpg\",\"width\":780,\"height\":150,\"caption\":\"Barneleker.no\"},\"image\":{\"@id\":\"https:\/\/barneleker.no\/#\/schema\/logo\/image\/\"}}]}<\/script>\n<!-- \/ Yoast SEO plugin. -->","yoast_head_json":{"title":"Barbie\u00ae Breathe with Me Barbie\u2122 Doll - Barneleker.no","robots":{"index":"index","follow":"follow","max-snippet":"max-snippet:-1","max-image-preview":"max-image-preview:large","max-video-preview":"max-video-preview:-1"},"canonical":"https:\/\/barneleker.no\/index.php\/product\/barbie-breathe-with-me-barbie-doll\/","og_locale":"nb_NO","og_type":"article","og_title":"Barbie\u00ae Breathe with Me Barbie\u2122 Doll - Barneleker.no","og_description":"Barbie\u00ae-dukken vet at du m\u00e5 ta godt vare p\u00e5 deg selv for at du skal f\u00f8le deg p\u00e5 topp. Med denne dukken med meditasjonstema kan&hellip;","og_url":"https:\/\/barneleker.no\/index.php\/product\/barbie-breathe-with-me-barbie-doll\/","og_site_name":"Barneleker.no","twitter_card":"summary_large_image","twitter_misc":{"Ansl. lesetid":"2 minutter"},"schema":{"@context":"https:\/\/schema.org","@graph":[{"@type":"WebPage","@id":"https:\/\/barneleker.no\/index.php\/product\/barbie-breathe-with-me-barbie-doll\/","url":"https:\/\/barneleker.no\/index.php\/product\/barbie-breathe-with-me-barbie-doll\/","name":"Barbie\u00ae Breathe with Me Barbie\u2122 Doll - Barneleker.no","isPartOf":{"@id":"https:\/\/barneleker.no\/#website"},"primaryImageOfPage":{"@id":"https:\/\/barneleker.no\/index.php\/product\/barbie-breathe-with-me-barbie-doll\/#primaryimage"},"image":{"@id":"https:\/\/barneleker.no\/index.php\/product\/barbie-breathe-with-me-barbie-doll\/#primaryimage"},"thumbnailUrl":"https:\/\/barneleker.no\/wp-content\/uploads\/2022\/02\/barbie-breathe-with-me-barbie-doll.jpg","datePublished":"2022-02-08T19:47:08+00:00","breadcrumb":{"@id":"https:\/\/barneleker.no\/index.php\/product\/barbie-breathe-with-me-barbie-doll\/#breadcrumb"},"inLanguage":"nb-NO","potentialAction":[{"@type":"ReadAction","target":["https:\/\/barneleker.no\/index.php\/product\/barbie-breathe-with-me-barbie-doll\/"]}]},{"@type":"ImageObject","inLanguage":"nb-NO","@id":"https:\/\/barneleker.no\/index.php\/product\/barbie-breathe-with-me-barbie-doll\/#primaryimage","url":"https:\/\/barneleker.no\/wp-content\/uploads\/2022\/02\/barbie-breathe-with-me-barbie-doll.jpg","contentUrl":"https:\/\/barneleker.no\/wp-content\/uploads\/2022\/02\/barbie-breathe-with-me-barbie-doll.jpg","width":555,"height":555},{"@type":"BreadcrumbList","@id":"https:\/\/barneleker.no\/index.php\/product\/barbie-breathe-with-me-barbie-doll\/#breadcrumb","itemListElement":[{"@type":"ListItem","position":1,"name":"Butikken","item":"https:\/\/barneleker.no\/"},{"@type":"ListItem","position":2,"name":"Barbie\u00ae Breathe with Me Barbie\u2122 Doll"}]},{"@type":"WebSite","@id":"https:\/\/barneleker.no\/#website","url":"https:\/\/barneleker.no\/","name":"Barneleker.no","description":"Selvf\u00f8lgelig!","publisher":{"@id":"https:\/\/barneleker.no\/#organization"},"potentialAction":[{"@type":"SearchAction","target":{"@type":"EntryPoint","urlTemplate":"https:\/\/barneleker.no\/?s={search_term_string}"},"query-input":{"@type":"PropertyValueSpecification","valueRequired":true,"valueName":"search_term_string"}}],"inLanguage":"nb-NO"},{"@type":"Organization","@id":"https:\/\/barneleker.no\/#organization","name":"Barneleker.no","url":"https:\/\/barneleker.no\/","logo":{"@type":"ImageObject","inLanguage":"nb-NO","@id":"https:\/\/barneleker.no\/#\/schema\/logo\/image\/","url":"https:\/\/barneleker.no\/wp-content\/uploads\/2021\/11\/barneleker_logo-780x150-1.jpg","contentUrl":"https:\/\/barneleker.no\/wp-content\/uploads\/2021\/11\/barneleker_logo-780x150-1.jpg","width":780,"height":150,"caption":"Barneleker.no"},"image":{"@id":"https:\/\/barneleker.no\/#\/schema\/logo\/image\/"}}]}},"_links":{"self":[{"href":"https:\/\/barneleker.no\/index.php\/wp-json\/wp\/v2\/product\/11854","targetHints":{"allow":["GET"]}}],"collection":[{"href":"https:\/\/barneleker.no\/index.php\/wp-json\/wp\/v2\/product"}],"about":[{"href":"https:\/\/barneleker.no\/index.php\/wp-json\/wp\/v2\/types\/product"}],"replies":[{"embeddable":true,"href":"https:\/\/barneleker.no\/index.php\/wp-json\/wp\/v2\/comments?post=11854"}],"wp:featuredmedia":[{"embeddable":true,"href":"https:\/\/barneleker.no\/index.php\/wp-json\/wp\/v2\/media\/11853"}],"wp:attachment":[{"href":"https:\/\/barneleker.no\/index.php\/wp-json\/wp\/v2\/media?parent=11854"}],"wp:term":[{"taxonomy":"product_brand","embeddable":true,"href":"https:\/\/barneleker.no\/index.php\/wp-json\/wp\/v2\/product_brand?post=11854"},{"taxonomy":"product_cat","embeddable":true,"href":"https:\/\/barneleker.no\/index.php\/wp-json\/wp\/v2\/product_cat?post=11854"},{"taxonomy":"product_tag","embeddable":true,"href":"https:\/\/barneleker.no\/index.php\/wp-json\/wp\/v2\/product_tag?post=11854"}],"curies":[{"name":"wp","href":"https:\/\/api.w.org\/{rel}","templated":true}]}}