{"id":11864,"date":"2022-02-08T19:47:11","date_gmt":"2022-02-08T19:47:11","guid":{"rendered":"https:\/\/barneleker.no\/index.php\/product\/fisher-price-babybjorn-og-ildflue-med-lyd\/"},"modified":"2022-02-08T19:47:11","modified_gmt":"2022-02-08T19:47:11","slug":"fisher-price-babybjorn-og-ildflue-med-lyd","status":"publish","type":"product","link":"https:\/\/barneleker.no\/index.php\/product\/fisher-price-babybjorn-og-ildflue-med-lyd\/","title":{"rendered":"Fisher Price, Babybj\u00f8rn og Ildflue med lyd"},"content":{"rendered":"<p>Ikke bekymre deg, bamse, ildfluene lyser for oss! Bordlampe med lyd som vokser med babyen, fra nyf\u00f8dt til sm\u00e5barn. Klar, ferdig, sov godt, spilleliste med rolig musikk, lyder og lys godkjent av s\u00f8vneksperter, hjelper barnet til \u00e5 sovne og sove. Lampens glitrende lys og lette design blir til et beroligende nattlys for sm\u00e5 barn. Den myke bamsen kan tas av lampen og brukes som en koseleke som kan tas p\u00e5 farten.<\/p>\n","protected":false},"excerpt":{"rendered":"<p>Ikke bekymre deg, bamse, ildfluene lyser for oss! Bordlampe med lyd som vokser med babyen, fra nyf\u00f8dt til sm\u00e5barn. Klar, ferdig, sov godt, spilleliste med&hellip;<\/p>\n","protected":false},"featured_media":11863,"comment_status":"open","ping_status":"closed","template":"","meta":[],"product_brand":[],"product_cat":[366],"product_tag":[],"class_list":{"0":"post-11864","1":"product","2":"type-product","3":"status-publish","4":"has-post-thumbnail","6":"product_cat-bjornar","8":"first","9":"instock","10":"shipping-taxable","11":"product-type-external","12":"customify-col"},"yoast_head":"<!-- This site is optimized with the Yoast SEO plugin v26.0 - https:\/\/yoast.com\/wordpress\/plugins\/seo\/ -->\n<title>Fisher Price, Babybj\u00f8rn og Ildflue med lyd - Barneleker.no<\/title>\n<meta name=\"robots\" content=\"index, follow, max-snippet:-1, max-image-preview:large, max-video-preview:-1\" \/>\n<link rel=\"canonical\" href=\"https:\/\/barneleker.no\/index.php\/product\/fisher-price-babybjorn-og-ildflue-med-lyd\/\" \/>\n<meta property=\"og:locale\" content=\"nb_NO\" \/>\n<meta property=\"og:type\" content=\"article\" \/>\n<meta property=\"og:title\" content=\"Fisher Price, Babybj\u00f8rn og Ildflue med lyd - Barneleker.no\" \/>\n<meta property=\"og:description\" content=\"Ikke bekymre deg, bamse, ildfluene lyser for oss! Bordlampe med lyd som vokser med babyen, fra nyf\u00f8dt til sm\u00e5barn. Klar, ferdig, sov godt, spilleliste med&hellip;\" \/>\n<meta property=\"og:url\" content=\"https:\/\/barneleker.no\/index.php\/product\/fisher-price-babybjorn-og-ildflue-med-lyd\/\" \/>\n<meta property=\"og:site_name\" content=\"Barneleker.no\" \/>\n<meta name=\"twitter:card\" content=\"summary_large_image\" \/>\n<script type=\"application\/ld+json\" class=\"yoast-schema-graph\">{\"@context\":\"https:\/\/schema.org\",\"@graph\":[{\"@type\":\"WebPage\",\"@id\":\"https:\/\/barneleker.no\/index.php\/product\/fisher-price-babybjorn-og-ildflue-med-lyd\/\",\"url\":\"https:\/\/barneleker.no\/index.php\/product\/fisher-price-babybjorn-og-ildflue-med-lyd\/\",\"name\":\"Fisher Price, Babybj\u00f8rn og Ildflue med lyd - Barneleker.no\",\"isPartOf\":{\"@id\":\"https:\/\/barneleker.no\/#website\"},\"primaryImageOfPage\":{\"@id\":\"https:\/\/barneleker.no\/index.php\/product\/fisher-price-babybjorn-og-ildflue-med-lyd\/#primaryimage\"},\"image\":{\"@id\":\"https:\/\/barneleker.no\/index.php\/product\/fisher-price-babybjorn-og-ildflue-med-lyd\/#primaryimage\"},\"thumbnailUrl\":\"https:\/\/barneleker.no\/wp-content\/uploads\/2022\/02\/fisher-price-babybjorn-og-ildflue-med-lyd.jpg\",\"datePublished\":\"2022-02-08T19:47:11+00:00\",\"breadcrumb\":{\"@id\":\"https:\/\/barneleker.no\/index.php\/product\/fisher-price-babybjorn-og-ildflue-med-lyd\/#breadcrumb\"},\"inLanguage\":\"nb-NO\",\"potentialAction\":[{\"@type\":\"ReadAction\",\"target\":[\"https:\/\/barneleker.no\/index.php\/product\/fisher-price-babybjorn-og-ildflue-med-lyd\/\"]}]},{\"@type\":\"ImageObject\",\"inLanguage\":\"nb-NO\",\"@id\":\"https:\/\/barneleker.no\/index.php\/product\/fisher-price-babybjorn-og-ildflue-med-lyd\/#primaryimage\",\"url\":\"https:\/\/barneleker.no\/wp-content\/uploads\/2022\/02\/fisher-price-babybjorn-og-ildflue-med-lyd.jpg\",\"contentUrl\":\"https:\/\/barneleker.no\/wp-content\/uploads\/2022\/02\/fisher-price-babybjorn-og-ildflue-med-lyd.jpg\",\"width\":555,\"height\":555},{\"@type\":\"BreadcrumbList\",\"@id\":\"https:\/\/barneleker.no\/index.php\/product\/fisher-price-babybjorn-og-ildflue-med-lyd\/#breadcrumb\",\"itemListElement\":[{\"@type\":\"ListItem\",\"position\":1,\"name\":\"Butikken\",\"item\":\"https:\/\/barneleker.no\/\"},{\"@type\":\"ListItem\",\"position\":2,\"name\":\"Fisher Price, Babybj\u00f8rn og Ildflue med lyd\"}]},{\"@type\":\"WebSite\",\"@id\":\"https:\/\/barneleker.no\/#website\",\"url\":\"https:\/\/barneleker.no\/\",\"name\":\"Barneleker.no\",\"description\":\"Selvf\u00f8lgelig!\",\"publisher\":{\"@id\":\"https:\/\/barneleker.no\/#organization\"},\"potentialAction\":[{\"@type\":\"SearchAction\",\"target\":{\"@type\":\"EntryPoint\",\"urlTemplate\":\"https:\/\/barneleker.no\/?s={search_term_string}\"},\"query-input\":{\"@type\":\"PropertyValueSpecification\",\"valueRequired\":true,\"valueName\":\"search_term_string\"}}],\"inLanguage\":\"nb-NO\"},{\"@type\":\"Organization\",\"@id\":\"https:\/\/barneleker.no\/#organization\",\"name\":\"Barneleker.no\",\"url\":\"https:\/\/barneleker.no\/\",\"logo\":{\"@type\":\"ImageObject\",\"inLanguage\":\"nb-NO\",\"@id\":\"https:\/\/barneleker.no\/#\/schema\/logo\/image\/\",\"url\":\"https:\/\/barneleker.no\/wp-content\/uploads\/2021\/11\/barneleker_logo-780x150-1.jpg\",\"contentUrl\":\"https:\/\/barneleker.no\/wp-content\/uploads\/2021\/11\/barneleker_logo-780x150-1.jpg\",\"width\":780,\"height\":150,\"caption\":\"Barneleker.no\"},\"image\":{\"@id\":\"https:\/\/barneleker.no\/#\/schema\/logo\/image\/\"}}]}<\/script>\n<!-- \/ Yoast SEO plugin. -->","yoast_head_json":{"title":"Fisher Price, Babybj\u00f8rn og Ildflue med lyd - Barneleker.no","robots":{"index":"index","follow":"follow","max-snippet":"max-snippet:-1","max-image-preview":"max-image-preview:large","max-video-preview":"max-video-preview:-1"},"canonical":"https:\/\/barneleker.no\/index.php\/product\/fisher-price-babybjorn-og-ildflue-med-lyd\/","og_locale":"nb_NO","og_type":"article","og_title":"Fisher Price, Babybj\u00f8rn og Ildflue med lyd - Barneleker.no","og_description":"Ikke bekymre deg, bamse, ildfluene lyser for oss! Bordlampe med lyd som vokser med babyen, fra nyf\u00f8dt til sm\u00e5barn. Klar, ferdig, sov godt, spilleliste med&hellip;","og_url":"https:\/\/barneleker.no\/index.php\/product\/fisher-price-babybjorn-og-ildflue-med-lyd\/","og_site_name":"Barneleker.no","twitter_card":"summary_large_image","schema":{"@context":"https:\/\/schema.org","@graph":[{"@type":"WebPage","@id":"https:\/\/barneleker.no\/index.php\/product\/fisher-price-babybjorn-og-ildflue-med-lyd\/","url":"https:\/\/barneleker.no\/index.php\/product\/fisher-price-babybjorn-og-ildflue-med-lyd\/","name":"Fisher Price, Babybj\u00f8rn og Ildflue med lyd - Barneleker.no","isPartOf":{"@id":"https:\/\/barneleker.no\/#website"},"primaryImageOfPage":{"@id":"https:\/\/barneleker.no\/index.php\/product\/fisher-price-babybjorn-og-ildflue-med-lyd\/#primaryimage"},"image":{"@id":"https:\/\/barneleker.no\/index.php\/product\/fisher-price-babybjorn-og-ildflue-med-lyd\/#primaryimage"},"thumbnailUrl":"https:\/\/barneleker.no\/wp-content\/uploads\/2022\/02\/fisher-price-babybjorn-og-ildflue-med-lyd.jpg","datePublished":"2022-02-08T19:47:11+00:00","breadcrumb":{"@id":"https:\/\/barneleker.no\/index.php\/product\/fisher-price-babybjorn-og-ildflue-med-lyd\/#breadcrumb"},"inLanguage":"nb-NO","potentialAction":[{"@type":"ReadAction","target":["https:\/\/barneleker.no\/index.php\/product\/fisher-price-babybjorn-og-ildflue-med-lyd\/"]}]},{"@type":"ImageObject","inLanguage":"nb-NO","@id":"https:\/\/barneleker.no\/index.php\/product\/fisher-price-babybjorn-og-ildflue-med-lyd\/#primaryimage","url":"https:\/\/barneleker.no\/wp-content\/uploads\/2022\/02\/fisher-price-babybjorn-og-ildflue-med-lyd.jpg","contentUrl":"https:\/\/barneleker.no\/wp-content\/uploads\/2022\/02\/fisher-price-babybjorn-og-ildflue-med-lyd.jpg","width":555,"height":555},{"@type":"BreadcrumbList","@id":"https:\/\/barneleker.no\/index.php\/product\/fisher-price-babybjorn-og-ildflue-med-lyd\/#breadcrumb","itemListElement":[{"@type":"ListItem","position":1,"name":"Butikken","item":"https:\/\/barneleker.no\/"},{"@type":"ListItem","position":2,"name":"Fisher Price, Babybj\u00f8rn og Ildflue med lyd"}]},{"@type":"WebSite","@id":"https:\/\/barneleker.no\/#website","url":"https:\/\/barneleker.no\/","name":"Barneleker.no","description":"Selvf\u00f8lgelig!","publisher":{"@id":"https:\/\/barneleker.no\/#organization"},"potentialAction":[{"@type":"SearchAction","target":{"@type":"EntryPoint","urlTemplate":"https:\/\/barneleker.no\/?s={search_term_string}"},"query-input":{"@type":"PropertyValueSpecification","valueRequired":true,"valueName":"search_term_string"}}],"inLanguage":"nb-NO"},{"@type":"Organization","@id":"https:\/\/barneleker.no\/#organization","name":"Barneleker.no","url":"https:\/\/barneleker.no\/","logo":{"@type":"ImageObject","inLanguage":"nb-NO","@id":"https:\/\/barneleker.no\/#\/schema\/logo\/image\/","url":"https:\/\/barneleker.no\/wp-content\/uploads\/2021\/11\/barneleker_logo-780x150-1.jpg","contentUrl":"https:\/\/barneleker.no\/wp-content\/uploads\/2021\/11\/barneleker_logo-780x150-1.jpg","width":780,"height":150,"caption":"Barneleker.no"},"image":{"@id":"https:\/\/barneleker.no\/#\/schema\/logo\/image\/"}}]}},"_links":{"self":[{"href":"https:\/\/barneleker.no\/index.php\/wp-json\/wp\/v2\/product\/11864","targetHints":{"allow":["GET"]}}],"collection":[{"href":"https:\/\/barneleker.no\/index.php\/wp-json\/wp\/v2\/product"}],"about":[{"href":"https:\/\/barneleker.no\/index.php\/wp-json\/wp\/v2\/types\/product"}],"replies":[{"embeddable":true,"href":"https:\/\/barneleker.no\/index.php\/wp-json\/wp\/v2\/comments?post=11864"}],"wp:featuredmedia":[{"embeddable":true,"href":"https:\/\/barneleker.no\/index.php\/wp-json\/wp\/v2\/media\/11863"}],"wp:attachment":[{"href":"https:\/\/barneleker.no\/index.php\/wp-json\/wp\/v2\/media?parent=11864"}],"wp:term":[{"taxonomy":"product_brand","embeddable":true,"href":"https:\/\/barneleker.no\/index.php\/wp-json\/wp\/v2\/product_brand?post=11864"},{"taxonomy":"product_cat","embeddable":true,"href":"https:\/\/barneleker.no\/index.php\/wp-json\/wp\/v2\/product_cat?post=11864"},{"taxonomy":"product_tag","embeddable":true,"href":"https:\/\/barneleker.no\/index.php\/wp-json\/wp\/v2\/product_tag?post=11864"}],"curies":[{"name":"wp","href":"https:\/\/api.w.org\/{rel}","templated":true}]}}