{"id":11868,"date":"2022-02-08T19:47:13","date_gmt":"2022-02-08T19:47:13","guid":{"rendered":"https:\/\/barneleker.no\/index.php\/product\/playmobil-70441-crane\/"},"modified":"2022-02-08T19:47:13","modified_gmt":"2022-02-08T19:47:13","slug":"playmobil-70441-crane","status":"publish","type":"product","link":"https:\/\/barneleker.no\/index.php\/product\/playmobil-70441-crane\/","title":{"rendered":"Playmobil 70441, Crane"},"content":{"rendered":"<p>Det skjer mye p\u00e5 PLAYMOBIL byggeplass. Bygningsarbeidere jobber hardt fra morgen til kveld for \u00e5 f\u00e5 det nye huset ferdig i god tid. I dag monterer st\u00e5lbjelker. Kranf\u00f8rer l\u00f8fter forsiktig de tunge st\u00e5lbjelker med sin kran og transport dem konsentrert til bunnplaten, og hvor han senker dem ned og de er forankret i sine festninger. Det f\u00f8rste trinnet er fullf\u00f8rt, men mange skritt gjenst\u00e5r f\u00f8r helgen. Spill sett best\u00e5r av to PLAYMOBIL anleggsarbeid tall, en kran, et gitter palle steiner, st\u00e5lbjelker, en gulvplate, klatring kroker og mange andre bygnings tilbeh\u00f8r. Kranen er forberedt for fjernstyring og kan styres med den medf\u00f8lgende IR h\u00e5ndholdt sender. Med kanalbytarfunktionen h\u00e5ndsenderen kan v\u00e6re opp til fire kraner kan kontrolleres samtidig.<\/p>\n","protected":false},"excerpt":{"rendered":"<p>Det skjer mye p\u00e5 PLAYMOBIL byggeplass. Bygningsarbeidere jobber hardt fra morgen til kveld for \u00e5 f\u00e5 det nye huset ferdig i god tid. I dag&hellip;<\/p>\n","protected":false},"featured_media":11867,"comment_status":"open","ping_status":"closed","template":"","meta":[],"product_brand":[],"product_cat":[354],"product_tag":[],"class_list":{"0":"post-11868","1":"product","2":"type-product","3":"status-publish","4":"has-post-thumbnail","6":"product_cat-lekset","8":"first","9":"instock","10":"shipping-taxable","11":"product-type-external","12":"customify-col"},"yoast_head":"<!-- This site is optimized with the Yoast SEO plugin v26.0 - https:\/\/yoast.com\/wordpress\/plugins\/seo\/ -->\n<title>Playmobil 70441, Crane - Barneleker.no<\/title>\n<meta name=\"robots\" content=\"index, follow, max-snippet:-1, max-image-preview:large, max-video-preview:-1\" \/>\n<link rel=\"canonical\" href=\"https:\/\/barneleker.no\/index.php\/product\/playmobil-70441-crane\/\" \/>\n<meta property=\"og:locale\" content=\"nb_NO\" \/>\n<meta property=\"og:type\" content=\"article\" \/>\n<meta property=\"og:title\" content=\"Playmobil 70441, Crane - Barneleker.no\" \/>\n<meta property=\"og:description\" content=\"Det skjer mye p\u00e5 PLAYMOBIL byggeplass. Bygningsarbeidere jobber hardt fra morgen til kveld for \u00e5 f\u00e5 det nye huset ferdig i god tid. I dag&hellip;\" \/>\n<meta property=\"og:url\" content=\"https:\/\/barneleker.no\/index.php\/product\/playmobil-70441-crane\/\" \/>\n<meta property=\"og:site_name\" content=\"Barneleker.no\" \/>\n<meta name=\"twitter:card\" content=\"summary_large_image\" \/>\n<meta name=\"twitter:label1\" content=\"Ansl. lesetid\" \/>\n\t<meta name=\"twitter:data1\" content=\"1 minutt\" \/>\n<script type=\"application\/ld+json\" class=\"yoast-schema-graph\">{\"@context\":\"https:\/\/schema.org\",\"@graph\":[{\"@type\":\"WebPage\",\"@id\":\"https:\/\/barneleker.no\/index.php\/product\/playmobil-70441-crane\/\",\"url\":\"https:\/\/barneleker.no\/index.php\/product\/playmobil-70441-crane\/\",\"name\":\"Playmobil 70441, Crane - Barneleker.no\",\"isPartOf\":{\"@id\":\"https:\/\/barneleker.no\/#website\"},\"primaryImageOfPage\":{\"@id\":\"https:\/\/barneleker.no\/index.php\/product\/playmobil-70441-crane\/#primaryimage\"},\"image\":{\"@id\":\"https:\/\/barneleker.no\/index.php\/product\/playmobil-70441-crane\/#primaryimage\"},\"thumbnailUrl\":\"https:\/\/barneleker.no\/wp-content\/uploads\/2022\/02\/playmobil-70441-crane.jpg\",\"datePublished\":\"2022-02-08T19:47:13+00:00\",\"breadcrumb\":{\"@id\":\"https:\/\/barneleker.no\/index.php\/product\/playmobil-70441-crane\/#breadcrumb\"},\"inLanguage\":\"nb-NO\",\"potentialAction\":[{\"@type\":\"ReadAction\",\"target\":[\"https:\/\/barneleker.no\/index.php\/product\/playmobil-70441-crane\/\"]}]},{\"@type\":\"ImageObject\",\"inLanguage\":\"nb-NO\",\"@id\":\"https:\/\/barneleker.no\/index.php\/product\/playmobil-70441-crane\/#primaryimage\",\"url\":\"https:\/\/barneleker.no\/wp-content\/uploads\/2022\/02\/playmobil-70441-crane.jpg\",\"contentUrl\":\"https:\/\/barneleker.no\/wp-content\/uploads\/2022\/02\/playmobil-70441-crane.jpg\",\"width\":555,\"height\":555},{\"@type\":\"BreadcrumbList\",\"@id\":\"https:\/\/barneleker.no\/index.php\/product\/playmobil-70441-crane\/#breadcrumb\",\"itemListElement\":[{\"@type\":\"ListItem\",\"position\":1,\"name\":\"Butikken\",\"item\":\"https:\/\/barneleker.no\/\"},{\"@type\":\"ListItem\",\"position\":2,\"name\":\"Playmobil 70441, Crane\"}]},{\"@type\":\"WebSite\",\"@id\":\"https:\/\/barneleker.no\/#website\",\"url\":\"https:\/\/barneleker.no\/\",\"name\":\"Barneleker.no\",\"description\":\"Selvf\u00f8lgelig!\",\"publisher\":{\"@id\":\"https:\/\/barneleker.no\/#organization\"},\"potentialAction\":[{\"@type\":\"SearchAction\",\"target\":{\"@type\":\"EntryPoint\",\"urlTemplate\":\"https:\/\/barneleker.no\/?s={search_term_string}\"},\"query-input\":{\"@type\":\"PropertyValueSpecification\",\"valueRequired\":true,\"valueName\":\"search_term_string\"}}],\"inLanguage\":\"nb-NO\"},{\"@type\":\"Organization\",\"@id\":\"https:\/\/barneleker.no\/#organization\",\"name\":\"Barneleker.no\",\"url\":\"https:\/\/barneleker.no\/\",\"logo\":{\"@type\":\"ImageObject\",\"inLanguage\":\"nb-NO\",\"@id\":\"https:\/\/barneleker.no\/#\/schema\/logo\/image\/\",\"url\":\"https:\/\/barneleker.no\/wp-content\/uploads\/2021\/11\/barneleker_logo-780x150-1.jpg\",\"contentUrl\":\"https:\/\/barneleker.no\/wp-content\/uploads\/2021\/11\/barneleker_logo-780x150-1.jpg\",\"width\":780,\"height\":150,\"caption\":\"Barneleker.no\"},\"image\":{\"@id\":\"https:\/\/barneleker.no\/#\/schema\/logo\/image\/\"}}]}<\/script>\n<!-- \/ Yoast SEO plugin. -->","yoast_head_json":{"title":"Playmobil 70441, Crane - Barneleker.no","robots":{"index":"index","follow":"follow","max-snippet":"max-snippet:-1","max-image-preview":"max-image-preview:large","max-video-preview":"max-video-preview:-1"},"canonical":"https:\/\/barneleker.no\/index.php\/product\/playmobil-70441-crane\/","og_locale":"nb_NO","og_type":"article","og_title":"Playmobil 70441, Crane - Barneleker.no","og_description":"Det skjer mye p\u00e5 PLAYMOBIL byggeplass. Bygningsarbeidere jobber hardt fra morgen til kveld for \u00e5 f\u00e5 det nye huset ferdig i god tid. I dag&hellip;","og_url":"https:\/\/barneleker.no\/index.php\/product\/playmobil-70441-crane\/","og_site_name":"Barneleker.no","twitter_card":"summary_large_image","twitter_misc":{"Ansl. lesetid":"1 minutt"},"schema":{"@context":"https:\/\/schema.org","@graph":[{"@type":"WebPage","@id":"https:\/\/barneleker.no\/index.php\/product\/playmobil-70441-crane\/","url":"https:\/\/barneleker.no\/index.php\/product\/playmobil-70441-crane\/","name":"Playmobil 70441, Crane - Barneleker.no","isPartOf":{"@id":"https:\/\/barneleker.no\/#website"},"primaryImageOfPage":{"@id":"https:\/\/barneleker.no\/index.php\/product\/playmobil-70441-crane\/#primaryimage"},"image":{"@id":"https:\/\/barneleker.no\/index.php\/product\/playmobil-70441-crane\/#primaryimage"},"thumbnailUrl":"https:\/\/barneleker.no\/wp-content\/uploads\/2022\/02\/playmobil-70441-crane.jpg","datePublished":"2022-02-08T19:47:13+00:00","breadcrumb":{"@id":"https:\/\/barneleker.no\/index.php\/product\/playmobil-70441-crane\/#breadcrumb"},"inLanguage":"nb-NO","potentialAction":[{"@type":"ReadAction","target":["https:\/\/barneleker.no\/index.php\/product\/playmobil-70441-crane\/"]}]},{"@type":"ImageObject","inLanguage":"nb-NO","@id":"https:\/\/barneleker.no\/index.php\/product\/playmobil-70441-crane\/#primaryimage","url":"https:\/\/barneleker.no\/wp-content\/uploads\/2022\/02\/playmobil-70441-crane.jpg","contentUrl":"https:\/\/barneleker.no\/wp-content\/uploads\/2022\/02\/playmobil-70441-crane.jpg","width":555,"height":555},{"@type":"BreadcrumbList","@id":"https:\/\/barneleker.no\/index.php\/product\/playmobil-70441-crane\/#breadcrumb","itemListElement":[{"@type":"ListItem","position":1,"name":"Butikken","item":"https:\/\/barneleker.no\/"},{"@type":"ListItem","position":2,"name":"Playmobil 70441, Crane"}]},{"@type":"WebSite","@id":"https:\/\/barneleker.no\/#website","url":"https:\/\/barneleker.no\/","name":"Barneleker.no","description":"Selvf\u00f8lgelig!","publisher":{"@id":"https:\/\/barneleker.no\/#organization"},"potentialAction":[{"@type":"SearchAction","target":{"@type":"EntryPoint","urlTemplate":"https:\/\/barneleker.no\/?s={search_term_string}"},"query-input":{"@type":"PropertyValueSpecification","valueRequired":true,"valueName":"search_term_string"}}],"inLanguage":"nb-NO"},{"@type":"Organization","@id":"https:\/\/barneleker.no\/#organization","name":"Barneleker.no","url":"https:\/\/barneleker.no\/","logo":{"@type":"ImageObject","inLanguage":"nb-NO","@id":"https:\/\/barneleker.no\/#\/schema\/logo\/image\/","url":"https:\/\/barneleker.no\/wp-content\/uploads\/2021\/11\/barneleker_logo-780x150-1.jpg","contentUrl":"https:\/\/barneleker.no\/wp-content\/uploads\/2021\/11\/barneleker_logo-780x150-1.jpg","width":780,"height":150,"caption":"Barneleker.no"},"image":{"@id":"https:\/\/barneleker.no\/#\/schema\/logo\/image\/"}}]}},"_links":{"self":[{"href":"https:\/\/barneleker.no\/index.php\/wp-json\/wp\/v2\/product\/11868","targetHints":{"allow":["GET"]}}],"collection":[{"href":"https:\/\/barneleker.no\/index.php\/wp-json\/wp\/v2\/product"}],"about":[{"href":"https:\/\/barneleker.no\/index.php\/wp-json\/wp\/v2\/types\/product"}],"replies":[{"embeddable":true,"href":"https:\/\/barneleker.no\/index.php\/wp-json\/wp\/v2\/comments?post=11868"}],"wp:featuredmedia":[{"embeddable":true,"href":"https:\/\/barneleker.no\/index.php\/wp-json\/wp\/v2\/media\/11867"}],"wp:attachment":[{"href":"https:\/\/barneleker.no\/index.php\/wp-json\/wp\/v2\/media?parent=11868"}],"wp:term":[{"taxonomy":"product_brand","embeddable":true,"href":"https:\/\/barneleker.no\/index.php\/wp-json\/wp\/v2\/product_brand?post=11868"},{"taxonomy":"product_cat","embeddable":true,"href":"https:\/\/barneleker.no\/index.php\/wp-json\/wp\/v2\/product_cat?post=11868"},{"taxonomy":"product_tag","embeddable":true,"href":"https:\/\/barneleker.no\/index.php\/wp-json\/wp\/v2\/product_tag?post=11868"}],"curies":[{"name":"wp","href":"https:\/\/api.w.org\/{rel}","templated":true}]}}