{"id":11894,"date":"2022-02-08T19:47:23","date_gmt":"2022-02-08T19:47:23","guid":{"rendered":"https:\/\/barneleker.no\/index.php\/product\/playmobil-dragons-hicke-og-astrid-med-drageunge\/"},"modified":"2022-02-08T19:47:23","modified_gmt":"2022-02-08T19:47:23","slug":"playmobil-dragons-hicke-og-astrid-med-drageunge","status":"publish","type":"product","link":"https:\/\/barneleker.no\/index.php\/product\/playmobil-dragons-hicke-og-astrid-med-drageunge\/","title":{"rendered":"Playmobil Dragons &#8211; Hicke og Astrid med drageunge"},"content":{"rendered":"<p>Hicke og Astrid kjenner hverandre siden barndommen og g\u00e5r gjennom v\u00e5tt og t\u00f8rt sammen. Vennskapet har blitt kj\u00e6rlighet med \u00e5rene, og de drar begge p\u00e5 alle eventyr sammen og med dragen ved siden av. N\u00e5 for tiden holder de orden som leder for Viking-stammen og m\u00e5 v\u00e6re veldig holdbare og vedvarende. F\u00f8lg de vakre vikingene i deres spennende oppdrag. Stykket inneholder figurene Hicke og Astrid, en mindre nattskygge drage, pinner og fisk til tre p\u00e5 spyd, en peis og ekstra tilbeh\u00f8r. med b\u00e5l og annet tilbeh\u00f8r.<\/p>\n","protected":false},"excerpt":{"rendered":"<p>Hicke og Astrid kjenner hverandre siden barndommen og g\u00e5r gjennom v\u00e5tt og t\u00f8rt sammen. Vennskapet har blitt kj\u00e6rlighet med \u00e5rene, og de drar begge p\u00e5&hellip;<\/p>\n","protected":false},"featured_media":11893,"comment_status":"open","ping_status":"closed","template":"","meta":[],"product_brand":[],"product_cat":[373],"product_tag":[],"class_list":{"0":"post-11894","1":"product","2":"type-product","3":"status-publish","4":"has-post-thumbnail","6":"product_cat-drakar","8":"first","9":"instock","10":"shipping-taxable","11":"product-type-external","12":"customify-col"},"yoast_head":"<!-- This site is optimized with the Yoast SEO plugin v26.0 - https:\/\/yoast.com\/wordpress\/plugins\/seo\/ -->\n<title>Playmobil Dragons - Hicke og Astrid med drageunge - Barneleker.no<\/title>\n<meta name=\"robots\" content=\"index, follow, max-snippet:-1, max-image-preview:large, max-video-preview:-1\" \/>\n<link rel=\"canonical\" href=\"https:\/\/barneleker.no\/index.php\/product\/playmobil-dragons-hicke-og-astrid-med-drageunge\/\" \/>\n<meta property=\"og:locale\" content=\"nb_NO\" \/>\n<meta property=\"og:type\" content=\"article\" \/>\n<meta property=\"og:title\" content=\"Playmobil Dragons - Hicke og Astrid med drageunge - Barneleker.no\" \/>\n<meta property=\"og:description\" content=\"Hicke og Astrid kjenner hverandre siden barndommen og g\u00e5r gjennom v\u00e5tt og t\u00f8rt sammen. Vennskapet har blitt kj\u00e6rlighet med \u00e5rene, og de drar begge p\u00e5&hellip;\" \/>\n<meta property=\"og:url\" content=\"https:\/\/barneleker.no\/index.php\/product\/playmobil-dragons-hicke-og-astrid-med-drageunge\/\" \/>\n<meta property=\"og:site_name\" content=\"Barneleker.no\" \/>\n<meta name=\"twitter:card\" content=\"summary_large_image\" \/>\n<script type=\"application\/ld+json\" class=\"yoast-schema-graph\">{\"@context\":\"https:\/\/schema.org\",\"@graph\":[{\"@type\":\"WebPage\",\"@id\":\"https:\/\/barneleker.no\/index.php\/product\/playmobil-dragons-hicke-og-astrid-med-drageunge\/\",\"url\":\"https:\/\/barneleker.no\/index.php\/product\/playmobil-dragons-hicke-og-astrid-med-drageunge\/\",\"name\":\"Playmobil Dragons - Hicke og Astrid med drageunge - Barneleker.no\",\"isPartOf\":{\"@id\":\"https:\/\/barneleker.no\/#website\"},\"primaryImageOfPage\":{\"@id\":\"https:\/\/barneleker.no\/index.php\/product\/playmobil-dragons-hicke-og-astrid-med-drageunge\/#primaryimage\"},\"image\":{\"@id\":\"https:\/\/barneleker.no\/index.php\/product\/playmobil-dragons-hicke-og-astrid-med-drageunge\/#primaryimage\"},\"thumbnailUrl\":\"https:\/\/barneleker.no\/wp-content\/uploads\/2022\/02\/playmobil-dragons-hicke-og-astrid-med-drageunge.jpg\",\"datePublished\":\"2022-02-08T19:47:23+00:00\",\"breadcrumb\":{\"@id\":\"https:\/\/barneleker.no\/index.php\/product\/playmobil-dragons-hicke-og-astrid-med-drageunge\/#breadcrumb\"},\"inLanguage\":\"nb-NO\",\"potentialAction\":[{\"@type\":\"ReadAction\",\"target\":[\"https:\/\/barneleker.no\/index.php\/product\/playmobil-dragons-hicke-og-astrid-med-drageunge\/\"]}]},{\"@type\":\"ImageObject\",\"inLanguage\":\"nb-NO\",\"@id\":\"https:\/\/barneleker.no\/index.php\/product\/playmobil-dragons-hicke-og-astrid-med-drageunge\/#primaryimage\",\"url\":\"https:\/\/barneleker.no\/wp-content\/uploads\/2022\/02\/playmobil-dragons-hicke-og-astrid-med-drageunge.jpg\",\"contentUrl\":\"https:\/\/barneleker.no\/wp-content\/uploads\/2022\/02\/playmobil-dragons-hicke-og-astrid-med-drageunge.jpg\",\"width\":555,\"height\":555},{\"@type\":\"BreadcrumbList\",\"@id\":\"https:\/\/barneleker.no\/index.php\/product\/playmobil-dragons-hicke-og-astrid-med-drageunge\/#breadcrumb\",\"itemListElement\":[{\"@type\":\"ListItem\",\"position\":1,\"name\":\"Butikken\",\"item\":\"https:\/\/barneleker.no\/\"},{\"@type\":\"ListItem\",\"position\":2,\"name\":\"Playmobil Dragons &#8211; Hicke og Astrid med drageunge\"}]},{\"@type\":\"WebSite\",\"@id\":\"https:\/\/barneleker.no\/#website\",\"url\":\"https:\/\/barneleker.no\/\",\"name\":\"Barneleker.no\",\"description\":\"Selvf\u00f8lgelig!\",\"publisher\":{\"@id\":\"https:\/\/barneleker.no\/#organization\"},\"potentialAction\":[{\"@type\":\"SearchAction\",\"target\":{\"@type\":\"EntryPoint\",\"urlTemplate\":\"https:\/\/barneleker.no\/?s={search_term_string}\"},\"query-input\":{\"@type\":\"PropertyValueSpecification\",\"valueRequired\":true,\"valueName\":\"search_term_string\"}}],\"inLanguage\":\"nb-NO\"},{\"@type\":\"Organization\",\"@id\":\"https:\/\/barneleker.no\/#organization\",\"name\":\"Barneleker.no\",\"url\":\"https:\/\/barneleker.no\/\",\"logo\":{\"@type\":\"ImageObject\",\"inLanguage\":\"nb-NO\",\"@id\":\"https:\/\/barneleker.no\/#\/schema\/logo\/image\/\",\"url\":\"https:\/\/barneleker.no\/wp-content\/uploads\/2021\/11\/barneleker_logo-780x150-1.jpg\",\"contentUrl\":\"https:\/\/barneleker.no\/wp-content\/uploads\/2021\/11\/barneleker_logo-780x150-1.jpg\",\"width\":780,\"height\":150,\"caption\":\"Barneleker.no\"},\"image\":{\"@id\":\"https:\/\/barneleker.no\/#\/schema\/logo\/image\/\"}}]}<\/script>\n<!-- \/ Yoast SEO plugin. -->","yoast_head_json":{"title":"Playmobil Dragons - Hicke og Astrid med drageunge - Barneleker.no","robots":{"index":"index","follow":"follow","max-snippet":"max-snippet:-1","max-image-preview":"max-image-preview:large","max-video-preview":"max-video-preview:-1"},"canonical":"https:\/\/barneleker.no\/index.php\/product\/playmobil-dragons-hicke-og-astrid-med-drageunge\/","og_locale":"nb_NO","og_type":"article","og_title":"Playmobil Dragons - Hicke og Astrid med drageunge - Barneleker.no","og_description":"Hicke og Astrid kjenner hverandre siden barndommen og g\u00e5r gjennom v\u00e5tt og t\u00f8rt sammen. Vennskapet har blitt kj\u00e6rlighet med \u00e5rene, og de drar begge p\u00e5&hellip;","og_url":"https:\/\/barneleker.no\/index.php\/product\/playmobil-dragons-hicke-og-astrid-med-drageunge\/","og_site_name":"Barneleker.no","twitter_card":"summary_large_image","schema":{"@context":"https:\/\/schema.org","@graph":[{"@type":"WebPage","@id":"https:\/\/barneleker.no\/index.php\/product\/playmobil-dragons-hicke-og-astrid-med-drageunge\/","url":"https:\/\/barneleker.no\/index.php\/product\/playmobil-dragons-hicke-og-astrid-med-drageunge\/","name":"Playmobil Dragons - Hicke og Astrid med drageunge - Barneleker.no","isPartOf":{"@id":"https:\/\/barneleker.no\/#website"},"primaryImageOfPage":{"@id":"https:\/\/barneleker.no\/index.php\/product\/playmobil-dragons-hicke-og-astrid-med-drageunge\/#primaryimage"},"image":{"@id":"https:\/\/barneleker.no\/index.php\/product\/playmobil-dragons-hicke-og-astrid-med-drageunge\/#primaryimage"},"thumbnailUrl":"https:\/\/barneleker.no\/wp-content\/uploads\/2022\/02\/playmobil-dragons-hicke-og-astrid-med-drageunge.jpg","datePublished":"2022-02-08T19:47:23+00:00","breadcrumb":{"@id":"https:\/\/barneleker.no\/index.php\/product\/playmobil-dragons-hicke-og-astrid-med-drageunge\/#breadcrumb"},"inLanguage":"nb-NO","potentialAction":[{"@type":"ReadAction","target":["https:\/\/barneleker.no\/index.php\/product\/playmobil-dragons-hicke-og-astrid-med-drageunge\/"]}]},{"@type":"ImageObject","inLanguage":"nb-NO","@id":"https:\/\/barneleker.no\/index.php\/product\/playmobil-dragons-hicke-og-astrid-med-drageunge\/#primaryimage","url":"https:\/\/barneleker.no\/wp-content\/uploads\/2022\/02\/playmobil-dragons-hicke-og-astrid-med-drageunge.jpg","contentUrl":"https:\/\/barneleker.no\/wp-content\/uploads\/2022\/02\/playmobil-dragons-hicke-og-astrid-med-drageunge.jpg","width":555,"height":555},{"@type":"BreadcrumbList","@id":"https:\/\/barneleker.no\/index.php\/product\/playmobil-dragons-hicke-og-astrid-med-drageunge\/#breadcrumb","itemListElement":[{"@type":"ListItem","position":1,"name":"Butikken","item":"https:\/\/barneleker.no\/"},{"@type":"ListItem","position":2,"name":"Playmobil Dragons &#8211; Hicke og Astrid med drageunge"}]},{"@type":"WebSite","@id":"https:\/\/barneleker.no\/#website","url":"https:\/\/barneleker.no\/","name":"Barneleker.no","description":"Selvf\u00f8lgelig!","publisher":{"@id":"https:\/\/barneleker.no\/#organization"},"potentialAction":[{"@type":"SearchAction","target":{"@type":"EntryPoint","urlTemplate":"https:\/\/barneleker.no\/?s={search_term_string}"},"query-input":{"@type":"PropertyValueSpecification","valueRequired":true,"valueName":"search_term_string"}}],"inLanguage":"nb-NO"},{"@type":"Organization","@id":"https:\/\/barneleker.no\/#organization","name":"Barneleker.no","url":"https:\/\/barneleker.no\/","logo":{"@type":"ImageObject","inLanguage":"nb-NO","@id":"https:\/\/barneleker.no\/#\/schema\/logo\/image\/","url":"https:\/\/barneleker.no\/wp-content\/uploads\/2021\/11\/barneleker_logo-780x150-1.jpg","contentUrl":"https:\/\/barneleker.no\/wp-content\/uploads\/2021\/11\/barneleker_logo-780x150-1.jpg","width":780,"height":150,"caption":"Barneleker.no"},"image":{"@id":"https:\/\/barneleker.no\/#\/schema\/logo\/image\/"}}]}},"_links":{"self":[{"href":"https:\/\/barneleker.no\/index.php\/wp-json\/wp\/v2\/product\/11894","targetHints":{"allow":["GET"]}}],"collection":[{"href":"https:\/\/barneleker.no\/index.php\/wp-json\/wp\/v2\/product"}],"about":[{"href":"https:\/\/barneleker.no\/index.php\/wp-json\/wp\/v2\/types\/product"}],"replies":[{"embeddable":true,"href":"https:\/\/barneleker.no\/index.php\/wp-json\/wp\/v2\/comments?post=11894"}],"wp:featuredmedia":[{"embeddable":true,"href":"https:\/\/barneleker.no\/index.php\/wp-json\/wp\/v2\/media\/11893"}],"wp:attachment":[{"href":"https:\/\/barneleker.no\/index.php\/wp-json\/wp\/v2\/media?parent=11894"}],"wp:term":[{"taxonomy":"product_brand","embeddable":true,"href":"https:\/\/barneleker.no\/index.php\/wp-json\/wp\/v2\/product_brand?post=11894"},{"taxonomy":"product_cat","embeddable":true,"href":"https:\/\/barneleker.no\/index.php\/wp-json\/wp\/v2\/product_cat?post=11894"},{"taxonomy":"product_tag","embeddable":true,"href":"https:\/\/barneleker.no\/index.php\/wp-json\/wp\/v2\/product_tag?post=11894"}],"curies":[{"name":"wp","href":"https:\/\/api.w.org\/{rel}","templated":true}]}}