{"id":11904,"date":"2022-02-08T19:47:26","date_gmt":"2022-02-08T19:47:26","guid":{"rendered":"https:\/\/barneleker.no\/index.php\/product\/schleich-mandala-enhjorning-hingst\/"},"modified":"2022-02-08T19:47:26","modified_gmt":"2022-02-08T19:47:26","slug":"schleich-mandala-enhjorning-hingst","status":"publish","type":"product","link":"https:\/\/barneleker.no\/index.php\/product\/schleich-mandala-enhjorning-hingst\/","title":{"rendered":"Schleich, Mandala enhj\u00f8rning hingst"},"content":{"rendered":"<p>Mandala-enhj\u00f8rningshingsten fortryller alle innbyggerne i bayala\u00ae med sin fantastiske fargeprakt og sin stolte holdning. I den vakre mandalen ser man en hemmelighetsfull trekant som st\u00e5r for de magiske kreftene den har. I midten str\u00e5ler den bl\u00e5 tatoveringen like intenst som fargen p\u00e5 himmelen. Hingsten er en skapning som alle m\u00e5 respektere, men den er ogs\u00e5 en snill og kj\u00e6rlig far som liker \u00e5 leke med mandala-enhj\u00f8rningsf\u00f8llet sitt. Man kan lett gjenkjenne den nye fargerike mandala-enhj\u00f8rningsfamilien. Bare se etter de enest\u00e5ende mandalatatoveringene! Alle familiemedlemmene bor tilbaketrukket i de vide og fargerike mandala\u00e5sene i bayala.<\/p>\n","protected":false},"excerpt":{"rendered":"<p>Mandala-enhj\u00f8rningshingsten fortryller alle innbyggerne i bayala\u00ae med sin fantastiske fargeprakt og sin stolte holdning. I den vakre mandalen ser man en hemmelighetsfull trekant som st\u00e5r&hellip;<\/p>\n","protected":false},"featured_media":11903,"comment_status":"open","ping_status":"closed","template":"","meta":[],"product_brand":[],"product_cat":[376],"product_tag":[],"class_list":{"0":"post-11904","1":"product","2":"type-product","3":"status-publish","4":"has-post-thumbnail","6":"product_cat-sagodjur","8":"first","9":"instock","10":"shipping-taxable","11":"product-type-external","12":"customify-col"},"yoast_head":"<!-- This site is optimized with the Yoast SEO plugin v26.0 - https:\/\/yoast.com\/wordpress\/plugins\/seo\/ -->\n<title>Schleich, Mandala enhj\u00f8rning hingst - Barneleker.no<\/title>\n<meta name=\"robots\" content=\"index, follow, max-snippet:-1, max-image-preview:large, max-video-preview:-1\" \/>\n<link rel=\"canonical\" href=\"https:\/\/barneleker.no\/index.php\/product\/schleich-mandala-enhjorning-hingst\/\" \/>\n<meta property=\"og:locale\" content=\"nb_NO\" \/>\n<meta property=\"og:type\" content=\"article\" \/>\n<meta property=\"og:title\" content=\"Schleich, Mandala enhj\u00f8rning hingst - Barneleker.no\" \/>\n<meta property=\"og:description\" content=\"Mandala-enhj\u00f8rningshingsten fortryller alle innbyggerne i bayala\u00ae med sin fantastiske fargeprakt og sin stolte holdning. I den vakre mandalen ser man en hemmelighetsfull trekant som st\u00e5r&hellip;\" \/>\n<meta property=\"og:url\" content=\"https:\/\/barneleker.no\/index.php\/product\/schleich-mandala-enhjorning-hingst\/\" \/>\n<meta property=\"og:site_name\" content=\"Barneleker.no\" \/>\n<meta name=\"twitter:card\" content=\"summary_large_image\" \/>\n<meta name=\"twitter:label1\" content=\"Ansl. lesetid\" \/>\n\t<meta name=\"twitter:data1\" content=\"1 minutt\" \/>\n<script type=\"application\/ld+json\" class=\"yoast-schema-graph\">{\"@context\":\"https:\/\/schema.org\",\"@graph\":[{\"@type\":\"WebPage\",\"@id\":\"https:\/\/barneleker.no\/index.php\/product\/schleich-mandala-enhjorning-hingst\/\",\"url\":\"https:\/\/barneleker.no\/index.php\/product\/schleich-mandala-enhjorning-hingst\/\",\"name\":\"Schleich, Mandala enhj\u00f8rning hingst - Barneleker.no\",\"isPartOf\":{\"@id\":\"https:\/\/barneleker.no\/#website\"},\"primaryImageOfPage\":{\"@id\":\"https:\/\/barneleker.no\/index.php\/product\/schleich-mandala-enhjorning-hingst\/#primaryimage\"},\"image\":{\"@id\":\"https:\/\/barneleker.no\/index.php\/product\/schleich-mandala-enhjorning-hingst\/#primaryimage\"},\"thumbnailUrl\":\"https:\/\/barneleker.no\/wp-content\/uploads\/2022\/02\/schleich-mandala-enhjorning-hingst.jpg\",\"datePublished\":\"2022-02-08T19:47:26+00:00\",\"breadcrumb\":{\"@id\":\"https:\/\/barneleker.no\/index.php\/product\/schleich-mandala-enhjorning-hingst\/#breadcrumb\"},\"inLanguage\":\"nb-NO\",\"potentialAction\":[{\"@type\":\"ReadAction\",\"target\":[\"https:\/\/barneleker.no\/index.php\/product\/schleich-mandala-enhjorning-hingst\/\"]}]},{\"@type\":\"ImageObject\",\"inLanguage\":\"nb-NO\",\"@id\":\"https:\/\/barneleker.no\/index.php\/product\/schleich-mandala-enhjorning-hingst\/#primaryimage\",\"url\":\"https:\/\/barneleker.no\/wp-content\/uploads\/2022\/02\/schleich-mandala-enhjorning-hingst.jpg\",\"contentUrl\":\"https:\/\/barneleker.no\/wp-content\/uploads\/2022\/02\/schleich-mandala-enhjorning-hingst.jpg\",\"width\":555,\"height\":555},{\"@type\":\"BreadcrumbList\",\"@id\":\"https:\/\/barneleker.no\/index.php\/product\/schleich-mandala-enhjorning-hingst\/#breadcrumb\",\"itemListElement\":[{\"@type\":\"ListItem\",\"position\":1,\"name\":\"Butikken\",\"item\":\"https:\/\/barneleker.no\/\"},{\"@type\":\"ListItem\",\"position\":2,\"name\":\"Schleich, Mandala enhj\u00f8rning hingst\"}]},{\"@type\":\"WebSite\",\"@id\":\"https:\/\/barneleker.no\/#website\",\"url\":\"https:\/\/barneleker.no\/\",\"name\":\"Barneleker.no\",\"description\":\"Selvf\u00f8lgelig!\",\"publisher\":{\"@id\":\"https:\/\/barneleker.no\/#organization\"},\"potentialAction\":[{\"@type\":\"SearchAction\",\"target\":{\"@type\":\"EntryPoint\",\"urlTemplate\":\"https:\/\/barneleker.no\/?s={search_term_string}\"},\"query-input\":{\"@type\":\"PropertyValueSpecification\",\"valueRequired\":true,\"valueName\":\"search_term_string\"}}],\"inLanguage\":\"nb-NO\"},{\"@type\":\"Organization\",\"@id\":\"https:\/\/barneleker.no\/#organization\",\"name\":\"Barneleker.no\",\"url\":\"https:\/\/barneleker.no\/\",\"logo\":{\"@type\":\"ImageObject\",\"inLanguage\":\"nb-NO\",\"@id\":\"https:\/\/barneleker.no\/#\/schema\/logo\/image\/\",\"url\":\"https:\/\/barneleker.no\/wp-content\/uploads\/2021\/11\/barneleker_logo-780x150-1.jpg\",\"contentUrl\":\"https:\/\/barneleker.no\/wp-content\/uploads\/2021\/11\/barneleker_logo-780x150-1.jpg\",\"width\":780,\"height\":150,\"caption\":\"Barneleker.no\"},\"image\":{\"@id\":\"https:\/\/barneleker.no\/#\/schema\/logo\/image\/\"}}]}<\/script>\n<!-- \/ Yoast SEO plugin. -->","yoast_head_json":{"title":"Schleich, Mandala enhj\u00f8rning hingst - Barneleker.no","robots":{"index":"index","follow":"follow","max-snippet":"max-snippet:-1","max-image-preview":"max-image-preview:large","max-video-preview":"max-video-preview:-1"},"canonical":"https:\/\/barneleker.no\/index.php\/product\/schleich-mandala-enhjorning-hingst\/","og_locale":"nb_NO","og_type":"article","og_title":"Schleich, Mandala enhj\u00f8rning hingst - Barneleker.no","og_description":"Mandala-enhj\u00f8rningshingsten fortryller alle innbyggerne i bayala\u00ae med sin fantastiske fargeprakt og sin stolte holdning. I den vakre mandalen ser man en hemmelighetsfull trekant som st\u00e5r&hellip;","og_url":"https:\/\/barneleker.no\/index.php\/product\/schleich-mandala-enhjorning-hingst\/","og_site_name":"Barneleker.no","twitter_card":"summary_large_image","twitter_misc":{"Ansl. lesetid":"1 minutt"},"schema":{"@context":"https:\/\/schema.org","@graph":[{"@type":"WebPage","@id":"https:\/\/barneleker.no\/index.php\/product\/schleich-mandala-enhjorning-hingst\/","url":"https:\/\/barneleker.no\/index.php\/product\/schleich-mandala-enhjorning-hingst\/","name":"Schleich, Mandala enhj\u00f8rning hingst - Barneleker.no","isPartOf":{"@id":"https:\/\/barneleker.no\/#website"},"primaryImageOfPage":{"@id":"https:\/\/barneleker.no\/index.php\/product\/schleich-mandala-enhjorning-hingst\/#primaryimage"},"image":{"@id":"https:\/\/barneleker.no\/index.php\/product\/schleich-mandala-enhjorning-hingst\/#primaryimage"},"thumbnailUrl":"https:\/\/barneleker.no\/wp-content\/uploads\/2022\/02\/schleich-mandala-enhjorning-hingst.jpg","datePublished":"2022-02-08T19:47:26+00:00","breadcrumb":{"@id":"https:\/\/barneleker.no\/index.php\/product\/schleich-mandala-enhjorning-hingst\/#breadcrumb"},"inLanguage":"nb-NO","potentialAction":[{"@type":"ReadAction","target":["https:\/\/barneleker.no\/index.php\/product\/schleich-mandala-enhjorning-hingst\/"]}]},{"@type":"ImageObject","inLanguage":"nb-NO","@id":"https:\/\/barneleker.no\/index.php\/product\/schleich-mandala-enhjorning-hingst\/#primaryimage","url":"https:\/\/barneleker.no\/wp-content\/uploads\/2022\/02\/schleich-mandala-enhjorning-hingst.jpg","contentUrl":"https:\/\/barneleker.no\/wp-content\/uploads\/2022\/02\/schleich-mandala-enhjorning-hingst.jpg","width":555,"height":555},{"@type":"BreadcrumbList","@id":"https:\/\/barneleker.no\/index.php\/product\/schleich-mandala-enhjorning-hingst\/#breadcrumb","itemListElement":[{"@type":"ListItem","position":1,"name":"Butikken","item":"https:\/\/barneleker.no\/"},{"@type":"ListItem","position":2,"name":"Schleich, Mandala enhj\u00f8rning hingst"}]},{"@type":"WebSite","@id":"https:\/\/barneleker.no\/#website","url":"https:\/\/barneleker.no\/","name":"Barneleker.no","description":"Selvf\u00f8lgelig!","publisher":{"@id":"https:\/\/barneleker.no\/#organization"},"potentialAction":[{"@type":"SearchAction","target":{"@type":"EntryPoint","urlTemplate":"https:\/\/barneleker.no\/?s={search_term_string}"},"query-input":{"@type":"PropertyValueSpecification","valueRequired":true,"valueName":"search_term_string"}}],"inLanguage":"nb-NO"},{"@type":"Organization","@id":"https:\/\/barneleker.no\/#organization","name":"Barneleker.no","url":"https:\/\/barneleker.no\/","logo":{"@type":"ImageObject","inLanguage":"nb-NO","@id":"https:\/\/barneleker.no\/#\/schema\/logo\/image\/","url":"https:\/\/barneleker.no\/wp-content\/uploads\/2021\/11\/barneleker_logo-780x150-1.jpg","contentUrl":"https:\/\/barneleker.no\/wp-content\/uploads\/2021\/11\/barneleker_logo-780x150-1.jpg","width":780,"height":150,"caption":"Barneleker.no"},"image":{"@id":"https:\/\/barneleker.no\/#\/schema\/logo\/image\/"}}]}},"_links":{"self":[{"href":"https:\/\/barneleker.no\/index.php\/wp-json\/wp\/v2\/product\/11904","targetHints":{"allow":["GET"]}}],"collection":[{"href":"https:\/\/barneleker.no\/index.php\/wp-json\/wp\/v2\/product"}],"about":[{"href":"https:\/\/barneleker.no\/index.php\/wp-json\/wp\/v2\/types\/product"}],"replies":[{"embeddable":true,"href":"https:\/\/barneleker.no\/index.php\/wp-json\/wp\/v2\/comments?post=11904"}],"wp:featuredmedia":[{"embeddable":true,"href":"https:\/\/barneleker.no\/index.php\/wp-json\/wp\/v2\/media\/11903"}],"wp:attachment":[{"href":"https:\/\/barneleker.no\/index.php\/wp-json\/wp\/v2\/media?parent=11904"}],"wp:term":[{"taxonomy":"product_brand","embeddable":true,"href":"https:\/\/barneleker.no\/index.php\/wp-json\/wp\/v2\/product_brand?post=11904"},{"taxonomy":"product_cat","embeddable":true,"href":"https:\/\/barneleker.no\/index.php\/wp-json\/wp\/v2\/product_cat?post=11904"},{"taxonomy":"product_tag","embeddable":true,"href":"https:\/\/barneleker.no\/index.php\/wp-json\/wp\/v2\/product_tag?post=11904"}],"curies":[{"name":"wp","href":"https:\/\/api.w.org\/{rel}","templated":true}]}}