{"id":11922,"date":"2022-02-08T19:47:32","date_gmt":"2022-02-08T19:47:32","guid":{"rendered":"https:\/\/barneleker.no\/index.php\/product\/hama-midi-beads-13-000-pcs-mix-58\/"},"modified":"2022-02-08T19:47:32","modified_gmt":"2022-02-08T19:47:32","slug":"hama-midi-beads-13-000-pcs-mix-58","status":"publish","type":"product","link":"https:\/\/barneleker.no\/index.php\/product\/hama-midi-beads-13-000-pcs-mix-58\/","title":{"rendered":"Hama, Midi Beads 13.000 pcs Mix 58"},"content":{"rendered":"<p>Hama Midi Boks med 13.000 perler &#8211; mix 58 &#8211; farge nr. 77, 78, 79, 82, 83, 84. Lek med perler \u00f8ker kreativiteten og trener finmotorikk, m\u00f8nstergjengivelse, fargel\u00e6re, logikk og geometrisk sans. Kun fantasien setter grenser.<\/p>\n","protected":false},"excerpt":{"rendered":"<p>Hama Midi Boks med 13.000 perler &#8211; mix 58 &#8211; farge nr. 77, 78, 79, 82, 83, 84. Lek med perler \u00f8ker kreativiteten og trener&hellip;<\/p>\n","protected":false},"featured_media":11921,"comment_status":"open","ping_status":"closed","template":"","meta":[],"product_brand":[],"product_cat":[348],"product_tag":[],"class_list":{"0":"post-11922","1":"product","2":"type-product","3":"status-publish","4":"has-post-thumbnail","6":"product_cat-parlor","8":"first","9":"instock","10":"shipping-taxable","11":"product-type-external","12":"customify-col"},"yoast_head":"<!-- This site is optimized with the Yoast SEO plugin v26.0 - https:\/\/yoast.com\/wordpress\/plugins\/seo\/ -->\n<title>Hama, Midi Beads 13.000 pcs Mix 58 - Barneleker.no<\/title>\n<meta name=\"robots\" content=\"index, follow, max-snippet:-1, max-image-preview:large, max-video-preview:-1\" \/>\n<link rel=\"canonical\" href=\"https:\/\/barneleker.no\/index.php\/product\/hama-midi-beads-13-000-pcs-mix-58\/\" \/>\n<meta property=\"og:locale\" content=\"nb_NO\" \/>\n<meta property=\"og:type\" content=\"article\" \/>\n<meta property=\"og:title\" content=\"Hama, Midi Beads 13.000 pcs Mix 58 - Barneleker.no\" \/>\n<meta property=\"og:description\" content=\"Hama Midi Boks med 13.000 perler &#8211; mix 58 &#8211; farge nr. 77, 78, 79, 82, 83, 84. Lek med perler \u00f8ker kreativiteten og trener&hellip;\" \/>\n<meta property=\"og:url\" content=\"https:\/\/barneleker.no\/index.php\/product\/hama-midi-beads-13-000-pcs-mix-58\/\" \/>\n<meta property=\"og:site_name\" content=\"Barneleker.no\" \/>\n<meta name=\"twitter:card\" content=\"summary_large_image\" \/>\n<script type=\"application\/ld+json\" class=\"yoast-schema-graph\">{\"@context\":\"https:\/\/schema.org\",\"@graph\":[{\"@type\":\"WebPage\",\"@id\":\"https:\/\/barneleker.no\/index.php\/product\/hama-midi-beads-13-000-pcs-mix-58\/\",\"url\":\"https:\/\/barneleker.no\/index.php\/product\/hama-midi-beads-13-000-pcs-mix-58\/\",\"name\":\"Hama, Midi Beads 13.000 pcs Mix 58 - Barneleker.no\",\"isPartOf\":{\"@id\":\"https:\/\/barneleker.no\/#website\"},\"primaryImageOfPage\":{\"@id\":\"https:\/\/barneleker.no\/index.php\/product\/hama-midi-beads-13-000-pcs-mix-58\/#primaryimage\"},\"image\":{\"@id\":\"https:\/\/barneleker.no\/index.php\/product\/hama-midi-beads-13-000-pcs-mix-58\/#primaryimage\"},\"thumbnailUrl\":\"https:\/\/barneleker.no\/wp-content\/uploads\/2022\/02\/hama-midi-beads-13-000-pcs-mix-58.jpg\",\"datePublished\":\"2022-02-08T19:47:32+00:00\",\"breadcrumb\":{\"@id\":\"https:\/\/barneleker.no\/index.php\/product\/hama-midi-beads-13-000-pcs-mix-58\/#breadcrumb\"},\"inLanguage\":\"nb-NO\",\"potentialAction\":[{\"@type\":\"ReadAction\",\"target\":[\"https:\/\/barneleker.no\/index.php\/product\/hama-midi-beads-13-000-pcs-mix-58\/\"]}]},{\"@type\":\"ImageObject\",\"inLanguage\":\"nb-NO\",\"@id\":\"https:\/\/barneleker.no\/index.php\/product\/hama-midi-beads-13-000-pcs-mix-58\/#primaryimage\",\"url\":\"https:\/\/barneleker.no\/wp-content\/uploads\/2022\/02\/hama-midi-beads-13-000-pcs-mix-58.jpg\",\"contentUrl\":\"https:\/\/barneleker.no\/wp-content\/uploads\/2022\/02\/hama-midi-beads-13-000-pcs-mix-58.jpg\",\"width\":555,\"height\":555},{\"@type\":\"BreadcrumbList\",\"@id\":\"https:\/\/barneleker.no\/index.php\/product\/hama-midi-beads-13-000-pcs-mix-58\/#breadcrumb\",\"itemListElement\":[{\"@type\":\"ListItem\",\"position\":1,\"name\":\"Butikken\",\"item\":\"https:\/\/barneleker.no\/\"},{\"@type\":\"ListItem\",\"position\":2,\"name\":\"Hama, Midi Beads 13.000 pcs Mix 58\"}]},{\"@type\":\"WebSite\",\"@id\":\"https:\/\/barneleker.no\/#website\",\"url\":\"https:\/\/barneleker.no\/\",\"name\":\"Barneleker.no\",\"description\":\"Selvf\u00f8lgelig!\",\"publisher\":{\"@id\":\"https:\/\/barneleker.no\/#organization\"},\"potentialAction\":[{\"@type\":\"SearchAction\",\"target\":{\"@type\":\"EntryPoint\",\"urlTemplate\":\"https:\/\/barneleker.no\/?s={search_term_string}\"},\"query-input\":{\"@type\":\"PropertyValueSpecification\",\"valueRequired\":true,\"valueName\":\"search_term_string\"}}],\"inLanguage\":\"nb-NO\"},{\"@type\":\"Organization\",\"@id\":\"https:\/\/barneleker.no\/#organization\",\"name\":\"Barneleker.no\",\"url\":\"https:\/\/barneleker.no\/\",\"logo\":{\"@type\":\"ImageObject\",\"inLanguage\":\"nb-NO\",\"@id\":\"https:\/\/barneleker.no\/#\/schema\/logo\/image\/\",\"url\":\"https:\/\/barneleker.no\/wp-content\/uploads\/2021\/11\/barneleker_logo-780x150-1.jpg\",\"contentUrl\":\"https:\/\/barneleker.no\/wp-content\/uploads\/2021\/11\/barneleker_logo-780x150-1.jpg\",\"width\":780,\"height\":150,\"caption\":\"Barneleker.no\"},\"image\":{\"@id\":\"https:\/\/barneleker.no\/#\/schema\/logo\/image\/\"}}]}<\/script>\n<!-- \/ Yoast SEO plugin. -->","yoast_head_json":{"title":"Hama, Midi Beads 13.000 pcs Mix 58 - Barneleker.no","robots":{"index":"index","follow":"follow","max-snippet":"max-snippet:-1","max-image-preview":"max-image-preview:large","max-video-preview":"max-video-preview:-1"},"canonical":"https:\/\/barneleker.no\/index.php\/product\/hama-midi-beads-13-000-pcs-mix-58\/","og_locale":"nb_NO","og_type":"article","og_title":"Hama, Midi Beads 13.000 pcs Mix 58 - Barneleker.no","og_description":"Hama Midi Boks med 13.000 perler &#8211; mix 58 &#8211; farge nr. 77, 78, 79, 82, 83, 84. Lek med perler \u00f8ker kreativiteten og trener&hellip;","og_url":"https:\/\/barneleker.no\/index.php\/product\/hama-midi-beads-13-000-pcs-mix-58\/","og_site_name":"Barneleker.no","twitter_card":"summary_large_image","schema":{"@context":"https:\/\/schema.org","@graph":[{"@type":"WebPage","@id":"https:\/\/barneleker.no\/index.php\/product\/hama-midi-beads-13-000-pcs-mix-58\/","url":"https:\/\/barneleker.no\/index.php\/product\/hama-midi-beads-13-000-pcs-mix-58\/","name":"Hama, Midi Beads 13.000 pcs Mix 58 - Barneleker.no","isPartOf":{"@id":"https:\/\/barneleker.no\/#website"},"primaryImageOfPage":{"@id":"https:\/\/barneleker.no\/index.php\/product\/hama-midi-beads-13-000-pcs-mix-58\/#primaryimage"},"image":{"@id":"https:\/\/barneleker.no\/index.php\/product\/hama-midi-beads-13-000-pcs-mix-58\/#primaryimage"},"thumbnailUrl":"https:\/\/barneleker.no\/wp-content\/uploads\/2022\/02\/hama-midi-beads-13-000-pcs-mix-58.jpg","datePublished":"2022-02-08T19:47:32+00:00","breadcrumb":{"@id":"https:\/\/barneleker.no\/index.php\/product\/hama-midi-beads-13-000-pcs-mix-58\/#breadcrumb"},"inLanguage":"nb-NO","potentialAction":[{"@type":"ReadAction","target":["https:\/\/barneleker.no\/index.php\/product\/hama-midi-beads-13-000-pcs-mix-58\/"]}]},{"@type":"ImageObject","inLanguage":"nb-NO","@id":"https:\/\/barneleker.no\/index.php\/product\/hama-midi-beads-13-000-pcs-mix-58\/#primaryimage","url":"https:\/\/barneleker.no\/wp-content\/uploads\/2022\/02\/hama-midi-beads-13-000-pcs-mix-58.jpg","contentUrl":"https:\/\/barneleker.no\/wp-content\/uploads\/2022\/02\/hama-midi-beads-13-000-pcs-mix-58.jpg","width":555,"height":555},{"@type":"BreadcrumbList","@id":"https:\/\/barneleker.no\/index.php\/product\/hama-midi-beads-13-000-pcs-mix-58\/#breadcrumb","itemListElement":[{"@type":"ListItem","position":1,"name":"Butikken","item":"https:\/\/barneleker.no\/"},{"@type":"ListItem","position":2,"name":"Hama, Midi Beads 13.000 pcs Mix 58"}]},{"@type":"WebSite","@id":"https:\/\/barneleker.no\/#website","url":"https:\/\/barneleker.no\/","name":"Barneleker.no","description":"Selvf\u00f8lgelig!","publisher":{"@id":"https:\/\/barneleker.no\/#organization"},"potentialAction":[{"@type":"SearchAction","target":{"@type":"EntryPoint","urlTemplate":"https:\/\/barneleker.no\/?s={search_term_string}"},"query-input":{"@type":"PropertyValueSpecification","valueRequired":true,"valueName":"search_term_string"}}],"inLanguage":"nb-NO"},{"@type":"Organization","@id":"https:\/\/barneleker.no\/#organization","name":"Barneleker.no","url":"https:\/\/barneleker.no\/","logo":{"@type":"ImageObject","inLanguage":"nb-NO","@id":"https:\/\/barneleker.no\/#\/schema\/logo\/image\/","url":"https:\/\/barneleker.no\/wp-content\/uploads\/2021\/11\/barneleker_logo-780x150-1.jpg","contentUrl":"https:\/\/barneleker.no\/wp-content\/uploads\/2021\/11\/barneleker_logo-780x150-1.jpg","width":780,"height":150,"caption":"Barneleker.no"},"image":{"@id":"https:\/\/barneleker.no\/#\/schema\/logo\/image\/"}}]}},"_links":{"self":[{"href":"https:\/\/barneleker.no\/index.php\/wp-json\/wp\/v2\/product\/11922","targetHints":{"allow":["GET"]}}],"collection":[{"href":"https:\/\/barneleker.no\/index.php\/wp-json\/wp\/v2\/product"}],"about":[{"href":"https:\/\/barneleker.no\/index.php\/wp-json\/wp\/v2\/types\/product"}],"replies":[{"embeddable":true,"href":"https:\/\/barneleker.no\/index.php\/wp-json\/wp\/v2\/comments?post=11922"}],"wp:featuredmedia":[{"embeddable":true,"href":"https:\/\/barneleker.no\/index.php\/wp-json\/wp\/v2\/media\/11921"}],"wp:attachment":[{"href":"https:\/\/barneleker.no\/index.php\/wp-json\/wp\/v2\/media?parent=11922"}],"wp:term":[{"taxonomy":"product_brand","embeddable":true,"href":"https:\/\/barneleker.no\/index.php\/wp-json\/wp\/v2\/product_brand?post=11922"},{"taxonomy":"product_cat","embeddable":true,"href":"https:\/\/barneleker.no\/index.php\/wp-json\/wp\/v2\/product_cat?post=11922"},{"taxonomy":"product_tag","embeddable":true,"href":"https:\/\/barneleker.no\/index.php\/wp-json\/wp\/v2\/product_tag?post=11922"}],"curies":[{"name":"wp","href":"https:\/\/api.w.org\/{rel}","templated":true}]}}