{"id":11950,"date":"2022-02-08T19:47:43","date_gmt":"2022-02-08T19:47:43","guid":{"rendered":"https:\/\/barneleker.no\/index.php\/product\/gaf-iq-kulespill-med-bevegelig-bane\/"},"modified":"2022-02-08T19:47:43","modified_gmt":"2022-02-08T19:47:43","slug":"gaf-iq-kulespill-med-bevegelig-bane","status":"publish","type":"product","link":"https:\/\/barneleker.no\/index.php\/product\/gaf-iq-kulespill-med-bevegelig-bane\/","title":{"rendered":"GAF, IQ-Kulespill med bevegelig bane"},"content":{"rendered":"<p>Pedagogisk og morsomt IQ spill som stimulerer logisk tenkning. Bruk spaken til \u00e5 hjelpe ballen gjennom banen fra start til slutt. Opptil \u00e9n spiller (Som styrer, flere kan hjelpe til) Fra 5 \u00e5r.<\/p>\n","protected":false},"excerpt":{"rendered":"<p>Pedagogisk og morsomt IQ spill som stimulerer logisk tenkning. Bruk spaken til \u00e5 hjelpe ballen gjennom banen fra start til slutt. Opptil \u00e9n spiller (Som&hellip;<\/p>\n","protected":false},"featured_media":11949,"comment_status":"open","ping_status":"closed","template":"","meta":[],"product_brand":[],"product_cat":[383],"product_tag":[],"class_list":{"0":"post-11950","1":"product","2":"type-product","3":"status-publish","4":"has-post-thumbnail","6":"product_cat-kulbanor","8":"first","9":"instock","10":"shipping-taxable","11":"product-type-external","12":"customify-col"},"yoast_head":"<!-- This site is optimized with the Yoast SEO plugin v26.0 - https:\/\/yoast.com\/wordpress\/plugins\/seo\/ -->\n<title>GAF, IQ-Kulespill med bevegelig bane - Barneleker.no<\/title>\n<meta name=\"robots\" content=\"index, follow, max-snippet:-1, max-image-preview:large, max-video-preview:-1\" \/>\n<link rel=\"canonical\" href=\"https:\/\/barneleker.no\/index.php\/product\/gaf-iq-kulespill-med-bevegelig-bane\/\" \/>\n<meta property=\"og:locale\" content=\"nb_NO\" \/>\n<meta property=\"og:type\" content=\"article\" \/>\n<meta property=\"og:title\" content=\"GAF, IQ-Kulespill med bevegelig bane - Barneleker.no\" \/>\n<meta property=\"og:description\" content=\"Pedagogisk og morsomt IQ spill som stimulerer logisk tenkning. Bruk spaken til \u00e5 hjelpe ballen gjennom banen fra start til slutt. Opptil \u00e9n spiller (Som&hellip;\" \/>\n<meta property=\"og:url\" content=\"https:\/\/barneleker.no\/index.php\/product\/gaf-iq-kulespill-med-bevegelig-bane\/\" \/>\n<meta property=\"og:site_name\" content=\"Barneleker.no\" \/>\n<meta name=\"twitter:card\" content=\"summary_large_image\" \/>\n<script type=\"application\/ld+json\" class=\"yoast-schema-graph\">{\"@context\":\"https:\/\/schema.org\",\"@graph\":[{\"@type\":\"WebPage\",\"@id\":\"https:\/\/barneleker.no\/index.php\/product\/gaf-iq-kulespill-med-bevegelig-bane\/\",\"url\":\"https:\/\/barneleker.no\/index.php\/product\/gaf-iq-kulespill-med-bevegelig-bane\/\",\"name\":\"GAF, IQ-Kulespill med bevegelig bane - Barneleker.no\",\"isPartOf\":{\"@id\":\"https:\/\/barneleker.no\/#website\"},\"primaryImageOfPage\":{\"@id\":\"https:\/\/barneleker.no\/index.php\/product\/gaf-iq-kulespill-med-bevegelig-bane\/#primaryimage\"},\"image\":{\"@id\":\"https:\/\/barneleker.no\/index.php\/product\/gaf-iq-kulespill-med-bevegelig-bane\/#primaryimage\"},\"thumbnailUrl\":\"https:\/\/barneleker.no\/wp-content\/uploads\/2022\/02\/gaf-iq-kulespill-med-bevegelig-bane.jpg\",\"datePublished\":\"2022-02-08T19:47:43+00:00\",\"breadcrumb\":{\"@id\":\"https:\/\/barneleker.no\/index.php\/product\/gaf-iq-kulespill-med-bevegelig-bane\/#breadcrumb\"},\"inLanguage\":\"nb-NO\",\"potentialAction\":[{\"@type\":\"ReadAction\",\"target\":[\"https:\/\/barneleker.no\/index.php\/product\/gaf-iq-kulespill-med-bevegelig-bane\/\"]}]},{\"@type\":\"ImageObject\",\"inLanguage\":\"nb-NO\",\"@id\":\"https:\/\/barneleker.no\/index.php\/product\/gaf-iq-kulespill-med-bevegelig-bane\/#primaryimage\",\"url\":\"https:\/\/barneleker.no\/wp-content\/uploads\/2022\/02\/gaf-iq-kulespill-med-bevegelig-bane.jpg\",\"contentUrl\":\"https:\/\/barneleker.no\/wp-content\/uploads\/2022\/02\/gaf-iq-kulespill-med-bevegelig-bane.jpg\",\"width\":555,\"height\":555},{\"@type\":\"BreadcrumbList\",\"@id\":\"https:\/\/barneleker.no\/index.php\/product\/gaf-iq-kulespill-med-bevegelig-bane\/#breadcrumb\",\"itemListElement\":[{\"@type\":\"ListItem\",\"position\":1,\"name\":\"Butikken\",\"item\":\"https:\/\/barneleker.no\/\"},{\"@type\":\"ListItem\",\"position\":2,\"name\":\"GAF, IQ-Kulespill med bevegelig bane\"}]},{\"@type\":\"WebSite\",\"@id\":\"https:\/\/barneleker.no\/#website\",\"url\":\"https:\/\/barneleker.no\/\",\"name\":\"Barneleker.no\",\"description\":\"Selvf\u00f8lgelig!\",\"publisher\":{\"@id\":\"https:\/\/barneleker.no\/#organization\"},\"potentialAction\":[{\"@type\":\"SearchAction\",\"target\":{\"@type\":\"EntryPoint\",\"urlTemplate\":\"https:\/\/barneleker.no\/?s={search_term_string}\"},\"query-input\":{\"@type\":\"PropertyValueSpecification\",\"valueRequired\":true,\"valueName\":\"search_term_string\"}}],\"inLanguage\":\"nb-NO\"},{\"@type\":\"Organization\",\"@id\":\"https:\/\/barneleker.no\/#organization\",\"name\":\"Barneleker.no\",\"url\":\"https:\/\/barneleker.no\/\",\"logo\":{\"@type\":\"ImageObject\",\"inLanguage\":\"nb-NO\",\"@id\":\"https:\/\/barneleker.no\/#\/schema\/logo\/image\/\",\"url\":\"https:\/\/barneleker.no\/wp-content\/uploads\/2021\/11\/barneleker_logo-780x150-1.jpg\",\"contentUrl\":\"https:\/\/barneleker.no\/wp-content\/uploads\/2021\/11\/barneleker_logo-780x150-1.jpg\",\"width\":780,\"height\":150,\"caption\":\"Barneleker.no\"},\"image\":{\"@id\":\"https:\/\/barneleker.no\/#\/schema\/logo\/image\/\"}}]}<\/script>\n<!-- \/ Yoast SEO plugin. -->","yoast_head_json":{"title":"GAF, IQ-Kulespill med bevegelig bane - Barneleker.no","robots":{"index":"index","follow":"follow","max-snippet":"max-snippet:-1","max-image-preview":"max-image-preview:large","max-video-preview":"max-video-preview:-1"},"canonical":"https:\/\/barneleker.no\/index.php\/product\/gaf-iq-kulespill-med-bevegelig-bane\/","og_locale":"nb_NO","og_type":"article","og_title":"GAF, IQ-Kulespill med bevegelig bane - Barneleker.no","og_description":"Pedagogisk og morsomt IQ spill som stimulerer logisk tenkning. Bruk spaken til \u00e5 hjelpe ballen gjennom banen fra start til slutt. Opptil \u00e9n spiller (Som&hellip;","og_url":"https:\/\/barneleker.no\/index.php\/product\/gaf-iq-kulespill-med-bevegelig-bane\/","og_site_name":"Barneleker.no","twitter_card":"summary_large_image","schema":{"@context":"https:\/\/schema.org","@graph":[{"@type":"WebPage","@id":"https:\/\/barneleker.no\/index.php\/product\/gaf-iq-kulespill-med-bevegelig-bane\/","url":"https:\/\/barneleker.no\/index.php\/product\/gaf-iq-kulespill-med-bevegelig-bane\/","name":"GAF, IQ-Kulespill med bevegelig bane - Barneleker.no","isPartOf":{"@id":"https:\/\/barneleker.no\/#website"},"primaryImageOfPage":{"@id":"https:\/\/barneleker.no\/index.php\/product\/gaf-iq-kulespill-med-bevegelig-bane\/#primaryimage"},"image":{"@id":"https:\/\/barneleker.no\/index.php\/product\/gaf-iq-kulespill-med-bevegelig-bane\/#primaryimage"},"thumbnailUrl":"https:\/\/barneleker.no\/wp-content\/uploads\/2022\/02\/gaf-iq-kulespill-med-bevegelig-bane.jpg","datePublished":"2022-02-08T19:47:43+00:00","breadcrumb":{"@id":"https:\/\/barneleker.no\/index.php\/product\/gaf-iq-kulespill-med-bevegelig-bane\/#breadcrumb"},"inLanguage":"nb-NO","potentialAction":[{"@type":"ReadAction","target":["https:\/\/barneleker.no\/index.php\/product\/gaf-iq-kulespill-med-bevegelig-bane\/"]}]},{"@type":"ImageObject","inLanguage":"nb-NO","@id":"https:\/\/barneleker.no\/index.php\/product\/gaf-iq-kulespill-med-bevegelig-bane\/#primaryimage","url":"https:\/\/barneleker.no\/wp-content\/uploads\/2022\/02\/gaf-iq-kulespill-med-bevegelig-bane.jpg","contentUrl":"https:\/\/barneleker.no\/wp-content\/uploads\/2022\/02\/gaf-iq-kulespill-med-bevegelig-bane.jpg","width":555,"height":555},{"@type":"BreadcrumbList","@id":"https:\/\/barneleker.no\/index.php\/product\/gaf-iq-kulespill-med-bevegelig-bane\/#breadcrumb","itemListElement":[{"@type":"ListItem","position":1,"name":"Butikken","item":"https:\/\/barneleker.no\/"},{"@type":"ListItem","position":2,"name":"GAF, IQ-Kulespill med bevegelig bane"}]},{"@type":"WebSite","@id":"https:\/\/barneleker.no\/#website","url":"https:\/\/barneleker.no\/","name":"Barneleker.no","description":"Selvf\u00f8lgelig!","publisher":{"@id":"https:\/\/barneleker.no\/#organization"},"potentialAction":[{"@type":"SearchAction","target":{"@type":"EntryPoint","urlTemplate":"https:\/\/barneleker.no\/?s={search_term_string}"},"query-input":{"@type":"PropertyValueSpecification","valueRequired":true,"valueName":"search_term_string"}}],"inLanguage":"nb-NO"},{"@type":"Organization","@id":"https:\/\/barneleker.no\/#organization","name":"Barneleker.no","url":"https:\/\/barneleker.no\/","logo":{"@type":"ImageObject","inLanguage":"nb-NO","@id":"https:\/\/barneleker.no\/#\/schema\/logo\/image\/","url":"https:\/\/barneleker.no\/wp-content\/uploads\/2021\/11\/barneleker_logo-780x150-1.jpg","contentUrl":"https:\/\/barneleker.no\/wp-content\/uploads\/2021\/11\/barneleker_logo-780x150-1.jpg","width":780,"height":150,"caption":"Barneleker.no"},"image":{"@id":"https:\/\/barneleker.no\/#\/schema\/logo\/image\/"}}]}},"_links":{"self":[{"href":"https:\/\/barneleker.no\/index.php\/wp-json\/wp\/v2\/product\/11950","targetHints":{"allow":["GET"]}}],"collection":[{"href":"https:\/\/barneleker.no\/index.php\/wp-json\/wp\/v2\/product"}],"about":[{"href":"https:\/\/barneleker.no\/index.php\/wp-json\/wp\/v2\/types\/product"}],"replies":[{"embeddable":true,"href":"https:\/\/barneleker.no\/index.php\/wp-json\/wp\/v2\/comments?post=11950"}],"wp:featuredmedia":[{"embeddable":true,"href":"https:\/\/barneleker.no\/index.php\/wp-json\/wp\/v2\/media\/11949"}],"wp:attachment":[{"href":"https:\/\/barneleker.no\/index.php\/wp-json\/wp\/v2\/media?parent=11950"}],"wp:term":[{"taxonomy":"product_brand","embeddable":true,"href":"https:\/\/barneleker.no\/index.php\/wp-json\/wp\/v2\/product_brand?post=11950"},{"taxonomy":"product_cat","embeddable":true,"href":"https:\/\/barneleker.no\/index.php\/wp-json\/wp\/v2\/product_cat?post=11950"},{"taxonomy":"product_tag","embeddable":true,"href":"https:\/\/barneleker.no\/index.php\/wp-json\/wp\/v2\/product_tag?post=11950"}],"curies":[{"name":"wp","href":"https:\/\/api.w.org\/{rel}","templated":true}]}}