{"id":11986,"date":"2022-02-08T19:47:54","date_gmt":"2022-02-08T19:47:54","guid":{"rendered":"https:\/\/barneleker.no\/index.php\/product\/lego-vidiyo-43102-candy-mermaid-beatbox-candy-mermaid-beatbox\/"},"modified":"2022-02-08T19:47:54","modified_gmt":"2022-02-08T19:47:54","slug":"lego-vidiyo-43102-candy-mermaid-beatbox-candy-mermaid-beatbox","status":"publish","type":"product","link":"https:\/\/barneleker.no\/index.php\/product\/lego-vidiyo-43102-candy-mermaid-beatbox-candy-mermaid-beatbox\/","title":{"rendered":"LEGO VIDIYO 43102, Candy Mermaid BeatBox, Candy Mermaid BeatBox"},"content":{"rendered":"<p>\u2022 Med LEGO\u00ae VIDIYO\u2122 Candy Mermaid BeatBox (43102) kan du inspirere barn til \u00e5 regissere og spille i musikkvideoer de lager selv. Inkluderer en havfrueminifigur med gitar, 14 tilfeldige BeatBits og to spesielle BeatBits.  \u2022 Last ned gratisappen LEGO\u00ae VIDIYO\u2122 for \u00e5 skanne minifiguren og BeatBits spesialeffektene. Barn vil synes det er kjempemorsomt \u00e5 se hvordan figuren deres vekkes til live i musikkvideoen.  \u2022 Skann BeatBits i appen for \u00e5 l\u00e5se opp spesialeffekter som musikkteater-effekten med lyd av messingbl\u00e5seinstrumenter.  \u2022 En g\u00f8yal musikkopplevelse for jenter og gutter fra sju \u00e5r og oppover, som fortjener en bel\u00f8nning. Settet er ogs\u00e5 perfekt som h\u00f8ytidsgave til barn som elsker musikkleker, dans og show.  \u2022 BeatBox er 8 cm h\u00f8y, 7 cm lang og 10 cm bred.  \u2022 Barn kan sl\u00e5 sammen BeatBox og ta den med p\u00e5 turn\u00e9. BeatBox rommer en skannbar klossebygd scene, 16 BeatBits og havfruens gitar.  \u2022 LEGO\u00ae VIDIYO\u2122 appen kan brukes p\u00e5 utvalgte iOS- og Android-enheter. Sjekk kompatibilitet p\u00e5 www.LEGO.com\/devicecheck. Barn m\u00e5 be foreldrene sine om lov f\u00f8r de logger seg p\u00e5 Internett.  \u2022 LEGO\u00ae VIDIYO\u2122 settene byr p\u00e5 en ny sosial lekeopplevelse, hvor jenter og gutter kan spille rollen som regiss\u00f8r, produsent og stjerne, og regissere og dele egne musikkvideoer.  \u2022 LEGO\u00ae komponenter oppfyller strenge bransjestandarder. De er ensartede, kompatible og alltid lette \u00e5 sette sammen \u2013 slik har det v\u00e6rt helt siden 1958.  \u2022 LEGO\u00ae komponenter slippes i bakken, varmes opp, knuses, vris og analyseres for \u00e5 sjekke at de oppfyller strenge, globale sikkerhetsstandarder.<\/p>\n","protected":false},"excerpt":{"rendered":"<p>\u2022 Med LEGO\u00ae VIDIYO\u2122 Candy Mermaid BeatBox (43102) kan du inspirere barn til \u00e5 regissere og spille i musikkvideoer de lager selv. Inkluderer en havfrueminifigur&hellip;<\/p>\n","protected":false},"featured_media":11985,"comment_status":"open","ping_status":"closed","template":"","meta":[],"product_brand":[],"product_cat":[379],"product_tag":[],"class_list":{"0":"post-11986","1":"product","2":"type-product","3":"status-publish","4":"has-post-thumbnail","6":"product_cat-set-lego-musik","8":"first","9":"instock","10":"shipping-taxable","11":"product-type-external","12":"customify-col"},"yoast_head":"<!-- This site is optimized with the Yoast SEO plugin v26.0 - https:\/\/yoast.com\/wordpress\/plugins\/seo\/ -->\n<title>LEGO VIDIYO 43102, Candy Mermaid BeatBox, Candy Mermaid BeatBox - Barneleker.no<\/title>\n<meta name=\"robots\" content=\"index, follow, max-snippet:-1, max-image-preview:large, max-video-preview:-1\" \/>\n<link rel=\"canonical\" href=\"https:\/\/barneleker.no\/index.php\/product\/lego-vidiyo-43102-candy-mermaid-beatbox-candy-mermaid-beatbox\/\" \/>\n<meta property=\"og:locale\" content=\"nb_NO\" \/>\n<meta property=\"og:type\" content=\"article\" \/>\n<meta property=\"og:title\" content=\"LEGO VIDIYO 43102, Candy Mermaid BeatBox, Candy Mermaid BeatBox - Barneleker.no\" \/>\n<meta property=\"og:description\" content=\"\u2022 Med LEGO\u00ae VIDIYO\u2122 Candy Mermaid BeatBox (43102) kan du inspirere barn til \u00e5 regissere og spille i musikkvideoer de lager selv. Inkluderer en havfrueminifigur&hellip;\" \/>\n<meta property=\"og:url\" content=\"https:\/\/barneleker.no\/index.php\/product\/lego-vidiyo-43102-candy-mermaid-beatbox-candy-mermaid-beatbox\/\" \/>\n<meta property=\"og:site_name\" content=\"Barneleker.no\" \/>\n<meta name=\"twitter:card\" content=\"summary_large_image\" \/>\n<meta name=\"twitter:label1\" content=\"Ansl. lesetid\" \/>\n\t<meta name=\"twitter:data1\" content=\"1 minutt\" \/>\n<script type=\"application\/ld+json\" class=\"yoast-schema-graph\">{\"@context\":\"https:\/\/schema.org\",\"@graph\":[{\"@type\":\"WebPage\",\"@id\":\"https:\/\/barneleker.no\/index.php\/product\/lego-vidiyo-43102-candy-mermaid-beatbox-candy-mermaid-beatbox\/\",\"url\":\"https:\/\/barneleker.no\/index.php\/product\/lego-vidiyo-43102-candy-mermaid-beatbox-candy-mermaid-beatbox\/\",\"name\":\"LEGO VIDIYO 43102, Candy Mermaid BeatBox, Candy Mermaid BeatBox - Barneleker.no\",\"isPartOf\":{\"@id\":\"https:\/\/barneleker.no\/#website\"},\"primaryImageOfPage\":{\"@id\":\"https:\/\/barneleker.no\/index.php\/product\/lego-vidiyo-43102-candy-mermaid-beatbox-candy-mermaid-beatbox\/#primaryimage\"},\"image\":{\"@id\":\"https:\/\/barneleker.no\/index.php\/product\/lego-vidiyo-43102-candy-mermaid-beatbox-candy-mermaid-beatbox\/#primaryimage\"},\"thumbnailUrl\":\"https:\/\/barneleker.no\/wp-content\/uploads\/2022\/02\/lego-vidiyo-43102-candy-mermaid-beatbox.jpg\",\"datePublished\":\"2022-02-08T19:47:54+00:00\",\"breadcrumb\":{\"@id\":\"https:\/\/barneleker.no\/index.php\/product\/lego-vidiyo-43102-candy-mermaid-beatbox-candy-mermaid-beatbox\/#breadcrumb\"},\"inLanguage\":\"nb-NO\",\"potentialAction\":[{\"@type\":\"ReadAction\",\"target\":[\"https:\/\/barneleker.no\/index.php\/product\/lego-vidiyo-43102-candy-mermaid-beatbox-candy-mermaid-beatbox\/\"]}]},{\"@type\":\"ImageObject\",\"inLanguage\":\"nb-NO\",\"@id\":\"https:\/\/barneleker.no\/index.php\/product\/lego-vidiyo-43102-candy-mermaid-beatbox-candy-mermaid-beatbox\/#primaryimage\",\"url\":\"https:\/\/barneleker.no\/wp-content\/uploads\/2022\/02\/lego-vidiyo-43102-candy-mermaid-beatbox.jpg\",\"contentUrl\":\"https:\/\/barneleker.no\/wp-content\/uploads\/2022\/02\/lego-vidiyo-43102-candy-mermaid-beatbox.jpg\",\"width\":555,\"height\":555},{\"@type\":\"BreadcrumbList\",\"@id\":\"https:\/\/barneleker.no\/index.php\/product\/lego-vidiyo-43102-candy-mermaid-beatbox-candy-mermaid-beatbox\/#breadcrumb\",\"itemListElement\":[{\"@type\":\"ListItem\",\"position\":1,\"name\":\"Butikken\",\"item\":\"https:\/\/barneleker.no\/\"},{\"@type\":\"ListItem\",\"position\":2,\"name\":\"LEGO VIDIYO 43102, Candy Mermaid BeatBox, Candy Mermaid BeatBox\"}]},{\"@type\":\"WebSite\",\"@id\":\"https:\/\/barneleker.no\/#website\",\"url\":\"https:\/\/barneleker.no\/\",\"name\":\"Barneleker.no\",\"description\":\"Selvf\u00f8lgelig!\",\"publisher\":{\"@id\":\"https:\/\/barneleker.no\/#organization\"},\"potentialAction\":[{\"@type\":\"SearchAction\",\"target\":{\"@type\":\"EntryPoint\",\"urlTemplate\":\"https:\/\/barneleker.no\/?s={search_term_string}\"},\"query-input\":{\"@type\":\"PropertyValueSpecification\",\"valueRequired\":true,\"valueName\":\"search_term_string\"}}],\"inLanguage\":\"nb-NO\"},{\"@type\":\"Organization\",\"@id\":\"https:\/\/barneleker.no\/#organization\",\"name\":\"Barneleker.no\",\"url\":\"https:\/\/barneleker.no\/\",\"logo\":{\"@type\":\"ImageObject\",\"inLanguage\":\"nb-NO\",\"@id\":\"https:\/\/barneleker.no\/#\/schema\/logo\/image\/\",\"url\":\"https:\/\/barneleker.no\/wp-content\/uploads\/2021\/11\/barneleker_logo-780x150-1.jpg\",\"contentUrl\":\"https:\/\/barneleker.no\/wp-content\/uploads\/2021\/11\/barneleker_logo-780x150-1.jpg\",\"width\":780,\"height\":150,\"caption\":\"Barneleker.no\"},\"image\":{\"@id\":\"https:\/\/barneleker.no\/#\/schema\/logo\/image\/\"}}]}<\/script>\n<!-- \/ Yoast SEO plugin. -->","yoast_head_json":{"title":"LEGO VIDIYO 43102, Candy Mermaid BeatBox, Candy Mermaid BeatBox - Barneleker.no","robots":{"index":"index","follow":"follow","max-snippet":"max-snippet:-1","max-image-preview":"max-image-preview:large","max-video-preview":"max-video-preview:-1"},"canonical":"https:\/\/barneleker.no\/index.php\/product\/lego-vidiyo-43102-candy-mermaid-beatbox-candy-mermaid-beatbox\/","og_locale":"nb_NO","og_type":"article","og_title":"LEGO VIDIYO 43102, Candy Mermaid BeatBox, Candy Mermaid BeatBox - Barneleker.no","og_description":"\u2022 Med LEGO\u00ae VIDIYO\u2122 Candy Mermaid BeatBox (43102) kan du inspirere barn til \u00e5 regissere og spille i musikkvideoer de lager selv. Inkluderer en havfrueminifigur&hellip;","og_url":"https:\/\/barneleker.no\/index.php\/product\/lego-vidiyo-43102-candy-mermaid-beatbox-candy-mermaid-beatbox\/","og_site_name":"Barneleker.no","twitter_card":"summary_large_image","twitter_misc":{"Ansl. lesetid":"1 minutt"},"schema":{"@context":"https:\/\/schema.org","@graph":[{"@type":"WebPage","@id":"https:\/\/barneleker.no\/index.php\/product\/lego-vidiyo-43102-candy-mermaid-beatbox-candy-mermaid-beatbox\/","url":"https:\/\/barneleker.no\/index.php\/product\/lego-vidiyo-43102-candy-mermaid-beatbox-candy-mermaid-beatbox\/","name":"LEGO VIDIYO 43102, Candy Mermaid BeatBox, Candy Mermaid BeatBox - Barneleker.no","isPartOf":{"@id":"https:\/\/barneleker.no\/#website"},"primaryImageOfPage":{"@id":"https:\/\/barneleker.no\/index.php\/product\/lego-vidiyo-43102-candy-mermaid-beatbox-candy-mermaid-beatbox\/#primaryimage"},"image":{"@id":"https:\/\/barneleker.no\/index.php\/product\/lego-vidiyo-43102-candy-mermaid-beatbox-candy-mermaid-beatbox\/#primaryimage"},"thumbnailUrl":"https:\/\/barneleker.no\/wp-content\/uploads\/2022\/02\/lego-vidiyo-43102-candy-mermaid-beatbox.jpg","datePublished":"2022-02-08T19:47:54+00:00","breadcrumb":{"@id":"https:\/\/barneleker.no\/index.php\/product\/lego-vidiyo-43102-candy-mermaid-beatbox-candy-mermaid-beatbox\/#breadcrumb"},"inLanguage":"nb-NO","potentialAction":[{"@type":"ReadAction","target":["https:\/\/barneleker.no\/index.php\/product\/lego-vidiyo-43102-candy-mermaid-beatbox-candy-mermaid-beatbox\/"]}]},{"@type":"ImageObject","inLanguage":"nb-NO","@id":"https:\/\/barneleker.no\/index.php\/product\/lego-vidiyo-43102-candy-mermaid-beatbox-candy-mermaid-beatbox\/#primaryimage","url":"https:\/\/barneleker.no\/wp-content\/uploads\/2022\/02\/lego-vidiyo-43102-candy-mermaid-beatbox.jpg","contentUrl":"https:\/\/barneleker.no\/wp-content\/uploads\/2022\/02\/lego-vidiyo-43102-candy-mermaid-beatbox.jpg","width":555,"height":555},{"@type":"BreadcrumbList","@id":"https:\/\/barneleker.no\/index.php\/product\/lego-vidiyo-43102-candy-mermaid-beatbox-candy-mermaid-beatbox\/#breadcrumb","itemListElement":[{"@type":"ListItem","position":1,"name":"Butikken","item":"https:\/\/barneleker.no\/"},{"@type":"ListItem","position":2,"name":"LEGO VIDIYO 43102, Candy Mermaid BeatBox, Candy Mermaid BeatBox"}]},{"@type":"WebSite","@id":"https:\/\/barneleker.no\/#website","url":"https:\/\/barneleker.no\/","name":"Barneleker.no","description":"Selvf\u00f8lgelig!","publisher":{"@id":"https:\/\/barneleker.no\/#organization"},"potentialAction":[{"@type":"SearchAction","target":{"@type":"EntryPoint","urlTemplate":"https:\/\/barneleker.no\/?s={search_term_string}"},"query-input":{"@type":"PropertyValueSpecification","valueRequired":true,"valueName":"search_term_string"}}],"inLanguage":"nb-NO"},{"@type":"Organization","@id":"https:\/\/barneleker.no\/#organization","name":"Barneleker.no","url":"https:\/\/barneleker.no\/","logo":{"@type":"ImageObject","inLanguage":"nb-NO","@id":"https:\/\/barneleker.no\/#\/schema\/logo\/image\/","url":"https:\/\/barneleker.no\/wp-content\/uploads\/2021\/11\/barneleker_logo-780x150-1.jpg","contentUrl":"https:\/\/barneleker.no\/wp-content\/uploads\/2021\/11\/barneleker_logo-780x150-1.jpg","width":780,"height":150,"caption":"Barneleker.no"},"image":{"@id":"https:\/\/barneleker.no\/#\/schema\/logo\/image\/"}}]}},"_links":{"self":[{"href":"https:\/\/barneleker.no\/index.php\/wp-json\/wp\/v2\/product\/11986","targetHints":{"allow":["GET"]}}],"collection":[{"href":"https:\/\/barneleker.no\/index.php\/wp-json\/wp\/v2\/product"}],"about":[{"href":"https:\/\/barneleker.no\/index.php\/wp-json\/wp\/v2\/types\/product"}],"replies":[{"embeddable":true,"href":"https:\/\/barneleker.no\/index.php\/wp-json\/wp\/v2\/comments?post=11986"}],"wp:featuredmedia":[{"embeddable":true,"href":"https:\/\/barneleker.no\/index.php\/wp-json\/wp\/v2\/media\/11985"}],"wp:attachment":[{"href":"https:\/\/barneleker.no\/index.php\/wp-json\/wp\/v2\/media?parent=11986"}],"wp:term":[{"taxonomy":"product_brand","embeddable":true,"href":"https:\/\/barneleker.no\/index.php\/wp-json\/wp\/v2\/product_brand?post=11986"},{"taxonomy":"product_cat","embeddable":true,"href":"https:\/\/barneleker.no\/index.php\/wp-json\/wp\/v2\/product_cat?post=11986"},{"taxonomy":"product_tag","embeddable":true,"href":"https:\/\/barneleker.no\/index.php\/wp-json\/wp\/v2\/product_tag?post=11986"}],"curies":[{"name":"wp","href":"https:\/\/api.w.org\/{rel}","templated":true}]}}