{"id":11996,"date":"2022-02-08T19:47:59","date_gmt":"2022-02-08T19:47:59","guid":{"rendered":"https:\/\/barneleker.no\/index.php\/product\/playmobil-70331-outdoor-adventure\/"},"modified":"2022-02-08T19:47:59","modified_gmt":"2022-02-08T19:47:59","slug":"playmobil-70331-outdoor-adventure","status":"publish","type":"product","link":"https:\/\/barneleker.no\/index.php\/product\/playmobil-70331-outdoor-adventure\/","title":{"rendered":"Playmobil 70331, Outdoor Adventure"},"content":{"rendered":"<p>Abigail og Ursula er selvf\u00f8lgelig ogs\u00e5 p\u00e5 den store sommerleiren med sine hester Boomerang og Bing kirseb\u00e6r. Bare i dag vil de konkurrere med sine venner Pru, Lucky og Bebe i Barrel Ridning, der de hopper over fat satt med hesten. N\u00e5r konkurransen er over skynder de raskt g\u00e5 videre til neste som er bueskyting. Hver konkurrent skyter seks piler var p\u00e5 m\u00e5l, og som kommer n\u00e6rmest midten vinner.<\/p>\n","protected":false},"excerpt":{"rendered":"<p>Abigail og Ursula er selvf\u00f8lgelig ogs\u00e5 p\u00e5 den store sommerleiren med sine hester Boomerang og Bing kirseb\u00e6r. Bare i dag vil de konkurrere med sine&hellip;<\/p>\n","protected":false},"featured_media":11995,"comment_status":"open","ping_status":"closed","template":"","meta":[],"product_brand":[],"product_cat":[354],"product_tag":[],"class_list":{"0":"post-11996","1":"product","2":"type-product","3":"status-publish","4":"has-post-thumbnail","6":"product_cat-lekset","8":"first","9":"instock","10":"shipping-taxable","11":"product-type-external","12":"customify-col"},"yoast_head":"<!-- This site is optimized with the Yoast SEO plugin v26.0 - https:\/\/yoast.com\/wordpress\/plugins\/seo\/ -->\n<title>Playmobil 70331, Outdoor Adventure - Barneleker.no<\/title>\n<meta name=\"robots\" content=\"index, follow, max-snippet:-1, max-image-preview:large, max-video-preview:-1\" \/>\n<link rel=\"canonical\" href=\"https:\/\/barneleker.no\/index.php\/product\/playmobil-70331-outdoor-adventure\/\" \/>\n<meta property=\"og:locale\" content=\"nb_NO\" \/>\n<meta property=\"og:type\" content=\"article\" \/>\n<meta property=\"og:title\" content=\"Playmobil 70331, Outdoor Adventure - Barneleker.no\" \/>\n<meta property=\"og:description\" content=\"Abigail og Ursula er selvf\u00f8lgelig ogs\u00e5 p\u00e5 den store sommerleiren med sine hester Boomerang og Bing kirseb\u00e6r. Bare i dag vil de konkurrere med sine&hellip;\" \/>\n<meta property=\"og:url\" content=\"https:\/\/barneleker.no\/index.php\/product\/playmobil-70331-outdoor-adventure\/\" \/>\n<meta property=\"og:site_name\" content=\"Barneleker.no\" \/>\n<meta name=\"twitter:card\" content=\"summary_large_image\" \/>\n<script type=\"application\/ld+json\" class=\"yoast-schema-graph\">{\"@context\":\"https:\/\/schema.org\",\"@graph\":[{\"@type\":\"WebPage\",\"@id\":\"https:\/\/barneleker.no\/index.php\/product\/playmobil-70331-outdoor-adventure\/\",\"url\":\"https:\/\/barneleker.no\/index.php\/product\/playmobil-70331-outdoor-adventure\/\",\"name\":\"Playmobil 70331, Outdoor Adventure - Barneleker.no\",\"isPartOf\":{\"@id\":\"https:\/\/barneleker.no\/#website\"},\"primaryImageOfPage\":{\"@id\":\"https:\/\/barneleker.no\/index.php\/product\/playmobil-70331-outdoor-adventure\/#primaryimage\"},\"image\":{\"@id\":\"https:\/\/barneleker.no\/index.php\/product\/playmobil-70331-outdoor-adventure\/#primaryimage\"},\"thumbnailUrl\":\"https:\/\/barneleker.no\/wp-content\/uploads\/2022\/02\/playmobil-70331-outdoor-adventure.jpg\",\"datePublished\":\"2022-02-08T19:47:59+00:00\",\"breadcrumb\":{\"@id\":\"https:\/\/barneleker.no\/index.php\/product\/playmobil-70331-outdoor-adventure\/#breadcrumb\"},\"inLanguage\":\"nb-NO\",\"potentialAction\":[{\"@type\":\"ReadAction\",\"target\":[\"https:\/\/barneleker.no\/index.php\/product\/playmobil-70331-outdoor-adventure\/\"]}]},{\"@type\":\"ImageObject\",\"inLanguage\":\"nb-NO\",\"@id\":\"https:\/\/barneleker.no\/index.php\/product\/playmobil-70331-outdoor-adventure\/#primaryimage\",\"url\":\"https:\/\/barneleker.no\/wp-content\/uploads\/2022\/02\/playmobil-70331-outdoor-adventure.jpg\",\"contentUrl\":\"https:\/\/barneleker.no\/wp-content\/uploads\/2022\/02\/playmobil-70331-outdoor-adventure.jpg\",\"width\":555,\"height\":555},{\"@type\":\"BreadcrumbList\",\"@id\":\"https:\/\/barneleker.no\/index.php\/product\/playmobil-70331-outdoor-adventure\/#breadcrumb\",\"itemListElement\":[{\"@type\":\"ListItem\",\"position\":1,\"name\":\"Butikken\",\"item\":\"https:\/\/barneleker.no\/\"},{\"@type\":\"ListItem\",\"position\":2,\"name\":\"Playmobil 70331, Outdoor Adventure\"}]},{\"@type\":\"WebSite\",\"@id\":\"https:\/\/barneleker.no\/#website\",\"url\":\"https:\/\/barneleker.no\/\",\"name\":\"Barneleker.no\",\"description\":\"Selvf\u00f8lgelig!\",\"publisher\":{\"@id\":\"https:\/\/barneleker.no\/#organization\"},\"potentialAction\":[{\"@type\":\"SearchAction\",\"target\":{\"@type\":\"EntryPoint\",\"urlTemplate\":\"https:\/\/barneleker.no\/?s={search_term_string}\"},\"query-input\":{\"@type\":\"PropertyValueSpecification\",\"valueRequired\":true,\"valueName\":\"search_term_string\"}}],\"inLanguage\":\"nb-NO\"},{\"@type\":\"Organization\",\"@id\":\"https:\/\/barneleker.no\/#organization\",\"name\":\"Barneleker.no\",\"url\":\"https:\/\/barneleker.no\/\",\"logo\":{\"@type\":\"ImageObject\",\"inLanguage\":\"nb-NO\",\"@id\":\"https:\/\/barneleker.no\/#\/schema\/logo\/image\/\",\"url\":\"https:\/\/barneleker.no\/wp-content\/uploads\/2021\/11\/barneleker_logo-780x150-1.jpg\",\"contentUrl\":\"https:\/\/barneleker.no\/wp-content\/uploads\/2021\/11\/barneleker_logo-780x150-1.jpg\",\"width\":780,\"height\":150,\"caption\":\"Barneleker.no\"},\"image\":{\"@id\":\"https:\/\/barneleker.no\/#\/schema\/logo\/image\/\"}}]}<\/script>\n<!-- \/ Yoast SEO plugin. -->","yoast_head_json":{"title":"Playmobil 70331, Outdoor Adventure - Barneleker.no","robots":{"index":"index","follow":"follow","max-snippet":"max-snippet:-1","max-image-preview":"max-image-preview:large","max-video-preview":"max-video-preview:-1"},"canonical":"https:\/\/barneleker.no\/index.php\/product\/playmobil-70331-outdoor-adventure\/","og_locale":"nb_NO","og_type":"article","og_title":"Playmobil 70331, Outdoor Adventure - Barneleker.no","og_description":"Abigail og Ursula er selvf\u00f8lgelig ogs\u00e5 p\u00e5 den store sommerleiren med sine hester Boomerang og Bing kirseb\u00e6r. Bare i dag vil de konkurrere med sine&hellip;","og_url":"https:\/\/barneleker.no\/index.php\/product\/playmobil-70331-outdoor-adventure\/","og_site_name":"Barneleker.no","twitter_card":"summary_large_image","schema":{"@context":"https:\/\/schema.org","@graph":[{"@type":"WebPage","@id":"https:\/\/barneleker.no\/index.php\/product\/playmobil-70331-outdoor-adventure\/","url":"https:\/\/barneleker.no\/index.php\/product\/playmobil-70331-outdoor-adventure\/","name":"Playmobil 70331, Outdoor Adventure - Barneleker.no","isPartOf":{"@id":"https:\/\/barneleker.no\/#website"},"primaryImageOfPage":{"@id":"https:\/\/barneleker.no\/index.php\/product\/playmobil-70331-outdoor-adventure\/#primaryimage"},"image":{"@id":"https:\/\/barneleker.no\/index.php\/product\/playmobil-70331-outdoor-adventure\/#primaryimage"},"thumbnailUrl":"https:\/\/barneleker.no\/wp-content\/uploads\/2022\/02\/playmobil-70331-outdoor-adventure.jpg","datePublished":"2022-02-08T19:47:59+00:00","breadcrumb":{"@id":"https:\/\/barneleker.no\/index.php\/product\/playmobil-70331-outdoor-adventure\/#breadcrumb"},"inLanguage":"nb-NO","potentialAction":[{"@type":"ReadAction","target":["https:\/\/barneleker.no\/index.php\/product\/playmobil-70331-outdoor-adventure\/"]}]},{"@type":"ImageObject","inLanguage":"nb-NO","@id":"https:\/\/barneleker.no\/index.php\/product\/playmobil-70331-outdoor-adventure\/#primaryimage","url":"https:\/\/barneleker.no\/wp-content\/uploads\/2022\/02\/playmobil-70331-outdoor-adventure.jpg","contentUrl":"https:\/\/barneleker.no\/wp-content\/uploads\/2022\/02\/playmobil-70331-outdoor-adventure.jpg","width":555,"height":555},{"@type":"BreadcrumbList","@id":"https:\/\/barneleker.no\/index.php\/product\/playmobil-70331-outdoor-adventure\/#breadcrumb","itemListElement":[{"@type":"ListItem","position":1,"name":"Butikken","item":"https:\/\/barneleker.no\/"},{"@type":"ListItem","position":2,"name":"Playmobil 70331, Outdoor Adventure"}]},{"@type":"WebSite","@id":"https:\/\/barneleker.no\/#website","url":"https:\/\/barneleker.no\/","name":"Barneleker.no","description":"Selvf\u00f8lgelig!","publisher":{"@id":"https:\/\/barneleker.no\/#organization"},"potentialAction":[{"@type":"SearchAction","target":{"@type":"EntryPoint","urlTemplate":"https:\/\/barneleker.no\/?s={search_term_string}"},"query-input":{"@type":"PropertyValueSpecification","valueRequired":true,"valueName":"search_term_string"}}],"inLanguage":"nb-NO"},{"@type":"Organization","@id":"https:\/\/barneleker.no\/#organization","name":"Barneleker.no","url":"https:\/\/barneleker.no\/","logo":{"@type":"ImageObject","inLanguage":"nb-NO","@id":"https:\/\/barneleker.no\/#\/schema\/logo\/image\/","url":"https:\/\/barneleker.no\/wp-content\/uploads\/2021\/11\/barneleker_logo-780x150-1.jpg","contentUrl":"https:\/\/barneleker.no\/wp-content\/uploads\/2021\/11\/barneleker_logo-780x150-1.jpg","width":780,"height":150,"caption":"Barneleker.no"},"image":{"@id":"https:\/\/barneleker.no\/#\/schema\/logo\/image\/"}}]}},"_links":{"self":[{"href":"https:\/\/barneleker.no\/index.php\/wp-json\/wp\/v2\/product\/11996","targetHints":{"allow":["GET"]}}],"collection":[{"href":"https:\/\/barneleker.no\/index.php\/wp-json\/wp\/v2\/product"}],"about":[{"href":"https:\/\/barneleker.no\/index.php\/wp-json\/wp\/v2\/types\/product"}],"replies":[{"embeddable":true,"href":"https:\/\/barneleker.no\/index.php\/wp-json\/wp\/v2\/comments?post=11996"}],"wp:featuredmedia":[{"embeddable":true,"href":"https:\/\/barneleker.no\/index.php\/wp-json\/wp\/v2\/media\/11995"}],"wp:attachment":[{"href":"https:\/\/barneleker.no\/index.php\/wp-json\/wp\/v2\/media?parent=11996"}],"wp:term":[{"taxonomy":"product_brand","embeddable":true,"href":"https:\/\/barneleker.no\/index.php\/wp-json\/wp\/v2\/product_brand?post=11996"},{"taxonomy":"product_cat","embeddable":true,"href":"https:\/\/barneleker.no\/index.php\/wp-json\/wp\/v2\/product_cat?post=11996"},{"taxonomy":"product_tag","embeddable":true,"href":"https:\/\/barneleker.no\/index.php\/wp-json\/wp\/v2\/product_tag?post=11996"}],"curies":[{"name":"wp","href":"https:\/\/api.w.org\/{rel}","templated":true}]}}