{"id":12028,"date":"2022-02-08T19:48:11","date_gmt":"2022-02-08T19:48:11","guid":{"rendered":"https:\/\/barneleker.no\/index.php\/product\/paw-patrol-movie-true-metal-city-rescue-playset\/"},"modified":"2022-02-08T19:48:11","modified_gmt":"2022-02-08T19:48:11","slug":"paw-patrol-movie-true-metal-city-rescue-playset","status":"publish","type":"product","link":"https:\/\/barneleker.no\/index.php\/product\/paw-patrol-movie-true-metal-city-rescue-playset\/","title":{"rendered":"Paw Patrol, Movie True Metal City Rescue Playset"},"content":{"rendered":"<p>Team opp med Chase for st\u00f8rre, mer utfordrende redningsaksjoner med hans transformerende PAW Patrol: Deluxe Kj\u00f8ret\u00f8y fra filmen! Chases lekre politibil er i s\u00f8lv metallic og har autentiske detaljer og grafikk fra filmen, samt en spennende transformasjon rett fra filmen! Chase har p\u00e5 seg den nye uniformen fra filmen (actionfigur til samlingen din er inkludert) og er klar for \u00e5 redde dagen i Adventure City. N\u00e5r det oppst\u00e5r problemer, sett Chase bak rattet i politibilen hans og rykk ut! Trykk ned spoileren for \u00e5 aktivere bilens unike transformasjon. Fronten utvides til en pansret utgave og en diskutskyter spretter opp bak! Lad prosjektilene (to inkludert) og trykk p\u00e5 knappen for \u00e5 skyte! Tilbakestill, transformer og skyt om igjen og om igjen! Chases Deluxe kj\u00f8ret\u00f8y er en flott gave for barn fra 3 \u00e5r og oppover, og er et perfekt tilskudd til alle samlinger av PAW Patrol kj\u00f8ret\u00f8y og lekefigurer. Dette Deluxe Kj\u00f8ret\u00f8yet fra PAW Patrol: Filmen gir liv til all action og spenningen fra kinolerretet! Skaff deg dem alle (lekebiler selges separat) og bruk fantasien til \u00e5 leke ut dine action-spekkede redningsaksjoner. For enda mer filmaction, kan du bruke Deluxe Kj\u00f8ret\u00f8yet til Chase med det helt nye PAW Patrol t\u00e5rnet, det Ultimate City T\u00e5rnet (selges separat)! Redd dagen med Chase og hans PAW Patrol: Deluxe Kj\u00f8ret\u00f8y fra filmen!<\/p>\n","protected":false},"excerpt":{"rendered":"<p>Team opp med Chase for st\u00f8rre, mer utfordrende redningsaksjoner med hans transformerende PAW Patrol: Deluxe Kj\u00f8ret\u00f8y fra filmen! Chases lekre politibil er i s\u00f8lv metallic&hellip;<\/p>\n","protected":false},"featured_media":12027,"comment_status":"open","ping_status":"closed","template":"","meta":[],"product_brand":[],"product_cat":[395],"product_tag":[],"class_list":{"0":"post-12028","1":"product","2":"type-product","3":"status-publish","4":"has-post-thumbnail","6":"product_cat-fordon-figurer-robotar","8":"first","9":"instock","10":"shipping-taxable","11":"product-type-external","12":"customify-col"},"yoast_head":"<!-- This site is optimized with the Yoast SEO plugin v26.0 - https:\/\/yoast.com\/wordpress\/plugins\/seo\/ -->\n<title>Paw Patrol, Movie True Metal City Rescue Playset - Barneleker.no<\/title>\n<meta name=\"robots\" content=\"index, follow, max-snippet:-1, max-image-preview:large, max-video-preview:-1\" \/>\n<link rel=\"canonical\" href=\"https:\/\/barneleker.no\/index.php\/product\/paw-patrol-movie-true-metal-city-rescue-playset\/\" \/>\n<meta property=\"og:locale\" content=\"nb_NO\" \/>\n<meta property=\"og:type\" content=\"article\" \/>\n<meta property=\"og:title\" content=\"Paw Patrol, Movie True Metal City Rescue Playset - Barneleker.no\" \/>\n<meta property=\"og:description\" content=\"Team opp med Chase for st\u00f8rre, mer utfordrende redningsaksjoner med hans transformerende PAW Patrol: Deluxe Kj\u00f8ret\u00f8y fra filmen! Chases lekre politibil er i s\u00f8lv metallic&hellip;\" \/>\n<meta property=\"og:url\" content=\"https:\/\/barneleker.no\/index.php\/product\/paw-patrol-movie-true-metal-city-rescue-playset\/\" \/>\n<meta property=\"og:site_name\" content=\"Barneleker.no\" \/>\n<meta name=\"twitter:card\" content=\"summary_large_image\" \/>\n<meta name=\"twitter:label1\" content=\"Ansl. lesetid\" \/>\n\t<meta name=\"twitter:data1\" content=\"1 minutt\" \/>\n<script type=\"application\/ld+json\" class=\"yoast-schema-graph\">{\"@context\":\"https:\/\/schema.org\",\"@graph\":[{\"@type\":\"WebPage\",\"@id\":\"https:\/\/barneleker.no\/index.php\/product\/paw-patrol-movie-true-metal-city-rescue-playset\/\",\"url\":\"https:\/\/barneleker.no\/index.php\/product\/paw-patrol-movie-true-metal-city-rescue-playset\/\",\"name\":\"Paw Patrol, Movie True Metal City Rescue Playset - Barneleker.no\",\"isPartOf\":{\"@id\":\"https:\/\/barneleker.no\/#website\"},\"primaryImageOfPage\":{\"@id\":\"https:\/\/barneleker.no\/index.php\/product\/paw-patrol-movie-true-metal-city-rescue-playset\/#primaryimage\"},\"image\":{\"@id\":\"https:\/\/barneleker.no\/index.php\/product\/paw-patrol-movie-true-metal-city-rescue-playset\/#primaryimage\"},\"thumbnailUrl\":\"https:\/\/barneleker.no\/wp-content\/uploads\/2022\/02\/paw-patrol-movie-true-metal-city-rescue-playset.jpg\",\"datePublished\":\"2022-02-08T19:48:11+00:00\",\"breadcrumb\":{\"@id\":\"https:\/\/barneleker.no\/index.php\/product\/paw-patrol-movie-true-metal-city-rescue-playset\/#breadcrumb\"},\"inLanguage\":\"nb-NO\",\"potentialAction\":[{\"@type\":\"ReadAction\",\"target\":[\"https:\/\/barneleker.no\/index.php\/product\/paw-patrol-movie-true-metal-city-rescue-playset\/\"]}]},{\"@type\":\"ImageObject\",\"inLanguage\":\"nb-NO\",\"@id\":\"https:\/\/barneleker.no\/index.php\/product\/paw-patrol-movie-true-metal-city-rescue-playset\/#primaryimage\",\"url\":\"https:\/\/barneleker.no\/wp-content\/uploads\/2022\/02\/paw-patrol-movie-true-metal-city-rescue-playset.jpg\",\"contentUrl\":\"https:\/\/barneleker.no\/wp-content\/uploads\/2022\/02\/paw-patrol-movie-true-metal-city-rescue-playset.jpg\",\"width\":555,\"height\":555},{\"@type\":\"BreadcrumbList\",\"@id\":\"https:\/\/barneleker.no\/index.php\/product\/paw-patrol-movie-true-metal-city-rescue-playset\/#breadcrumb\",\"itemListElement\":[{\"@type\":\"ListItem\",\"position\":1,\"name\":\"Butikken\",\"item\":\"https:\/\/barneleker.no\/\"},{\"@type\":\"ListItem\",\"position\":2,\"name\":\"Paw Patrol, Movie True Metal City Rescue Playset\"}]},{\"@type\":\"WebSite\",\"@id\":\"https:\/\/barneleker.no\/#website\",\"url\":\"https:\/\/barneleker.no\/\",\"name\":\"Barneleker.no\",\"description\":\"Selvf\u00f8lgelig!\",\"publisher\":{\"@id\":\"https:\/\/barneleker.no\/#organization\"},\"potentialAction\":[{\"@type\":\"SearchAction\",\"target\":{\"@type\":\"EntryPoint\",\"urlTemplate\":\"https:\/\/barneleker.no\/?s={search_term_string}\"},\"query-input\":{\"@type\":\"PropertyValueSpecification\",\"valueRequired\":true,\"valueName\":\"search_term_string\"}}],\"inLanguage\":\"nb-NO\"},{\"@type\":\"Organization\",\"@id\":\"https:\/\/barneleker.no\/#organization\",\"name\":\"Barneleker.no\",\"url\":\"https:\/\/barneleker.no\/\",\"logo\":{\"@type\":\"ImageObject\",\"inLanguage\":\"nb-NO\",\"@id\":\"https:\/\/barneleker.no\/#\/schema\/logo\/image\/\",\"url\":\"https:\/\/barneleker.no\/wp-content\/uploads\/2021\/11\/barneleker_logo-780x150-1.jpg\",\"contentUrl\":\"https:\/\/barneleker.no\/wp-content\/uploads\/2021\/11\/barneleker_logo-780x150-1.jpg\",\"width\":780,\"height\":150,\"caption\":\"Barneleker.no\"},\"image\":{\"@id\":\"https:\/\/barneleker.no\/#\/schema\/logo\/image\/\"}}]}<\/script>\n<!-- \/ Yoast SEO plugin. -->","yoast_head_json":{"title":"Paw Patrol, Movie True Metal City Rescue Playset - Barneleker.no","robots":{"index":"index","follow":"follow","max-snippet":"max-snippet:-1","max-image-preview":"max-image-preview:large","max-video-preview":"max-video-preview:-1"},"canonical":"https:\/\/barneleker.no\/index.php\/product\/paw-patrol-movie-true-metal-city-rescue-playset\/","og_locale":"nb_NO","og_type":"article","og_title":"Paw Patrol, Movie True Metal City Rescue Playset - Barneleker.no","og_description":"Team opp med Chase for st\u00f8rre, mer utfordrende redningsaksjoner med hans transformerende PAW Patrol: Deluxe Kj\u00f8ret\u00f8y fra filmen! Chases lekre politibil er i s\u00f8lv metallic&hellip;","og_url":"https:\/\/barneleker.no\/index.php\/product\/paw-patrol-movie-true-metal-city-rescue-playset\/","og_site_name":"Barneleker.no","twitter_card":"summary_large_image","twitter_misc":{"Ansl. lesetid":"1 minutt"},"schema":{"@context":"https:\/\/schema.org","@graph":[{"@type":"WebPage","@id":"https:\/\/barneleker.no\/index.php\/product\/paw-patrol-movie-true-metal-city-rescue-playset\/","url":"https:\/\/barneleker.no\/index.php\/product\/paw-patrol-movie-true-metal-city-rescue-playset\/","name":"Paw Patrol, Movie True Metal City Rescue Playset - Barneleker.no","isPartOf":{"@id":"https:\/\/barneleker.no\/#website"},"primaryImageOfPage":{"@id":"https:\/\/barneleker.no\/index.php\/product\/paw-patrol-movie-true-metal-city-rescue-playset\/#primaryimage"},"image":{"@id":"https:\/\/barneleker.no\/index.php\/product\/paw-patrol-movie-true-metal-city-rescue-playset\/#primaryimage"},"thumbnailUrl":"https:\/\/barneleker.no\/wp-content\/uploads\/2022\/02\/paw-patrol-movie-true-metal-city-rescue-playset.jpg","datePublished":"2022-02-08T19:48:11+00:00","breadcrumb":{"@id":"https:\/\/barneleker.no\/index.php\/product\/paw-patrol-movie-true-metal-city-rescue-playset\/#breadcrumb"},"inLanguage":"nb-NO","potentialAction":[{"@type":"ReadAction","target":["https:\/\/barneleker.no\/index.php\/product\/paw-patrol-movie-true-metal-city-rescue-playset\/"]}]},{"@type":"ImageObject","inLanguage":"nb-NO","@id":"https:\/\/barneleker.no\/index.php\/product\/paw-patrol-movie-true-metal-city-rescue-playset\/#primaryimage","url":"https:\/\/barneleker.no\/wp-content\/uploads\/2022\/02\/paw-patrol-movie-true-metal-city-rescue-playset.jpg","contentUrl":"https:\/\/barneleker.no\/wp-content\/uploads\/2022\/02\/paw-patrol-movie-true-metal-city-rescue-playset.jpg","width":555,"height":555},{"@type":"BreadcrumbList","@id":"https:\/\/barneleker.no\/index.php\/product\/paw-patrol-movie-true-metal-city-rescue-playset\/#breadcrumb","itemListElement":[{"@type":"ListItem","position":1,"name":"Butikken","item":"https:\/\/barneleker.no\/"},{"@type":"ListItem","position":2,"name":"Paw Patrol, Movie True Metal City Rescue Playset"}]},{"@type":"WebSite","@id":"https:\/\/barneleker.no\/#website","url":"https:\/\/barneleker.no\/","name":"Barneleker.no","description":"Selvf\u00f8lgelig!","publisher":{"@id":"https:\/\/barneleker.no\/#organization"},"potentialAction":[{"@type":"SearchAction","target":{"@type":"EntryPoint","urlTemplate":"https:\/\/barneleker.no\/?s={search_term_string}"},"query-input":{"@type":"PropertyValueSpecification","valueRequired":true,"valueName":"search_term_string"}}],"inLanguage":"nb-NO"},{"@type":"Organization","@id":"https:\/\/barneleker.no\/#organization","name":"Barneleker.no","url":"https:\/\/barneleker.no\/","logo":{"@type":"ImageObject","inLanguage":"nb-NO","@id":"https:\/\/barneleker.no\/#\/schema\/logo\/image\/","url":"https:\/\/barneleker.no\/wp-content\/uploads\/2021\/11\/barneleker_logo-780x150-1.jpg","contentUrl":"https:\/\/barneleker.no\/wp-content\/uploads\/2021\/11\/barneleker_logo-780x150-1.jpg","width":780,"height":150,"caption":"Barneleker.no"},"image":{"@id":"https:\/\/barneleker.no\/#\/schema\/logo\/image\/"}}]}},"_links":{"self":[{"href":"https:\/\/barneleker.no\/index.php\/wp-json\/wp\/v2\/product\/12028","targetHints":{"allow":["GET"]}}],"collection":[{"href":"https:\/\/barneleker.no\/index.php\/wp-json\/wp\/v2\/product"}],"about":[{"href":"https:\/\/barneleker.no\/index.php\/wp-json\/wp\/v2\/types\/product"}],"replies":[{"embeddable":true,"href":"https:\/\/barneleker.no\/index.php\/wp-json\/wp\/v2\/comments?post=12028"}],"wp:featuredmedia":[{"embeddable":true,"href":"https:\/\/barneleker.no\/index.php\/wp-json\/wp\/v2\/media\/12027"}],"wp:attachment":[{"href":"https:\/\/barneleker.no\/index.php\/wp-json\/wp\/v2\/media?parent=12028"}],"wp:term":[{"taxonomy":"product_brand","embeddable":true,"href":"https:\/\/barneleker.no\/index.php\/wp-json\/wp\/v2\/product_brand?post=12028"},{"taxonomy":"product_cat","embeddable":true,"href":"https:\/\/barneleker.no\/index.php\/wp-json\/wp\/v2\/product_cat?post=12028"},{"taxonomy":"product_tag","embeddable":true,"href":"https:\/\/barneleker.no\/index.php\/wp-json\/wp\/v2\/product_tag?post=12028"}],"curies":[{"name":"wp","href":"https:\/\/api.w.org\/{rel}","templated":true}]}}