{"id":12036,"date":"2022-02-08T19:48:13","date_gmt":"2022-02-08T19:48:13","guid":{"rendered":"https:\/\/barneleker.no\/index.php\/product\/cool-maker-shimmer-me-body-art\/"},"modified":"2022-02-08T19:48:13","modified_gmt":"2022-02-08T19:48:13","slug":"cool-maker-shimmer-me-body-art","status":"publish","type":"product","link":"https:\/\/barneleker.no\/index.php\/product\/cool-maker-shimmer-me-body-art\/","title":{"rendered":"Cool Maker, Shimmer Me Body Art"},"content":{"rendered":"<p>Uttrykk stilen din og lag dine egne glamourtatoveringer med Cool Maker Shimmer Me Body Art! Dette alt-i-ett midlertidige tatoveringssettet for jenter har alt du trenger for \u00e5 tilpasse din egen kroppskunst: fire metallfoliepatroner, to glitterfarger, en glitterb\u00f8rste, perler, en rulle og 180 dobbeltsidede klistremerkeutforminger! Med s\u00e5 mange trendy og s\u00f8te design, kan du mikse og matche for \u00e5 style kroppskunst, p\u00e5 din m\u00e5te! Det er s\u00e5 enkelt \u00e5 lage glam-utseendet ditt. Rengj\u00f8r omr\u00e5det der du vil bruke designet ditt, og skyv en av de livlige foliene inn i rullen. Velg klistremerker for \u00e5 lage ditt tilpassede design! Trykk og hold hvert klistremerke p\u00e5 huden din og skrell det klare \u00f8verste laget, og la en klebrig overflate ligge igjen for folien \u00e5 feste seg til. Deretter beveger du rullen langsomt over klistremerkene dine, og avsl\u00f8rer din tilpassede design! Pynt med perlene, velg et nytt design og skape enda mer skinnende utseende! Du kan til og med tilpasse kroppskunstene dine ved \u00e5 bruke b\u00f8rsten til \u00e5 p\u00e5f\u00f8re glitter direkte p\u00e5 klistremerkene eller kombinere folie og glitter for et enest\u00e5ende utseende! Hver Shimmer Me Body Art-kassett har 42 tommer folie, slik at du kan designe, rulle og avsl\u00f8re igjen og igjen. Shimmer Me Body Art midlertidige tatoveringer for barn varer i omtrent 24 timer, og designene og det hudsikre limet fjernes enkelt med varmt vann og en vaskeklut. Dette morsomme glitter-tatoveringssettet er en flott gave til jenter og er den perfekte aktiviteten for s\u00f8vn, spa-fester, bursdager og mer. For flere m\u00e5ter \u00e5 tilpasse stilen din p\u00e5, se etter Shimmer Me Body Art Refill Pack og lag personlig mani-pedis med GO GLAM U-nique Neglesalong (hver selges separat)! Rock ditt eget nydelige glitterutseende med Cool Maker Shimmer Me Body Art!<\/p>\n","protected":false},"excerpt":{"rendered":"<p>Uttrykk stilen din og lag dine egne glamourtatoveringer med Cool Maker Shimmer Me Body Art! Dette alt-i-ett midlertidige tatoveringssettet for jenter har alt du trenger&hellip;<\/p>\n","protected":false},"featured_media":12035,"comment_status":"open","ping_status":"closed","template":"","meta":[],"product_brand":[],"product_cat":[396],"product_tag":[],"class_list":{"0":"post-12036","1":"product","2":"type-product","3":"status-publish","4":"has-post-thumbnail","6":"product_cat-interaktivt-pyssel","8":"first","9":"instock","10":"shipping-taxable","11":"product-type-external","12":"customify-col"},"yoast_head":"<!-- This site is optimized with the Yoast SEO plugin v26.0 - https:\/\/yoast.com\/wordpress\/plugins\/seo\/ -->\n<title>Cool Maker, Shimmer Me Body Art - Barneleker.no<\/title>\n<meta name=\"robots\" content=\"index, follow, max-snippet:-1, max-image-preview:large, max-video-preview:-1\" \/>\n<link rel=\"canonical\" href=\"https:\/\/barneleker.no\/index.php\/product\/cool-maker-shimmer-me-body-art\/\" \/>\n<meta property=\"og:locale\" content=\"nb_NO\" \/>\n<meta property=\"og:type\" content=\"article\" \/>\n<meta property=\"og:title\" content=\"Cool Maker, Shimmer Me Body Art - Barneleker.no\" \/>\n<meta property=\"og:description\" content=\"Uttrykk stilen din og lag dine egne glamourtatoveringer med Cool Maker Shimmer Me Body Art! Dette alt-i-ett midlertidige tatoveringssettet for jenter har alt du trenger&hellip;\" \/>\n<meta property=\"og:url\" content=\"https:\/\/barneleker.no\/index.php\/product\/cool-maker-shimmer-me-body-art\/\" \/>\n<meta property=\"og:site_name\" content=\"Barneleker.no\" \/>\n<meta name=\"twitter:card\" content=\"summary_large_image\" \/>\n<meta name=\"twitter:label1\" content=\"Ansl. lesetid\" \/>\n\t<meta name=\"twitter:data1\" content=\"1 minutt\" \/>\n<script type=\"application\/ld+json\" class=\"yoast-schema-graph\">{\"@context\":\"https:\/\/schema.org\",\"@graph\":[{\"@type\":\"WebPage\",\"@id\":\"https:\/\/barneleker.no\/index.php\/product\/cool-maker-shimmer-me-body-art\/\",\"url\":\"https:\/\/barneleker.no\/index.php\/product\/cool-maker-shimmer-me-body-art\/\",\"name\":\"Cool Maker, Shimmer Me Body Art - Barneleker.no\",\"isPartOf\":{\"@id\":\"https:\/\/barneleker.no\/#website\"},\"primaryImageOfPage\":{\"@id\":\"https:\/\/barneleker.no\/index.php\/product\/cool-maker-shimmer-me-body-art\/#primaryimage\"},\"image\":{\"@id\":\"https:\/\/barneleker.no\/index.php\/product\/cool-maker-shimmer-me-body-art\/#primaryimage\"},\"thumbnailUrl\":\"https:\/\/barneleker.no\/wp-content\/uploads\/2022\/02\/cool-maker-shimmer-me-body-art.jpg\",\"datePublished\":\"2022-02-08T19:48:13+00:00\",\"breadcrumb\":{\"@id\":\"https:\/\/barneleker.no\/index.php\/product\/cool-maker-shimmer-me-body-art\/#breadcrumb\"},\"inLanguage\":\"nb-NO\",\"potentialAction\":[{\"@type\":\"ReadAction\",\"target\":[\"https:\/\/barneleker.no\/index.php\/product\/cool-maker-shimmer-me-body-art\/\"]}]},{\"@type\":\"ImageObject\",\"inLanguage\":\"nb-NO\",\"@id\":\"https:\/\/barneleker.no\/index.php\/product\/cool-maker-shimmer-me-body-art\/#primaryimage\",\"url\":\"https:\/\/barneleker.no\/wp-content\/uploads\/2022\/02\/cool-maker-shimmer-me-body-art.jpg\",\"contentUrl\":\"https:\/\/barneleker.no\/wp-content\/uploads\/2022\/02\/cool-maker-shimmer-me-body-art.jpg\",\"width\":555,\"height\":555},{\"@type\":\"BreadcrumbList\",\"@id\":\"https:\/\/barneleker.no\/index.php\/product\/cool-maker-shimmer-me-body-art\/#breadcrumb\",\"itemListElement\":[{\"@type\":\"ListItem\",\"position\":1,\"name\":\"Butikken\",\"item\":\"https:\/\/barneleker.no\/\"},{\"@type\":\"ListItem\",\"position\":2,\"name\":\"Cool Maker, Shimmer Me Body Art\"}]},{\"@type\":\"WebSite\",\"@id\":\"https:\/\/barneleker.no\/#website\",\"url\":\"https:\/\/barneleker.no\/\",\"name\":\"Barneleker.no\",\"description\":\"Selvf\u00f8lgelig!\",\"publisher\":{\"@id\":\"https:\/\/barneleker.no\/#organization\"},\"potentialAction\":[{\"@type\":\"SearchAction\",\"target\":{\"@type\":\"EntryPoint\",\"urlTemplate\":\"https:\/\/barneleker.no\/?s={search_term_string}\"},\"query-input\":{\"@type\":\"PropertyValueSpecification\",\"valueRequired\":true,\"valueName\":\"search_term_string\"}}],\"inLanguage\":\"nb-NO\"},{\"@type\":\"Organization\",\"@id\":\"https:\/\/barneleker.no\/#organization\",\"name\":\"Barneleker.no\",\"url\":\"https:\/\/barneleker.no\/\",\"logo\":{\"@type\":\"ImageObject\",\"inLanguage\":\"nb-NO\",\"@id\":\"https:\/\/barneleker.no\/#\/schema\/logo\/image\/\",\"url\":\"https:\/\/barneleker.no\/wp-content\/uploads\/2021\/11\/barneleker_logo-780x150-1.jpg\",\"contentUrl\":\"https:\/\/barneleker.no\/wp-content\/uploads\/2021\/11\/barneleker_logo-780x150-1.jpg\",\"width\":780,\"height\":150,\"caption\":\"Barneleker.no\"},\"image\":{\"@id\":\"https:\/\/barneleker.no\/#\/schema\/logo\/image\/\"}}]}<\/script>\n<!-- \/ Yoast SEO plugin. -->","yoast_head_json":{"title":"Cool Maker, Shimmer Me Body Art - Barneleker.no","robots":{"index":"index","follow":"follow","max-snippet":"max-snippet:-1","max-image-preview":"max-image-preview:large","max-video-preview":"max-video-preview:-1"},"canonical":"https:\/\/barneleker.no\/index.php\/product\/cool-maker-shimmer-me-body-art\/","og_locale":"nb_NO","og_type":"article","og_title":"Cool Maker, Shimmer Me Body Art - Barneleker.no","og_description":"Uttrykk stilen din og lag dine egne glamourtatoveringer med Cool Maker Shimmer Me Body Art! Dette alt-i-ett midlertidige tatoveringssettet for jenter har alt du trenger&hellip;","og_url":"https:\/\/barneleker.no\/index.php\/product\/cool-maker-shimmer-me-body-art\/","og_site_name":"Barneleker.no","twitter_card":"summary_large_image","twitter_misc":{"Ansl. lesetid":"1 minutt"},"schema":{"@context":"https:\/\/schema.org","@graph":[{"@type":"WebPage","@id":"https:\/\/barneleker.no\/index.php\/product\/cool-maker-shimmer-me-body-art\/","url":"https:\/\/barneleker.no\/index.php\/product\/cool-maker-shimmer-me-body-art\/","name":"Cool Maker, Shimmer Me Body Art - Barneleker.no","isPartOf":{"@id":"https:\/\/barneleker.no\/#website"},"primaryImageOfPage":{"@id":"https:\/\/barneleker.no\/index.php\/product\/cool-maker-shimmer-me-body-art\/#primaryimage"},"image":{"@id":"https:\/\/barneleker.no\/index.php\/product\/cool-maker-shimmer-me-body-art\/#primaryimage"},"thumbnailUrl":"https:\/\/barneleker.no\/wp-content\/uploads\/2022\/02\/cool-maker-shimmer-me-body-art.jpg","datePublished":"2022-02-08T19:48:13+00:00","breadcrumb":{"@id":"https:\/\/barneleker.no\/index.php\/product\/cool-maker-shimmer-me-body-art\/#breadcrumb"},"inLanguage":"nb-NO","potentialAction":[{"@type":"ReadAction","target":["https:\/\/barneleker.no\/index.php\/product\/cool-maker-shimmer-me-body-art\/"]}]},{"@type":"ImageObject","inLanguage":"nb-NO","@id":"https:\/\/barneleker.no\/index.php\/product\/cool-maker-shimmer-me-body-art\/#primaryimage","url":"https:\/\/barneleker.no\/wp-content\/uploads\/2022\/02\/cool-maker-shimmer-me-body-art.jpg","contentUrl":"https:\/\/barneleker.no\/wp-content\/uploads\/2022\/02\/cool-maker-shimmer-me-body-art.jpg","width":555,"height":555},{"@type":"BreadcrumbList","@id":"https:\/\/barneleker.no\/index.php\/product\/cool-maker-shimmer-me-body-art\/#breadcrumb","itemListElement":[{"@type":"ListItem","position":1,"name":"Butikken","item":"https:\/\/barneleker.no\/"},{"@type":"ListItem","position":2,"name":"Cool Maker, Shimmer Me Body Art"}]},{"@type":"WebSite","@id":"https:\/\/barneleker.no\/#website","url":"https:\/\/barneleker.no\/","name":"Barneleker.no","description":"Selvf\u00f8lgelig!","publisher":{"@id":"https:\/\/barneleker.no\/#organization"},"potentialAction":[{"@type":"SearchAction","target":{"@type":"EntryPoint","urlTemplate":"https:\/\/barneleker.no\/?s={search_term_string}"},"query-input":{"@type":"PropertyValueSpecification","valueRequired":true,"valueName":"search_term_string"}}],"inLanguage":"nb-NO"},{"@type":"Organization","@id":"https:\/\/barneleker.no\/#organization","name":"Barneleker.no","url":"https:\/\/barneleker.no\/","logo":{"@type":"ImageObject","inLanguage":"nb-NO","@id":"https:\/\/barneleker.no\/#\/schema\/logo\/image\/","url":"https:\/\/barneleker.no\/wp-content\/uploads\/2021\/11\/barneleker_logo-780x150-1.jpg","contentUrl":"https:\/\/barneleker.no\/wp-content\/uploads\/2021\/11\/barneleker_logo-780x150-1.jpg","width":780,"height":150,"caption":"Barneleker.no"},"image":{"@id":"https:\/\/barneleker.no\/#\/schema\/logo\/image\/"}}]}},"_links":{"self":[{"href":"https:\/\/barneleker.no\/index.php\/wp-json\/wp\/v2\/product\/12036","targetHints":{"allow":["GET"]}}],"collection":[{"href":"https:\/\/barneleker.no\/index.php\/wp-json\/wp\/v2\/product"}],"about":[{"href":"https:\/\/barneleker.no\/index.php\/wp-json\/wp\/v2\/types\/product"}],"replies":[{"embeddable":true,"href":"https:\/\/barneleker.no\/index.php\/wp-json\/wp\/v2\/comments?post=12036"}],"wp:featuredmedia":[{"embeddable":true,"href":"https:\/\/barneleker.no\/index.php\/wp-json\/wp\/v2\/media\/12035"}],"wp:attachment":[{"href":"https:\/\/barneleker.no\/index.php\/wp-json\/wp\/v2\/media?parent=12036"}],"wp:term":[{"taxonomy":"product_brand","embeddable":true,"href":"https:\/\/barneleker.no\/index.php\/wp-json\/wp\/v2\/product_brand?post=12036"},{"taxonomy":"product_cat","embeddable":true,"href":"https:\/\/barneleker.no\/index.php\/wp-json\/wp\/v2\/product_cat?post=12036"},{"taxonomy":"product_tag","embeddable":true,"href":"https:\/\/barneleker.no\/index.php\/wp-json\/wp\/v2\/product_tag?post=12036"}],"curies":[{"name":"wp","href":"https:\/\/api.w.org\/{rel}","templated":true}]}}