{"id":12102,"date":"2022-02-08T19:48:36","date_gmt":"2022-02-08T19:48:36","guid":{"rendered":"https:\/\/barneleker.no\/index.php\/product\/motor-lab-truck-med-6-biler-og-tilbehor-apningsbar\/"},"modified":"2022-02-08T19:48:36","modified_gmt":"2022-02-08T19:48:36","slug":"motor-lab-truck-med-6-biler-og-tilbehor-apningsbar","status":"publish","type":"product","link":"https:\/\/barneleker.no\/index.php\/product\/motor-lab-truck-med-6-biler-og-tilbehor-apningsbar\/","title":{"rendered":"Motor Lab, Truck med 6 biler og tilbeh\u00f8r. \u00c5pningsbar"},"content":{"rendered":"<p>Denne store biltransporten med plass til full 6 biler i st\u00f8rrelsen rundt 7,5 cm er ikke bare bra \u00e5 leke med, men ogs\u00e5 for \u00e5 lagre hele samlingen av biler. 6 Metallbiler er inkludert for \u00e5 starte samlingen. Biltransporten tar 6 biler og lukker med en gjennomsiktig luker som holder bilene n\u00e5r de beveger seg. Biltransporten har ogs\u00e5 et praktisk b\u00e6reh\u00e5ndtak n\u00e5r det skal tas p\u00e5 lengre turer.<\/p>\n","protected":false},"excerpt":{"rendered":"<p>Denne store biltransporten med plass til full 6 biler i st\u00f8rrelsen rundt 7,5 cm er ikke bare bra \u00e5 leke med, men ogs\u00e5 for \u00e5&hellip;<\/p>\n","protected":false},"featured_media":12101,"comment_status":"open","ping_status":"closed","template":"","meta":[],"product_brand":[],"product_cat":[343],"product_tag":[],"class_list":{"0":"post-12102","1":"product","2":"type-product","3":"status-publish","4":"has-post-thumbnail","6":"product_cat-kjoretoy","8":"first","9":"instock","10":"shipping-taxable","11":"product-type-external","12":"customify-col"},"yoast_head":"<!-- This site is optimized with the Yoast SEO plugin v26.0 - https:\/\/yoast.com\/wordpress\/plugins\/seo\/ -->\n<title>Motor Lab, Truck med 6 biler og tilbeh\u00f8r. \u00c5pningsbar - Barneleker.no<\/title>\n<meta name=\"robots\" content=\"index, follow, max-snippet:-1, max-image-preview:large, max-video-preview:-1\" \/>\n<link rel=\"canonical\" href=\"https:\/\/barneleker.no\/index.php\/product\/motor-lab-truck-med-6-biler-og-tilbehor-apningsbar\/\" \/>\n<meta property=\"og:locale\" content=\"nb_NO\" \/>\n<meta property=\"og:type\" content=\"article\" \/>\n<meta property=\"og:title\" content=\"Motor Lab, Truck med 6 biler og tilbeh\u00f8r. \u00c5pningsbar - Barneleker.no\" \/>\n<meta property=\"og:description\" content=\"Denne store biltransporten med plass til full 6 biler i st\u00f8rrelsen rundt 7,5 cm er ikke bare bra \u00e5 leke med, men ogs\u00e5 for \u00e5&hellip;\" \/>\n<meta property=\"og:url\" content=\"https:\/\/barneleker.no\/index.php\/product\/motor-lab-truck-med-6-biler-og-tilbehor-apningsbar\/\" \/>\n<meta property=\"og:site_name\" content=\"Barneleker.no\" \/>\n<meta name=\"twitter:card\" content=\"summary_large_image\" \/>\n<script type=\"application\/ld+json\" class=\"yoast-schema-graph\">{\"@context\":\"https:\/\/schema.org\",\"@graph\":[{\"@type\":\"WebPage\",\"@id\":\"https:\/\/barneleker.no\/index.php\/product\/motor-lab-truck-med-6-biler-og-tilbehor-apningsbar\/\",\"url\":\"https:\/\/barneleker.no\/index.php\/product\/motor-lab-truck-med-6-biler-og-tilbehor-apningsbar\/\",\"name\":\"Motor Lab, Truck med 6 biler og tilbeh\u00f8r. \u00c5pningsbar - Barneleker.no\",\"isPartOf\":{\"@id\":\"https:\/\/barneleker.no\/#website\"},\"primaryImageOfPage\":{\"@id\":\"https:\/\/barneleker.no\/index.php\/product\/motor-lab-truck-med-6-biler-og-tilbehor-apningsbar\/#primaryimage\"},\"image\":{\"@id\":\"https:\/\/barneleker.no\/index.php\/product\/motor-lab-truck-med-6-biler-og-tilbehor-apningsbar\/#primaryimage\"},\"thumbnailUrl\":\"https:\/\/barneleker.no\/wp-content\/uploads\/2022\/02\/motor-lab-truck-med-6-biler-og-tilbehor-apningsbar.jpg\",\"datePublished\":\"2022-02-08T19:48:36+00:00\",\"breadcrumb\":{\"@id\":\"https:\/\/barneleker.no\/index.php\/product\/motor-lab-truck-med-6-biler-og-tilbehor-apningsbar\/#breadcrumb\"},\"inLanguage\":\"nb-NO\",\"potentialAction\":[{\"@type\":\"ReadAction\",\"target\":[\"https:\/\/barneleker.no\/index.php\/product\/motor-lab-truck-med-6-biler-og-tilbehor-apningsbar\/\"]}]},{\"@type\":\"ImageObject\",\"inLanguage\":\"nb-NO\",\"@id\":\"https:\/\/barneleker.no\/index.php\/product\/motor-lab-truck-med-6-biler-og-tilbehor-apningsbar\/#primaryimage\",\"url\":\"https:\/\/barneleker.no\/wp-content\/uploads\/2022\/02\/motor-lab-truck-med-6-biler-og-tilbehor-apningsbar.jpg\",\"contentUrl\":\"https:\/\/barneleker.no\/wp-content\/uploads\/2022\/02\/motor-lab-truck-med-6-biler-og-tilbehor-apningsbar.jpg\",\"width\":555,\"height\":555},{\"@type\":\"BreadcrumbList\",\"@id\":\"https:\/\/barneleker.no\/index.php\/product\/motor-lab-truck-med-6-biler-og-tilbehor-apningsbar\/#breadcrumb\",\"itemListElement\":[{\"@type\":\"ListItem\",\"position\":1,\"name\":\"Butikken\",\"item\":\"https:\/\/barneleker.no\/\"},{\"@type\":\"ListItem\",\"position\":2,\"name\":\"Motor Lab, Truck med 6 biler og tilbeh\u00f8r. \u00c5pningsbar\"}]},{\"@type\":\"WebSite\",\"@id\":\"https:\/\/barneleker.no\/#website\",\"url\":\"https:\/\/barneleker.no\/\",\"name\":\"Barneleker.no\",\"description\":\"Selvf\u00f8lgelig!\",\"publisher\":{\"@id\":\"https:\/\/barneleker.no\/#organization\"},\"potentialAction\":[{\"@type\":\"SearchAction\",\"target\":{\"@type\":\"EntryPoint\",\"urlTemplate\":\"https:\/\/barneleker.no\/?s={search_term_string}\"},\"query-input\":{\"@type\":\"PropertyValueSpecification\",\"valueRequired\":true,\"valueName\":\"search_term_string\"}}],\"inLanguage\":\"nb-NO\"},{\"@type\":\"Organization\",\"@id\":\"https:\/\/barneleker.no\/#organization\",\"name\":\"Barneleker.no\",\"url\":\"https:\/\/barneleker.no\/\",\"logo\":{\"@type\":\"ImageObject\",\"inLanguage\":\"nb-NO\",\"@id\":\"https:\/\/barneleker.no\/#\/schema\/logo\/image\/\",\"url\":\"https:\/\/barneleker.no\/wp-content\/uploads\/2021\/11\/barneleker_logo-780x150-1.jpg\",\"contentUrl\":\"https:\/\/barneleker.no\/wp-content\/uploads\/2021\/11\/barneleker_logo-780x150-1.jpg\",\"width\":780,\"height\":150,\"caption\":\"Barneleker.no\"},\"image\":{\"@id\":\"https:\/\/barneleker.no\/#\/schema\/logo\/image\/\"}}]}<\/script>\n<!-- \/ Yoast SEO plugin. -->","yoast_head_json":{"title":"Motor Lab, Truck med 6 biler og tilbeh\u00f8r. \u00c5pningsbar - Barneleker.no","robots":{"index":"index","follow":"follow","max-snippet":"max-snippet:-1","max-image-preview":"max-image-preview:large","max-video-preview":"max-video-preview:-1"},"canonical":"https:\/\/barneleker.no\/index.php\/product\/motor-lab-truck-med-6-biler-og-tilbehor-apningsbar\/","og_locale":"nb_NO","og_type":"article","og_title":"Motor Lab, Truck med 6 biler og tilbeh\u00f8r. \u00c5pningsbar - Barneleker.no","og_description":"Denne store biltransporten med plass til full 6 biler i st\u00f8rrelsen rundt 7,5 cm er ikke bare bra \u00e5 leke med, men ogs\u00e5 for \u00e5&hellip;","og_url":"https:\/\/barneleker.no\/index.php\/product\/motor-lab-truck-med-6-biler-og-tilbehor-apningsbar\/","og_site_name":"Barneleker.no","twitter_card":"summary_large_image","schema":{"@context":"https:\/\/schema.org","@graph":[{"@type":"WebPage","@id":"https:\/\/barneleker.no\/index.php\/product\/motor-lab-truck-med-6-biler-og-tilbehor-apningsbar\/","url":"https:\/\/barneleker.no\/index.php\/product\/motor-lab-truck-med-6-biler-og-tilbehor-apningsbar\/","name":"Motor Lab, Truck med 6 biler og tilbeh\u00f8r. \u00c5pningsbar - Barneleker.no","isPartOf":{"@id":"https:\/\/barneleker.no\/#website"},"primaryImageOfPage":{"@id":"https:\/\/barneleker.no\/index.php\/product\/motor-lab-truck-med-6-biler-og-tilbehor-apningsbar\/#primaryimage"},"image":{"@id":"https:\/\/barneleker.no\/index.php\/product\/motor-lab-truck-med-6-biler-og-tilbehor-apningsbar\/#primaryimage"},"thumbnailUrl":"https:\/\/barneleker.no\/wp-content\/uploads\/2022\/02\/motor-lab-truck-med-6-biler-og-tilbehor-apningsbar.jpg","datePublished":"2022-02-08T19:48:36+00:00","breadcrumb":{"@id":"https:\/\/barneleker.no\/index.php\/product\/motor-lab-truck-med-6-biler-og-tilbehor-apningsbar\/#breadcrumb"},"inLanguage":"nb-NO","potentialAction":[{"@type":"ReadAction","target":["https:\/\/barneleker.no\/index.php\/product\/motor-lab-truck-med-6-biler-og-tilbehor-apningsbar\/"]}]},{"@type":"ImageObject","inLanguage":"nb-NO","@id":"https:\/\/barneleker.no\/index.php\/product\/motor-lab-truck-med-6-biler-og-tilbehor-apningsbar\/#primaryimage","url":"https:\/\/barneleker.no\/wp-content\/uploads\/2022\/02\/motor-lab-truck-med-6-biler-og-tilbehor-apningsbar.jpg","contentUrl":"https:\/\/barneleker.no\/wp-content\/uploads\/2022\/02\/motor-lab-truck-med-6-biler-og-tilbehor-apningsbar.jpg","width":555,"height":555},{"@type":"BreadcrumbList","@id":"https:\/\/barneleker.no\/index.php\/product\/motor-lab-truck-med-6-biler-og-tilbehor-apningsbar\/#breadcrumb","itemListElement":[{"@type":"ListItem","position":1,"name":"Butikken","item":"https:\/\/barneleker.no\/"},{"@type":"ListItem","position":2,"name":"Motor Lab, Truck med 6 biler og tilbeh\u00f8r. \u00c5pningsbar"}]},{"@type":"WebSite","@id":"https:\/\/barneleker.no\/#website","url":"https:\/\/barneleker.no\/","name":"Barneleker.no","description":"Selvf\u00f8lgelig!","publisher":{"@id":"https:\/\/barneleker.no\/#organization"},"potentialAction":[{"@type":"SearchAction","target":{"@type":"EntryPoint","urlTemplate":"https:\/\/barneleker.no\/?s={search_term_string}"},"query-input":{"@type":"PropertyValueSpecification","valueRequired":true,"valueName":"search_term_string"}}],"inLanguage":"nb-NO"},{"@type":"Organization","@id":"https:\/\/barneleker.no\/#organization","name":"Barneleker.no","url":"https:\/\/barneleker.no\/","logo":{"@type":"ImageObject","inLanguage":"nb-NO","@id":"https:\/\/barneleker.no\/#\/schema\/logo\/image\/","url":"https:\/\/barneleker.no\/wp-content\/uploads\/2021\/11\/barneleker_logo-780x150-1.jpg","contentUrl":"https:\/\/barneleker.no\/wp-content\/uploads\/2021\/11\/barneleker_logo-780x150-1.jpg","width":780,"height":150,"caption":"Barneleker.no"},"image":{"@id":"https:\/\/barneleker.no\/#\/schema\/logo\/image\/"}}]}},"_links":{"self":[{"href":"https:\/\/barneleker.no\/index.php\/wp-json\/wp\/v2\/product\/12102","targetHints":{"allow":["GET"]}}],"collection":[{"href":"https:\/\/barneleker.no\/index.php\/wp-json\/wp\/v2\/product"}],"about":[{"href":"https:\/\/barneleker.no\/index.php\/wp-json\/wp\/v2\/types\/product"}],"replies":[{"embeddable":true,"href":"https:\/\/barneleker.no\/index.php\/wp-json\/wp\/v2\/comments?post=12102"}],"wp:featuredmedia":[{"embeddable":true,"href":"https:\/\/barneleker.no\/index.php\/wp-json\/wp\/v2\/media\/12101"}],"wp:attachment":[{"href":"https:\/\/barneleker.no\/index.php\/wp-json\/wp\/v2\/media?parent=12102"}],"wp:term":[{"taxonomy":"product_brand","embeddable":true,"href":"https:\/\/barneleker.no\/index.php\/wp-json\/wp\/v2\/product_brand?post=12102"},{"taxonomy":"product_cat","embeddable":true,"href":"https:\/\/barneleker.no\/index.php\/wp-json\/wp\/v2\/product_cat?post=12102"},{"taxonomy":"product_tag","embeddable":true,"href":"https:\/\/barneleker.no\/index.php\/wp-json\/wp\/v2\/product_tag?post=12102"}],"curies":[{"name":"wp","href":"https:\/\/api.w.org\/{rel}","templated":true}]}}