{"id":12152,"date":"2022-02-08T19:48:53","date_gmt":"2022-02-08T19:48:53","guid":{"rendered":"https:\/\/barneleker.no\/index.php\/product\/charmed-by-heart-cbh-lag-dine-egne-armband-med-maskin\/"},"modified":"2022-02-08T19:48:53","modified_gmt":"2022-02-08T19:48:53","slug":"charmed-by-heart-cbh-lag-dine-egne-armband-med-maskin","status":"publish","type":"product","link":"https:\/\/barneleker.no\/index.php\/product\/charmed-by-heart-cbh-lag-dine-egne-armband-med-maskin\/","title":{"rendered":"Charmed by Heart CBH, Lag dine egne armb\u00e5nd med maskin"},"content":{"rendered":"<p>Maskinen gj\u00f8r det enkelt for deg \u00e5 lage stilige og detaljerte armb\u00e5nd. Settet inneholder tr\u00e5dspoler og alt du trenger for \u00e5 gj\u00f8re opptil 10 unike armb\u00e5nd. Velg et m\u00f8nster fra designheokket eller design ditt eget m\u00f8nster.<\/p>\n","protected":false},"excerpt":{"rendered":"<p>Maskinen gj\u00f8r det enkelt for deg \u00e5 lage stilige og detaljerte armb\u00e5nd. Settet inneholder tr\u00e5dspoler og alt du trenger for \u00e5 gj\u00f8re opptil 10 unike&hellip;<\/p>\n","protected":false},"featured_media":12151,"comment_status":"open","ping_status":"closed","template":"","meta":[],"product_brand":[],"product_cat":[347],"product_tag":[],"class_list":{"0":"post-12152","1":"product","2":"type-product","3":"status-publish","4":"has-post-thumbnail","6":"product_cat-hobby","8":"first","9":"instock","10":"shipping-taxable","11":"product-type-external","12":"customify-col"},"yoast_head":"<!-- This site is optimized with the Yoast SEO plugin v26.0 - https:\/\/yoast.com\/wordpress\/plugins\/seo\/ -->\n<title>Charmed by Heart CBH, Lag dine egne armb\u00e5nd med maskin - Barneleker.no<\/title>\n<meta name=\"robots\" content=\"index, follow, max-snippet:-1, max-image-preview:large, max-video-preview:-1\" \/>\n<link rel=\"canonical\" href=\"https:\/\/barneleker.no\/index.php\/product\/charmed-by-heart-cbh-lag-dine-egne-armband-med-maskin\/\" \/>\n<meta property=\"og:locale\" content=\"nb_NO\" \/>\n<meta property=\"og:type\" content=\"article\" \/>\n<meta property=\"og:title\" content=\"Charmed by Heart CBH, Lag dine egne armb\u00e5nd med maskin - Barneleker.no\" \/>\n<meta property=\"og:description\" content=\"Maskinen gj\u00f8r det enkelt for deg \u00e5 lage stilige og detaljerte armb\u00e5nd. Settet inneholder tr\u00e5dspoler og alt du trenger for \u00e5 gj\u00f8re opptil 10 unike&hellip;\" \/>\n<meta property=\"og:url\" content=\"https:\/\/barneleker.no\/index.php\/product\/charmed-by-heart-cbh-lag-dine-egne-armband-med-maskin\/\" \/>\n<meta property=\"og:site_name\" content=\"Barneleker.no\" \/>\n<meta name=\"twitter:card\" content=\"summary_large_image\" \/>\n<script type=\"application\/ld+json\" class=\"yoast-schema-graph\">{\"@context\":\"https:\/\/schema.org\",\"@graph\":[{\"@type\":\"WebPage\",\"@id\":\"https:\/\/barneleker.no\/index.php\/product\/charmed-by-heart-cbh-lag-dine-egne-armband-med-maskin\/\",\"url\":\"https:\/\/barneleker.no\/index.php\/product\/charmed-by-heart-cbh-lag-dine-egne-armband-med-maskin\/\",\"name\":\"Charmed by Heart CBH, Lag dine egne armb\u00e5nd med maskin - Barneleker.no\",\"isPartOf\":{\"@id\":\"https:\/\/barneleker.no\/#website\"},\"primaryImageOfPage\":{\"@id\":\"https:\/\/barneleker.no\/index.php\/product\/charmed-by-heart-cbh-lag-dine-egne-armband-med-maskin\/#primaryimage\"},\"image\":{\"@id\":\"https:\/\/barneleker.no\/index.php\/product\/charmed-by-heart-cbh-lag-dine-egne-armband-med-maskin\/#primaryimage\"},\"thumbnailUrl\":\"https:\/\/barneleker.no\/wp-content\/uploads\/2022\/02\/cbh-lag-dine-egne-armband-med-maskin.jpg\",\"datePublished\":\"2022-02-08T19:48:53+00:00\",\"breadcrumb\":{\"@id\":\"https:\/\/barneleker.no\/index.php\/product\/charmed-by-heart-cbh-lag-dine-egne-armband-med-maskin\/#breadcrumb\"},\"inLanguage\":\"nb-NO\",\"potentialAction\":[{\"@type\":\"ReadAction\",\"target\":[\"https:\/\/barneleker.no\/index.php\/product\/charmed-by-heart-cbh-lag-dine-egne-armband-med-maskin\/\"]}]},{\"@type\":\"ImageObject\",\"inLanguage\":\"nb-NO\",\"@id\":\"https:\/\/barneleker.no\/index.php\/product\/charmed-by-heart-cbh-lag-dine-egne-armband-med-maskin\/#primaryimage\",\"url\":\"https:\/\/barneleker.no\/wp-content\/uploads\/2022\/02\/cbh-lag-dine-egne-armband-med-maskin.jpg\",\"contentUrl\":\"https:\/\/barneleker.no\/wp-content\/uploads\/2022\/02\/cbh-lag-dine-egne-armband-med-maskin.jpg\",\"width\":555,\"height\":555},{\"@type\":\"BreadcrumbList\",\"@id\":\"https:\/\/barneleker.no\/index.php\/product\/charmed-by-heart-cbh-lag-dine-egne-armband-med-maskin\/#breadcrumb\",\"itemListElement\":[{\"@type\":\"ListItem\",\"position\":1,\"name\":\"Butikken\",\"item\":\"https:\/\/barneleker.no\/\"},{\"@type\":\"ListItem\",\"position\":2,\"name\":\"Charmed by Heart CBH, Lag dine egne armb\u00e5nd med maskin\"}]},{\"@type\":\"WebSite\",\"@id\":\"https:\/\/barneleker.no\/#website\",\"url\":\"https:\/\/barneleker.no\/\",\"name\":\"Barneleker.no\",\"description\":\"Selvf\u00f8lgelig!\",\"publisher\":{\"@id\":\"https:\/\/barneleker.no\/#organization\"},\"potentialAction\":[{\"@type\":\"SearchAction\",\"target\":{\"@type\":\"EntryPoint\",\"urlTemplate\":\"https:\/\/barneleker.no\/?s={search_term_string}\"},\"query-input\":{\"@type\":\"PropertyValueSpecification\",\"valueRequired\":true,\"valueName\":\"search_term_string\"}}],\"inLanguage\":\"nb-NO\"},{\"@type\":\"Organization\",\"@id\":\"https:\/\/barneleker.no\/#organization\",\"name\":\"Barneleker.no\",\"url\":\"https:\/\/barneleker.no\/\",\"logo\":{\"@type\":\"ImageObject\",\"inLanguage\":\"nb-NO\",\"@id\":\"https:\/\/barneleker.no\/#\/schema\/logo\/image\/\",\"url\":\"https:\/\/barneleker.no\/wp-content\/uploads\/2021\/11\/barneleker_logo-780x150-1.jpg\",\"contentUrl\":\"https:\/\/barneleker.no\/wp-content\/uploads\/2021\/11\/barneleker_logo-780x150-1.jpg\",\"width\":780,\"height\":150,\"caption\":\"Barneleker.no\"},\"image\":{\"@id\":\"https:\/\/barneleker.no\/#\/schema\/logo\/image\/\"}}]}<\/script>\n<!-- \/ Yoast SEO plugin. -->","yoast_head_json":{"title":"Charmed by Heart CBH, Lag dine egne armb\u00e5nd med maskin - Barneleker.no","robots":{"index":"index","follow":"follow","max-snippet":"max-snippet:-1","max-image-preview":"max-image-preview:large","max-video-preview":"max-video-preview:-1"},"canonical":"https:\/\/barneleker.no\/index.php\/product\/charmed-by-heart-cbh-lag-dine-egne-armband-med-maskin\/","og_locale":"nb_NO","og_type":"article","og_title":"Charmed by Heart CBH, Lag dine egne armb\u00e5nd med maskin - Barneleker.no","og_description":"Maskinen gj\u00f8r det enkelt for deg \u00e5 lage stilige og detaljerte armb\u00e5nd. Settet inneholder tr\u00e5dspoler og alt du trenger for \u00e5 gj\u00f8re opptil 10 unike&hellip;","og_url":"https:\/\/barneleker.no\/index.php\/product\/charmed-by-heart-cbh-lag-dine-egne-armband-med-maskin\/","og_site_name":"Barneleker.no","twitter_card":"summary_large_image","schema":{"@context":"https:\/\/schema.org","@graph":[{"@type":"WebPage","@id":"https:\/\/barneleker.no\/index.php\/product\/charmed-by-heart-cbh-lag-dine-egne-armband-med-maskin\/","url":"https:\/\/barneleker.no\/index.php\/product\/charmed-by-heart-cbh-lag-dine-egne-armband-med-maskin\/","name":"Charmed by Heart CBH, Lag dine egne armb\u00e5nd med maskin - Barneleker.no","isPartOf":{"@id":"https:\/\/barneleker.no\/#website"},"primaryImageOfPage":{"@id":"https:\/\/barneleker.no\/index.php\/product\/charmed-by-heart-cbh-lag-dine-egne-armband-med-maskin\/#primaryimage"},"image":{"@id":"https:\/\/barneleker.no\/index.php\/product\/charmed-by-heart-cbh-lag-dine-egne-armband-med-maskin\/#primaryimage"},"thumbnailUrl":"https:\/\/barneleker.no\/wp-content\/uploads\/2022\/02\/cbh-lag-dine-egne-armband-med-maskin.jpg","datePublished":"2022-02-08T19:48:53+00:00","breadcrumb":{"@id":"https:\/\/barneleker.no\/index.php\/product\/charmed-by-heart-cbh-lag-dine-egne-armband-med-maskin\/#breadcrumb"},"inLanguage":"nb-NO","potentialAction":[{"@type":"ReadAction","target":["https:\/\/barneleker.no\/index.php\/product\/charmed-by-heart-cbh-lag-dine-egne-armband-med-maskin\/"]}]},{"@type":"ImageObject","inLanguage":"nb-NO","@id":"https:\/\/barneleker.no\/index.php\/product\/charmed-by-heart-cbh-lag-dine-egne-armband-med-maskin\/#primaryimage","url":"https:\/\/barneleker.no\/wp-content\/uploads\/2022\/02\/cbh-lag-dine-egne-armband-med-maskin.jpg","contentUrl":"https:\/\/barneleker.no\/wp-content\/uploads\/2022\/02\/cbh-lag-dine-egne-armband-med-maskin.jpg","width":555,"height":555},{"@type":"BreadcrumbList","@id":"https:\/\/barneleker.no\/index.php\/product\/charmed-by-heart-cbh-lag-dine-egne-armband-med-maskin\/#breadcrumb","itemListElement":[{"@type":"ListItem","position":1,"name":"Butikken","item":"https:\/\/barneleker.no\/"},{"@type":"ListItem","position":2,"name":"Charmed by Heart CBH, Lag dine egne armb\u00e5nd med maskin"}]},{"@type":"WebSite","@id":"https:\/\/barneleker.no\/#website","url":"https:\/\/barneleker.no\/","name":"Barneleker.no","description":"Selvf\u00f8lgelig!","publisher":{"@id":"https:\/\/barneleker.no\/#organization"},"potentialAction":[{"@type":"SearchAction","target":{"@type":"EntryPoint","urlTemplate":"https:\/\/barneleker.no\/?s={search_term_string}"},"query-input":{"@type":"PropertyValueSpecification","valueRequired":true,"valueName":"search_term_string"}}],"inLanguage":"nb-NO"},{"@type":"Organization","@id":"https:\/\/barneleker.no\/#organization","name":"Barneleker.no","url":"https:\/\/barneleker.no\/","logo":{"@type":"ImageObject","inLanguage":"nb-NO","@id":"https:\/\/barneleker.no\/#\/schema\/logo\/image\/","url":"https:\/\/barneleker.no\/wp-content\/uploads\/2021\/11\/barneleker_logo-780x150-1.jpg","contentUrl":"https:\/\/barneleker.no\/wp-content\/uploads\/2021\/11\/barneleker_logo-780x150-1.jpg","width":780,"height":150,"caption":"Barneleker.no"},"image":{"@id":"https:\/\/barneleker.no\/#\/schema\/logo\/image\/"}}]}},"_links":{"self":[{"href":"https:\/\/barneleker.no\/index.php\/wp-json\/wp\/v2\/product\/12152","targetHints":{"allow":["GET"]}}],"collection":[{"href":"https:\/\/barneleker.no\/index.php\/wp-json\/wp\/v2\/product"}],"about":[{"href":"https:\/\/barneleker.no\/index.php\/wp-json\/wp\/v2\/types\/product"}],"replies":[{"embeddable":true,"href":"https:\/\/barneleker.no\/index.php\/wp-json\/wp\/v2\/comments?post=12152"}],"wp:featuredmedia":[{"embeddable":true,"href":"https:\/\/barneleker.no\/index.php\/wp-json\/wp\/v2\/media\/12151"}],"wp:attachment":[{"href":"https:\/\/barneleker.no\/index.php\/wp-json\/wp\/v2\/media?parent=12152"}],"wp:term":[{"taxonomy":"product_brand","embeddable":true,"href":"https:\/\/barneleker.no\/index.php\/wp-json\/wp\/v2\/product_brand?post=12152"},{"taxonomy":"product_cat","embeddable":true,"href":"https:\/\/barneleker.no\/index.php\/wp-json\/wp\/v2\/product_cat?post=12152"},{"taxonomy":"product_tag","embeddable":true,"href":"https:\/\/barneleker.no\/index.php\/wp-json\/wp\/v2\/product_tag?post=12152"}],"curies":[{"name":"wp","href":"https:\/\/api.w.org\/{rel}","templated":true}]}}