{"id":12180,"date":"2022-02-08T19:49:04","date_gmt":"2022-02-08T19:49:04","guid":{"rendered":"https:\/\/barneleker.no\/index.php\/product\/brio-train-garage-with-handle\/"},"modified":"2022-02-08T19:49:04","modified_gmt":"2022-02-08T19:49:04","slug":"brio-train-garage-with-handle","status":"publish","type":"product","link":"https:\/\/barneleker.no\/index.php\/product\/brio-train-garage-with-handle\/","title":{"rendered":"BRIO, Train Garage with Handle"},"content":{"rendered":"<p>33474 Togverksted med h\u00e5ndtak er en flott nykommer til alle BRIO World-jernbaner, som gir leketogene et perfekt sted \u00e5 holde pause og bli vedlikeholdt. Verkstedet har tre parkeringsomr\u00e5der, hver med egen sportilkobling. Dra tilbake det store r\u00f8de h\u00e5ndtaket og s\u00e5 skyves verkstedsd\u00f8ren automatisk opp og gir lett adgang til lokomotivet og passasjervognen inne i verkstedet. N\u00e5r d\u00f8ren er lukket igjen, kan h\u00e5ndtaket l\u00e5ses i oppreist posisjon, noe som gj\u00f8r det lett for barna \u00e5 b\u00e6re togverkstedet og innholdet over til neste eventyr.  Togverkstedet med rom til tre leketog, stort h\u00e5ndtak med to funksjoner og et BRIO World lokomotiv og passasjervogn. Dra i det r\u00f8de h\u00e5ndtaket for \u00e5 \u00e5pne den store verkstedsd\u00f8ren og f\u00e5 lett tilgang til tog og tilbeh\u00f8r som ligger inni. Skyv h\u00e5ndtaket tilbake i oppreist posisjon for \u00e5 l\u00e5se n\u00e5r barna skal b\u00e6re togverkstedet og det som er inni. Koble togverkstedet til din BRIO World jernbane via tre separate sporkoblinger. Jernbanen er basert p\u00e5 virkelige jernbaner og hjelper barna med \u00e5 forst\u00e5 og l\u00e6re om omgivelsene p\u00e5 en morsom m\u00e5te, samtidig som de utvikler finmotorikken. For barn i alderen 3 \u00e5r og eldre.<\/p>\n","protected":false},"excerpt":{"rendered":"<p>33474 Togverksted med h\u00e5ndtak er en flott nykommer til alle BRIO World-jernbaner, som gir leketogene et perfekt sted \u00e5 holde pause og bli vedlikeholdt. Verkstedet&hellip;<\/p>\n","protected":false},"featured_media":12179,"comment_status":"open","ping_status":"closed","template":"","meta":[],"product_brand":[],"product_cat":[386],"product_tag":[],"class_list":{"0":"post-12180","1":"product","2":"type-product","3":"status-publish","4":"has-post-thumbnail","6":"product_cat-tag","8":"first","9":"instock","10":"shipping-taxable","11":"product-type-external","12":"customify-col"},"yoast_head":"<!-- This site is optimized with the Yoast SEO plugin v26.0 - https:\/\/yoast.com\/wordpress\/plugins\/seo\/ -->\n<title>BRIO, Train Garage with Handle - Barneleker.no<\/title>\n<meta name=\"robots\" content=\"index, follow, max-snippet:-1, max-image-preview:large, max-video-preview:-1\" \/>\n<link rel=\"canonical\" href=\"https:\/\/barneleker.no\/index.php\/product\/brio-train-garage-with-handle\/\" \/>\n<meta property=\"og:locale\" content=\"nb_NO\" \/>\n<meta property=\"og:type\" content=\"article\" \/>\n<meta property=\"og:title\" content=\"BRIO, Train Garage with Handle - Barneleker.no\" \/>\n<meta property=\"og:description\" content=\"33474 Togverksted med h\u00e5ndtak er en flott nykommer til alle BRIO World-jernbaner, som gir leketogene et perfekt sted \u00e5 holde pause og bli vedlikeholdt. Verkstedet&hellip;\" \/>\n<meta property=\"og:url\" content=\"https:\/\/barneleker.no\/index.php\/product\/brio-train-garage-with-handle\/\" \/>\n<meta property=\"og:site_name\" content=\"Barneleker.no\" \/>\n<meta name=\"twitter:card\" content=\"summary_large_image\" \/>\n<meta name=\"twitter:label1\" content=\"Ansl. lesetid\" \/>\n\t<meta name=\"twitter:data1\" content=\"1 minutt\" \/>\n<script type=\"application\/ld+json\" class=\"yoast-schema-graph\">{\"@context\":\"https:\/\/schema.org\",\"@graph\":[{\"@type\":\"WebPage\",\"@id\":\"https:\/\/barneleker.no\/index.php\/product\/brio-train-garage-with-handle\/\",\"url\":\"https:\/\/barneleker.no\/index.php\/product\/brio-train-garage-with-handle\/\",\"name\":\"BRIO, Train Garage with Handle - Barneleker.no\",\"isPartOf\":{\"@id\":\"https:\/\/barneleker.no\/#website\"},\"primaryImageOfPage\":{\"@id\":\"https:\/\/barneleker.no\/index.php\/product\/brio-train-garage-with-handle\/#primaryimage\"},\"image\":{\"@id\":\"https:\/\/barneleker.no\/index.php\/product\/brio-train-garage-with-handle\/#primaryimage\"},\"thumbnailUrl\":\"https:\/\/barneleker.no\/wp-content\/uploads\/2022\/02\/brio-train-garage-with-handle.jpg\",\"datePublished\":\"2022-02-08T19:49:04+00:00\",\"breadcrumb\":{\"@id\":\"https:\/\/barneleker.no\/index.php\/product\/brio-train-garage-with-handle\/#breadcrumb\"},\"inLanguage\":\"nb-NO\",\"potentialAction\":[{\"@type\":\"ReadAction\",\"target\":[\"https:\/\/barneleker.no\/index.php\/product\/brio-train-garage-with-handle\/\"]}]},{\"@type\":\"ImageObject\",\"inLanguage\":\"nb-NO\",\"@id\":\"https:\/\/barneleker.no\/index.php\/product\/brio-train-garage-with-handle\/#primaryimage\",\"url\":\"https:\/\/barneleker.no\/wp-content\/uploads\/2022\/02\/brio-train-garage-with-handle.jpg\",\"contentUrl\":\"https:\/\/barneleker.no\/wp-content\/uploads\/2022\/02\/brio-train-garage-with-handle.jpg\",\"width\":555,\"height\":555},{\"@type\":\"BreadcrumbList\",\"@id\":\"https:\/\/barneleker.no\/index.php\/product\/brio-train-garage-with-handle\/#breadcrumb\",\"itemListElement\":[{\"@type\":\"ListItem\",\"position\":1,\"name\":\"Butikken\",\"item\":\"https:\/\/barneleker.no\/\"},{\"@type\":\"ListItem\",\"position\":2,\"name\":\"BRIO, Train Garage with Handle\"}]},{\"@type\":\"WebSite\",\"@id\":\"https:\/\/barneleker.no\/#website\",\"url\":\"https:\/\/barneleker.no\/\",\"name\":\"Barneleker.no\",\"description\":\"Selvf\u00f8lgelig!\",\"publisher\":{\"@id\":\"https:\/\/barneleker.no\/#organization\"},\"potentialAction\":[{\"@type\":\"SearchAction\",\"target\":{\"@type\":\"EntryPoint\",\"urlTemplate\":\"https:\/\/barneleker.no\/?s={search_term_string}\"},\"query-input\":{\"@type\":\"PropertyValueSpecification\",\"valueRequired\":true,\"valueName\":\"search_term_string\"}}],\"inLanguage\":\"nb-NO\"},{\"@type\":\"Organization\",\"@id\":\"https:\/\/barneleker.no\/#organization\",\"name\":\"Barneleker.no\",\"url\":\"https:\/\/barneleker.no\/\",\"logo\":{\"@type\":\"ImageObject\",\"inLanguage\":\"nb-NO\",\"@id\":\"https:\/\/barneleker.no\/#\/schema\/logo\/image\/\",\"url\":\"https:\/\/barneleker.no\/wp-content\/uploads\/2021\/11\/barneleker_logo-780x150-1.jpg\",\"contentUrl\":\"https:\/\/barneleker.no\/wp-content\/uploads\/2021\/11\/barneleker_logo-780x150-1.jpg\",\"width\":780,\"height\":150,\"caption\":\"Barneleker.no\"},\"image\":{\"@id\":\"https:\/\/barneleker.no\/#\/schema\/logo\/image\/\"}}]}<\/script>\n<!-- \/ Yoast SEO plugin. -->","yoast_head_json":{"title":"BRIO, Train Garage with Handle - Barneleker.no","robots":{"index":"index","follow":"follow","max-snippet":"max-snippet:-1","max-image-preview":"max-image-preview:large","max-video-preview":"max-video-preview:-1"},"canonical":"https:\/\/barneleker.no\/index.php\/product\/brio-train-garage-with-handle\/","og_locale":"nb_NO","og_type":"article","og_title":"BRIO, Train Garage with Handle - Barneleker.no","og_description":"33474 Togverksted med h\u00e5ndtak er en flott nykommer til alle BRIO World-jernbaner, som gir leketogene et perfekt sted \u00e5 holde pause og bli vedlikeholdt. Verkstedet&hellip;","og_url":"https:\/\/barneleker.no\/index.php\/product\/brio-train-garage-with-handle\/","og_site_name":"Barneleker.no","twitter_card":"summary_large_image","twitter_misc":{"Ansl. lesetid":"1 minutt"},"schema":{"@context":"https:\/\/schema.org","@graph":[{"@type":"WebPage","@id":"https:\/\/barneleker.no\/index.php\/product\/brio-train-garage-with-handle\/","url":"https:\/\/barneleker.no\/index.php\/product\/brio-train-garage-with-handle\/","name":"BRIO, Train Garage with Handle - Barneleker.no","isPartOf":{"@id":"https:\/\/barneleker.no\/#website"},"primaryImageOfPage":{"@id":"https:\/\/barneleker.no\/index.php\/product\/brio-train-garage-with-handle\/#primaryimage"},"image":{"@id":"https:\/\/barneleker.no\/index.php\/product\/brio-train-garage-with-handle\/#primaryimage"},"thumbnailUrl":"https:\/\/barneleker.no\/wp-content\/uploads\/2022\/02\/brio-train-garage-with-handle.jpg","datePublished":"2022-02-08T19:49:04+00:00","breadcrumb":{"@id":"https:\/\/barneleker.no\/index.php\/product\/brio-train-garage-with-handle\/#breadcrumb"},"inLanguage":"nb-NO","potentialAction":[{"@type":"ReadAction","target":["https:\/\/barneleker.no\/index.php\/product\/brio-train-garage-with-handle\/"]}]},{"@type":"ImageObject","inLanguage":"nb-NO","@id":"https:\/\/barneleker.no\/index.php\/product\/brio-train-garage-with-handle\/#primaryimage","url":"https:\/\/barneleker.no\/wp-content\/uploads\/2022\/02\/brio-train-garage-with-handle.jpg","contentUrl":"https:\/\/barneleker.no\/wp-content\/uploads\/2022\/02\/brio-train-garage-with-handle.jpg","width":555,"height":555},{"@type":"BreadcrumbList","@id":"https:\/\/barneleker.no\/index.php\/product\/brio-train-garage-with-handle\/#breadcrumb","itemListElement":[{"@type":"ListItem","position":1,"name":"Butikken","item":"https:\/\/barneleker.no\/"},{"@type":"ListItem","position":2,"name":"BRIO, Train Garage with Handle"}]},{"@type":"WebSite","@id":"https:\/\/barneleker.no\/#website","url":"https:\/\/barneleker.no\/","name":"Barneleker.no","description":"Selvf\u00f8lgelig!","publisher":{"@id":"https:\/\/barneleker.no\/#organization"},"potentialAction":[{"@type":"SearchAction","target":{"@type":"EntryPoint","urlTemplate":"https:\/\/barneleker.no\/?s={search_term_string}"},"query-input":{"@type":"PropertyValueSpecification","valueRequired":true,"valueName":"search_term_string"}}],"inLanguage":"nb-NO"},{"@type":"Organization","@id":"https:\/\/barneleker.no\/#organization","name":"Barneleker.no","url":"https:\/\/barneleker.no\/","logo":{"@type":"ImageObject","inLanguage":"nb-NO","@id":"https:\/\/barneleker.no\/#\/schema\/logo\/image\/","url":"https:\/\/barneleker.no\/wp-content\/uploads\/2021\/11\/barneleker_logo-780x150-1.jpg","contentUrl":"https:\/\/barneleker.no\/wp-content\/uploads\/2021\/11\/barneleker_logo-780x150-1.jpg","width":780,"height":150,"caption":"Barneleker.no"},"image":{"@id":"https:\/\/barneleker.no\/#\/schema\/logo\/image\/"}}]}},"_links":{"self":[{"href":"https:\/\/barneleker.no\/index.php\/wp-json\/wp\/v2\/product\/12180","targetHints":{"allow":["GET"]}}],"collection":[{"href":"https:\/\/barneleker.no\/index.php\/wp-json\/wp\/v2\/product"}],"about":[{"href":"https:\/\/barneleker.no\/index.php\/wp-json\/wp\/v2\/types\/product"}],"replies":[{"embeddable":true,"href":"https:\/\/barneleker.no\/index.php\/wp-json\/wp\/v2\/comments?post=12180"}],"wp:featuredmedia":[{"embeddable":true,"href":"https:\/\/barneleker.no\/index.php\/wp-json\/wp\/v2\/media\/12179"}],"wp:attachment":[{"href":"https:\/\/barneleker.no\/index.php\/wp-json\/wp\/v2\/media?parent=12180"}],"wp:term":[{"taxonomy":"product_brand","embeddable":true,"href":"https:\/\/barneleker.no\/index.php\/wp-json\/wp\/v2\/product_brand?post=12180"},{"taxonomy":"product_cat","embeddable":true,"href":"https:\/\/barneleker.no\/index.php\/wp-json\/wp\/v2\/product_cat?post=12180"},{"taxonomy":"product_tag","embeddable":true,"href":"https:\/\/barneleker.no\/index.php\/wp-json\/wp\/v2\/product_tag?post=12180"}],"curies":[{"name":"wp","href":"https:\/\/api.w.org\/{rel}","templated":true}]}}