{"id":12206,"date":"2022-02-08T19:49:13","date_gmt":"2022-02-08T19:49:13","guid":{"rendered":"https:\/\/barneleker.no\/index.php\/product\/present-pets-minis-fluffy-3-pack\/"},"modified":"2022-02-08T19:49:13","modified_gmt":"2022-02-08T19:49:13","slug":"present-pets-minis-fluffy-3-pack","status":"publish","type":"product","link":"https:\/\/barneleker.no\/index.php\/product\/present-pets-minis-fluffy-3-pack\/","title":{"rendered":"Present Pets, Minis Fluffy 3 pack"},"content":{"rendered":"<p>Opplev en trio med pop-up-overraskelser med Present Pets Minis Fluffy BFFs 3-Pack. Present Pets Minis er de s\u00f8te plysjdyrene med en spennende unboxing-opplevelse. Inne i Fluffy BFFs 3-Pack, finner du tre eksklusive myke og luftige kj\u00e6ledyr du ikke kan f\u00e5 noe annet sted, et adopsjonsbevis, et luksuri\u00f8st hundehus, en kj\u00e6ledyrb\u00e6reboks og tre klistremerke. Riv den ytre hylsen p\u00e5 emballasjen, og bruk h\u00e5ndtaket til \u00e5 fjerne kj\u00e6ledyrb\u00e6reboksen p\u00e5 toppen. Deretter l\u00f8fter du tappen p\u00e5 den st\u00f8rre esken og ser p\u00e5 hvordan den ene siden forvandler seg og \u00e5pnes fra en gaveeske til et super-s\u00f8tt, luksuri\u00f8st hundehus for kosedyrene dine. Toppen av esken blir et tak, og venstre d\u00f8r \u00e5pnes for \u00e5 avsl\u00f8re ditt f\u00f8rste myke og kosete 7,6 cm mystiske kj\u00e6ledyr og dets matchende klistremerke. Gjenta avsl\u00f8ringen p\u00e5 h\u00f8yre side av esken for \u00e5 m\u00f8te det andre kj\u00e6ledyret ditt, og \u00e5pne deretter b\u00e6reboksen for \u00e5 finne det tredje myke plysjleget\u00f8yet og oppdag det matchende klistremerkearket, et samlerark og adopsjonsbeviset. Fyll ut sertifikatet med trioens bursdager og gi vennene dine spesielle navn. Ta en titt p\u00e5 symbolene p\u00e5 adopsjonsbeviset for \u00e5 oppdage deres morsomme personligheter. Tilpass den luksuri\u00f8se hundehuset og transportboksen med klistremerkene og lek med kj\u00e6ledyrene dine eller vis dem inne. Hver boks har grafikk som samsvarer med Fluffy BFFs-temaet. For \u00e5 pakke ut enda mer moro, se etter Galaxy Trio 3-Pack og samle alle Present Pets Minis enkeltpakker &#8211; de perfekte gaver til jenter (hver selges separat)! Ta med deg en trio Present Pets Minis med Fluffy BFFs 3-Pack og unbox for en luksuri\u00f8s popup-overraskelse.<\/p>\n","protected":false},"excerpt":{"rendered":"<p>Opplev en trio med pop-up-overraskelser med Present Pets Minis Fluffy BFFs 3-Pack. Present Pets Minis er de s\u00f8te plysjdyrene med en spennende unboxing-opplevelse. Inne i&hellip;<\/p>\n","protected":false},"featured_media":12205,"comment_status":"open","ping_status":"closed","template":"","meta":[],"product_brand":[],"product_cat":[413],"product_tag":[],"class_list":{"0":"post-12206","1":"product","2":"type-product","3":"status-publish","4":"has-post-thumbnail","6":"product_cat-interaktiva-djur","8":"first","9":"instock","10":"shipping-taxable","11":"product-type-external","12":"customify-col"},"yoast_head":"<!-- This site is optimized with the Yoast SEO plugin v26.0 - https:\/\/yoast.com\/wordpress\/plugins\/seo\/ -->\n<title>Present Pets, Minis Fluffy 3 pack - Barneleker.no<\/title>\n<meta name=\"robots\" content=\"index, follow, max-snippet:-1, max-image-preview:large, max-video-preview:-1\" \/>\n<link rel=\"canonical\" href=\"https:\/\/barneleker.no\/index.php\/product\/present-pets-minis-fluffy-3-pack\/\" \/>\n<meta property=\"og:locale\" content=\"nb_NO\" \/>\n<meta property=\"og:type\" content=\"article\" \/>\n<meta property=\"og:title\" content=\"Present Pets, Minis Fluffy 3 pack - Barneleker.no\" \/>\n<meta property=\"og:description\" content=\"Opplev en trio med pop-up-overraskelser med Present Pets Minis Fluffy BFFs 3-Pack. Present Pets Minis er de s\u00f8te plysjdyrene med en spennende unboxing-opplevelse. Inne i&hellip;\" \/>\n<meta property=\"og:url\" content=\"https:\/\/barneleker.no\/index.php\/product\/present-pets-minis-fluffy-3-pack\/\" \/>\n<meta property=\"og:site_name\" content=\"Barneleker.no\" \/>\n<meta name=\"twitter:card\" content=\"summary_large_image\" \/>\n<meta name=\"twitter:label1\" content=\"Ansl. lesetid\" \/>\n\t<meta name=\"twitter:data1\" content=\"1 minutt\" \/>\n<script type=\"application\/ld+json\" class=\"yoast-schema-graph\">{\"@context\":\"https:\/\/schema.org\",\"@graph\":[{\"@type\":\"WebPage\",\"@id\":\"https:\/\/barneleker.no\/index.php\/product\/present-pets-minis-fluffy-3-pack\/\",\"url\":\"https:\/\/barneleker.no\/index.php\/product\/present-pets-minis-fluffy-3-pack\/\",\"name\":\"Present Pets, Minis Fluffy 3 pack - Barneleker.no\",\"isPartOf\":{\"@id\":\"https:\/\/barneleker.no\/#website\"},\"primaryImageOfPage\":{\"@id\":\"https:\/\/barneleker.no\/index.php\/product\/present-pets-minis-fluffy-3-pack\/#primaryimage\"},\"image\":{\"@id\":\"https:\/\/barneleker.no\/index.php\/product\/present-pets-minis-fluffy-3-pack\/#primaryimage\"},\"thumbnailUrl\":\"https:\/\/barneleker.no\/wp-content\/uploads\/2022\/02\/present-pets-minis-fluffy-3-pack.jpg\",\"datePublished\":\"2022-02-08T19:49:13+00:00\",\"breadcrumb\":{\"@id\":\"https:\/\/barneleker.no\/index.php\/product\/present-pets-minis-fluffy-3-pack\/#breadcrumb\"},\"inLanguage\":\"nb-NO\",\"potentialAction\":[{\"@type\":\"ReadAction\",\"target\":[\"https:\/\/barneleker.no\/index.php\/product\/present-pets-minis-fluffy-3-pack\/\"]}]},{\"@type\":\"ImageObject\",\"inLanguage\":\"nb-NO\",\"@id\":\"https:\/\/barneleker.no\/index.php\/product\/present-pets-minis-fluffy-3-pack\/#primaryimage\",\"url\":\"https:\/\/barneleker.no\/wp-content\/uploads\/2022\/02\/present-pets-minis-fluffy-3-pack.jpg\",\"contentUrl\":\"https:\/\/barneleker.no\/wp-content\/uploads\/2022\/02\/present-pets-minis-fluffy-3-pack.jpg\",\"width\":555,\"height\":555},{\"@type\":\"BreadcrumbList\",\"@id\":\"https:\/\/barneleker.no\/index.php\/product\/present-pets-minis-fluffy-3-pack\/#breadcrumb\",\"itemListElement\":[{\"@type\":\"ListItem\",\"position\":1,\"name\":\"Butikken\",\"item\":\"https:\/\/barneleker.no\/\"},{\"@type\":\"ListItem\",\"position\":2,\"name\":\"Present Pets, Minis Fluffy 3 pack\"}]},{\"@type\":\"WebSite\",\"@id\":\"https:\/\/barneleker.no\/#website\",\"url\":\"https:\/\/barneleker.no\/\",\"name\":\"Barneleker.no\",\"description\":\"Selvf\u00f8lgelig!\",\"publisher\":{\"@id\":\"https:\/\/barneleker.no\/#organization\"},\"potentialAction\":[{\"@type\":\"SearchAction\",\"target\":{\"@type\":\"EntryPoint\",\"urlTemplate\":\"https:\/\/barneleker.no\/?s={search_term_string}\"},\"query-input\":{\"@type\":\"PropertyValueSpecification\",\"valueRequired\":true,\"valueName\":\"search_term_string\"}}],\"inLanguage\":\"nb-NO\"},{\"@type\":\"Organization\",\"@id\":\"https:\/\/barneleker.no\/#organization\",\"name\":\"Barneleker.no\",\"url\":\"https:\/\/barneleker.no\/\",\"logo\":{\"@type\":\"ImageObject\",\"inLanguage\":\"nb-NO\",\"@id\":\"https:\/\/barneleker.no\/#\/schema\/logo\/image\/\",\"url\":\"https:\/\/barneleker.no\/wp-content\/uploads\/2021\/11\/barneleker_logo-780x150-1.jpg\",\"contentUrl\":\"https:\/\/barneleker.no\/wp-content\/uploads\/2021\/11\/barneleker_logo-780x150-1.jpg\",\"width\":780,\"height\":150,\"caption\":\"Barneleker.no\"},\"image\":{\"@id\":\"https:\/\/barneleker.no\/#\/schema\/logo\/image\/\"}}]}<\/script>\n<!-- \/ Yoast SEO plugin. -->","yoast_head_json":{"title":"Present Pets, Minis Fluffy 3 pack - Barneleker.no","robots":{"index":"index","follow":"follow","max-snippet":"max-snippet:-1","max-image-preview":"max-image-preview:large","max-video-preview":"max-video-preview:-1"},"canonical":"https:\/\/barneleker.no\/index.php\/product\/present-pets-minis-fluffy-3-pack\/","og_locale":"nb_NO","og_type":"article","og_title":"Present Pets, Minis Fluffy 3 pack - Barneleker.no","og_description":"Opplev en trio med pop-up-overraskelser med Present Pets Minis Fluffy BFFs 3-Pack. Present Pets Minis er de s\u00f8te plysjdyrene med en spennende unboxing-opplevelse. Inne i&hellip;","og_url":"https:\/\/barneleker.no\/index.php\/product\/present-pets-minis-fluffy-3-pack\/","og_site_name":"Barneleker.no","twitter_card":"summary_large_image","twitter_misc":{"Ansl. lesetid":"1 minutt"},"schema":{"@context":"https:\/\/schema.org","@graph":[{"@type":"WebPage","@id":"https:\/\/barneleker.no\/index.php\/product\/present-pets-minis-fluffy-3-pack\/","url":"https:\/\/barneleker.no\/index.php\/product\/present-pets-minis-fluffy-3-pack\/","name":"Present Pets, Minis Fluffy 3 pack - Barneleker.no","isPartOf":{"@id":"https:\/\/barneleker.no\/#website"},"primaryImageOfPage":{"@id":"https:\/\/barneleker.no\/index.php\/product\/present-pets-minis-fluffy-3-pack\/#primaryimage"},"image":{"@id":"https:\/\/barneleker.no\/index.php\/product\/present-pets-minis-fluffy-3-pack\/#primaryimage"},"thumbnailUrl":"https:\/\/barneleker.no\/wp-content\/uploads\/2022\/02\/present-pets-minis-fluffy-3-pack.jpg","datePublished":"2022-02-08T19:49:13+00:00","breadcrumb":{"@id":"https:\/\/barneleker.no\/index.php\/product\/present-pets-minis-fluffy-3-pack\/#breadcrumb"},"inLanguage":"nb-NO","potentialAction":[{"@type":"ReadAction","target":["https:\/\/barneleker.no\/index.php\/product\/present-pets-minis-fluffy-3-pack\/"]}]},{"@type":"ImageObject","inLanguage":"nb-NO","@id":"https:\/\/barneleker.no\/index.php\/product\/present-pets-minis-fluffy-3-pack\/#primaryimage","url":"https:\/\/barneleker.no\/wp-content\/uploads\/2022\/02\/present-pets-minis-fluffy-3-pack.jpg","contentUrl":"https:\/\/barneleker.no\/wp-content\/uploads\/2022\/02\/present-pets-minis-fluffy-3-pack.jpg","width":555,"height":555},{"@type":"BreadcrumbList","@id":"https:\/\/barneleker.no\/index.php\/product\/present-pets-minis-fluffy-3-pack\/#breadcrumb","itemListElement":[{"@type":"ListItem","position":1,"name":"Butikken","item":"https:\/\/barneleker.no\/"},{"@type":"ListItem","position":2,"name":"Present Pets, Minis Fluffy 3 pack"}]},{"@type":"WebSite","@id":"https:\/\/barneleker.no\/#website","url":"https:\/\/barneleker.no\/","name":"Barneleker.no","description":"Selvf\u00f8lgelig!","publisher":{"@id":"https:\/\/barneleker.no\/#organization"},"potentialAction":[{"@type":"SearchAction","target":{"@type":"EntryPoint","urlTemplate":"https:\/\/barneleker.no\/?s={search_term_string}"},"query-input":{"@type":"PropertyValueSpecification","valueRequired":true,"valueName":"search_term_string"}}],"inLanguage":"nb-NO"},{"@type":"Organization","@id":"https:\/\/barneleker.no\/#organization","name":"Barneleker.no","url":"https:\/\/barneleker.no\/","logo":{"@type":"ImageObject","inLanguage":"nb-NO","@id":"https:\/\/barneleker.no\/#\/schema\/logo\/image\/","url":"https:\/\/barneleker.no\/wp-content\/uploads\/2021\/11\/barneleker_logo-780x150-1.jpg","contentUrl":"https:\/\/barneleker.no\/wp-content\/uploads\/2021\/11\/barneleker_logo-780x150-1.jpg","width":780,"height":150,"caption":"Barneleker.no"},"image":{"@id":"https:\/\/barneleker.no\/#\/schema\/logo\/image\/"}}]}},"_links":{"self":[{"href":"https:\/\/barneleker.no\/index.php\/wp-json\/wp\/v2\/product\/12206","targetHints":{"allow":["GET"]}}],"collection":[{"href":"https:\/\/barneleker.no\/index.php\/wp-json\/wp\/v2\/product"}],"about":[{"href":"https:\/\/barneleker.no\/index.php\/wp-json\/wp\/v2\/types\/product"}],"replies":[{"embeddable":true,"href":"https:\/\/barneleker.no\/index.php\/wp-json\/wp\/v2\/comments?post=12206"}],"wp:featuredmedia":[{"embeddable":true,"href":"https:\/\/barneleker.no\/index.php\/wp-json\/wp\/v2\/media\/12205"}],"wp:attachment":[{"href":"https:\/\/barneleker.no\/index.php\/wp-json\/wp\/v2\/media?parent=12206"}],"wp:term":[{"taxonomy":"product_brand","embeddable":true,"href":"https:\/\/barneleker.no\/index.php\/wp-json\/wp\/v2\/product_brand?post=12206"},{"taxonomy":"product_cat","embeddable":true,"href":"https:\/\/barneleker.no\/index.php\/wp-json\/wp\/v2\/product_cat?post=12206"},{"taxonomy":"product_tag","embeddable":true,"href":"https:\/\/barneleker.no\/index.php\/wp-json\/wp\/v2\/product_tag?post=12206"}],"curies":[{"name":"wp","href":"https:\/\/api.w.org\/{rel}","templated":true}]}}