{"id":12220,"date":"2022-02-08T19:49:18","date_gmt":"2022-02-08T19:49:18","guid":{"rendered":"https:\/\/barneleker.no\/index.php\/product\/hape-delicious-breakfast-playset\/"},"modified":"2022-02-08T19:49:18","modified_gmt":"2022-02-08T19:49:18","slug":"hape-delicious-breakfast-playset","status":"publish","type":"product","link":"https:\/\/barneleker.no\/index.php\/product\/hape-delicious-breakfast-playset\/","title":{"rendered":"Hape, Delicious Breakfast Playset"},"content":{"rendered":"<p>Gj\u00f8r deg klar for dagens viktigste m\u00e5ltid med dette morsomme Hape Frokost-lekesettet. Inkluderer yoghurt med borrel\u00e5s for \u00e5 \u00e5pne, melk, en flaske appelsinjuice som klikker n\u00e5r du vrir p\u00e5 korken, ett kokt egg med eggeglass, en bolle havregryn med en skje, to skiver toast og en skive hver av tomat, salat og ost . Glatte runde kanter er perfekte for sm\u00e5 fingre \u00e5 gripe og leke med. Flott for \u00e5 oppmuntre til en sunn livsstil, samt for \u00e5 utvikle spr\u00e5k, sosiale og finmotoriske ferdigheter. 13 deler totalt.<\/p>\n","protected":false},"excerpt":{"rendered":"<p>Gj\u00f8r deg klar for dagens viktigste m\u00e5ltid med dette morsomme Hape Frokost-lekesettet. Inkluderer yoghurt med borrel\u00e5s for \u00e5 \u00e5pne, melk, en flaske appelsinjuice som klikker&hellip;<\/p>\n","protected":false},"featured_media":12219,"comment_status":"open","ping_status":"closed","template":"","meta":[],"product_brand":[],"product_cat":[380],"product_tag":[],"class_list":{"0":"post-12220","1":"product","2":"type-product","3":"status-publish","4":"has-post-thumbnail","6":"product_cat-lekmat","8":"first","9":"instock","10":"shipping-taxable","11":"product-type-external","12":"customify-col"},"yoast_head":"<!-- This site is optimized with the Yoast SEO plugin v26.0 - https:\/\/yoast.com\/wordpress\/plugins\/seo\/ -->\n<title>Hape, Delicious Breakfast Playset - Barneleker.no<\/title>\n<meta name=\"robots\" content=\"index, follow, max-snippet:-1, max-image-preview:large, max-video-preview:-1\" \/>\n<link rel=\"canonical\" href=\"https:\/\/barneleker.no\/index.php\/product\/hape-delicious-breakfast-playset\/\" \/>\n<meta property=\"og:locale\" content=\"nb_NO\" \/>\n<meta property=\"og:type\" content=\"article\" \/>\n<meta property=\"og:title\" content=\"Hape, Delicious Breakfast Playset - Barneleker.no\" \/>\n<meta property=\"og:description\" content=\"Gj\u00f8r deg klar for dagens viktigste m\u00e5ltid med dette morsomme Hape Frokost-lekesettet. Inkluderer yoghurt med borrel\u00e5s for \u00e5 \u00e5pne, melk, en flaske appelsinjuice som klikker&hellip;\" \/>\n<meta property=\"og:url\" content=\"https:\/\/barneleker.no\/index.php\/product\/hape-delicious-breakfast-playset\/\" \/>\n<meta property=\"og:site_name\" content=\"Barneleker.no\" \/>\n<meta name=\"twitter:card\" content=\"summary_large_image\" \/>\n<script type=\"application\/ld+json\" class=\"yoast-schema-graph\">{\"@context\":\"https:\/\/schema.org\",\"@graph\":[{\"@type\":\"WebPage\",\"@id\":\"https:\/\/barneleker.no\/index.php\/product\/hape-delicious-breakfast-playset\/\",\"url\":\"https:\/\/barneleker.no\/index.php\/product\/hape-delicious-breakfast-playset\/\",\"name\":\"Hape, Delicious Breakfast Playset - Barneleker.no\",\"isPartOf\":{\"@id\":\"https:\/\/barneleker.no\/#website\"},\"primaryImageOfPage\":{\"@id\":\"https:\/\/barneleker.no\/index.php\/product\/hape-delicious-breakfast-playset\/#primaryimage\"},\"image\":{\"@id\":\"https:\/\/barneleker.no\/index.php\/product\/hape-delicious-breakfast-playset\/#primaryimage\"},\"thumbnailUrl\":\"https:\/\/barneleker.no\/wp-content\/uploads\/2022\/02\/hape-delicious-breakfast-playset.jpg\",\"datePublished\":\"2022-02-08T19:49:18+00:00\",\"breadcrumb\":{\"@id\":\"https:\/\/barneleker.no\/index.php\/product\/hape-delicious-breakfast-playset\/#breadcrumb\"},\"inLanguage\":\"nb-NO\",\"potentialAction\":[{\"@type\":\"ReadAction\",\"target\":[\"https:\/\/barneleker.no\/index.php\/product\/hape-delicious-breakfast-playset\/\"]}]},{\"@type\":\"ImageObject\",\"inLanguage\":\"nb-NO\",\"@id\":\"https:\/\/barneleker.no\/index.php\/product\/hape-delicious-breakfast-playset\/#primaryimage\",\"url\":\"https:\/\/barneleker.no\/wp-content\/uploads\/2022\/02\/hape-delicious-breakfast-playset.jpg\",\"contentUrl\":\"https:\/\/barneleker.no\/wp-content\/uploads\/2022\/02\/hape-delicious-breakfast-playset.jpg\",\"width\":555,\"height\":555},{\"@type\":\"BreadcrumbList\",\"@id\":\"https:\/\/barneleker.no\/index.php\/product\/hape-delicious-breakfast-playset\/#breadcrumb\",\"itemListElement\":[{\"@type\":\"ListItem\",\"position\":1,\"name\":\"Butikken\",\"item\":\"https:\/\/barneleker.no\/\"},{\"@type\":\"ListItem\",\"position\":2,\"name\":\"Hape, Delicious Breakfast Playset\"}]},{\"@type\":\"WebSite\",\"@id\":\"https:\/\/barneleker.no\/#website\",\"url\":\"https:\/\/barneleker.no\/\",\"name\":\"Barneleker.no\",\"description\":\"Selvf\u00f8lgelig!\",\"publisher\":{\"@id\":\"https:\/\/barneleker.no\/#organization\"},\"potentialAction\":[{\"@type\":\"SearchAction\",\"target\":{\"@type\":\"EntryPoint\",\"urlTemplate\":\"https:\/\/barneleker.no\/?s={search_term_string}\"},\"query-input\":{\"@type\":\"PropertyValueSpecification\",\"valueRequired\":true,\"valueName\":\"search_term_string\"}}],\"inLanguage\":\"nb-NO\"},{\"@type\":\"Organization\",\"@id\":\"https:\/\/barneleker.no\/#organization\",\"name\":\"Barneleker.no\",\"url\":\"https:\/\/barneleker.no\/\",\"logo\":{\"@type\":\"ImageObject\",\"inLanguage\":\"nb-NO\",\"@id\":\"https:\/\/barneleker.no\/#\/schema\/logo\/image\/\",\"url\":\"https:\/\/barneleker.no\/wp-content\/uploads\/2021\/11\/barneleker_logo-780x150-1.jpg\",\"contentUrl\":\"https:\/\/barneleker.no\/wp-content\/uploads\/2021\/11\/barneleker_logo-780x150-1.jpg\",\"width\":780,\"height\":150,\"caption\":\"Barneleker.no\"},\"image\":{\"@id\":\"https:\/\/barneleker.no\/#\/schema\/logo\/image\/\"}}]}<\/script>\n<!-- \/ Yoast SEO plugin. -->","yoast_head_json":{"title":"Hape, Delicious Breakfast Playset - Barneleker.no","robots":{"index":"index","follow":"follow","max-snippet":"max-snippet:-1","max-image-preview":"max-image-preview:large","max-video-preview":"max-video-preview:-1"},"canonical":"https:\/\/barneleker.no\/index.php\/product\/hape-delicious-breakfast-playset\/","og_locale":"nb_NO","og_type":"article","og_title":"Hape, Delicious Breakfast Playset - Barneleker.no","og_description":"Gj\u00f8r deg klar for dagens viktigste m\u00e5ltid med dette morsomme Hape Frokost-lekesettet. Inkluderer yoghurt med borrel\u00e5s for \u00e5 \u00e5pne, melk, en flaske appelsinjuice som klikker&hellip;","og_url":"https:\/\/barneleker.no\/index.php\/product\/hape-delicious-breakfast-playset\/","og_site_name":"Barneleker.no","twitter_card":"summary_large_image","schema":{"@context":"https:\/\/schema.org","@graph":[{"@type":"WebPage","@id":"https:\/\/barneleker.no\/index.php\/product\/hape-delicious-breakfast-playset\/","url":"https:\/\/barneleker.no\/index.php\/product\/hape-delicious-breakfast-playset\/","name":"Hape, Delicious Breakfast Playset - Barneleker.no","isPartOf":{"@id":"https:\/\/barneleker.no\/#website"},"primaryImageOfPage":{"@id":"https:\/\/barneleker.no\/index.php\/product\/hape-delicious-breakfast-playset\/#primaryimage"},"image":{"@id":"https:\/\/barneleker.no\/index.php\/product\/hape-delicious-breakfast-playset\/#primaryimage"},"thumbnailUrl":"https:\/\/barneleker.no\/wp-content\/uploads\/2022\/02\/hape-delicious-breakfast-playset.jpg","datePublished":"2022-02-08T19:49:18+00:00","breadcrumb":{"@id":"https:\/\/barneleker.no\/index.php\/product\/hape-delicious-breakfast-playset\/#breadcrumb"},"inLanguage":"nb-NO","potentialAction":[{"@type":"ReadAction","target":["https:\/\/barneleker.no\/index.php\/product\/hape-delicious-breakfast-playset\/"]}]},{"@type":"ImageObject","inLanguage":"nb-NO","@id":"https:\/\/barneleker.no\/index.php\/product\/hape-delicious-breakfast-playset\/#primaryimage","url":"https:\/\/barneleker.no\/wp-content\/uploads\/2022\/02\/hape-delicious-breakfast-playset.jpg","contentUrl":"https:\/\/barneleker.no\/wp-content\/uploads\/2022\/02\/hape-delicious-breakfast-playset.jpg","width":555,"height":555},{"@type":"BreadcrumbList","@id":"https:\/\/barneleker.no\/index.php\/product\/hape-delicious-breakfast-playset\/#breadcrumb","itemListElement":[{"@type":"ListItem","position":1,"name":"Butikken","item":"https:\/\/barneleker.no\/"},{"@type":"ListItem","position":2,"name":"Hape, Delicious Breakfast Playset"}]},{"@type":"WebSite","@id":"https:\/\/barneleker.no\/#website","url":"https:\/\/barneleker.no\/","name":"Barneleker.no","description":"Selvf\u00f8lgelig!","publisher":{"@id":"https:\/\/barneleker.no\/#organization"},"potentialAction":[{"@type":"SearchAction","target":{"@type":"EntryPoint","urlTemplate":"https:\/\/barneleker.no\/?s={search_term_string}"},"query-input":{"@type":"PropertyValueSpecification","valueRequired":true,"valueName":"search_term_string"}}],"inLanguage":"nb-NO"},{"@type":"Organization","@id":"https:\/\/barneleker.no\/#organization","name":"Barneleker.no","url":"https:\/\/barneleker.no\/","logo":{"@type":"ImageObject","inLanguage":"nb-NO","@id":"https:\/\/barneleker.no\/#\/schema\/logo\/image\/","url":"https:\/\/barneleker.no\/wp-content\/uploads\/2021\/11\/barneleker_logo-780x150-1.jpg","contentUrl":"https:\/\/barneleker.no\/wp-content\/uploads\/2021\/11\/barneleker_logo-780x150-1.jpg","width":780,"height":150,"caption":"Barneleker.no"},"image":{"@id":"https:\/\/barneleker.no\/#\/schema\/logo\/image\/"}}]}},"_links":{"self":[{"href":"https:\/\/barneleker.no\/index.php\/wp-json\/wp\/v2\/product\/12220","targetHints":{"allow":["GET"]}}],"collection":[{"href":"https:\/\/barneleker.no\/index.php\/wp-json\/wp\/v2\/product"}],"about":[{"href":"https:\/\/barneleker.no\/index.php\/wp-json\/wp\/v2\/types\/product"}],"replies":[{"embeddable":true,"href":"https:\/\/barneleker.no\/index.php\/wp-json\/wp\/v2\/comments?post=12220"}],"wp:featuredmedia":[{"embeddable":true,"href":"https:\/\/barneleker.no\/index.php\/wp-json\/wp\/v2\/media\/12219"}],"wp:attachment":[{"href":"https:\/\/barneleker.no\/index.php\/wp-json\/wp\/v2\/media?parent=12220"}],"wp:term":[{"taxonomy":"product_brand","embeddable":true,"href":"https:\/\/barneleker.no\/index.php\/wp-json\/wp\/v2\/product_brand?post=12220"},{"taxonomy":"product_cat","embeddable":true,"href":"https:\/\/barneleker.no\/index.php\/wp-json\/wp\/v2\/product_cat?post=12220"},{"taxonomy":"product_tag","embeddable":true,"href":"https:\/\/barneleker.no\/index.php\/wp-json\/wp\/v2\/product_tag?post=12220"}],"curies":[{"name":"wp","href":"https:\/\/api.w.org\/{rel}","templated":true}]}}