{"id":12222,"date":"2022-02-08T19:49:18","date_gmt":"2022-02-08T19:49:18","guid":{"rendered":"https:\/\/barneleker.no\/index.php\/product\/lego-dots-41923-monsterarmband\/"},"modified":"2022-02-08T19:49:18","modified_gmt":"2022-02-08T19:49:18","slug":"lego-dots-41923-monsterarmband","status":"publish","type":"product","link":"https:\/\/barneleker.no\/index.php\/product\/lego-dots-41923-monsterarmband\/","title":{"rendered":"LEGO DOTS 41923, Monsterarmb\u00e5nd"},"content":{"rendered":"<p>Gi barn monstr\u00f8st morsomme designmuligheter med settet LEGO\u00ae DOTS Monsterarmb\u00e5nd (41923)! Det kreative settet inneholder to regulerbare armb\u00e5nd i mintgr\u00f8nt og bl\u00e5tt som passer til alle h\u00e5ndledd, samt 32 fargerike, monsterdekorerte fliser. Armb\u00e5ndene er enkle \u00e5 lage, og barn kan sette sammen unike m\u00f8nstre som passer til antrekk eller hum\u00f8r. Settet er flott som bel\u00f8nning eller overraskelsesgave.Frihet til \u00e5 uttrykke segMed LEGO DOTS settene kan barn utfolde seg fritt gjennom \u00e5 dekorere settene    helt etter eget hode. Alt er lov med disse arb\u00e5ndene og alle andre DOTS sett \u2013 det er barnas fantasi som gir de magiske resultatene. Armb\u00e5ndserien er perfekt som overraskelsesgave eller bursdagsgave til barn som liker kreative h\u00e5ndarbeids- og hobbysett.<\/p>\n","protected":false},"excerpt":{"rendered":"<p>Gi barn monstr\u00f8st morsomme designmuligheter med settet LEGO\u00ae DOTS Monsterarmb\u00e5nd (41923)! Det kreative settet inneholder to regulerbare armb\u00e5nd i mintgr\u00f8nt og bl\u00e5tt som passer til&hellip;<\/p>\n","protected":false},"featured_media":12221,"comment_status":"open","ping_status":"closed","template":"","meta":[],"product_brand":[],"product_cat":[340],"product_tag":[],"class_list":{"0":"post-12222","1":"product","2":"type-product","3":"status-publish","4":"has-post-thumbnail","6":"product_cat-set","8":"first","9":"instock","10":"shipping-taxable","11":"product-type-external","12":"customify-col"},"yoast_head":"<!-- This site is optimized with the Yoast SEO plugin v26.0 - https:\/\/yoast.com\/wordpress\/plugins\/seo\/ -->\n<title>LEGO DOTS 41923, Monsterarmb\u00e5nd - Barneleker.no<\/title>\n<meta name=\"robots\" content=\"index, follow, max-snippet:-1, max-image-preview:large, max-video-preview:-1\" \/>\n<link rel=\"canonical\" href=\"https:\/\/barneleker.no\/index.php\/product\/lego-dots-41923-monsterarmband\/\" \/>\n<meta property=\"og:locale\" content=\"nb_NO\" \/>\n<meta property=\"og:type\" content=\"article\" \/>\n<meta property=\"og:title\" content=\"LEGO DOTS 41923, Monsterarmb\u00e5nd - Barneleker.no\" \/>\n<meta property=\"og:description\" content=\"Gi barn monstr\u00f8st morsomme designmuligheter med settet LEGO\u00ae DOTS Monsterarmb\u00e5nd (41923)! Det kreative settet inneholder to regulerbare armb\u00e5nd i mintgr\u00f8nt og bl\u00e5tt som passer til&hellip;\" \/>\n<meta property=\"og:url\" content=\"https:\/\/barneleker.no\/index.php\/product\/lego-dots-41923-monsterarmband\/\" \/>\n<meta property=\"og:site_name\" content=\"Barneleker.no\" \/>\n<meta name=\"twitter:card\" content=\"summary_large_image\" \/>\n<meta name=\"twitter:label1\" content=\"Ansl. lesetid\" \/>\n\t<meta name=\"twitter:data1\" content=\"1 minutt\" \/>\n<script type=\"application\/ld+json\" class=\"yoast-schema-graph\">{\"@context\":\"https:\/\/schema.org\",\"@graph\":[{\"@type\":\"WebPage\",\"@id\":\"https:\/\/barneleker.no\/index.php\/product\/lego-dots-41923-monsterarmband\/\",\"url\":\"https:\/\/barneleker.no\/index.php\/product\/lego-dots-41923-monsterarmband\/\",\"name\":\"LEGO DOTS 41923, Monsterarmb\u00e5nd - Barneleker.no\",\"isPartOf\":{\"@id\":\"https:\/\/barneleker.no\/#website\"},\"primaryImageOfPage\":{\"@id\":\"https:\/\/barneleker.no\/index.php\/product\/lego-dots-41923-monsterarmband\/#primaryimage\"},\"image\":{\"@id\":\"https:\/\/barneleker.no\/index.php\/product\/lego-dots-41923-monsterarmband\/#primaryimage\"},\"thumbnailUrl\":\"https:\/\/barneleker.no\/wp-content\/uploads\/2022\/02\/lego-dots-41923-monsterarmband.jpg\",\"datePublished\":\"2022-02-08T19:49:18+00:00\",\"breadcrumb\":{\"@id\":\"https:\/\/barneleker.no\/index.php\/product\/lego-dots-41923-monsterarmband\/#breadcrumb\"},\"inLanguage\":\"nb-NO\",\"potentialAction\":[{\"@type\":\"ReadAction\",\"target\":[\"https:\/\/barneleker.no\/index.php\/product\/lego-dots-41923-monsterarmband\/\"]}]},{\"@type\":\"ImageObject\",\"inLanguage\":\"nb-NO\",\"@id\":\"https:\/\/barneleker.no\/index.php\/product\/lego-dots-41923-monsterarmband\/#primaryimage\",\"url\":\"https:\/\/barneleker.no\/wp-content\/uploads\/2022\/02\/lego-dots-41923-monsterarmband.jpg\",\"contentUrl\":\"https:\/\/barneleker.no\/wp-content\/uploads\/2022\/02\/lego-dots-41923-monsterarmband.jpg\",\"width\":555,\"height\":555},{\"@type\":\"BreadcrumbList\",\"@id\":\"https:\/\/barneleker.no\/index.php\/product\/lego-dots-41923-monsterarmband\/#breadcrumb\",\"itemListElement\":[{\"@type\":\"ListItem\",\"position\":1,\"name\":\"Butikken\",\"item\":\"https:\/\/barneleker.no\/\"},{\"@type\":\"ListItem\",\"position\":2,\"name\":\"LEGO DOTS 41923, Monsterarmb\u00e5nd\"}]},{\"@type\":\"WebSite\",\"@id\":\"https:\/\/barneleker.no\/#website\",\"url\":\"https:\/\/barneleker.no\/\",\"name\":\"Barneleker.no\",\"description\":\"Selvf\u00f8lgelig!\",\"publisher\":{\"@id\":\"https:\/\/barneleker.no\/#organization\"},\"potentialAction\":[{\"@type\":\"SearchAction\",\"target\":{\"@type\":\"EntryPoint\",\"urlTemplate\":\"https:\/\/barneleker.no\/?s={search_term_string}\"},\"query-input\":{\"@type\":\"PropertyValueSpecification\",\"valueRequired\":true,\"valueName\":\"search_term_string\"}}],\"inLanguage\":\"nb-NO\"},{\"@type\":\"Organization\",\"@id\":\"https:\/\/barneleker.no\/#organization\",\"name\":\"Barneleker.no\",\"url\":\"https:\/\/barneleker.no\/\",\"logo\":{\"@type\":\"ImageObject\",\"inLanguage\":\"nb-NO\",\"@id\":\"https:\/\/barneleker.no\/#\/schema\/logo\/image\/\",\"url\":\"https:\/\/barneleker.no\/wp-content\/uploads\/2021\/11\/barneleker_logo-780x150-1.jpg\",\"contentUrl\":\"https:\/\/barneleker.no\/wp-content\/uploads\/2021\/11\/barneleker_logo-780x150-1.jpg\",\"width\":780,\"height\":150,\"caption\":\"Barneleker.no\"},\"image\":{\"@id\":\"https:\/\/barneleker.no\/#\/schema\/logo\/image\/\"}}]}<\/script>\n<!-- \/ Yoast SEO plugin. -->","yoast_head_json":{"title":"LEGO DOTS 41923, Monsterarmb\u00e5nd - Barneleker.no","robots":{"index":"index","follow":"follow","max-snippet":"max-snippet:-1","max-image-preview":"max-image-preview:large","max-video-preview":"max-video-preview:-1"},"canonical":"https:\/\/barneleker.no\/index.php\/product\/lego-dots-41923-monsterarmband\/","og_locale":"nb_NO","og_type":"article","og_title":"LEGO DOTS 41923, Monsterarmb\u00e5nd - Barneleker.no","og_description":"Gi barn monstr\u00f8st morsomme designmuligheter med settet LEGO\u00ae DOTS Monsterarmb\u00e5nd (41923)! Det kreative settet inneholder to regulerbare armb\u00e5nd i mintgr\u00f8nt og bl\u00e5tt som passer til&hellip;","og_url":"https:\/\/barneleker.no\/index.php\/product\/lego-dots-41923-monsterarmband\/","og_site_name":"Barneleker.no","twitter_card":"summary_large_image","twitter_misc":{"Ansl. lesetid":"1 minutt"},"schema":{"@context":"https:\/\/schema.org","@graph":[{"@type":"WebPage","@id":"https:\/\/barneleker.no\/index.php\/product\/lego-dots-41923-monsterarmband\/","url":"https:\/\/barneleker.no\/index.php\/product\/lego-dots-41923-monsterarmband\/","name":"LEGO DOTS 41923, Monsterarmb\u00e5nd - Barneleker.no","isPartOf":{"@id":"https:\/\/barneleker.no\/#website"},"primaryImageOfPage":{"@id":"https:\/\/barneleker.no\/index.php\/product\/lego-dots-41923-monsterarmband\/#primaryimage"},"image":{"@id":"https:\/\/barneleker.no\/index.php\/product\/lego-dots-41923-monsterarmband\/#primaryimage"},"thumbnailUrl":"https:\/\/barneleker.no\/wp-content\/uploads\/2022\/02\/lego-dots-41923-monsterarmband.jpg","datePublished":"2022-02-08T19:49:18+00:00","breadcrumb":{"@id":"https:\/\/barneleker.no\/index.php\/product\/lego-dots-41923-monsterarmband\/#breadcrumb"},"inLanguage":"nb-NO","potentialAction":[{"@type":"ReadAction","target":["https:\/\/barneleker.no\/index.php\/product\/lego-dots-41923-monsterarmband\/"]}]},{"@type":"ImageObject","inLanguage":"nb-NO","@id":"https:\/\/barneleker.no\/index.php\/product\/lego-dots-41923-monsterarmband\/#primaryimage","url":"https:\/\/barneleker.no\/wp-content\/uploads\/2022\/02\/lego-dots-41923-monsterarmband.jpg","contentUrl":"https:\/\/barneleker.no\/wp-content\/uploads\/2022\/02\/lego-dots-41923-monsterarmband.jpg","width":555,"height":555},{"@type":"BreadcrumbList","@id":"https:\/\/barneleker.no\/index.php\/product\/lego-dots-41923-monsterarmband\/#breadcrumb","itemListElement":[{"@type":"ListItem","position":1,"name":"Butikken","item":"https:\/\/barneleker.no\/"},{"@type":"ListItem","position":2,"name":"LEGO DOTS 41923, Monsterarmb\u00e5nd"}]},{"@type":"WebSite","@id":"https:\/\/barneleker.no\/#website","url":"https:\/\/barneleker.no\/","name":"Barneleker.no","description":"Selvf\u00f8lgelig!","publisher":{"@id":"https:\/\/barneleker.no\/#organization"},"potentialAction":[{"@type":"SearchAction","target":{"@type":"EntryPoint","urlTemplate":"https:\/\/barneleker.no\/?s={search_term_string}"},"query-input":{"@type":"PropertyValueSpecification","valueRequired":true,"valueName":"search_term_string"}}],"inLanguage":"nb-NO"},{"@type":"Organization","@id":"https:\/\/barneleker.no\/#organization","name":"Barneleker.no","url":"https:\/\/barneleker.no\/","logo":{"@type":"ImageObject","inLanguage":"nb-NO","@id":"https:\/\/barneleker.no\/#\/schema\/logo\/image\/","url":"https:\/\/barneleker.no\/wp-content\/uploads\/2021\/11\/barneleker_logo-780x150-1.jpg","contentUrl":"https:\/\/barneleker.no\/wp-content\/uploads\/2021\/11\/barneleker_logo-780x150-1.jpg","width":780,"height":150,"caption":"Barneleker.no"},"image":{"@id":"https:\/\/barneleker.no\/#\/schema\/logo\/image\/"}}]}},"_links":{"self":[{"href":"https:\/\/barneleker.no\/index.php\/wp-json\/wp\/v2\/product\/12222","targetHints":{"allow":["GET"]}}],"collection":[{"href":"https:\/\/barneleker.no\/index.php\/wp-json\/wp\/v2\/product"}],"about":[{"href":"https:\/\/barneleker.no\/index.php\/wp-json\/wp\/v2\/types\/product"}],"replies":[{"embeddable":true,"href":"https:\/\/barneleker.no\/index.php\/wp-json\/wp\/v2\/comments?post=12222"}],"wp:featuredmedia":[{"embeddable":true,"href":"https:\/\/barneleker.no\/index.php\/wp-json\/wp\/v2\/media\/12221"}],"wp:attachment":[{"href":"https:\/\/barneleker.no\/index.php\/wp-json\/wp\/v2\/media?parent=12222"}],"wp:term":[{"taxonomy":"product_brand","embeddable":true,"href":"https:\/\/barneleker.no\/index.php\/wp-json\/wp\/v2\/product_brand?post=12222"},{"taxonomy":"product_cat","embeddable":true,"href":"https:\/\/barneleker.no\/index.php\/wp-json\/wp\/v2\/product_cat?post=12222"},{"taxonomy":"product_tag","embeddable":true,"href":"https:\/\/barneleker.no\/index.php\/wp-json\/wp\/v2\/product_tag?post=12222"}],"curies":[{"name":"wp","href":"https:\/\/api.w.org\/{rel}","templated":true}]}}