{"id":12232,"date":"2022-02-08T19:49:22","date_gmt":"2022-02-08T19:49:22","guid":{"rendered":"https:\/\/barneleker.no\/index.php\/product\/our-generation-sweet-kitchen\/"},"modified":"2022-02-08T19:49:22","modified_gmt":"2022-02-08T19:49:22","slug":"our-generation-sweet-kitchen","status":"publish","type":"product","link":"https:\/\/barneleker.no\/index.php\/product\/our-generation-sweet-kitchen\/","title":{"rendered":"Our Generation, Sweet Kitchen"},"content":{"rendered":"<p>Dette moderne kj\u00f8kkentilbeh\u00f8ret har realistiske detaljer som gj\u00f8r matlaging som rolek ekstra spesiell. Planlegg en deilig frokost, lunsj og middag mens du serverer frukt, toast og kok biff p\u00e5 komfyren! Det er alltid plass til dessert! Bruk parabolen og visp for \u00e5 bake gode muffins, og trekk dem ut fra ovnen og begynn \u00e5 dekorere med glasurposen! Klar? Diska plater og kj\u00f8kkenutstyr i vasken med sopp og vaskemiddel f\u00f8r organisering av hyller, skap og skuffer! \u00c5 ha ditt eget kj\u00f8kken er alltid s\u00e5 morsomt!<\/p>\n","protected":false},"excerpt":{"rendered":"<p>Dette moderne kj\u00f8kkentilbeh\u00f8ret har realistiske detaljer som gj\u00f8r matlaging som rolek ekstra spesiell. Planlegg en deilig frokost, lunsj og middag mens du serverer frukt, toast&hellip;<\/p>\n","protected":false},"featured_media":12231,"comment_status":"open","ping_status":"closed","template":"","meta":[],"product_brand":[],"product_cat":[345],"product_tag":[],"class_list":{"0":"post-12232","1":"product","2":"type-product","3":"status-publish","4":"has-post-thumbnail","6":"product_cat-dockor","8":"first","9":"instock","10":"shipping-taxable","11":"product-type-external","12":"customify-col"},"yoast_head":"<!-- This site is optimized with the Yoast SEO plugin v26.0 - https:\/\/yoast.com\/wordpress\/plugins\/seo\/ -->\n<title>Our Generation, Sweet Kitchen - Barneleker.no<\/title>\n<meta name=\"robots\" content=\"index, follow, max-snippet:-1, max-image-preview:large, max-video-preview:-1\" \/>\n<link rel=\"canonical\" href=\"https:\/\/barneleker.no\/index.php\/product\/our-generation-sweet-kitchen\/\" \/>\n<meta property=\"og:locale\" content=\"nb_NO\" \/>\n<meta property=\"og:type\" content=\"article\" \/>\n<meta property=\"og:title\" content=\"Our Generation, Sweet Kitchen - Barneleker.no\" \/>\n<meta property=\"og:description\" content=\"Dette moderne kj\u00f8kkentilbeh\u00f8ret har realistiske detaljer som gj\u00f8r matlaging som rolek ekstra spesiell. Planlegg en deilig frokost, lunsj og middag mens du serverer frukt, toast&hellip;\" \/>\n<meta property=\"og:url\" content=\"https:\/\/barneleker.no\/index.php\/product\/our-generation-sweet-kitchen\/\" \/>\n<meta property=\"og:site_name\" content=\"Barneleker.no\" \/>\n<meta name=\"twitter:card\" content=\"summary_large_image\" \/>\n<script type=\"application\/ld+json\" class=\"yoast-schema-graph\">{\"@context\":\"https:\/\/schema.org\",\"@graph\":[{\"@type\":\"WebPage\",\"@id\":\"https:\/\/barneleker.no\/index.php\/product\/our-generation-sweet-kitchen\/\",\"url\":\"https:\/\/barneleker.no\/index.php\/product\/our-generation-sweet-kitchen\/\",\"name\":\"Our Generation, Sweet Kitchen - Barneleker.no\",\"isPartOf\":{\"@id\":\"https:\/\/barneleker.no\/#website\"},\"primaryImageOfPage\":{\"@id\":\"https:\/\/barneleker.no\/index.php\/product\/our-generation-sweet-kitchen\/#primaryimage\"},\"image\":{\"@id\":\"https:\/\/barneleker.no\/index.php\/product\/our-generation-sweet-kitchen\/#primaryimage\"},\"thumbnailUrl\":\"https:\/\/barneleker.no\/wp-content\/uploads\/2022\/02\/our-generation-sweet-kitchen.png\",\"datePublished\":\"2022-02-08T19:49:22+00:00\",\"breadcrumb\":{\"@id\":\"https:\/\/barneleker.no\/index.php\/product\/our-generation-sweet-kitchen\/#breadcrumb\"},\"inLanguage\":\"nb-NO\",\"potentialAction\":[{\"@type\":\"ReadAction\",\"target\":[\"https:\/\/barneleker.no\/index.php\/product\/our-generation-sweet-kitchen\/\"]}]},{\"@type\":\"ImageObject\",\"inLanguage\":\"nb-NO\",\"@id\":\"https:\/\/barneleker.no\/index.php\/product\/our-generation-sweet-kitchen\/#primaryimage\",\"url\":\"https:\/\/barneleker.no\/wp-content\/uploads\/2022\/02\/our-generation-sweet-kitchen.png\",\"contentUrl\":\"https:\/\/barneleker.no\/wp-content\/uploads\/2022\/02\/our-generation-sweet-kitchen.png\",\"width\":555,\"height\":555},{\"@type\":\"BreadcrumbList\",\"@id\":\"https:\/\/barneleker.no\/index.php\/product\/our-generation-sweet-kitchen\/#breadcrumb\",\"itemListElement\":[{\"@type\":\"ListItem\",\"position\":1,\"name\":\"Butikken\",\"item\":\"https:\/\/barneleker.no\/\"},{\"@type\":\"ListItem\",\"position\":2,\"name\":\"Our Generation, Sweet Kitchen\"}]},{\"@type\":\"WebSite\",\"@id\":\"https:\/\/barneleker.no\/#website\",\"url\":\"https:\/\/barneleker.no\/\",\"name\":\"Barneleker.no\",\"description\":\"Selvf\u00f8lgelig!\",\"publisher\":{\"@id\":\"https:\/\/barneleker.no\/#organization\"},\"potentialAction\":[{\"@type\":\"SearchAction\",\"target\":{\"@type\":\"EntryPoint\",\"urlTemplate\":\"https:\/\/barneleker.no\/?s={search_term_string}\"},\"query-input\":{\"@type\":\"PropertyValueSpecification\",\"valueRequired\":true,\"valueName\":\"search_term_string\"}}],\"inLanguage\":\"nb-NO\"},{\"@type\":\"Organization\",\"@id\":\"https:\/\/barneleker.no\/#organization\",\"name\":\"Barneleker.no\",\"url\":\"https:\/\/barneleker.no\/\",\"logo\":{\"@type\":\"ImageObject\",\"inLanguage\":\"nb-NO\",\"@id\":\"https:\/\/barneleker.no\/#\/schema\/logo\/image\/\",\"url\":\"https:\/\/barneleker.no\/wp-content\/uploads\/2021\/11\/barneleker_logo-780x150-1.jpg\",\"contentUrl\":\"https:\/\/barneleker.no\/wp-content\/uploads\/2021\/11\/barneleker_logo-780x150-1.jpg\",\"width\":780,\"height\":150,\"caption\":\"Barneleker.no\"},\"image\":{\"@id\":\"https:\/\/barneleker.no\/#\/schema\/logo\/image\/\"}}]}<\/script>\n<!-- \/ Yoast SEO plugin. -->","yoast_head_json":{"title":"Our Generation, Sweet Kitchen - Barneleker.no","robots":{"index":"index","follow":"follow","max-snippet":"max-snippet:-1","max-image-preview":"max-image-preview:large","max-video-preview":"max-video-preview:-1"},"canonical":"https:\/\/barneleker.no\/index.php\/product\/our-generation-sweet-kitchen\/","og_locale":"nb_NO","og_type":"article","og_title":"Our Generation, Sweet Kitchen - Barneleker.no","og_description":"Dette moderne kj\u00f8kkentilbeh\u00f8ret har realistiske detaljer som gj\u00f8r matlaging som rolek ekstra spesiell. Planlegg en deilig frokost, lunsj og middag mens du serverer frukt, toast&hellip;","og_url":"https:\/\/barneleker.no\/index.php\/product\/our-generation-sweet-kitchen\/","og_site_name":"Barneleker.no","twitter_card":"summary_large_image","schema":{"@context":"https:\/\/schema.org","@graph":[{"@type":"WebPage","@id":"https:\/\/barneleker.no\/index.php\/product\/our-generation-sweet-kitchen\/","url":"https:\/\/barneleker.no\/index.php\/product\/our-generation-sweet-kitchen\/","name":"Our Generation, Sweet Kitchen - Barneleker.no","isPartOf":{"@id":"https:\/\/barneleker.no\/#website"},"primaryImageOfPage":{"@id":"https:\/\/barneleker.no\/index.php\/product\/our-generation-sweet-kitchen\/#primaryimage"},"image":{"@id":"https:\/\/barneleker.no\/index.php\/product\/our-generation-sweet-kitchen\/#primaryimage"},"thumbnailUrl":"https:\/\/barneleker.no\/wp-content\/uploads\/2022\/02\/our-generation-sweet-kitchen.png","datePublished":"2022-02-08T19:49:22+00:00","breadcrumb":{"@id":"https:\/\/barneleker.no\/index.php\/product\/our-generation-sweet-kitchen\/#breadcrumb"},"inLanguage":"nb-NO","potentialAction":[{"@type":"ReadAction","target":["https:\/\/barneleker.no\/index.php\/product\/our-generation-sweet-kitchen\/"]}]},{"@type":"ImageObject","inLanguage":"nb-NO","@id":"https:\/\/barneleker.no\/index.php\/product\/our-generation-sweet-kitchen\/#primaryimage","url":"https:\/\/barneleker.no\/wp-content\/uploads\/2022\/02\/our-generation-sweet-kitchen.png","contentUrl":"https:\/\/barneleker.no\/wp-content\/uploads\/2022\/02\/our-generation-sweet-kitchen.png","width":555,"height":555},{"@type":"BreadcrumbList","@id":"https:\/\/barneleker.no\/index.php\/product\/our-generation-sweet-kitchen\/#breadcrumb","itemListElement":[{"@type":"ListItem","position":1,"name":"Butikken","item":"https:\/\/barneleker.no\/"},{"@type":"ListItem","position":2,"name":"Our Generation, Sweet Kitchen"}]},{"@type":"WebSite","@id":"https:\/\/barneleker.no\/#website","url":"https:\/\/barneleker.no\/","name":"Barneleker.no","description":"Selvf\u00f8lgelig!","publisher":{"@id":"https:\/\/barneleker.no\/#organization"},"potentialAction":[{"@type":"SearchAction","target":{"@type":"EntryPoint","urlTemplate":"https:\/\/barneleker.no\/?s={search_term_string}"},"query-input":{"@type":"PropertyValueSpecification","valueRequired":true,"valueName":"search_term_string"}}],"inLanguage":"nb-NO"},{"@type":"Organization","@id":"https:\/\/barneleker.no\/#organization","name":"Barneleker.no","url":"https:\/\/barneleker.no\/","logo":{"@type":"ImageObject","inLanguage":"nb-NO","@id":"https:\/\/barneleker.no\/#\/schema\/logo\/image\/","url":"https:\/\/barneleker.no\/wp-content\/uploads\/2021\/11\/barneleker_logo-780x150-1.jpg","contentUrl":"https:\/\/barneleker.no\/wp-content\/uploads\/2021\/11\/barneleker_logo-780x150-1.jpg","width":780,"height":150,"caption":"Barneleker.no"},"image":{"@id":"https:\/\/barneleker.no\/#\/schema\/logo\/image\/"}}]}},"_links":{"self":[{"href":"https:\/\/barneleker.no\/index.php\/wp-json\/wp\/v2\/product\/12232","targetHints":{"allow":["GET"]}}],"collection":[{"href":"https:\/\/barneleker.no\/index.php\/wp-json\/wp\/v2\/product"}],"about":[{"href":"https:\/\/barneleker.no\/index.php\/wp-json\/wp\/v2\/types\/product"}],"replies":[{"embeddable":true,"href":"https:\/\/barneleker.no\/index.php\/wp-json\/wp\/v2\/comments?post=12232"}],"wp:featuredmedia":[{"embeddable":true,"href":"https:\/\/barneleker.no\/index.php\/wp-json\/wp\/v2\/media\/12231"}],"wp:attachment":[{"href":"https:\/\/barneleker.no\/index.php\/wp-json\/wp\/v2\/media?parent=12232"}],"wp:term":[{"taxonomy":"product_brand","embeddable":true,"href":"https:\/\/barneleker.no\/index.php\/wp-json\/wp\/v2\/product_brand?post=12232"},{"taxonomy":"product_cat","embeddable":true,"href":"https:\/\/barneleker.no\/index.php\/wp-json\/wp\/v2\/product_cat?post=12232"},{"taxonomy":"product_tag","embeddable":true,"href":"https:\/\/barneleker.no\/index.php\/wp-json\/wp\/v2\/product_tag?post=12232"}],"curies":[{"name":"wp","href":"https:\/\/api.w.org\/{rel}","templated":true}]}}