{"id":12264,"date":"2022-02-08T19:49:33","date_gmt":"2022-02-08T19:49:33","guid":{"rendered":"https:\/\/barneleker.no\/index.php\/product\/skills-on-wheels-skills-fotballmal-274x152x152\/"},"modified":"2022-02-08T19:49:33","modified_gmt":"2022-02-08T19:49:33","slug":"skills-on-wheels-skills-fotballmal-274x152x152","status":"publish","type":"product","link":"https:\/\/barneleker.no\/index.php\/product\/skills-on-wheels-skills-fotballmal-274x152x152\/","title":{"rendered":"Skills on Wheels Skills, Fotballm\u00e5l 274x152x152"},"content":{"rendered":"<p>N\u00e5 kan du ta fotballfeltet med deg og spille n\u00e5r det faller inn, p\u00e5 stranden, p\u00e5 piknik eller p\u00e5 bryllupet n\u00e5r mors mor ikke vet at det er p\u00e5 tide \u00e5 avrunde talen. Hele m\u00e5let kan v\u00e6re supernabber foldet sammen i den glatte b\u00e6reveske og sette m\u00e5let g\u00e5r enda raskere, p\u00e5 for et sekund \u00e5 ta det ut av posen.<\/p>\n","protected":false},"excerpt":{"rendered":"<p>N\u00e5 kan du ta fotballfeltet med deg og spille n\u00e5r det faller inn, p\u00e5 stranden, p\u00e5 piknik eller p\u00e5 bryllupet n\u00e5r mors mor ikke vet&hellip;<\/p>\n","protected":false},"featured_media":12263,"comment_status":"open","ping_status":"closed","template":"","meta":[],"product_brand":[],"product_cat":[399],"product_tag":[],"class_list":{"0":"post-12264","1":"product","2":"type-product","3":"status-publish","4":"has-post-thumbnail","6":"product_cat-mal","8":"first","9":"instock","10":"shipping-taxable","11":"product-type-external","12":"customify-col"},"yoast_head":"<!-- This site is optimized with the Yoast SEO plugin v26.0 - https:\/\/yoast.com\/wordpress\/plugins\/seo\/ -->\n<title>Skills on Wheels Skills, Fotballm\u00e5l 274x152x152 - Barneleker.no<\/title>\n<meta name=\"robots\" content=\"index, follow, max-snippet:-1, max-image-preview:large, max-video-preview:-1\" \/>\n<link rel=\"canonical\" href=\"https:\/\/barneleker.no\/index.php\/product\/skills-on-wheels-skills-fotballmal-274x152x152\/\" \/>\n<meta property=\"og:locale\" content=\"nb_NO\" \/>\n<meta property=\"og:type\" content=\"article\" \/>\n<meta property=\"og:title\" content=\"Skills on Wheels Skills, Fotballm\u00e5l 274x152x152 - Barneleker.no\" \/>\n<meta property=\"og:description\" content=\"N\u00e5 kan du ta fotballfeltet med deg og spille n\u00e5r det faller inn, p\u00e5 stranden, p\u00e5 piknik eller p\u00e5 bryllupet n\u00e5r mors mor ikke vet&hellip;\" \/>\n<meta property=\"og:url\" content=\"https:\/\/barneleker.no\/index.php\/product\/skills-on-wheels-skills-fotballmal-274x152x152\/\" \/>\n<meta property=\"og:site_name\" content=\"Barneleker.no\" \/>\n<meta name=\"twitter:card\" content=\"summary_large_image\" \/>\n<script type=\"application\/ld+json\" class=\"yoast-schema-graph\">{\"@context\":\"https:\/\/schema.org\",\"@graph\":[{\"@type\":\"WebPage\",\"@id\":\"https:\/\/barneleker.no\/index.php\/product\/skills-on-wheels-skills-fotballmal-274x152x152\/\",\"url\":\"https:\/\/barneleker.no\/index.php\/product\/skills-on-wheels-skills-fotballmal-274x152x152\/\",\"name\":\"Skills on Wheels Skills, Fotballm\u00e5l 274x152x152 - Barneleker.no\",\"isPartOf\":{\"@id\":\"https:\/\/barneleker.no\/#website\"},\"primaryImageOfPage\":{\"@id\":\"https:\/\/barneleker.no\/index.php\/product\/skills-on-wheels-skills-fotballmal-274x152x152\/#primaryimage\"},\"image\":{\"@id\":\"https:\/\/barneleker.no\/index.php\/product\/skills-on-wheels-skills-fotballmal-274x152x152\/#primaryimage\"},\"thumbnailUrl\":\"https:\/\/barneleker.no\/wp-content\/uploads\/2022\/02\/skills-fotballmal-274x152x152.jpg\",\"datePublished\":\"2022-02-08T19:49:33+00:00\",\"breadcrumb\":{\"@id\":\"https:\/\/barneleker.no\/index.php\/product\/skills-on-wheels-skills-fotballmal-274x152x152\/#breadcrumb\"},\"inLanguage\":\"nb-NO\",\"potentialAction\":[{\"@type\":\"ReadAction\",\"target\":[\"https:\/\/barneleker.no\/index.php\/product\/skills-on-wheels-skills-fotballmal-274x152x152\/\"]}]},{\"@type\":\"ImageObject\",\"inLanguage\":\"nb-NO\",\"@id\":\"https:\/\/barneleker.no\/index.php\/product\/skills-on-wheels-skills-fotballmal-274x152x152\/#primaryimage\",\"url\":\"https:\/\/barneleker.no\/wp-content\/uploads\/2022\/02\/skills-fotballmal-274x152x152.jpg\",\"contentUrl\":\"https:\/\/barneleker.no\/wp-content\/uploads\/2022\/02\/skills-fotballmal-274x152x152.jpg\",\"width\":555,\"height\":555},{\"@type\":\"BreadcrumbList\",\"@id\":\"https:\/\/barneleker.no\/index.php\/product\/skills-on-wheels-skills-fotballmal-274x152x152\/#breadcrumb\",\"itemListElement\":[{\"@type\":\"ListItem\",\"position\":1,\"name\":\"Butikken\",\"item\":\"https:\/\/barneleker.no\/\"},{\"@type\":\"ListItem\",\"position\":2,\"name\":\"Skills on Wheels Skills, Fotballm\u00e5l 274x152x152\"}]},{\"@type\":\"WebSite\",\"@id\":\"https:\/\/barneleker.no\/#website\",\"url\":\"https:\/\/barneleker.no\/\",\"name\":\"Barneleker.no\",\"description\":\"Selvf\u00f8lgelig!\",\"publisher\":{\"@id\":\"https:\/\/barneleker.no\/#organization\"},\"potentialAction\":[{\"@type\":\"SearchAction\",\"target\":{\"@type\":\"EntryPoint\",\"urlTemplate\":\"https:\/\/barneleker.no\/?s={search_term_string}\"},\"query-input\":{\"@type\":\"PropertyValueSpecification\",\"valueRequired\":true,\"valueName\":\"search_term_string\"}}],\"inLanguage\":\"nb-NO\"},{\"@type\":\"Organization\",\"@id\":\"https:\/\/barneleker.no\/#organization\",\"name\":\"Barneleker.no\",\"url\":\"https:\/\/barneleker.no\/\",\"logo\":{\"@type\":\"ImageObject\",\"inLanguage\":\"nb-NO\",\"@id\":\"https:\/\/barneleker.no\/#\/schema\/logo\/image\/\",\"url\":\"https:\/\/barneleker.no\/wp-content\/uploads\/2021\/11\/barneleker_logo-780x150-1.jpg\",\"contentUrl\":\"https:\/\/barneleker.no\/wp-content\/uploads\/2021\/11\/barneleker_logo-780x150-1.jpg\",\"width\":780,\"height\":150,\"caption\":\"Barneleker.no\"},\"image\":{\"@id\":\"https:\/\/barneleker.no\/#\/schema\/logo\/image\/\"}}]}<\/script>\n<!-- \/ Yoast SEO plugin. -->","yoast_head_json":{"title":"Skills on Wheels Skills, Fotballm\u00e5l 274x152x152 - Barneleker.no","robots":{"index":"index","follow":"follow","max-snippet":"max-snippet:-1","max-image-preview":"max-image-preview:large","max-video-preview":"max-video-preview:-1"},"canonical":"https:\/\/barneleker.no\/index.php\/product\/skills-on-wheels-skills-fotballmal-274x152x152\/","og_locale":"nb_NO","og_type":"article","og_title":"Skills on Wheels Skills, Fotballm\u00e5l 274x152x152 - Barneleker.no","og_description":"N\u00e5 kan du ta fotballfeltet med deg og spille n\u00e5r det faller inn, p\u00e5 stranden, p\u00e5 piknik eller p\u00e5 bryllupet n\u00e5r mors mor ikke vet&hellip;","og_url":"https:\/\/barneleker.no\/index.php\/product\/skills-on-wheels-skills-fotballmal-274x152x152\/","og_site_name":"Barneleker.no","twitter_card":"summary_large_image","schema":{"@context":"https:\/\/schema.org","@graph":[{"@type":"WebPage","@id":"https:\/\/barneleker.no\/index.php\/product\/skills-on-wheels-skills-fotballmal-274x152x152\/","url":"https:\/\/barneleker.no\/index.php\/product\/skills-on-wheels-skills-fotballmal-274x152x152\/","name":"Skills on Wheels Skills, Fotballm\u00e5l 274x152x152 - Barneleker.no","isPartOf":{"@id":"https:\/\/barneleker.no\/#website"},"primaryImageOfPage":{"@id":"https:\/\/barneleker.no\/index.php\/product\/skills-on-wheels-skills-fotballmal-274x152x152\/#primaryimage"},"image":{"@id":"https:\/\/barneleker.no\/index.php\/product\/skills-on-wheels-skills-fotballmal-274x152x152\/#primaryimage"},"thumbnailUrl":"https:\/\/barneleker.no\/wp-content\/uploads\/2022\/02\/skills-fotballmal-274x152x152.jpg","datePublished":"2022-02-08T19:49:33+00:00","breadcrumb":{"@id":"https:\/\/barneleker.no\/index.php\/product\/skills-on-wheels-skills-fotballmal-274x152x152\/#breadcrumb"},"inLanguage":"nb-NO","potentialAction":[{"@type":"ReadAction","target":["https:\/\/barneleker.no\/index.php\/product\/skills-on-wheels-skills-fotballmal-274x152x152\/"]}]},{"@type":"ImageObject","inLanguage":"nb-NO","@id":"https:\/\/barneleker.no\/index.php\/product\/skills-on-wheels-skills-fotballmal-274x152x152\/#primaryimage","url":"https:\/\/barneleker.no\/wp-content\/uploads\/2022\/02\/skills-fotballmal-274x152x152.jpg","contentUrl":"https:\/\/barneleker.no\/wp-content\/uploads\/2022\/02\/skills-fotballmal-274x152x152.jpg","width":555,"height":555},{"@type":"BreadcrumbList","@id":"https:\/\/barneleker.no\/index.php\/product\/skills-on-wheels-skills-fotballmal-274x152x152\/#breadcrumb","itemListElement":[{"@type":"ListItem","position":1,"name":"Butikken","item":"https:\/\/barneleker.no\/"},{"@type":"ListItem","position":2,"name":"Skills on Wheels Skills, Fotballm\u00e5l 274x152x152"}]},{"@type":"WebSite","@id":"https:\/\/barneleker.no\/#website","url":"https:\/\/barneleker.no\/","name":"Barneleker.no","description":"Selvf\u00f8lgelig!","publisher":{"@id":"https:\/\/barneleker.no\/#organization"},"potentialAction":[{"@type":"SearchAction","target":{"@type":"EntryPoint","urlTemplate":"https:\/\/barneleker.no\/?s={search_term_string}"},"query-input":{"@type":"PropertyValueSpecification","valueRequired":true,"valueName":"search_term_string"}}],"inLanguage":"nb-NO"},{"@type":"Organization","@id":"https:\/\/barneleker.no\/#organization","name":"Barneleker.no","url":"https:\/\/barneleker.no\/","logo":{"@type":"ImageObject","inLanguage":"nb-NO","@id":"https:\/\/barneleker.no\/#\/schema\/logo\/image\/","url":"https:\/\/barneleker.no\/wp-content\/uploads\/2021\/11\/barneleker_logo-780x150-1.jpg","contentUrl":"https:\/\/barneleker.no\/wp-content\/uploads\/2021\/11\/barneleker_logo-780x150-1.jpg","width":780,"height":150,"caption":"Barneleker.no"},"image":{"@id":"https:\/\/barneleker.no\/#\/schema\/logo\/image\/"}}]}},"_links":{"self":[{"href":"https:\/\/barneleker.no\/index.php\/wp-json\/wp\/v2\/product\/12264","targetHints":{"allow":["GET"]}}],"collection":[{"href":"https:\/\/barneleker.no\/index.php\/wp-json\/wp\/v2\/product"}],"about":[{"href":"https:\/\/barneleker.no\/index.php\/wp-json\/wp\/v2\/types\/product"}],"replies":[{"embeddable":true,"href":"https:\/\/barneleker.no\/index.php\/wp-json\/wp\/v2\/comments?post=12264"}],"wp:featuredmedia":[{"embeddable":true,"href":"https:\/\/barneleker.no\/index.php\/wp-json\/wp\/v2\/media\/12263"}],"wp:attachment":[{"href":"https:\/\/barneleker.no\/index.php\/wp-json\/wp\/v2\/media?parent=12264"}],"wp:term":[{"taxonomy":"product_brand","embeddable":true,"href":"https:\/\/barneleker.no\/index.php\/wp-json\/wp\/v2\/product_brand?post=12264"},{"taxonomy":"product_cat","embeddable":true,"href":"https:\/\/barneleker.no\/index.php\/wp-json\/wp\/v2\/product_cat?post=12264"},{"taxonomy":"product_tag","embeddable":true,"href":"https:\/\/barneleker.no\/index.php\/wp-json\/wp\/v2\/product_tag?post=12264"}],"curies":[{"name":"wp","href":"https:\/\/api.w.org\/{rel}","templated":true}]}}