{"id":12268,"date":"2022-02-08T19:49:35","date_gmt":"2022-02-08T19:49:35","guid":{"rendered":"https:\/\/barneleker.no\/index.php\/product\/cool-maker-hollywood-hair-studio\/"},"modified":"2022-02-08T19:49:35","modified_gmt":"2022-02-08T19:49:35","slug":"cool-maker-hollywood-hair-studio","status":"publish","type":"product","link":"https:\/\/barneleker.no\/index.php\/product\/cool-maker-hollywood-hair-studio\/","title":{"rendered":"Cool Maker, Hollywood Hair Studio"},"content":{"rendered":"<p>Style h\u00e5ret ditt med Cool Maker Hollywood H\u00e5r Studio! Dette er det eneste H\u00e5r Studio som lar deg lage dine egne h\u00e5rextensions. Du kan selv velge farger og styles til dine h\u00e5rekstensions. Slipp l\u00f8s fantasien og lag fantastiske og kreative looks. Inkludert i settet er 12 h\u00e5rextensions sammen med 6 klips til \u00e5 designe, lage og style.<\/p>\n","protected":false},"excerpt":{"rendered":"<p>Style h\u00e5ret ditt med Cool Maker Hollywood H\u00e5r Studio! Dette er det eneste H\u00e5r Studio som lar deg lage dine egne h\u00e5rextensions. Du kan selv&hellip;<\/p>\n","protected":false},"featured_media":12267,"comment_status":"open","ping_status":"closed","template":"","meta":[],"product_brand":[],"product_cat":[420],"product_tag":[],"class_list":{"0":"post-12268","1":"product","2":"type-product","3":"status-publish","4":"has-post-thumbnail","6":"product_cat-pysselset","8":"first","9":"instock","10":"shipping-taxable","11":"product-type-external","12":"customify-col"},"yoast_head":"<!-- This site is optimized with the Yoast SEO plugin v26.0 - https:\/\/yoast.com\/wordpress\/plugins\/seo\/ -->\n<title>Cool Maker, Hollywood Hair Studio - Barneleker.no<\/title>\n<meta name=\"robots\" content=\"index, follow, max-snippet:-1, max-image-preview:large, max-video-preview:-1\" \/>\n<link rel=\"canonical\" href=\"https:\/\/barneleker.no\/index.php\/product\/cool-maker-hollywood-hair-studio\/\" \/>\n<meta property=\"og:locale\" content=\"nb_NO\" \/>\n<meta property=\"og:type\" content=\"article\" \/>\n<meta property=\"og:title\" content=\"Cool Maker, Hollywood Hair Studio - Barneleker.no\" \/>\n<meta property=\"og:description\" content=\"Style h\u00e5ret ditt med Cool Maker Hollywood H\u00e5r Studio! Dette er det eneste H\u00e5r Studio som lar deg lage dine egne h\u00e5rextensions. Du kan selv&hellip;\" \/>\n<meta property=\"og:url\" content=\"https:\/\/barneleker.no\/index.php\/product\/cool-maker-hollywood-hair-studio\/\" \/>\n<meta property=\"og:site_name\" content=\"Barneleker.no\" \/>\n<meta name=\"twitter:card\" content=\"summary_large_image\" \/>\n<script type=\"application\/ld+json\" class=\"yoast-schema-graph\">{\"@context\":\"https:\/\/schema.org\",\"@graph\":[{\"@type\":\"WebPage\",\"@id\":\"https:\/\/barneleker.no\/index.php\/product\/cool-maker-hollywood-hair-studio\/\",\"url\":\"https:\/\/barneleker.no\/index.php\/product\/cool-maker-hollywood-hair-studio\/\",\"name\":\"Cool Maker, Hollywood Hair Studio - Barneleker.no\",\"isPartOf\":{\"@id\":\"https:\/\/barneleker.no\/#website\"},\"primaryImageOfPage\":{\"@id\":\"https:\/\/barneleker.no\/index.php\/product\/cool-maker-hollywood-hair-studio\/#primaryimage\"},\"image\":{\"@id\":\"https:\/\/barneleker.no\/index.php\/product\/cool-maker-hollywood-hair-studio\/#primaryimage\"},\"thumbnailUrl\":\"https:\/\/barneleker.no\/wp-content\/uploads\/2022\/02\/cool-maker-hollywood-hair-studio.jpg\",\"datePublished\":\"2022-02-08T19:49:35+00:00\",\"breadcrumb\":{\"@id\":\"https:\/\/barneleker.no\/index.php\/product\/cool-maker-hollywood-hair-studio\/#breadcrumb\"},\"inLanguage\":\"nb-NO\",\"potentialAction\":[{\"@type\":\"ReadAction\",\"target\":[\"https:\/\/barneleker.no\/index.php\/product\/cool-maker-hollywood-hair-studio\/\"]}]},{\"@type\":\"ImageObject\",\"inLanguage\":\"nb-NO\",\"@id\":\"https:\/\/barneleker.no\/index.php\/product\/cool-maker-hollywood-hair-studio\/#primaryimage\",\"url\":\"https:\/\/barneleker.no\/wp-content\/uploads\/2022\/02\/cool-maker-hollywood-hair-studio.jpg\",\"contentUrl\":\"https:\/\/barneleker.no\/wp-content\/uploads\/2022\/02\/cool-maker-hollywood-hair-studio.jpg\",\"width\":555,\"height\":555},{\"@type\":\"BreadcrumbList\",\"@id\":\"https:\/\/barneleker.no\/index.php\/product\/cool-maker-hollywood-hair-studio\/#breadcrumb\",\"itemListElement\":[{\"@type\":\"ListItem\",\"position\":1,\"name\":\"Butikken\",\"item\":\"https:\/\/barneleker.no\/\"},{\"@type\":\"ListItem\",\"position\":2,\"name\":\"Cool Maker, Hollywood Hair Studio\"}]},{\"@type\":\"WebSite\",\"@id\":\"https:\/\/barneleker.no\/#website\",\"url\":\"https:\/\/barneleker.no\/\",\"name\":\"Barneleker.no\",\"description\":\"Selvf\u00f8lgelig!\",\"publisher\":{\"@id\":\"https:\/\/barneleker.no\/#organization\"},\"potentialAction\":[{\"@type\":\"SearchAction\",\"target\":{\"@type\":\"EntryPoint\",\"urlTemplate\":\"https:\/\/barneleker.no\/?s={search_term_string}\"},\"query-input\":{\"@type\":\"PropertyValueSpecification\",\"valueRequired\":true,\"valueName\":\"search_term_string\"}}],\"inLanguage\":\"nb-NO\"},{\"@type\":\"Organization\",\"@id\":\"https:\/\/barneleker.no\/#organization\",\"name\":\"Barneleker.no\",\"url\":\"https:\/\/barneleker.no\/\",\"logo\":{\"@type\":\"ImageObject\",\"inLanguage\":\"nb-NO\",\"@id\":\"https:\/\/barneleker.no\/#\/schema\/logo\/image\/\",\"url\":\"https:\/\/barneleker.no\/wp-content\/uploads\/2021\/11\/barneleker_logo-780x150-1.jpg\",\"contentUrl\":\"https:\/\/barneleker.no\/wp-content\/uploads\/2021\/11\/barneleker_logo-780x150-1.jpg\",\"width\":780,\"height\":150,\"caption\":\"Barneleker.no\"},\"image\":{\"@id\":\"https:\/\/barneleker.no\/#\/schema\/logo\/image\/\"}}]}<\/script>\n<!-- \/ Yoast SEO plugin. -->","yoast_head_json":{"title":"Cool Maker, Hollywood Hair Studio - Barneleker.no","robots":{"index":"index","follow":"follow","max-snippet":"max-snippet:-1","max-image-preview":"max-image-preview:large","max-video-preview":"max-video-preview:-1"},"canonical":"https:\/\/barneleker.no\/index.php\/product\/cool-maker-hollywood-hair-studio\/","og_locale":"nb_NO","og_type":"article","og_title":"Cool Maker, Hollywood Hair Studio - Barneleker.no","og_description":"Style h\u00e5ret ditt med Cool Maker Hollywood H\u00e5r Studio! Dette er det eneste H\u00e5r Studio som lar deg lage dine egne h\u00e5rextensions. Du kan selv&hellip;","og_url":"https:\/\/barneleker.no\/index.php\/product\/cool-maker-hollywood-hair-studio\/","og_site_name":"Barneleker.no","twitter_card":"summary_large_image","schema":{"@context":"https:\/\/schema.org","@graph":[{"@type":"WebPage","@id":"https:\/\/barneleker.no\/index.php\/product\/cool-maker-hollywood-hair-studio\/","url":"https:\/\/barneleker.no\/index.php\/product\/cool-maker-hollywood-hair-studio\/","name":"Cool Maker, Hollywood Hair Studio - Barneleker.no","isPartOf":{"@id":"https:\/\/barneleker.no\/#website"},"primaryImageOfPage":{"@id":"https:\/\/barneleker.no\/index.php\/product\/cool-maker-hollywood-hair-studio\/#primaryimage"},"image":{"@id":"https:\/\/barneleker.no\/index.php\/product\/cool-maker-hollywood-hair-studio\/#primaryimage"},"thumbnailUrl":"https:\/\/barneleker.no\/wp-content\/uploads\/2022\/02\/cool-maker-hollywood-hair-studio.jpg","datePublished":"2022-02-08T19:49:35+00:00","breadcrumb":{"@id":"https:\/\/barneleker.no\/index.php\/product\/cool-maker-hollywood-hair-studio\/#breadcrumb"},"inLanguage":"nb-NO","potentialAction":[{"@type":"ReadAction","target":["https:\/\/barneleker.no\/index.php\/product\/cool-maker-hollywood-hair-studio\/"]}]},{"@type":"ImageObject","inLanguage":"nb-NO","@id":"https:\/\/barneleker.no\/index.php\/product\/cool-maker-hollywood-hair-studio\/#primaryimage","url":"https:\/\/barneleker.no\/wp-content\/uploads\/2022\/02\/cool-maker-hollywood-hair-studio.jpg","contentUrl":"https:\/\/barneleker.no\/wp-content\/uploads\/2022\/02\/cool-maker-hollywood-hair-studio.jpg","width":555,"height":555},{"@type":"BreadcrumbList","@id":"https:\/\/barneleker.no\/index.php\/product\/cool-maker-hollywood-hair-studio\/#breadcrumb","itemListElement":[{"@type":"ListItem","position":1,"name":"Butikken","item":"https:\/\/barneleker.no\/"},{"@type":"ListItem","position":2,"name":"Cool Maker, Hollywood Hair Studio"}]},{"@type":"WebSite","@id":"https:\/\/barneleker.no\/#website","url":"https:\/\/barneleker.no\/","name":"Barneleker.no","description":"Selvf\u00f8lgelig!","publisher":{"@id":"https:\/\/barneleker.no\/#organization"},"potentialAction":[{"@type":"SearchAction","target":{"@type":"EntryPoint","urlTemplate":"https:\/\/barneleker.no\/?s={search_term_string}"},"query-input":{"@type":"PropertyValueSpecification","valueRequired":true,"valueName":"search_term_string"}}],"inLanguage":"nb-NO"},{"@type":"Organization","@id":"https:\/\/barneleker.no\/#organization","name":"Barneleker.no","url":"https:\/\/barneleker.no\/","logo":{"@type":"ImageObject","inLanguage":"nb-NO","@id":"https:\/\/barneleker.no\/#\/schema\/logo\/image\/","url":"https:\/\/barneleker.no\/wp-content\/uploads\/2021\/11\/barneleker_logo-780x150-1.jpg","contentUrl":"https:\/\/barneleker.no\/wp-content\/uploads\/2021\/11\/barneleker_logo-780x150-1.jpg","width":780,"height":150,"caption":"Barneleker.no"},"image":{"@id":"https:\/\/barneleker.no\/#\/schema\/logo\/image\/"}}]}},"_links":{"self":[{"href":"https:\/\/barneleker.no\/index.php\/wp-json\/wp\/v2\/product\/12268","targetHints":{"allow":["GET"]}}],"collection":[{"href":"https:\/\/barneleker.no\/index.php\/wp-json\/wp\/v2\/product"}],"about":[{"href":"https:\/\/barneleker.no\/index.php\/wp-json\/wp\/v2\/types\/product"}],"replies":[{"embeddable":true,"href":"https:\/\/barneleker.no\/index.php\/wp-json\/wp\/v2\/comments?post=12268"}],"wp:featuredmedia":[{"embeddable":true,"href":"https:\/\/barneleker.no\/index.php\/wp-json\/wp\/v2\/media\/12267"}],"wp:attachment":[{"href":"https:\/\/barneleker.no\/index.php\/wp-json\/wp\/v2\/media?parent=12268"}],"wp:term":[{"taxonomy":"product_brand","embeddable":true,"href":"https:\/\/barneleker.no\/index.php\/wp-json\/wp\/v2\/product_brand?post=12268"},{"taxonomy":"product_cat","embeddable":true,"href":"https:\/\/barneleker.no\/index.php\/wp-json\/wp\/v2\/product_cat?post=12268"},{"taxonomy":"product_tag","embeddable":true,"href":"https:\/\/barneleker.no\/index.php\/wp-json\/wp\/v2\/product_tag?post=12268"}],"curies":[{"name":"wp","href":"https:\/\/api.w.org\/{rel}","templated":true}]}}