{"id":12280,"date":"2022-02-08T19:49:39","date_gmt":"2022-02-08T19:49:39","guid":{"rendered":"https:\/\/barneleker.no\/index.php\/product\/present-pets-rainbow-fairy\/"},"modified":"2022-02-08T19:49:39","modified_gmt":"2022-02-08T19:49:39","slug":"present-pets-rainbow-fairy","status":"publish","type":"product","link":"https:\/\/barneleker.no\/index.php\/product\/present-pets-rainbow-fairy\/","title":{"rendered":"Present Pets, Rainbow Fairy"},"content":{"rendered":"<p>Helt nye raser av Present Pets har kommet! Present Pets er de eneste gavene som unboxer seg selv. Ventende i hver Princess Pup-temaboks er en s\u00f8t interaktiv Yorkie valp bare for deg. Hun er s\u00e5 spent p\u00e5 \u00e5 m\u00f8te deg at hun tar seg ut av sin egen gaveeske! Med en av to mulige Fairy Pup tilgjengelig i hver eske, vet du ikke hvilken Present Pets valp du f\u00e5r f\u00f8r hun tar ut av boksen. For \u00e5 starte den store avsl\u00f8ringen, pakk ut det ytre laget av esken og trekk i gavelappen. Boksen vil \u00f8yeblikkelig begynne \u00e5 riste n\u00e5r Present Pet Prinsesse valpen din er ivrig p\u00e5 vei ut! Frontpanelet \u00e5pnes og avsl\u00f8rer hvilken Present Pets Fairy Pup som er inni: Missy eller Blossom! Hver Fairy Pup har en fargerik blomsterkrone, tyllskj\u00f8rt, iriserende eventyrvinger, uttrykksfulle \u00f8yne og en myk plysj kropp. Hun er s\u00e5 s\u00f8t! N\u00e5r hun avsl\u00f8rer seg, vil valpen din synge en spesiell kongelig unboxing-sang! Oppdag kj\u00e6ledyrets lekne personlighet n\u00e5r dere leker sammen. Hun elsker \u00e5 kose! Klapp henne p\u00e5 hodet, s\u00e5 gir hun deg gjerne kyss og s\u00f8te coos. Kil henne p\u00e5 magen for \u00e5 f\u00e5 henne til \u00e5 spille! Halen vil vippe raskere, mens hun tripper og stokker potene og lager den s\u00f8teste lyden! Valpen din kjenner igjen n\u00e5r du snakker med henne! For mer moro har hver Fairy Pup to tema-bjeff-tilbake-spill dere kan leke sammen. I Enchanted Echo, snakk med valpen din, s\u00e5 vil hun etterligne deg i bjeff! For \u00e5 leke Magic Messages vil valpen din bjeffe et antall ganger &#8211; bjeff tilbake samme antall ganger og vinn! Med over 100 lyder og handlinger gir Present Pets liv til den sanne lykken i hvordan det er \u00e5 bli overrasket med din helt egen valp. Present Pets leker for 5 \u00e5r gamle jenter og oppover er gode gaver til barn og gj\u00f8r enhver gavegave ekstra spesiell. Inkluderer 6 AAA Duracell-batterier. Pakk ut alle n\u00e5v\u00e6rende kj\u00e6ledyr, inkludert Princess Pups Mazie og Cici (hver solgt separat), og f\u00e5 en uforglemmelig unboxing-opplevelse som hele familien vil glede seg over! Hvilken valp f\u00e5r du?<\/p>\n","protected":false},"excerpt":{"rendered":"<p>Helt nye raser av Present Pets har kommet! Present Pets er de eneste gavene som unboxer seg selv. Ventende i hver Princess Pup-temaboks er en&hellip;<\/p>\n","protected":false},"featured_media":12279,"comment_status":"open","ping_status":"closed","template":"","meta":[],"product_brand":[],"product_cat":[413],"product_tag":[],"class_list":{"0":"post-12280","1":"product","2":"type-product","3":"status-publish","4":"has-post-thumbnail","6":"product_cat-interaktiva-djur","8":"first","9":"instock","10":"shipping-taxable","11":"product-type-external","12":"customify-col"},"yoast_head":"<!-- This site is optimized with the Yoast SEO plugin v26.0 - https:\/\/yoast.com\/wordpress\/plugins\/seo\/ -->\n<title>Present Pets, Rainbow Fairy - Barneleker.no<\/title>\n<meta name=\"robots\" content=\"index, follow, max-snippet:-1, max-image-preview:large, max-video-preview:-1\" \/>\n<link rel=\"canonical\" href=\"https:\/\/barneleker.no\/index.php\/product\/present-pets-rainbow-fairy\/\" \/>\n<meta property=\"og:locale\" content=\"nb_NO\" \/>\n<meta property=\"og:type\" content=\"article\" \/>\n<meta property=\"og:title\" content=\"Present Pets, Rainbow Fairy - Barneleker.no\" \/>\n<meta property=\"og:description\" content=\"Helt nye raser av Present Pets har kommet! Present Pets er de eneste gavene som unboxer seg selv. Ventende i hver Princess Pup-temaboks er en&hellip;\" \/>\n<meta property=\"og:url\" content=\"https:\/\/barneleker.no\/index.php\/product\/present-pets-rainbow-fairy\/\" \/>\n<meta property=\"og:site_name\" content=\"Barneleker.no\" \/>\n<meta name=\"twitter:card\" content=\"summary_large_image\" \/>\n<meta name=\"twitter:label1\" content=\"Ansl. lesetid\" \/>\n\t<meta name=\"twitter:data1\" content=\"2 minutter\" \/>\n<script type=\"application\/ld+json\" class=\"yoast-schema-graph\">{\"@context\":\"https:\/\/schema.org\",\"@graph\":[{\"@type\":\"WebPage\",\"@id\":\"https:\/\/barneleker.no\/index.php\/product\/present-pets-rainbow-fairy\/\",\"url\":\"https:\/\/barneleker.no\/index.php\/product\/present-pets-rainbow-fairy\/\",\"name\":\"Present Pets, Rainbow Fairy - Barneleker.no\",\"isPartOf\":{\"@id\":\"https:\/\/barneleker.no\/#website\"},\"primaryImageOfPage\":{\"@id\":\"https:\/\/barneleker.no\/index.php\/product\/present-pets-rainbow-fairy\/#primaryimage\"},\"image\":{\"@id\":\"https:\/\/barneleker.no\/index.php\/product\/present-pets-rainbow-fairy\/#primaryimage\"},\"thumbnailUrl\":\"https:\/\/barneleker.no\/wp-content\/uploads\/2022\/02\/present-pets-rainbow-fairy.jpg\",\"datePublished\":\"2022-02-08T19:49:39+00:00\",\"breadcrumb\":{\"@id\":\"https:\/\/barneleker.no\/index.php\/product\/present-pets-rainbow-fairy\/#breadcrumb\"},\"inLanguage\":\"nb-NO\",\"potentialAction\":[{\"@type\":\"ReadAction\",\"target\":[\"https:\/\/barneleker.no\/index.php\/product\/present-pets-rainbow-fairy\/\"]}]},{\"@type\":\"ImageObject\",\"inLanguage\":\"nb-NO\",\"@id\":\"https:\/\/barneleker.no\/index.php\/product\/present-pets-rainbow-fairy\/#primaryimage\",\"url\":\"https:\/\/barneleker.no\/wp-content\/uploads\/2022\/02\/present-pets-rainbow-fairy.jpg\",\"contentUrl\":\"https:\/\/barneleker.no\/wp-content\/uploads\/2022\/02\/present-pets-rainbow-fairy.jpg\",\"width\":555,\"height\":555},{\"@type\":\"BreadcrumbList\",\"@id\":\"https:\/\/barneleker.no\/index.php\/product\/present-pets-rainbow-fairy\/#breadcrumb\",\"itemListElement\":[{\"@type\":\"ListItem\",\"position\":1,\"name\":\"Butikken\",\"item\":\"https:\/\/barneleker.no\/\"},{\"@type\":\"ListItem\",\"position\":2,\"name\":\"Present Pets, Rainbow Fairy\"}]},{\"@type\":\"WebSite\",\"@id\":\"https:\/\/barneleker.no\/#website\",\"url\":\"https:\/\/barneleker.no\/\",\"name\":\"Barneleker.no\",\"description\":\"Selvf\u00f8lgelig!\",\"publisher\":{\"@id\":\"https:\/\/barneleker.no\/#organization\"},\"potentialAction\":[{\"@type\":\"SearchAction\",\"target\":{\"@type\":\"EntryPoint\",\"urlTemplate\":\"https:\/\/barneleker.no\/?s={search_term_string}\"},\"query-input\":{\"@type\":\"PropertyValueSpecification\",\"valueRequired\":true,\"valueName\":\"search_term_string\"}}],\"inLanguage\":\"nb-NO\"},{\"@type\":\"Organization\",\"@id\":\"https:\/\/barneleker.no\/#organization\",\"name\":\"Barneleker.no\",\"url\":\"https:\/\/barneleker.no\/\",\"logo\":{\"@type\":\"ImageObject\",\"inLanguage\":\"nb-NO\",\"@id\":\"https:\/\/barneleker.no\/#\/schema\/logo\/image\/\",\"url\":\"https:\/\/barneleker.no\/wp-content\/uploads\/2021\/11\/barneleker_logo-780x150-1.jpg\",\"contentUrl\":\"https:\/\/barneleker.no\/wp-content\/uploads\/2021\/11\/barneleker_logo-780x150-1.jpg\",\"width\":780,\"height\":150,\"caption\":\"Barneleker.no\"},\"image\":{\"@id\":\"https:\/\/barneleker.no\/#\/schema\/logo\/image\/\"}}]}<\/script>\n<!-- \/ Yoast SEO plugin. -->","yoast_head_json":{"title":"Present Pets, Rainbow Fairy - Barneleker.no","robots":{"index":"index","follow":"follow","max-snippet":"max-snippet:-1","max-image-preview":"max-image-preview:large","max-video-preview":"max-video-preview:-1"},"canonical":"https:\/\/barneleker.no\/index.php\/product\/present-pets-rainbow-fairy\/","og_locale":"nb_NO","og_type":"article","og_title":"Present Pets, Rainbow Fairy - Barneleker.no","og_description":"Helt nye raser av Present Pets har kommet! Present Pets er de eneste gavene som unboxer seg selv. Ventende i hver Princess Pup-temaboks er en&hellip;","og_url":"https:\/\/barneleker.no\/index.php\/product\/present-pets-rainbow-fairy\/","og_site_name":"Barneleker.no","twitter_card":"summary_large_image","twitter_misc":{"Ansl. lesetid":"2 minutter"},"schema":{"@context":"https:\/\/schema.org","@graph":[{"@type":"WebPage","@id":"https:\/\/barneleker.no\/index.php\/product\/present-pets-rainbow-fairy\/","url":"https:\/\/barneleker.no\/index.php\/product\/present-pets-rainbow-fairy\/","name":"Present Pets, Rainbow Fairy - Barneleker.no","isPartOf":{"@id":"https:\/\/barneleker.no\/#website"},"primaryImageOfPage":{"@id":"https:\/\/barneleker.no\/index.php\/product\/present-pets-rainbow-fairy\/#primaryimage"},"image":{"@id":"https:\/\/barneleker.no\/index.php\/product\/present-pets-rainbow-fairy\/#primaryimage"},"thumbnailUrl":"https:\/\/barneleker.no\/wp-content\/uploads\/2022\/02\/present-pets-rainbow-fairy.jpg","datePublished":"2022-02-08T19:49:39+00:00","breadcrumb":{"@id":"https:\/\/barneleker.no\/index.php\/product\/present-pets-rainbow-fairy\/#breadcrumb"},"inLanguage":"nb-NO","potentialAction":[{"@type":"ReadAction","target":["https:\/\/barneleker.no\/index.php\/product\/present-pets-rainbow-fairy\/"]}]},{"@type":"ImageObject","inLanguage":"nb-NO","@id":"https:\/\/barneleker.no\/index.php\/product\/present-pets-rainbow-fairy\/#primaryimage","url":"https:\/\/barneleker.no\/wp-content\/uploads\/2022\/02\/present-pets-rainbow-fairy.jpg","contentUrl":"https:\/\/barneleker.no\/wp-content\/uploads\/2022\/02\/present-pets-rainbow-fairy.jpg","width":555,"height":555},{"@type":"BreadcrumbList","@id":"https:\/\/barneleker.no\/index.php\/product\/present-pets-rainbow-fairy\/#breadcrumb","itemListElement":[{"@type":"ListItem","position":1,"name":"Butikken","item":"https:\/\/barneleker.no\/"},{"@type":"ListItem","position":2,"name":"Present Pets, Rainbow Fairy"}]},{"@type":"WebSite","@id":"https:\/\/barneleker.no\/#website","url":"https:\/\/barneleker.no\/","name":"Barneleker.no","description":"Selvf\u00f8lgelig!","publisher":{"@id":"https:\/\/barneleker.no\/#organization"},"potentialAction":[{"@type":"SearchAction","target":{"@type":"EntryPoint","urlTemplate":"https:\/\/barneleker.no\/?s={search_term_string}"},"query-input":{"@type":"PropertyValueSpecification","valueRequired":true,"valueName":"search_term_string"}}],"inLanguage":"nb-NO"},{"@type":"Organization","@id":"https:\/\/barneleker.no\/#organization","name":"Barneleker.no","url":"https:\/\/barneleker.no\/","logo":{"@type":"ImageObject","inLanguage":"nb-NO","@id":"https:\/\/barneleker.no\/#\/schema\/logo\/image\/","url":"https:\/\/barneleker.no\/wp-content\/uploads\/2021\/11\/barneleker_logo-780x150-1.jpg","contentUrl":"https:\/\/barneleker.no\/wp-content\/uploads\/2021\/11\/barneleker_logo-780x150-1.jpg","width":780,"height":150,"caption":"Barneleker.no"},"image":{"@id":"https:\/\/barneleker.no\/#\/schema\/logo\/image\/"}}]}},"_links":{"self":[{"href":"https:\/\/barneleker.no\/index.php\/wp-json\/wp\/v2\/product\/12280","targetHints":{"allow":["GET"]}}],"collection":[{"href":"https:\/\/barneleker.no\/index.php\/wp-json\/wp\/v2\/product"}],"about":[{"href":"https:\/\/barneleker.no\/index.php\/wp-json\/wp\/v2\/types\/product"}],"replies":[{"embeddable":true,"href":"https:\/\/barneleker.no\/index.php\/wp-json\/wp\/v2\/comments?post=12280"}],"wp:featuredmedia":[{"embeddable":true,"href":"https:\/\/barneleker.no\/index.php\/wp-json\/wp\/v2\/media\/12279"}],"wp:attachment":[{"href":"https:\/\/barneleker.no\/index.php\/wp-json\/wp\/v2\/media?parent=12280"}],"wp:term":[{"taxonomy":"product_brand","embeddable":true,"href":"https:\/\/barneleker.no\/index.php\/wp-json\/wp\/v2\/product_brand?post=12280"},{"taxonomy":"product_cat","embeddable":true,"href":"https:\/\/barneleker.no\/index.php\/wp-json\/wp\/v2\/product_cat?post=12280"},{"taxonomy":"product_tag","embeddable":true,"href":"https:\/\/barneleker.no\/index.php\/wp-json\/wp\/v2\/product_tag?post=12280"}],"curies":[{"name":"wp","href":"https:\/\/api.w.org\/{rel}","templated":true}]}}