{"id":12294,"date":"2022-02-08T19:49:45","date_gmt":"2022-02-08T19:49:45","guid":{"rendered":"https:\/\/barneleker.no\/index.php\/product\/baby-born-sykkelklaer\/"},"modified":"2022-02-08T19:49:45","modified_gmt":"2022-02-08T19:49:45","slug":"baby-born-sykkelklaer","status":"publish","type":"product","link":"https:\/\/barneleker.no\/index.php\/product\/baby-born-sykkelklaer\/","title":{"rendered":"Baby Born,\u00a0Sykkelkl\u00e6r"},"content":{"rendered":"<p>Den lille BABY Born raceren m\u00e5 ha et stilig antrekk n\u00e5r den sykler, og da er dette sykkelsettet perfekt! Hva med \u00e5 stille p\u00e5 startstreken p\u00e5 Tour de BABY Born i dette antrekket? Dette er kl\u00e6r av h\u00f8y kvalitet og som er veldig enkle \u00e5 ta p\u00e5 og av. De r\u00e5kule s\u00f8lvbuksene med rosa detaljer skinner som en medalje i sollys og gj\u00f8r at man blir lagt merke til. Den rosa jakken med unike detaljer st\u00e5r i stil med den lilla tskjorten med bj\u00f8rnen Bruno. De trendy geometriske formene p\u00e5 hettejakken finner man ogs\u00e5 p\u00e5 de kule solbrillene og er selve prikken over i&#8217;en p\u00e5 antrekket. Skoene er komfortable og egner seg utmerket for en lengre sykkeltur. BABY Born dukken (f\u00f8lger ikke med) kan ha konkurransepapirene og en energi-gr\u00f8tbit i den rosa rumpetasken sin. &#8220;Tuuut!\u201d Det var starthornet for Tour de BABY born.<\/p>\n","protected":false},"excerpt":{"rendered":"<p>Den lille BABY Born raceren m\u00e5 ha et stilig antrekk n\u00e5r den sykler, og da er dette sykkelsettet perfekt! Hva med \u00e5 stille p\u00e5 startstreken&hellip;<\/p>\n","protected":false},"featured_media":12293,"comment_status":"open","ping_status":"closed","template":"","meta":[],"product_brand":[],"product_cat":[360],"product_tag":[],"class_list":{"0":"post-12294","1":"product","2":"type-product","3":"status-publish","4":"has-post-thumbnail","6":"product_cat-smadockor","8":"first","9":"instock","10":"shipping-taxable","11":"product-type-external","12":"customify-col"},"yoast_head":"<!-- This site is optimized with the Yoast SEO plugin v26.0 - https:\/\/yoast.com\/wordpress\/plugins\/seo\/ -->\n<title>Baby Born,\u00a0Sykkelkl\u00e6r - Barneleker.no<\/title>\n<meta name=\"robots\" content=\"index, follow, max-snippet:-1, max-image-preview:large, max-video-preview:-1\" \/>\n<link rel=\"canonical\" href=\"https:\/\/barneleker.no\/index.php\/product\/baby-born-sykkelklaer\/\" \/>\n<meta property=\"og:locale\" content=\"nb_NO\" \/>\n<meta property=\"og:type\" content=\"article\" \/>\n<meta property=\"og:title\" content=\"Baby Born,\u00a0Sykkelkl\u00e6r - Barneleker.no\" \/>\n<meta property=\"og:description\" content=\"Den lille BABY Born raceren m\u00e5 ha et stilig antrekk n\u00e5r den sykler, og da er dette sykkelsettet perfekt! Hva med \u00e5 stille p\u00e5 startstreken&hellip;\" \/>\n<meta property=\"og:url\" content=\"https:\/\/barneleker.no\/index.php\/product\/baby-born-sykkelklaer\/\" \/>\n<meta property=\"og:site_name\" content=\"Barneleker.no\" \/>\n<meta name=\"twitter:card\" content=\"summary_large_image\" \/>\n<meta name=\"twitter:label1\" content=\"Ansl. lesetid\" \/>\n\t<meta name=\"twitter:data1\" content=\"1 minutt\" \/>\n<script type=\"application\/ld+json\" class=\"yoast-schema-graph\">{\"@context\":\"https:\/\/schema.org\",\"@graph\":[{\"@type\":\"WebPage\",\"@id\":\"https:\/\/barneleker.no\/index.php\/product\/baby-born-sykkelklaer\/\",\"url\":\"https:\/\/barneleker.no\/index.php\/product\/baby-born-sykkelklaer\/\",\"name\":\"Baby Born,\u00a0Sykkelkl\u00e6r - Barneleker.no\",\"isPartOf\":{\"@id\":\"https:\/\/barneleker.no\/#website\"},\"primaryImageOfPage\":{\"@id\":\"https:\/\/barneleker.no\/index.php\/product\/baby-born-sykkelklaer\/#primaryimage\"},\"image\":{\"@id\":\"https:\/\/barneleker.no\/index.php\/product\/baby-born-sykkelklaer\/#primaryimage\"},\"thumbnailUrl\":\"https:\/\/barneleker.no\/wp-content\/uploads\/2022\/02\/baby-born-sykkelklaer.jpg\",\"datePublished\":\"2022-02-08T19:49:45+00:00\",\"breadcrumb\":{\"@id\":\"https:\/\/barneleker.no\/index.php\/product\/baby-born-sykkelklaer\/#breadcrumb\"},\"inLanguage\":\"nb-NO\",\"potentialAction\":[{\"@type\":\"ReadAction\",\"target\":[\"https:\/\/barneleker.no\/index.php\/product\/baby-born-sykkelklaer\/\"]}]},{\"@type\":\"ImageObject\",\"inLanguage\":\"nb-NO\",\"@id\":\"https:\/\/barneleker.no\/index.php\/product\/baby-born-sykkelklaer\/#primaryimage\",\"url\":\"https:\/\/barneleker.no\/wp-content\/uploads\/2022\/02\/baby-born-sykkelklaer.jpg\",\"contentUrl\":\"https:\/\/barneleker.no\/wp-content\/uploads\/2022\/02\/baby-born-sykkelklaer.jpg\",\"width\":555,\"height\":555},{\"@type\":\"BreadcrumbList\",\"@id\":\"https:\/\/barneleker.no\/index.php\/product\/baby-born-sykkelklaer\/#breadcrumb\",\"itemListElement\":[{\"@type\":\"ListItem\",\"position\":1,\"name\":\"Butikken\",\"item\":\"https:\/\/barneleker.no\/\"},{\"@type\":\"ListItem\",\"position\":2,\"name\":\"Baby Born,\u00a0Sykkelkl\u00e6r\"}]},{\"@type\":\"WebSite\",\"@id\":\"https:\/\/barneleker.no\/#website\",\"url\":\"https:\/\/barneleker.no\/\",\"name\":\"Barneleker.no\",\"description\":\"Selvf\u00f8lgelig!\",\"publisher\":{\"@id\":\"https:\/\/barneleker.no\/#organization\"},\"potentialAction\":[{\"@type\":\"SearchAction\",\"target\":{\"@type\":\"EntryPoint\",\"urlTemplate\":\"https:\/\/barneleker.no\/?s={search_term_string}\"},\"query-input\":{\"@type\":\"PropertyValueSpecification\",\"valueRequired\":true,\"valueName\":\"search_term_string\"}}],\"inLanguage\":\"nb-NO\"},{\"@type\":\"Organization\",\"@id\":\"https:\/\/barneleker.no\/#organization\",\"name\":\"Barneleker.no\",\"url\":\"https:\/\/barneleker.no\/\",\"logo\":{\"@type\":\"ImageObject\",\"inLanguage\":\"nb-NO\",\"@id\":\"https:\/\/barneleker.no\/#\/schema\/logo\/image\/\",\"url\":\"https:\/\/barneleker.no\/wp-content\/uploads\/2021\/11\/barneleker_logo-780x150-1.jpg\",\"contentUrl\":\"https:\/\/barneleker.no\/wp-content\/uploads\/2021\/11\/barneleker_logo-780x150-1.jpg\",\"width\":780,\"height\":150,\"caption\":\"Barneleker.no\"},\"image\":{\"@id\":\"https:\/\/barneleker.no\/#\/schema\/logo\/image\/\"}}]}<\/script>\n<!-- \/ Yoast SEO plugin. -->","yoast_head_json":{"title":"Baby Born,\u00a0Sykkelkl\u00e6r - Barneleker.no","robots":{"index":"index","follow":"follow","max-snippet":"max-snippet:-1","max-image-preview":"max-image-preview:large","max-video-preview":"max-video-preview:-1"},"canonical":"https:\/\/barneleker.no\/index.php\/product\/baby-born-sykkelklaer\/","og_locale":"nb_NO","og_type":"article","og_title":"Baby Born,\u00a0Sykkelkl\u00e6r - Barneleker.no","og_description":"Den lille BABY Born raceren m\u00e5 ha et stilig antrekk n\u00e5r den sykler, og da er dette sykkelsettet perfekt! Hva med \u00e5 stille p\u00e5 startstreken&hellip;","og_url":"https:\/\/barneleker.no\/index.php\/product\/baby-born-sykkelklaer\/","og_site_name":"Barneleker.no","twitter_card":"summary_large_image","twitter_misc":{"Ansl. lesetid":"1 minutt"},"schema":{"@context":"https:\/\/schema.org","@graph":[{"@type":"WebPage","@id":"https:\/\/barneleker.no\/index.php\/product\/baby-born-sykkelklaer\/","url":"https:\/\/barneleker.no\/index.php\/product\/baby-born-sykkelklaer\/","name":"Baby Born,\u00a0Sykkelkl\u00e6r - Barneleker.no","isPartOf":{"@id":"https:\/\/barneleker.no\/#website"},"primaryImageOfPage":{"@id":"https:\/\/barneleker.no\/index.php\/product\/baby-born-sykkelklaer\/#primaryimage"},"image":{"@id":"https:\/\/barneleker.no\/index.php\/product\/baby-born-sykkelklaer\/#primaryimage"},"thumbnailUrl":"https:\/\/barneleker.no\/wp-content\/uploads\/2022\/02\/baby-born-sykkelklaer.jpg","datePublished":"2022-02-08T19:49:45+00:00","breadcrumb":{"@id":"https:\/\/barneleker.no\/index.php\/product\/baby-born-sykkelklaer\/#breadcrumb"},"inLanguage":"nb-NO","potentialAction":[{"@type":"ReadAction","target":["https:\/\/barneleker.no\/index.php\/product\/baby-born-sykkelklaer\/"]}]},{"@type":"ImageObject","inLanguage":"nb-NO","@id":"https:\/\/barneleker.no\/index.php\/product\/baby-born-sykkelklaer\/#primaryimage","url":"https:\/\/barneleker.no\/wp-content\/uploads\/2022\/02\/baby-born-sykkelklaer.jpg","contentUrl":"https:\/\/barneleker.no\/wp-content\/uploads\/2022\/02\/baby-born-sykkelklaer.jpg","width":555,"height":555},{"@type":"BreadcrumbList","@id":"https:\/\/barneleker.no\/index.php\/product\/baby-born-sykkelklaer\/#breadcrumb","itemListElement":[{"@type":"ListItem","position":1,"name":"Butikken","item":"https:\/\/barneleker.no\/"},{"@type":"ListItem","position":2,"name":"Baby Born,\u00a0Sykkelkl\u00e6r"}]},{"@type":"WebSite","@id":"https:\/\/barneleker.no\/#website","url":"https:\/\/barneleker.no\/","name":"Barneleker.no","description":"Selvf\u00f8lgelig!","publisher":{"@id":"https:\/\/barneleker.no\/#organization"},"potentialAction":[{"@type":"SearchAction","target":{"@type":"EntryPoint","urlTemplate":"https:\/\/barneleker.no\/?s={search_term_string}"},"query-input":{"@type":"PropertyValueSpecification","valueRequired":true,"valueName":"search_term_string"}}],"inLanguage":"nb-NO"},{"@type":"Organization","@id":"https:\/\/barneleker.no\/#organization","name":"Barneleker.no","url":"https:\/\/barneleker.no\/","logo":{"@type":"ImageObject","inLanguage":"nb-NO","@id":"https:\/\/barneleker.no\/#\/schema\/logo\/image\/","url":"https:\/\/barneleker.no\/wp-content\/uploads\/2021\/11\/barneleker_logo-780x150-1.jpg","contentUrl":"https:\/\/barneleker.no\/wp-content\/uploads\/2021\/11\/barneleker_logo-780x150-1.jpg","width":780,"height":150,"caption":"Barneleker.no"},"image":{"@id":"https:\/\/barneleker.no\/#\/schema\/logo\/image\/"}}]}},"_links":{"self":[{"href":"https:\/\/barneleker.no\/index.php\/wp-json\/wp\/v2\/product\/12294","targetHints":{"allow":["GET"]}}],"collection":[{"href":"https:\/\/barneleker.no\/index.php\/wp-json\/wp\/v2\/product"}],"about":[{"href":"https:\/\/barneleker.no\/index.php\/wp-json\/wp\/v2\/types\/product"}],"replies":[{"embeddable":true,"href":"https:\/\/barneleker.no\/index.php\/wp-json\/wp\/v2\/comments?post=12294"}],"wp:featuredmedia":[{"embeddable":true,"href":"https:\/\/barneleker.no\/index.php\/wp-json\/wp\/v2\/media\/12293"}],"wp:attachment":[{"href":"https:\/\/barneleker.no\/index.php\/wp-json\/wp\/v2\/media?parent=12294"}],"wp:term":[{"taxonomy":"product_brand","embeddable":true,"href":"https:\/\/barneleker.no\/index.php\/wp-json\/wp\/v2\/product_brand?post=12294"},{"taxonomy":"product_cat","embeddable":true,"href":"https:\/\/barneleker.no\/index.php\/wp-json\/wp\/v2\/product_cat?post=12294"},{"taxonomy":"product_tag","embeddable":true,"href":"https:\/\/barneleker.no\/index.php\/wp-json\/wp\/v2\/product_tag?post=12294"}],"curies":[{"name":"wp","href":"https:\/\/api.w.org\/{rel}","templated":true}]}}