{"id":12308,"date":"2022-02-08T19:49:50","date_gmt":"2022-02-08T19:49:50","guid":{"rendered":"https:\/\/barneleker.no\/index.php\/product\/spiderman-spider-man-bend-and-flex-octo-bot\/"},"modified":"2022-02-08T19:49:50","modified_gmt":"2022-02-08T19:49:50","slug":"spiderman-spider-man-bend-and-flex-octo-bot","status":"publish","type":"product","link":"https:\/\/barneleker.no\/index.php\/product\/spiderman-spider-man-bend-and-flex-octo-bot\/","title":{"rendered":"Spiderman Spider-Man, Bend And Flex Octo Bot"},"content":{"rendered":"<p>Den mektige anledningen kan ikke vente med \u00e5 kjempe med spider-mann med sine fleksible og fleksible tentakler! Sving! Sving! B\u00f8y din kraft! Barn kan b\u00f8ye, b\u00f8ye seg, posere og leke med deres favoritt Marvel Super Heroes med disse super glatte b\u00f8ynings- og flextallene! Samle tegn inspirert av vidunder med en vri (hver enkelt solgt separat). Disse stiliserte Super Hero Action-tallene har fleksible armer og ben som kan b\u00f8yes og im\u00f8tekomme for det perfekte bildet. Det er rikelig med heroisk dristige og dramatiske handlinger.<\/p>\n","protected":false},"excerpt":{"rendered":"<p>Den mektige anledningen kan ikke vente med \u00e5 kjempe med spider-mann med sine fleksible og fleksible tentakler! Sving! Sving! B\u00f8y din kraft! Barn kan b\u00f8ye,&hellip;<\/p>\n","protected":false},"featured_media":12307,"comment_status":"open","ping_status":"closed","template":"","meta":[],"product_brand":[],"product_cat":[352],"product_tag":[],"class_list":{"0":"post-12308","1":"product","2":"type-product","3":"status-publish","4":"has-post-thumbnail","6":"product_cat-figurer-roboter","8":"first","9":"instock","10":"shipping-taxable","11":"product-type-external","12":"customify-col"},"yoast_head":"<!-- This site is optimized with the Yoast SEO plugin v26.0 - https:\/\/yoast.com\/wordpress\/plugins\/seo\/ -->\n<title>Spiderman Spider-Man, Bend And Flex Octo Bot - Barneleker.no<\/title>\n<meta name=\"robots\" content=\"index, follow, max-snippet:-1, max-image-preview:large, max-video-preview:-1\" \/>\n<link rel=\"canonical\" href=\"https:\/\/barneleker.no\/index.php\/product\/spiderman-spider-man-bend-and-flex-octo-bot\/\" \/>\n<meta property=\"og:locale\" content=\"nb_NO\" \/>\n<meta property=\"og:type\" content=\"article\" \/>\n<meta property=\"og:title\" content=\"Spiderman Spider-Man, Bend And Flex Octo Bot - Barneleker.no\" \/>\n<meta property=\"og:description\" content=\"Den mektige anledningen kan ikke vente med \u00e5 kjempe med spider-mann med sine fleksible og fleksible tentakler! Sving! Sving! B\u00f8y din kraft! Barn kan b\u00f8ye,&hellip;\" \/>\n<meta property=\"og:url\" content=\"https:\/\/barneleker.no\/index.php\/product\/spiderman-spider-man-bend-and-flex-octo-bot\/\" \/>\n<meta property=\"og:site_name\" content=\"Barneleker.no\" \/>\n<meta name=\"twitter:card\" content=\"summary_large_image\" \/>\n<script type=\"application\/ld+json\" class=\"yoast-schema-graph\">{\"@context\":\"https:\/\/schema.org\",\"@graph\":[{\"@type\":\"WebPage\",\"@id\":\"https:\/\/barneleker.no\/index.php\/product\/spiderman-spider-man-bend-and-flex-octo-bot\/\",\"url\":\"https:\/\/barneleker.no\/index.php\/product\/spiderman-spider-man-bend-and-flex-octo-bot\/\",\"name\":\"Spiderman Spider-Man, Bend And Flex Octo Bot - Barneleker.no\",\"isPartOf\":{\"@id\":\"https:\/\/barneleker.no\/#website\"},\"primaryImageOfPage\":{\"@id\":\"https:\/\/barneleker.no\/index.php\/product\/spiderman-spider-man-bend-and-flex-octo-bot\/#primaryimage\"},\"image\":{\"@id\":\"https:\/\/barneleker.no\/index.php\/product\/spiderman-spider-man-bend-and-flex-octo-bot\/#primaryimage\"},\"thumbnailUrl\":\"https:\/\/barneleker.no\/wp-content\/uploads\/2022\/02\/spider-man-bend-and-flex-octo-bot.jpg\",\"datePublished\":\"2022-02-08T19:49:50+00:00\",\"breadcrumb\":{\"@id\":\"https:\/\/barneleker.no\/index.php\/product\/spiderman-spider-man-bend-and-flex-octo-bot\/#breadcrumb\"},\"inLanguage\":\"nb-NO\",\"potentialAction\":[{\"@type\":\"ReadAction\",\"target\":[\"https:\/\/barneleker.no\/index.php\/product\/spiderman-spider-man-bend-and-flex-octo-bot\/\"]}]},{\"@type\":\"ImageObject\",\"inLanguage\":\"nb-NO\",\"@id\":\"https:\/\/barneleker.no\/index.php\/product\/spiderman-spider-man-bend-and-flex-octo-bot\/#primaryimage\",\"url\":\"https:\/\/barneleker.no\/wp-content\/uploads\/2022\/02\/spider-man-bend-and-flex-octo-bot.jpg\",\"contentUrl\":\"https:\/\/barneleker.no\/wp-content\/uploads\/2022\/02\/spider-man-bend-and-flex-octo-bot.jpg\",\"width\":555,\"height\":555},{\"@type\":\"BreadcrumbList\",\"@id\":\"https:\/\/barneleker.no\/index.php\/product\/spiderman-spider-man-bend-and-flex-octo-bot\/#breadcrumb\",\"itemListElement\":[{\"@type\":\"ListItem\",\"position\":1,\"name\":\"Butikken\",\"item\":\"https:\/\/barneleker.no\/\"},{\"@type\":\"ListItem\",\"position\":2,\"name\":\"Spiderman Spider-Man, Bend And Flex Octo Bot\"}]},{\"@type\":\"WebSite\",\"@id\":\"https:\/\/barneleker.no\/#website\",\"url\":\"https:\/\/barneleker.no\/\",\"name\":\"Barneleker.no\",\"description\":\"Selvf\u00f8lgelig!\",\"publisher\":{\"@id\":\"https:\/\/barneleker.no\/#organization\"},\"potentialAction\":[{\"@type\":\"SearchAction\",\"target\":{\"@type\":\"EntryPoint\",\"urlTemplate\":\"https:\/\/barneleker.no\/?s={search_term_string}\"},\"query-input\":{\"@type\":\"PropertyValueSpecification\",\"valueRequired\":true,\"valueName\":\"search_term_string\"}}],\"inLanguage\":\"nb-NO\"},{\"@type\":\"Organization\",\"@id\":\"https:\/\/barneleker.no\/#organization\",\"name\":\"Barneleker.no\",\"url\":\"https:\/\/barneleker.no\/\",\"logo\":{\"@type\":\"ImageObject\",\"inLanguage\":\"nb-NO\",\"@id\":\"https:\/\/barneleker.no\/#\/schema\/logo\/image\/\",\"url\":\"https:\/\/barneleker.no\/wp-content\/uploads\/2021\/11\/barneleker_logo-780x150-1.jpg\",\"contentUrl\":\"https:\/\/barneleker.no\/wp-content\/uploads\/2021\/11\/barneleker_logo-780x150-1.jpg\",\"width\":780,\"height\":150,\"caption\":\"Barneleker.no\"},\"image\":{\"@id\":\"https:\/\/barneleker.no\/#\/schema\/logo\/image\/\"}}]}<\/script>\n<!-- \/ Yoast SEO plugin. -->","yoast_head_json":{"title":"Spiderman Spider-Man, Bend And Flex Octo Bot - Barneleker.no","robots":{"index":"index","follow":"follow","max-snippet":"max-snippet:-1","max-image-preview":"max-image-preview:large","max-video-preview":"max-video-preview:-1"},"canonical":"https:\/\/barneleker.no\/index.php\/product\/spiderman-spider-man-bend-and-flex-octo-bot\/","og_locale":"nb_NO","og_type":"article","og_title":"Spiderman Spider-Man, Bend And Flex Octo Bot - Barneleker.no","og_description":"Den mektige anledningen kan ikke vente med \u00e5 kjempe med spider-mann med sine fleksible og fleksible tentakler! Sving! Sving! B\u00f8y din kraft! Barn kan b\u00f8ye,&hellip;","og_url":"https:\/\/barneleker.no\/index.php\/product\/spiderman-spider-man-bend-and-flex-octo-bot\/","og_site_name":"Barneleker.no","twitter_card":"summary_large_image","schema":{"@context":"https:\/\/schema.org","@graph":[{"@type":"WebPage","@id":"https:\/\/barneleker.no\/index.php\/product\/spiderman-spider-man-bend-and-flex-octo-bot\/","url":"https:\/\/barneleker.no\/index.php\/product\/spiderman-spider-man-bend-and-flex-octo-bot\/","name":"Spiderman Spider-Man, Bend And Flex Octo Bot - Barneleker.no","isPartOf":{"@id":"https:\/\/barneleker.no\/#website"},"primaryImageOfPage":{"@id":"https:\/\/barneleker.no\/index.php\/product\/spiderman-spider-man-bend-and-flex-octo-bot\/#primaryimage"},"image":{"@id":"https:\/\/barneleker.no\/index.php\/product\/spiderman-spider-man-bend-and-flex-octo-bot\/#primaryimage"},"thumbnailUrl":"https:\/\/barneleker.no\/wp-content\/uploads\/2022\/02\/spider-man-bend-and-flex-octo-bot.jpg","datePublished":"2022-02-08T19:49:50+00:00","breadcrumb":{"@id":"https:\/\/barneleker.no\/index.php\/product\/spiderman-spider-man-bend-and-flex-octo-bot\/#breadcrumb"},"inLanguage":"nb-NO","potentialAction":[{"@type":"ReadAction","target":["https:\/\/barneleker.no\/index.php\/product\/spiderman-spider-man-bend-and-flex-octo-bot\/"]}]},{"@type":"ImageObject","inLanguage":"nb-NO","@id":"https:\/\/barneleker.no\/index.php\/product\/spiderman-spider-man-bend-and-flex-octo-bot\/#primaryimage","url":"https:\/\/barneleker.no\/wp-content\/uploads\/2022\/02\/spider-man-bend-and-flex-octo-bot.jpg","contentUrl":"https:\/\/barneleker.no\/wp-content\/uploads\/2022\/02\/spider-man-bend-and-flex-octo-bot.jpg","width":555,"height":555},{"@type":"BreadcrumbList","@id":"https:\/\/barneleker.no\/index.php\/product\/spiderman-spider-man-bend-and-flex-octo-bot\/#breadcrumb","itemListElement":[{"@type":"ListItem","position":1,"name":"Butikken","item":"https:\/\/barneleker.no\/"},{"@type":"ListItem","position":2,"name":"Spiderman Spider-Man, Bend And Flex Octo Bot"}]},{"@type":"WebSite","@id":"https:\/\/barneleker.no\/#website","url":"https:\/\/barneleker.no\/","name":"Barneleker.no","description":"Selvf\u00f8lgelig!","publisher":{"@id":"https:\/\/barneleker.no\/#organization"},"potentialAction":[{"@type":"SearchAction","target":{"@type":"EntryPoint","urlTemplate":"https:\/\/barneleker.no\/?s={search_term_string}"},"query-input":{"@type":"PropertyValueSpecification","valueRequired":true,"valueName":"search_term_string"}}],"inLanguage":"nb-NO"},{"@type":"Organization","@id":"https:\/\/barneleker.no\/#organization","name":"Barneleker.no","url":"https:\/\/barneleker.no\/","logo":{"@type":"ImageObject","inLanguage":"nb-NO","@id":"https:\/\/barneleker.no\/#\/schema\/logo\/image\/","url":"https:\/\/barneleker.no\/wp-content\/uploads\/2021\/11\/barneleker_logo-780x150-1.jpg","contentUrl":"https:\/\/barneleker.no\/wp-content\/uploads\/2021\/11\/barneleker_logo-780x150-1.jpg","width":780,"height":150,"caption":"Barneleker.no"},"image":{"@id":"https:\/\/barneleker.no\/#\/schema\/logo\/image\/"}}]}},"_links":{"self":[{"href":"https:\/\/barneleker.no\/index.php\/wp-json\/wp\/v2\/product\/12308","targetHints":{"allow":["GET"]}}],"collection":[{"href":"https:\/\/barneleker.no\/index.php\/wp-json\/wp\/v2\/product"}],"about":[{"href":"https:\/\/barneleker.no\/index.php\/wp-json\/wp\/v2\/types\/product"}],"replies":[{"embeddable":true,"href":"https:\/\/barneleker.no\/index.php\/wp-json\/wp\/v2\/comments?post=12308"}],"wp:featuredmedia":[{"embeddable":true,"href":"https:\/\/barneleker.no\/index.php\/wp-json\/wp\/v2\/media\/12307"}],"wp:attachment":[{"href":"https:\/\/barneleker.no\/index.php\/wp-json\/wp\/v2\/media?parent=12308"}],"wp:term":[{"taxonomy":"product_brand","embeddable":true,"href":"https:\/\/barneleker.no\/index.php\/wp-json\/wp\/v2\/product_brand?post=12308"},{"taxonomy":"product_cat","embeddable":true,"href":"https:\/\/barneleker.no\/index.php\/wp-json\/wp\/v2\/product_cat?post=12308"},{"taxonomy":"product_tag","embeddable":true,"href":"https:\/\/barneleker.no\/index.php\/wp-json\/wp\/v2\/product_tag?post=12308"}],"curies":[{"name":"wp","href":"https:\/\/api.w.org\/{rel}","templated":true}]}}