{"id":12330,"date":"2022-02-08T19:49:57","date_gmt":"2022-02-08T19:49:57","guid":{"rendered":"https:\/\/barneleker.no\/index.php\/product\/lekia-splash-vannballongsett-med-100stk-ballonger\/"},"modified":"2022-02-08T19:49:57","modified_gmt":"2022-02-08T19:49:57","slug":"lekia-splash-vannballongsett-med-100stk-ballonger","status":"publish","type":"product","link":"https:\/\/barneleker.no\/index.php\/product\/lekia-splash-vannballongsett-med-100stk-ballonger\/","title":{"rendered":"Lekia Splash, Vannballongsett med 100stk ballonger"},"content":{"rendered":"<p>Vannballonger er perfekte for sommerens vannlek. I dette settet er det 100 vannballonger i forskjellige farger og en enkel pumpe for \u00e5 fylle ballongene enkelt fra en pet-flaske. Med h\u00f8rer et nett du kan b\u00e6re ballongene dine i, slik at du ikke mister dem f\u00f8r du begynner \u00e5 kaste. Ut og lek i sommervarmen!<\/p>\n","protected":false},"excerpt":{"rendered":"<p>Vannballonger er perfekte for sommerens vannlek. I dette settet er det 100 vannballonger i forskjellige farger og en enkel pumpe for \u00e5 fylle ballongene enkelt&hellip;<\/p>\n","protected":false},"featured_media":12329,"comment_status":"open","ping_status":"closed","template":"","meta":[],"product_brand":[],"product_cat":[429],"product_tag":[],"class_list":{"0":"post-12330","1":"product","2":"type-product","3":"status-publish","4":"has-post-thumbnail","6":"product_cat-vattenballonger","8":"first","9":"instock","10":"shipping-taxable","11":"product-type-external","12":"customify-col"},"yoast_head":"<!-- This site is optimized with the Yoast SEO plugin v26.0 - https:\/\/yoast.com\/wordpress\/plugins\/seo\/ -->\n<title>Lekia Splash, Vannballongsett med 100stk ballonger - Barneleker.no<\/title>\n<meta name=\"robots\" content=\"index, follow, max-snippet:-1, max-image-preview:large, max-video-preview:-1\" \/>\n<link rel=\"canonical\" href=\"https:\/\/barneleker.no\/index.php\/product\/lekia-splash-vannballongsett-med-100stk-ballonger\/\" \/>\n<meta property=\"og:locale\" content=\"nb_NO\" \/>\n<meta property=\"og:type\" content=\"article\" \/>\n<meta property=\"og:title\" content=\"Lekia Splash, Vannballongsett med 100stk ballonger - Barneleker.no\" \/>\n<meta property=\"og:description\" content=\"Vannballonger er perfekte for sommerens vannlek. I dette settet er det 100 vannballonger i forskjellige farger og en enkel pumpe for \u00e5 fylle ballongene enkelt&hellip;\" \/>\n<meta property=\"og:url\" content=\"https:\/\/barneleker.no\/index.php\/product\/lekia-splash-vannballongsett-med-100stk-ballonger\/\" \/>\n<meta property=\"og:site_name\" content=\"Barneleker.no\" \/>\n<meta name=\"twitter:card\" content=\"summary_large_image\" \/>\n<script type=\"application\/ld+json\" class=\"yoast-schema-graph\">{\"@context\":\"https:\/\/schema.org\",\"@graph\":[{\"@type\":\"WebPage\",\"@id\":\"https:\/\/barneleker.no\/index.php\/product\/lekia-splash-vannballongsett-med-100stk-ballonger\/\",\"url\":\"https:\/\/barneleker.no\/index.php\/product\/lekia-splash-vannballongsett-med-100stk-ballonger\/\",\"name\":\"Lekia Splash, Vannballongsett med 100stk ballonger - Barneleker.no\",\"isPartOf\":{\"@id\":\"https:\/\/barneleker.no\/#website\"},\"primaryImageOfPage\":{\"@id\":\"https:\/\/barneleker.no\/index.php\/product\/lekia-splash-vannballongsett-med-100stk-ballonger\/#primaryimage\"},\"image\":{\"@id\":\"https:\/\/barneleker.no\/index.php\/product\/lekia-splash-vannballongsett-med-100stk-ballonger\/#primaryimage\"},\"thumbnailUrl\":\"https:\/\/barneleker.no\/wp-content\/uploads\/2022\/02\/splash-vannballongsett-med-100stk-ballonger.jpg\",\"datePublished\":\"2022-02-08T19:49:57+00:00\",\"breadcrumb\":{\"@id\":\"https:\/\/barneleker.no\/index.php\/product\/lekia-splash-vannballongsett-med-100stk-ballonger\/#breadcrumb\"},\"inLanguage\":\"nb-NO\",\"potentialAction\":[{\"@type\":\"ReadAction\",\"target\":[\"https:\/\/barneleker.no\/index.php\/product\/lekia-splash-vannballongsett-med-100stk-ballonger\/\"]}]},{\"@type\":\"ImageObject\",\"inLanguage\":\"nb-NO\",\"@id\":\"https:\/\/barneleker.no\/index.php\/product\/lekia-splash-vannballongsett-med-100stk-ballonger\/#primaryimage\",\"url\":\"https:\/\/barneleker.no\/wp-content\/uploads\/2022\/02\/splash-vannballongsett-med-100stk-ballonger.jpg\",\"contentUrl\":\"https:\/\/barneleker.no\/wp-content\/uploads\/2022\/02\/splash-vannballongsett-med-100stk-ballonger.jpg\",\"width\":555,\"height\":555},{\"@type\":\"BreadcrumbList\",\"@id\":\"https:\/\/barneleker.no\/index.php\/product\/lekia-splash-vannballongsett-med-100stk-ballonger\/#breadcrumb\",\"itemListElement\":[{\"@type\":\"ListItem\",\"position\":1,\"name\":\"Butikken\",\"item\":\"https:\/\/barneleker.no\/\"},{\"@type\":\"ListItem\",\"position\":2,\"name\":\"Lekia Splash, Vannballongsett med 100stk ballonger\"}]},{\"@type\":\"WebSite\",\"@id\":\"https:\/\/barneleker.no\/#website\",\"url\":\"https:\/\/barneleker.no\/\",\"name\":\"Barneleker.no\",\"description\":\"Selvf\u00f8lgelig!\",\"publisher\":{\"@id\":\"https:\/\/barneleker.no\/#organization\"},\"potentialAction\":[{\"@type\":\"SearchAction\",\"target\":{\"@type\":\"EntryPoint\",\"urlTemplate\":\"https:\/\/barneleker.no\/?s={search_term_string}\"},\"query-input\":{\"@type\":\"PropertyValueSpecification\",\"valueRequired\":true,\"valueName\":\"search_term_string\"}}],\"inLanguage\":\"nb-NO\"},{\"@type\":\"Organization\",\"@id\":\"https:\/\/barneleker.no\/#organization\",\"name\":\"Barneleker.no\",\"url\":\"https:\/\/barneleker.no\/\",\"logo\":{\"@type\":\"ImageObject\",\"inLanguage\":\"nb-NO\",\"@id\":\"https:\/\/barneleker.no\/#\/schema\/logo\/image\/\",\"url\":\"https:\/\/barneleker.no\/wp-content\/uploads\/2021\/11\/barneleker_logo-780x150-1.jpg\",\"contentUrl\":\"https:\/\/barneleker.no\/wp-content\/uploads\/2021\/11\/barneleker_logo-780x150-1.jpg\",\"width\":780,\"height\":150,\"caption\":\"Barneleker.no\"},\"image\":{\"@id\":\"https:\/\/barneleker.no\/#\/schema\/logo\/image\/\"}}]}<\/script>\n<!-- \/ Yoast SEO plugin. -->","yoast_head_json":{"title":"Lekia Splash, Vannballongsett med 100stk ballonger - Barneleker.no","robots":{"index":"index","follow":"follow","max-snippet":"max-snippet:-1","max-image-preview":"max-image-preview:large","max-video-preview":"max-video-preview:-1"},"canonical":"https:\/\/barneleker.no\/index.php\/product\/lekia-splash-vannballongsett-med-100stk-ballonger\/","og_locale":"nb_NO","og_type":"article","og_title":"Lekia Splash, Vannballongsett med 100stk ballonger - Barneleker.no","og_description":"Vannballonger er perfekte for sommerens vannlek. I dette settet er det 100 vannballonger i forskjellige farger og en enkel pumpe for \u00e5 fylle ballongene enkelt&hellip;","og_url":"https:\/\/barneleker.no\/index.php\/product\/lekia-splash-vannballongsett-med-100stk-ballonger\/","og_site_name":"Barneleker.no","twitter_card":"summary_large_image","schema":{"@context":"https:\/\/schema.org","@graph":[{"@type":"WebPage","@id":"https:\/\/barneleker.no\/index.php\/product\/lekia-splash-vannballongsett-med-100stk-ballonger\/","url":"https:\/\/barneleker.no\/index.php\/product\/lekia-splash-vannballongsett-med-100stk-ballonger\/","name":"Lekia Splash, Vannballongsett med 100stk ballonger - Barneleker.no","isPartOf":{"@id":"https:\/\/barneleker.no\/#website"},"primaryImageOfPage":{"@id":"https:\/\/barneleker.no\/index.php\/product\/lekia-splash-vannballongsett-med-100stk-ballonger\/#primaryimage"},"image":{"@id":"https:\/\/barneleker.no\/index.php\/product\/lekia-splash-vannballongsett-med-100stk-ballonger\/#primaryimage"},"thumbnailUrl":"https:\/\/barneleker.no\/wp-content\/uploads\/2022\/02\/splash-vannballongsett-med-100stk-ballonger.jpg","datePublished":"2022-02-08T19:49:57+00:00","breadcrumb":{"@id":"https:\/\/barneleker.no\/index.php\/product\/lekia-splash-vannballongsett-med-100stk-ballonger\/#breadcrumb"},"inLanguage":"nb-NO","potentialAction":[{"@type":"ReadAction","target":["https:\/\/barneleker.no\/index.php\/product\/lekia-splash-vannballongsett-med-100stk-ballonger\/"]}]},{"@type":"ImageObject","inLanguage":"nb-NO","@id":"https:\/\/barneleker.no\/index.php\/product\/lekia-splash-vannballongsett-med-100stk-ballonger\/#primaryimage","url":"https:\/\/barneleker.no\/wp-content\/uploads\/2022\/02\/splash-vannballongsett-med-100stk-ballonger.jpg","contentUrl":"https:\/\/barneleker.no\/wp-content\/uploads\/2022\/02\/splash-vannballongsett-med-100stk-ballonger.jpg","width":555,"height":555},{"@type":"BreadcrumbList","@id":"https:\/\/barneleker.no\/index.php\/product\/lekia-splash-vannballongsett-med-100stk-ballonger\/#breadcrumb","itemListElement":[{"@type":"ListItem","position":1,"name":"Butikken","item":"https:\/\/barneleker.no\/"},{"@type":"ListItem","position":2,"name":"Lekia Splash, Vannballongsett med 100stk ballonger"}]},{"@type":"WebSite","@id":"https:\/\/barneleker.no\/#website","url":"https:\/\/barneleker.no\/","name":"Barneleker.no","description":"Selvf\u00f8lgelig!","publisher":{"@id":"https:\/\/barneleker.no\/#organization"},"potentialAction":[{"@type":"SearchAction","target":{"@type":"EntryPoint","urlTemplate":"https:\/\/barneleker.no\/?s={search_term_string}"},"query-input":{"@type":"PropertyValueSpecification","valueRequired":true,"valueName":"search_term_string"}}],"inLanguage":"nb-NO"},{"@type":"Organization","@id":"https:\/\/barneleker.no\/#organization","name":"Barneleker.no","url":"https:\/\/barneleker.no\/","logo":{"@type":"ImageObject","inLanguage":"nb-NO","@id":"https:\/\/barneleker.no\/#\/schema\/logo\/image\/","url":"https:\/\/barneleker.no\/wp-content\/uploads\/2021\/11\/barneleker_logo-780x150-1.jpg","contentUrl":"https:\/\/barneleker.no\/wp-content\/uploads\/2021\/11\/barneleker_logo-780x150-1.jpg","width":780,"height":150,"caption":"Barneleker.no"},"image":{"@id":"https:\/\/barneleker.no\/#\/schema\/logo\/image\/"}}]}},"_links":{"self":[{"href":"https:\/\/barneleker.no\/index.php\/wp-json\/wp\/v2\/product\/12330","targetHints":{"allow":["GET"]}}],"collection":[{"href":"https:\/\/barneleker.no\/index.php\/wp-json\/wp\/v2\/product"}],"about":[{"href":"https:\/\/barneleker.no\/index.php\/wp-json\/wp\/v2\/types\/product"}],"replies":[{"embeddable":true,"href":"https:\/\/barneleker.no\/index.php\/wp-json\/wp\/v2\/comments?post=12330"}],"wp:featuredmedia":[{"embeddable":true,"href":"https:\/\/barneleker.no\/index.php\/wp-json\/wp\/v2\/media\/12329"}],"wp:attachment":[{"href":"https:\/\/barneleker.no\/index.php\/wp-json\/wp\/v2\/media?parent=12330"}],"wp:term":[{"taxonomy":"product_brand","embeddable":true,"href":"https:\/\/barneleker.no\/index.php\/wp-json\/wp\/v2\/product_brand?post=12330"},{"taxonomy":"product_cat","embeddable":true,"href":"https:\/\/barneleker.no\/index.php\/wp-json\/wp\/v2\/product_cat?post=12330"},{"taxonomy":"product_tag","embeddable":true,"href":"https:\/\/barneleker.no\/index.php\/wp-json\/wp\/v2\/product_tag?post=12330"}],"curies":[{"name":"wp","href":"https:\/\/api.w.org\/{rel}","templated":true}]}}