{"id":12336,"date":"2022-02-08T19:49:59","date_gmt":"2022-02-08T19:49:59","guid":{"rendered":"https:\/\/barneleker.no\/index.php\/product\/our-generation-pink-bathtub-and-accessories\/"},"modified":"2022-02-08T19:49:59","modified_gmt":"2022-02-08T19:49:59","slug":"our-generation-pink-bathtub-and-accessories","status":"publish","type":"product","link":"https:\/\/barneleker.no\/index.php\/product\/our-generation-pink-bathtub-and-accessories\/","title":{"rendered":"Our Generation, Pink Bathtub And Accessories"},"content":{"rendered":"<p>Kommer du bare tilbake fra en langrennsur eller bare en lang dag p\u00e5 skolen? V\u00e5r generasjon v\u00e6re avslappende badekaret kommer med alt du trenger for det perfekte badet. Fyll karet, kast p\u00e5 agurkplatene og slapp av p\u00e5 et av dine mange spennende opplevelser!<\/p>\n","protected":false},"excerpt":{"rendered":"<p>Kommer du bare tilbake fra en langrennsur eller bare en lang dag p\u00e5 skolen? V\u00e5r generasjon v\u00e6re avslappende badekaret kommer med alt du trenger for&hellip;<\/p>\n","protected":false},"featured_media":12335,"comment_status":"open","ping_status":"closed","template":"","meta":[],"product_brand":[],"product_cat":[345],"product_tag":[],"class_list":{"0":"post-12336","1":"product","2":"type-product","3":"status-publish","4":"has-post-thumbnail","6":"product_cat-dockor","8":"first","9":"instock","10":"shipping-taxable","11":"product-type-external","12":"customify-col"},"yoast_head":"<!-- This site is optimized with the Yoast SEO plugin v26.0 - https:\/\/yoast.com\/wordpress\/plugins\/seo\/ -->\n<title>Our Generation, Pink Bathtub And Accessories - Barneleker.no<\/title>\n<meta name=\"robots\" content=\"index, follow, max-snippet:-1, max-image-preview:large, max-video-preview:-1\" \/>\n<link rel=\"canonical\" href=\"https:\/\/barneleker.no\/index.php\/product\/our-generation-pink-bathtub-and-accessories\/\" \/>\n<meta property=\"og:locale\" content=\"nb_NO\" \/>\n<meta property=\"og:type\" content=\"article\" \/>\n<meta property=\"og:title\" content=\"Our Generation, Pink Bathtub And Accessories - Barneleker.no\" \/>\n<meta property=\"og:description\" content=\"Kommer du bare tilbake fra en langrennsur eller bare en lang dag p\u00e5 skolen? V\u00e5r generasjon v\u00e6re avslappende badekaret kommer med alt du trenger for&hellip;\" \/>\n<meta property=\"og:url\" content=\"https:\/\/barneleker.no\/index.php\/product\/our-generation-pink-bathtub-and-accessories\/\" \/>\n<meta property=\"og:site_name\" content=\"Barneleker.no\" \/>\n<meta name=\"twitter:card\" content=\"summary_large_image\" \/>\n<script type=\"application\/ld+json\" class=\"yoast-schema-graph\">{\"@context\":\"https:\/\/schema.org\",\"@graph\":[{\"@type\":\"WebPage\",\"@id\":\"https:\/\/barneleker.no\/index.php\/product\/our-generation-pink-bathtub-and-accessories\/\",\"url\":\"https:\/\/barneleker.no\/index.php\/product\/our-generation-pink-bathtub-and-accessories\/\",\"name\":\"Our Generation, Pink Bathtub And Accessories - Barneleker.no\",\"isPartOf\":{\"@id\":\"https:\/\/barneleker.no\/#website\"},\"primaryImageOfPage\":{\"@id\":\"https:\/\/barneleker.no\/index.php\/product\/our-generation-pink-bathtub-and-accessories\/#primaryimage\"},\"image\":{\"@id\":\"https:\/\/barneleker.no\/index.php\/product\/our-generation-pink-bathtub-and-accessories\/#primaryimage\"},\"thumbnailUrl\":\"https:\/\/barneleker.no\/wp-content\/uploads\/2022\/02\/our-generation-pink-bathtub-and-accessories.jpg\",\"datePublished\":\"2022-02-08T19:49:59+00:00\",\"breadcrumb\":{\"@id\":\"https:\/\/barneleker.no\/index.php\/product\/our-generation-pink-bathtub-and-accessories\/#breadcrumb\"},\"inLanguage\":\"nb-NO\",\"potentialAction\":[{\"@type\":\"ReadAction\",\"target\":[\"https:\/\/barneleker.no\/index.php\/product\/our-generation-pink-bathtub-and-accessories\/\"]}]},{\"@type\":\"ImageObject\",\"inLanguage\":\"nb-NO\",\"@id\":\"https:\/\/barneleker.no\/index.php\/product\/our-generation-pink-bathtub-and-accessories\/#primaryimage\",\"url\":\"https:\/\/barneleker.no\/wp-content\/uploads\/2022\/02\/our-generation-pink-bathtub-and-accessories.jpg\",\"contentUrl\":\"https:\/\/barneleker.no\/wp-content\/uploads\/2022\/02\/our-generation-pink-bathtub-and-accessories.jpg\",\"width\":555,\"height\":555},{\"@type\":\"BreadcrumbList\",\"@id\":\"https:\/\/barneleker.no\/index.php\/product\/our-generation-pink-bathtub-and-accessories\/#breadcrumb\",\"itemListElement\":[{\"@type\":\"ListItem\",\"position\":1,\"name\":\"Butikken\",\"item\":\"https:\/\/barneleker.no\/\"},{\"@type\":\"ListItem\",\"position\":2,\"name\":\"Our Generation, Pink Bathtub And Accessories\"}]},{\"@type\":\"WebSite\",\"@id\":\"https:\/\/barneleker.no\/#website\",\"url\":\"https:\/\/barneleker.no\/\",\"name\":\"Barneleker.no\",\"description\":\"Selvf\u00f8lgelig!\",\"publisher\":{\"@id\":\"https:\/\/barneleker.no\/#organization\"},\"potentialAction\":[{\"@type\":\"SearchAction\",\"target\":{\"@type\":\"EntryPoint\",\"urlTemplate\":\"https:\/\/barneleker.no\/?s={search_term_string}\"},\"query-input\":{\"@type\":\"PropertyValueSpecification\",\"valueRequired\":true,\"valueName\":\"search_term_string\"}}],\"inLanguage\":\"nb-NO\"},{\"@type\":\"Organization\",\"@id\":\"https:\/\/barneleker.no\/#organization\",\"name\":\"Barneleker.no\",\"url\":\"https:\/\/barneleker.no\/\",\"logo\":{\"@type\":\"ImageObject\",\"inLanguage\":\"nb-NO\",\"@id\":\"https:\/\/barneleker.no\/#\/schema\/logo\/image\/\",\"url\":\"https:\/\/barneleker.no\/wp-content\/uploads\/2021\/11\/barneleker_logo-780x150-1.jpg\",\"contentUrl\":\"https:\/\/barneleker.no\/wp-content\/uploads\/2021\/11\/barneleker_logo-780x150-1.jpg\",\"width\":780,\"height\":150,\"caption\":\"Barneleker.no\"},\"image\":{\"@id\":\"https:\/\/barneleker.no\/#\/schema\/logo\/image\/\"}}]}<\/script>\n<!-- \/ Yoast SEO plugin. -->","yoast_head_json":{"title":"Our Generation, Pink Bathtub And Accessories - Barneleker.no","robots":{"index":"index","follow":"follow","max-snippet":"max-snippet:-1","max-image-preview":"max-image-preview:large","max-video-preview":"max-video-preview:-1"},"canonical":"https:\/\/barneleker.no\/index.php\/product\/our-generation-pink-bathtub-and-accessories\/","og_locale":"nb_NO","og_type":"article","og_title":"Our Generation, Pink Bathtub And Accessories - Barneleker.no","og_description":"Kommer du bare tilbake fra en langrennsur eller bare en lang dag p\u00e5 skolen? V\u00e5r generasjon v\u00e6re avslappende badekaret kommer med alt du trenger for&hellip;","og_url":"https:\/\/barneleker.no\/index.php\/product\/our-generation-pink-bathtub-and-accessories\/","og_site_name":"Barneleker.no","twitter_card":"summary_large_image","schema":{"@context":"https:\/\/schema.org","@graph":[{"@type":"WebPage","@id":"https:\/\/barneleker.no\/index.php\/product\/our-generation-pink-bathtub-and-accessories\/","url":"https:\/\/barneleker.no\/index.php\/product\/our-generation-pink-bathtub-and-accessories\/","name":"Our Generation, Pink Bathtub And Accessories - Barneleker.no","isPartOf":{"@id":"https:\/\/barneleker.no\/#website"},"primaryImageOfPage":{"@id":"https:\/\/barneleker.no\/index.php\/product\/our-generation-pink-bathtub-and-accessories\/#primaryimage"},"image":{"@id":"https:\/\/barneleker.no\/index.php\/product\/our-generation-pink-bathtub-and-accessories\/#primaryimage"},"thumbnailUrl":"https:\/\/barneleker.no\/wp-content\/uploads\/2022\/02\/our-generation-pink-bathtub-and-accessories.jpg","datePublished":"2022-02-08T19:49:59+00:00","breadcrumb":{"@id":"https:\/\/barneleker.no\/index.php\/product\/our-generation-pink-bathtub-and-accessories\/#breadcrumb"},"inLanguage":"nb-NO","potentialAction":[{"@type":"ReadAction","target":["https:\/\/barneleker.no\/index.php\/product\/our-generation-pink-bathtub-and-accessories\/"]}]},{"@type":"ImageObject","inLanguage":"nb-NO","@id":"https:\/\/barneleker.no\/index.php\/product\/our-generation-pink-bathtub-and-accessories\/#primaryimage","url":"https:\/\/barneleker.no\/wp-content\/uploads\/2022\/02\/our-generation-pink-bathtub-and-accessories.jpg","contentUrl":"https:\/\/barneleker.no\/wp-content\/uploads\/2022\/02\/our-generation-pink-bathtub-and-accessories.jpg","width":555,"height":555},{"@type":"BreadcrumbList","@id":"https:\/\/barneleker.no\/index.php\/product\/our-generation-pink-bathtub-and-accessories\/#breadcrumb","itemListElement":[{"@type":"ListItem","position":1,"name":"Butikken","item":"https:\/\/barneleker.no\/"},{"@type":"ListItem","position":2,"name":"Our Generation, Pink Bathtub And Accessories"}]},{"@type":"WebSite","@id":"https:\/\/barneleker.no\/#website","url":"https:\/\/barneleker.no\/","name":"Barneleker.no","description":"Selvf\u00f8lgelig!","publisher":{"@id":"https:\/\/barneleker.no\/#organization"},"potentialAction":[{"@type":"SearchAction","target":{"@type":"EntryPoint","urlTemplate":"https:\/\/barneleker.no\/?s={search_term_string}"},"query-input":{"@type":"PropertyValueSpecification","valueRequired":true,"valueName":"search_term_string"}}],"inLanguage":"nb-NO"},{"@type":"Organization","@id":"https:\/\/barneleker.no\/#organization","name":"Barneleker.no","url":"https:\/\/barneleker.no\/","logo":{"@type":"ImageObject","inLanguage":"nb-NO","@id":"https:\/\/barneleker.no\/#\/schema\/logo\/image\/","url":"https:\/\/barneleker.no\/wp-content\/uploads\/2021\/11\/barneleker_logo-780x150-1.jpg","contentUrl":"https:\/\/barneleker.no\/wp-content\/uploads\/2021\/11\/barneleker_logo-780x150-1.jpg","width":780,"height":150,"caption":"Barneleker.no"},"image":{"@id":"https:\/\/barneleker.no\/#\/schema\/logo\/image\/"}}]}},"_links":{"self":[{"href":"https:\/\/barneleker.no\/index.php\/wp-json\/wp\/v2\/product\/12336","targetHints":{"allow":["GET"]}}],"collection":[{"href":"https:\/\/barneleker.no\/index.php\/wp-json\/wp\/v2\/product"}],"about":[{"href":"https:\/\/barneleker.no\/index.php\/wp-json\/wp\/v2\/types\/product"}],"replies":[{"embeddable":true,"href":"https:\/\/barneleker.no\/index.php\/wp-json\/wp\/v2\/comments?post=12336"}],"wp:featuredmedia":[{"embeddable":true,"href":"https:\/\/barneleker.no\/index.php\/wp-json\/wp\/v2\/media\/12335"}],"wp:attachment":[{"href":"https:\/\/barneleker.no\/index.php\/wp-json\/wp\/v2\/media?parent=12336"}],"wp:term":[{"taxonomy":"product_brand","embeddable":true,"href":"https:\/\/barneleker.no\/index.php\/wp-json\/wp\/v2\/product_brand?post=12336"},{"taxonomy":"product_cat","embeddable":true,"href":"https:\/\/barneleker.no\/index.php\/wp-json\/wp\/v2\/product_cat?post=12336"},{"taxonomy":"product_tag","embeddable":true,"href":"https:\/\/barneleker.no\/index.php\/wp-json\/wp\/v2\/product_tag?post=12336"}],"curies":[{"name":"wp","href":"https:\/\/api.w.org\/{rel}","templated":true}]}}