{"id":12344,"date":"2022-02-08T19:50:02","date_gmt":"2022-02-08T19:50:02","guid":{"rendered":"https:\/\/barneleker.no\/index.php\/product\/paw-patrol-paw-6v-el-fly-rosa\/"},"modified":"2022-02-08T19:50:02","modified_gmt":"2022-02-08T19:50:02","slug":"paw-patrol-paw-6v-el-fly-rosa","status":"publish","type":"product","link":"https:\/\/barneleker.no\/index.php\/product\/paw-patrol-paw-6v-el-fly-rosa\/","title":{"rendered":"Paw Patrol PAW, 6V El fly Rosa"},"content":{"rendered":"<p>Jump bord med Skye n\u00e5r du g\u00e5r p\u00e5 et morsomt eventyr! Trykk p\u00e5 str\u00f8mknappen og hold fotpedalen for \u00e5 kj\u00f8re fremover og sving, l\u00f8ft foten for \u00e5 holde seg n\u00e5r som helst. Trykk p\u00e5 knappene p\u00e5 dashbordet for \u00e5 h\u00f8re livlig musikk og se de myke propellene spinn med blinkende lysm\u00f8nstre. Sikker og b\u00e6rekraftig konstruksjon i timer med morsomt spill. Inkluderer 6V oppladbart batteri og lader. Inkluderer 3 AA &#8220;Pr\u00f8v meg&#8221; Batterier for \u00e5 kontrollere lys og lyd. I alderen 18-36 m\u00e5neder.<\/p>\n","protected":false},"excerpt":{"rendered":"<p>Jump bord med Skye n\u00e5r du g\u00e5r p\u00e5 et morsomt eventyr! Trykk p\u00e5 str\u00f8mknappen og hold fotpedalen for \u00e5 kj\u00f8re fremover og sving, l\u00f8ft foten&hellip;<\/p>\n","protected":false},"featured_media":12343,"comment_status":"open","ping_status":"closed","template":"","meta":[],"product_brand":[],"product_cat":[343],"product_tag":[],"class_list":{"0":"post-12344","1":"product","2":"type-product","3":"status-publish","4":"has-post-thumbnail","6":"product_cat-kjoretoy","8":"first","9":"instock","10":"shipping-taxable","11":"product-type-external","12":"customify-col"},"yoast_head":"<!-- This site is optimized with the Yoast SEO plugin v26.0 - https:\/\/yoast.com\/wordpress\/plugins\/seo\/ -->\n<title>Paw Patrol PAW, 6V El fly Rosa - Barneleker.no<\/title>\n<meta name=\"robots\" content=\"index, follow, max-snippet:-1, max-image-preview:large, max-video-preview:-1\" \/>\n<link rel=\"canonical\" href=\"https:\/\/barneleker.no\/index.php\/product\/paw-patrol-paw-6v-el-fly-rosa\/\" \/>\n<meta property=\"og:locale\" content=\"nb_NO\" \/>\n<meta property=\"og:type\" content=\"article\" \/>\n<meta property=\"og:title\" content=\"Paw Patrol PAW, 6V El fly Rosa - Barneleker.no\" \/>\n<meta property=\"og:description\" content=\"Jump bord med Skye n\u00e5r du g\u00e5r p\u00e5 et morsomt eventyr! Trykk p\u00e5 str\u00f8mknappen og hold fotpedalen for \u00e5 kj\u00f8re fremover og sving, l\u00f8ft foten&hellip;\" \/>\n<meta property=\"og:url\" content=\"https:\/\/barneleker.no\/index.php\/product\/paw-patrol-paw-6v-el-fly-rosa\/\" \/>\n<meta property=\"og:site_name\" content=\"Barneleker.no\" \/>\n<meta name=\"twitter:card\" content=\"summary_large_image\" \/>\n<script type=\"application\/ld+json\" class=\"yoast-schema-graph\">{\"@context\":\"https:\/\/schema.org\",\"@graph\":[{\"@type\":\"WebPage\",\"@id\":\"https:\/\/barneleker.no\/index.php\/product\/paw-patrol-paw-6v-el-fly-rosa\/\",\"url\":\"https:\/\/barneleker.no\/index.php\/product\/paw-patrol-paw-6v-el-fly-rosa\/\",\"name\":\"Paw Patrol PAW, 6V El fly Rosa - Barneleker.no\",\"isPartOf\":{\"@id\":\"https:\/\/barneleker.no\/#website\"},\"primaryImageOfPage\":{\"@id\":\"https:\/\/barneleker.no\/index.php\/product\/paw-patrol-paw-6v-el-fly-rosa\/#primaryimage\"},\"image\":{\"@id\":\"https:\/\/barneleker.no\/index.php\/product\/paw-patrol-paw-6v-el-fly-rosa\/#primaryimage\"},\"thumbnailUrl\":\"https:\/\/barneleker.no\/wp-content\/uploads\/2022\/02\/paw-6v-el-fly-rosa.jpg\",\"datePublished\":\"2022-02-08T19:50:02+00:00\",\"breadcrumb\":{\"@id\":\"https:\/\/barneleker.no\/index.php\/product\/paw-patrol-paw-6v-el-fly-rosa\/#breadcrumb\"},\"inLanguage\":\"nb-NO\",\"potentialAction\":[{\"@type\":\"ReadAction\",\"target\":[\"https:\/\/barneleker.no\/index.php\/product\/paw-patrol-paw-6v-el-fly-rosa\/\"]}]},{\"@type\":\"ImageObject\",\"inLanguage\":\"nb-NO\",\"@id\":\"https:\/\/barneleker.no\/index.php\/product\/paw-patrol-paw-6v-el-fly-rosa\/#primaryimage\",\"url\":\"https:\/\/barneleker.no\/wp-content\/uploads\/2022\/02\/paw-6v-el-fly-rosa.jpg\",\"contentUrl\":\"https:\/\/barneleker.no\/wp-content\/uploads\/2022\/02\/paw-6v-el-fly-rosa.jpg\",\"width\":555,\"height\":555},{\"@type\":\"BreadcrumbList\",\"@id\":\"https:\/\/barneleker.no\/index.php\/product\/paw-patrol-paw-6v-el-fly-rosa\/#breadcrumb\",\"itemListElement\":[{\"@type\":\"ListItem\",\"position\":1,\"name\":\"Butikken\",\"item\":\"https:\/\/barneleker.no\/\"},{\"@type\":\"ListItem\",\"position\":2,\"name\":\"Paw Patrol PAW, 6V El fly Rosa\"}]},{\"@type\":\"WebSite\",\"@id\":\"https:\/\/barneleker.no\/#website\",\"url\":\"https:\/\/barneleker.no\/\",\"name\":\"Barneleker.no\",\"description\":\"Selvf\u00f8lgelig!\",\"publisher\":{\"@id\":\"https:\/\/barneleker.no\/#organization\"},\"potentialAction\":[{\"@type\":\"SearchAction\",\"target\":{\"@type\":\"EntryPoint\",\"urlTemplate\":\"https:\/\/barneleker.no\/?s={search_term_string}\"},\"query-input\":{\"@type\":\"PropertyValueSpecification\",\"valueRequired\":true,\"valueName\":\"search_term_string\"}}],\"inLanguage\":\"nb-NO\"},{\"@type\":\"Organization\",\"@id\":\"https:\/\/barneleker.no\/#organization\",\"name\":\"Barneleker.no\",\"url\":\"https:\/\/barneleker.no\/\",\"logo\":{\"@type\":\"ImageObject\",\"inLanguage\":\"nb-NO\",\"@id\":\"https:\/\/barneleker.no\/#\/schema\/logo\/image\/\",\"url\":\"https:\/\/barneleker.no\/wp-content\/uploads\/2021\/11\/barneleker_logo-780x150-1.jpg\",\"contentUrl\":\"https:\/\/barneleker.no\/wp-content\/uploads\/2021\/11\/barneleker_logo-780x150-1.jpg\",\"width\":780,\"height\":150,\"caption\":\"Barneleker.no\"},\"image\":{\"@id\":\"https:\/\/barneleker.no\/#\/schema\/logo\/image\/\"}}]}<\/script>\n<!-- \/ Yoast SEO plugin. -->","yoast_head_json":{"title":"Paw Patrol PAW, 6V El fly Rosa - Barneleker.no","robots":{"index":"index","follow":"follow","max-snippet":"max-snippet:-1","max-image-preview":"max-image-preview:large","max-video-preview":"max-video-preview:-1"},"canonical":"https:\/\/barneleker.no\/index.php\/product\/paw-patrol-paw-6v-el-fly-rosa\/","og_locale":"nb_NO","og_type":"article","og_title":"Paw Patrol PAW, 6V El fly Rosa - Barneleker.no","og_description":"Jump bord med Skye n\u00e5r du g\u00e5r p\u00e5 et morsomt eventyr! Trykk p\u00e5 str\u00f8mknappen og hold fotpedalen for \u00e5 kj\u00f8re fremover og sving, l\u00f8ft foten&hellip;","og_url":"https:\/\/barneleker.no\/index.php\/product\/paw-patrol-paw-6v-el-fly-rosa\/","og_site_name":"Barneleker.no","twitter_card":"summary_large_image","schema":{"@context":"https:\/\/schema.org","@graph":[{"@type":"WebPage","@id":"https:\/\/barneleker.no\/index.php\/product\/paw-patrol-paw-6v-el-fly-rosa\/","url":"https:\/\/barneleker.no\/index.php\/product\/paw-patrol-paw-6v-el-fly-rosa\/","name":"Paw Patrol PAW, 6V El fly Rosa - Barneleker.no","isPartOf":{"@id":"https:\/\/barneleker.no\/#website"},"primaryImageOfPage":{"@id":"https:\/\/barneleker.no\/index.php\/product\/paw-patrol-paw-6v-el-fly-rosa\/#primaryimage"},"image":{"@id":"https:\/\/barneleker.no\/index.php\/product\/paw-patrol-paw-6v-el-fly-rosa\/#primaryimage"},"thumbnailUrl":"https:\/\/barneleker.no\/wp-content\/uploads\/2022\/02\/paw-6v-el-fly-rosa.jpg","datePublished":"2022-02-08T19:50:02+00:00","breadcrumb":{"@id":"https:\/\/barneleker.no\/index.php\/product\/paw-patrol-paw-6v-el-fly-rosa\/#breadcrumb"},"inLanguage":"nb-NO","potentialAction":[{"@type":"ReadAction","target":["https:\/\/barneleker.no\/index.php\/product\/paw-patrol-paw-6v-el-fly-rosa\/"]}]},{"@type":"ImageObject","inLanguage":"nb-NO","@id":"https:\/\/barneleker.no\/index.php\/product\/paw-patrol-paw-6v-el-fly-rosa\/#primaryimage","url":"https:\/\/barneleker.no\/wp-content\/uploads\/2022\/02\/paw-6v-el-fly-rosa.jpg","contentUrl":"https:\/\/barneleker.no\/wp-content\/uploads\/2022\/02\/paw-6v-el-fly-rosa.jpg","width":555,"height":555},{"@type":"BreadcrumbList","@id":"https:\/\/barneleker.no\/index.php\/product\/paw-patrol-paw-6v-el-fly-rosa\/#breadcrumb","itemListElement":[{"@type":"ListItem","position":1,"name":"Butikken","item":"https:\/\/barneleker.no\/"},{"@type":"ListItem","position":2,"name":"Paw Patrol PAW, 6V El fly Rosa"}]},{"@type":"WebSite","@id":"https:\/\/barneleker.no\/#website","url":"https:\/\/barneleker.no\/","name":"Barneleker.no","description":"Selvf\u00f8lgelig!","publisher":{"@id":"https:\/\/barneleker.no\/#organization"},"potentialAction":[{"@type":"SearchAction","target":{"@type":"EntryPoint","urlTemplate":"https:\/\/barneleker.no\/?s={search_term_string}"},"query-input":{"@type":"PropertyValueSpecification","valueRequired":true,"valueName":"search_term_string"}}],"inLanguage":"nb-NO"},{"@type":"Organization","@id":"https:\/\/barneleker.no\/#organization","name":"Barneleker.no","url":"https:\/\/barneleker.no\/","logo":{"@type":"ImageObject","inLanguage":"nb-NO","@id":"https:\/\/barneleker.no\/#\/schema\/logo\/image\/","url":"https:\/\/barneleker.no\/wp-content\/uploads\/2021\/11\/barneleker_logo-780x150-1.jpg","contentUrl":"https:\/\/barneleker.no\/wp-content\/uploads\/2021\/11\/barneleker_logo-780x150-1.jpg","width":780,"height":150,"caption":"Barneleker.no"},"image":{"@id":"https:\/\/barneleker.no\/#\/schema\/logo\/image\/"}}]}},"_links":{"self":[{"href":"https:\/\/barneleker.no\/index.php\/wp-json\/wp\/v2\/product\/12344","targetHints":{"allow":["GET"]}}],"collection":[{"href":"https:\/\/barneleker.no\/index.php\/wp-json\/wp\/v2\/product"}],"about":[{"href":"https:\/\/barneleker.no\/index.php\/wp-json\/wp\/v2\/types\/product"}],"replies":[{"embeddable":true,"href":"https:\/\/barneleker.no\/index.php\/wp-json\/wp\/v2\/comments?post=12344"}],"wp:featuredmedia":[{"embeddable":true,"href":"https:\/\/barneleker.no\/index.php\/wp-json\/wp\/v2\/media\/12343"}],"wp:attachment":[{"href":"https:\/\/barneleker.no\/index.php\/wp-json\/wp\/v2\/media?parent=12344"}],"wp:term":[{"taxonomy":"product_brand","embeddable":true,"href":"https:\/\/barneleker.no\/index.php\/wp-json\/wp\/v2\/product_brand?post=12344"},{"taxonomy":"product_cat","embeddable":true,"href":"https:\/\/barneleker.no\/index.php\/wp-json\/wp\/v2\/product_cat?post=12344"},{"taxonomy":"product_tag","embeddable":true,"href":"https:\/\/barneleker.no\/index.php\/wp-json\/wp\/v2\/product_tag?post=12344"}],"curies":[{"name":"wp","href":"https:\/\/api.w.org\/{rel}","templated":true}]}}