{"id":12359,"date":"2022-02-08T19:50:09","date_gmt":"2022-02-08T19:50:09","guid":{"rendered":"https:\/\/barneleker.no\/index.php\/product\/barbie-blomsterhandel-dukke-og-lekesett\/"},"modified":"2022-02-08T19:50:09","modified_gmt":"2022-02-08T19:50:09","slug":"barbie-blomsterhandel-dukke-og-lekesett","status":"publish","type":"product","link":"https:\/\/barneleker.no\/index.php\/product\/barbie-blomsterhandel-dukke-og-lekesett\/","title":{"rendered":"Barbie, Blomsterhandel, dukke og lekesett"},"content":{"rendered":"<p>Lag din egen blomsterbutikk og utforsk en verden av vakre blomster og vakre dekorasjoner med Barbie. Kundene st\u00e5r i k\u00f8 for \u00e5 f\u00e5 tak i de vakre blomstene. Og heldigvis st\u00e5r Barbie der i sitt s\u00f8te, stripete forkle, klar til \u00e5 lage vakre buketter for alle sine kunder med blomstermaskinen og modelleringsvoks. Plasser modelleringsvoks i midten av arbeidsstasjonen og plasser &#8220;vasen&#8221; p\u00e5 toppen for \u00e5 lage blomster. Skyv h\u00e5ndtaket ned og se blomstene vises i vasen. Bruk modelleringsvoks i forskjellige farger for \u00e5 lage blomster i vakre fargekombinasjoner. Du kan ogs\u00e5 bruke formen til \u00e5 lage ekstra blomster. Lekesettet inneholder Barbie blomsterhandler dukke kledd i s\u00f8tt, stripete forkle med lommer for verkt\u00f8y, en blomsterstasjon, 2 vaser, en form, rengj\u00f8ringsverkt\u00f8y og en bamse, modelleringsvoks i 3 farger (gul, rosa og gr\u00f8nn) og 3 magiske m\u00e5ter \u00e5 lage blomster p\u00e5.<\/p>\n","protected":false},"excerpt":{"rendered":"<p>Lag din egen blomsterbutikk og utforsk en verden av vakre blomster og vakre dekorasjoner med Barbie. Kundene st\u00e5r i k\u00f8 for \u00e5 f\u00e5 tak i&hellip;<\/p>\n","protected":false},"featured_media":12358,"comment_status":"open","ping_status":"closed","template":"","meta":[],"product_brand":[],"product_cat":[349],"product_tag":[],"class_list":{"0":"post-12359","1":"product","2":"type-product","3":"status-publish","4":"has-post-thumbnail","6":"product_cat-modedockor","8":"first","9":"instock","10":"shipping-taxable","11":"product-type-external","12":"customify-col"},"yoast_head":"<!-- This site is optimized with the Yoast SEO plugin v26.0 - https:\/\/yoast.com\/wordpress\/plugins\/seo\/ -->\n<title>Barbie, Blomsterhandel, dukke og lekesett - Barneleker.no<\/title>\n<meta name=\"robots\" content=\"index, follow, max-snippet:-1, max-image-preview:large, max-video-preview:-1\" \/>\n<link rel=\"canonical\" href=\"https:\/\/barneleker.no\/index.php\/product\/barbie-blomsterhandel-dukke-og-lekesett\/\" \/>\n<meta property=\"og:locale\" content=\"nb_NO\" \/>\n<meta property=\"og:type\" content=\"article\" \/>\n<meta property=\"og:title\" content=\"Barbie, Blomsterhandel, dukke og lekesett - Barneleker.no\" \/>\n<meta property=\"og:description\" content=\"Lag din egen blomsterbutikk og utforsk en verden av vakre blomster og vakre dekorasjoner med Barbie. Kundene st\u00e5r i k\u00f8 for \u00e5 f\u00e5 tak i&hellip;\" \/>\n<meta property=\"og:url\" content=\"https:\/\/barneleker.no\/index.php\/product\/barbie-blomsterhandel-dukke-og-lekesett\/\" \/>\n<meta property=\"og:site_name\" content=\"Barneleker.no\" \/>\n<meta name=\"twitter:card\" content=\"summary_large_image\" \/>\n<meta name=\"twitter:label1\" content=\"Ansl. lesetid\" \/>\n\t<meta name=\"twitter:data1\" content=\"1 minutt\" \/>\n<script type=\"application\/ld+json\" class=\"yoast-schema-graph\">{\"@context\":\"https:\/\/schema.org\",\"@graph\":[{\"@type\":\"WebPage\",\"@id\":\"https:\/\/barneleker.no\/index.php\/product\/barbie-blomsterhandel-dukke-og-lekesett\/\",\"url\":\"https:\/\/barneleker.no\/index.php\/product\/barbie-blomsterhandel-dukke-og-lekesett\/\",\"name\":\"Barbie, Blomsterhandel, dukke og lekesett - Barneleker.no\",\"isPartOf\":{\"@id\":\"https:\/\/barneleker.no\/#website\"},\"primaryImageOfPage\":{\"@id\":\"https:\/\/barneleker.no\/index.php\/product\/barbie-blomsterhandel-dukke-og-lekesett\/#primaryimage\"},\"image\":{\"@id\":\"https:\/\/barneleker.no\/index.php\/product\/barbie-blomsterhandel-dukke-og-lekesett\/#primaryimage\"},\"thumbnailUrl\":\"https:\/\/barneleker.no\/wp-content\/uploads\/2022\/02\/barbie-blomsterhandel-dukke-og-lekesett.jpg\",\"datePublished\":\"2022-02-08T19:50:09+00:00\",\"breadcrumb\":{\"@id\":\"https:\/\/barneleker.no\/index.php\/product\/barbie-blomsterhandel-dukke-og-lekesett\/#breadcrumb\"},\"inLanguage\":\"nb-NO\",\"potentialAction\":[{\"@type\":\"ReadAction\",\"target\":[\"https:\/\/barneleker.no\/index.php\/product\/barbie-blomsterhandel-dukke-og-lekesett\/\"]}]},{\"@type\":\"ImageObject\",\"inLanguage\":\"nb-NO\",\"@id\":\"https:\/\/barneleker.no\/index.php\/product\/barbie-blomsterhandel-dukke-og-lekesett\/#primaryimage\",\"url\":\"https:\/\/barneleker.no\/wp-content\/uploads\/2022\/02\/barbie-blomsterhandel-dukke-og-lekesett.jpg\",\"contentUrl\":\"https:\/\/barneleker.no\/wp-content\/uploads\/2022\/02\/barbie-blomsterhandel-dukke-og-lekesett.jpg\",\"width\":555,\"height\":555},{\"@type\":\"BreadcrumbList\",\"@id\":\"https:\/\/barneleker.no\/index.php\/product\/barbie-blomsterhandel-dukke-og-lekesett\/#breadcrumb\",\"itemListElement\":[{\"@type\":\"ListItem\",\"position\":1,\"name\":\"Butikken\",\"item\":\"https:\/\/barneleker.no\/\"},{\"@type\":\"ListItem\",\"position\":2,\"name\":\"Barbie, Blomsterhandel, dukke og lekesett\"}]},{\"@type\":\"WebSite\",\"@id\":\"https:\/\/barneleker.no\/#website\",\"url\":\"https:\/\/barneleker.no\/\",\"name\":\"Barneleker.no\",\"description\":\"Selvf\u00f8lgelig!\",\"publisher\":{\"@id\":\"https:\/\/barneleker.no\/#organization\"},\"potentialAction\":[{\"@type\":\"SearchAction\",\"target\":{\"@type\":\"EntryPoint\",\"urlTemplate\":\"https:\/\/barneleker.no\/?s={search_term_string}\"},\"query-input\":{\"@type\":\"PropertyValueSpecification\",\"valueRequired\":true,\"valueName\":\"search_term_string\"}}],\"inLanguage\":\"nb-NO\"},{\"@type\":\"Organization\",\"@id\":\"https:\/\/barneleker.no\/#organization\",\"name\":\"Barneleker.no\",\"url\":\"https:\/\/barneleker.no\/\",\"logo\":{\"@type\":\"ImageObject\",\"inLanguage\":\"nb-NO\",\"@id\":\"https:\/\/barneleker.no\/#\/schema\/logo\/image\/\",\"url\":\"https:\/\/barneleker.no\/wp-content\/uploads\/2021\/11\/barneleker_logo-780x150-1.jpg\",\"contentUrl\":\"https:\/\/barneleker.no\/wp-content\/uploads\/2021\/11\/barneleker_logo-780x150-1.jpg\",\"width\":780,\"height\":150,\"caption\":\"Barneleker.no\"},\"image\":{\"@id\":\"https:\/\/barneleker.no\/#\/schema\/logo\/image\/\"}}]}<\/script>\n<!-- \/ Yoast SEO plugin. -->","yoast_head_json":{"title":"Barbie, Blomsterhandel, dukke og lekesett - Barneleker.no","robots":{"index":"index","follow":"follow","max-snippet":"max-snippet:-1","max-image-preview":"max-image-preview:large","max-video-preview":"max-video-preview:-1"},"canonical":"https:\/\/barneleker.no\/index.php\/product\/barbie-blomsterhandel-dukke-og-lekesett\/","og_locale":"nb_NO","og_type":"article","og_title":"Barbie, Blomsterhandel, dukke og lekesett - Barneleker.no","og_description":"Lag din egen blomsterbutikk og utforsk en verden av vakre blomster og vakre dekorasjoner med Barbie. Kundene st\u00e5r i k\u00f8 for \u00e5 f\u00e5 tak i&hellip;","og_url":"https:\/\/barneleker.no\/index.php\/product\/barbie-blomsterhandel-dukke-og-lekesett\/","og_site_name":"Barneleker.no","twitter_card":"summary_large_image","twitter_misc":{"Ansl. lesetid":"1 minutt"},"schema":{"@context":"https:\/\/schema.org","@graph":[{"@type":"WebPage","@id":"https:\/\/barneleker.no\/index.php\/product\/barbie-blomsterhandel-dukke-og-lekesett\/","url":"https:\/\/barneleker.no\/index.php\/product\/barbie-blomsterhandel-dukke-og-lekesett\/","name":"Barbie, Blomsterhandel, dukke og lekesett - Barneleker.no","isPartOf":{"@id":"https:\/\/barneleker.no\/#website"},"primaryImageOfPage":{"@id":"https:\/\/barneleker.no\/index.php\/product\/barbie-blomsterhandel-dukke-og-lekesett\/#primaryimage"},"image":{"@id":"https:\/\/barneleker.no\/index.php\/product\/barbie-blomsterhandel-dukke-og-lekesett\/#primaryimage"},"thumbnailUrl":"https:\/\/barneleker.no\/wp-content\/uploads\/2022\/02\/barbie-blomsterhandel-dukke-og-lekesett.jpg","datePublished":"2022-02-08T19:50:09+00:00","breadcrumb":{"@id":"https:\/\/barneleker.no\/index.php\/product\/barbie-blomsterhandel-dukke-og-lekesett\/#breadcrumb"},"inLanguage":"nb-NO","potentialAction":[{"@type":"ReadAction","target":["https:\/\/barneleker.no\/index.php\/product\/barbie-blomsterhandel-dukke-og-lekesett\/"]}]},{"@type":"ImageObject","inLanguage":"nb-NO","@id":"https:\/\/barneleker.no\/index.php\/product\/barbie-blomsterhandel-dukke-og-lekesett\/#primaryimage","url":"https:\/\/barneleker.no\/wp-content\/uploads\/2022\/02\/barbie-blomsterhandel-dukke-og-lekesett.jpg","contentUrl":"https:\/\/barneleker.no\/wp-content\/uploads\/2022\/02\/barbie-blomsterhandel-dukke-og-lekesett.jpg","width":555,"height":555},{"@type":"BreadcrumbList","@id":"https:\/\/barneleker.no\/index.php\/product\/barbie-blomsterhandel-dukke-og-lekesett\/#breadcrumb","itemListElement":[{"@type":"ListItem","position":1,"name":"Butikken","item":"https:\/\/barneleker.no\/"},{"@type":"ListItem","position":2,"name":"Barbie, Blomsterhandel, dukke og lekesett"}]},{"@type":"WebSite","@id":"https:\/\/barneleker.no\/#website","url":"https:\/\/barneleker.no\/","name":"Barneleker.no","description":"Selvf\u00f8lgelig!","publisher":{"@id":"https:\/\/barneleker.no\/#organization"},"potentialAction":[{"@type":"SearchAction","target":{"@type":"EntryPoint","urlTemplate":"https:\/\/barneleker.no\/?s={search_term_string}"},"query-input":{"@type":"PropertyValueSpecification","valueRequired":true,"valueName":"search_term_string"}}],"inLanguage":"nb-NO"},{"@type":"Organization","@id":"https:\/\/barneleker.no\/#organization","name":"Barneleker.no","url":"https:\/\/barneleker.no\/","logo":{"@type":"ImageObject","inLanguage":"nb-NO","@id":"https:\/\/barneleker.no\/#\/schema\/logo\/image\/","url":"https:\/\/barneleker.no\/wp-content\/uploads\/2021\/11\/barneleker_logo-780x150-1.jpg","contentUrl":"https:\/\/barneleker.no\/wp-content\/uploads\/2021\/11\/barneleker_logo-780x150-1.jpg","width":780,"height":150,"caption":"Barneleker.no"},"image":{"@id":"https:\/\/barneleker.no\/#\/schema\/logo\/image\/"}}]}},"_links":{"self":[{"href":"https:\/\/barneleker.no\/index.php\/wp-json\/wp\/v2\/product\/12359","targetHints":{"allow":["GET"]}}],"collection":[{"href":"https:\/\/barneleker.no\/index.php\/wp-json\/wp\/v2\/product"}],"about":[{"href":"https:\/\/barneleker.no\/index.php\/wp-json\/wp\/v2\/types\/product"}],"replies":[{"embeddable":true,"href":"https:\/\/barneleker.no\/index.php\/wp-json\/wp\/v2\/comments?post=12359"}],"wp:featuredmedia":[{"embeddable":true,"href":"https:\/\/barneleker.no\/index.php\/wp-json\/wp\/v2\/media\/12358"}],"wp:attachment":[{"href":"https:\/\/barneleker.no\/index.php\/wp-json\/wp\/v2\/media?parent=12359"}],"wp:term":[{"taxonomy":"product_brand","embeddable":true,"href":"https:\/\/barneleker.no\/index.php\/wp-json\/wp\/v2\/product_brand?post=12359"},{"taxonomy":"product_cat","embeddable":true,"href":"https:\/\/barneleker.no\/index.php\/wp-json\/wp\/v2\/product_cat?post=12359"},{"taxonomy":"product_tag","embeddable":true,"href":"https:\/\/barneleker.no\/index.php\/wp-json\/wp\/v2\/product_tag?post=12359"}],"curies":[{"name":"wp","href":"https:\/\/api.w.org\/{rel}","templated":true}]}}