{"id":12371,"date":"2022-02-08T19:50:13","date_gmt":"2022-02-08T19:50:13","guid":{"rendered":"https:\/\/barneleker.no\/index.php\/product\/batman-transforming-batmobile-with-10-cm-figure\/"},"modified":"2022-02-08T19:50:13","modified_gmt":"2022-02-08T19:50:13","slug":"batman-transforming-batmobile-with-10-cm-figure","status":"publish","type":"product","link":"https:\/\/barneleker.no\/index.php\/product\/batman-transforming-batmobile-with-10-cm-figure\/","title":{"rendered":"Batman, Transforming Batmobile with 10 cm Figure"},"content":{"rendered":"<p>Dette merket fra Global Toy and Entertainment Company, Spin Master, er designet, utviklet, produsert og markedsf\u00f8rt for \u00e5 gi barn over hele verden. Spin Master utvikler sine merker gjennom innovasjon. Spin Master legger s\u00e6rlig vekt p\u00e5 \u00e5 vise de beste funksjonene og detaljene i et varemerke p\u00e5 nettet og er dedikert til \u00e5 st\u00f8tte sine produkter.<\/p>\n","protected":false},"excerpt":{"rendered":"<p>Dette merket fra Global Toy and Entertainment Company, Spin Master, er designet, utviklet, produsert og markedsf\u00f8rt for \u00e5 gi barn over hele verden. Spin Master&hellip;<\/p>\n","protected":false},"featured_media":12370,"comment_status":"open","ping_status":"closed","template":"","meta":[],"product_brand":[],"product_cat":[395],"product_tag":[],"class_list":{"0":"post-12371","1":"product","2":"type-product","3":"status-publish","4":"has-post-thumbnail","6":"product_cat-fordon-figurer-robotar","8":"first","9":"instock","10":"shipping-taxable","11":"product-type-external","12":"customify-col"},"yoast_head":"<!-- This site is optimized with the Yoast SEO plugin v26.0 - https:\/\/yoast.com\/wordpress\/plugins\/seo\/ -->\n<title>Batman, Transforming Batmobile with 10 cm Figure - Barneleker.no<\/title>\n<meta name=\"robots\" content=\"index, follow, max-snippet:-1, max-image-preview:large, max-video-preview:-1\" \/>\n<link rel=\"canonical\" href=\"https:\/\/barneleker.no\/index.php\/product\/batman-transforming-batmobile-with-10-cm-figure\/\" \/>\n<meta property=\"og:locale\" content=\"nb_NO\" \/>\n<meta property=\"og:type\" content=\"article\" \/>\n<meta property=\"og:title\" content=\"Batman, Transforming Batmobile with 10 cm Figure - Barneleker.no\" \/>\n<meta property=\"og:description\" content=\"Dette merket fra Global Toy and Entertainment Company, Spin Master, er designet, utviklet, produsert og markedsf\u00f8rt for \u00e5 gi barn over hele verden. Spin Master&hellip;\" \/>\n<meta property=\"og:url\" content=\"https:\/\/barneleker.no\/index.php\/product\/batman-transforming-batmobile-with-10-cm-figure\/\" \/>\n<meta property=\"og:site_name\" content=\"Barneleker.no\" \/>\n<meta name=\"twitter:card\" content=\"summary_large_image\" \/>\n<script type=\"application\/ld+json\" class=\"yoast-schema-graph\">{\"@context\":\"https:\/\/schema.org\",\"@graph\":[{\"@type\":\"WebPage\",\"@id\":\"https:\/\/barneleker.no\/index.php\/product\/batman-transforming-batmobile-with-10-cm-figure\/\",\"url\":\"https:\/\/barneleker.no\/index.php\/product\/batman-transforming-batmobile-with-10-cm-figure\/\",\"name\":\"Batman, Transforming Batmobile with 10 cm Figure - Barneleker.no\",\"isPartOf\":{\"@id\":\"https:\/\/barneleker.no\/#website\"},\"primaryImageOfPage\":{\"@id\":\"https:\/\/barneleker.no\/index.php\/product\/batman-transforming-batmobile-with-10-cm-figure\/#primaryimage\"},\"image\":{\"@id\":\"https:\/\/barneleker.no\/index.php\/product\/batman-transforming-batmobile-with-10-cm-figure\/#primaryimage\"},\"thumbnailUrl\":\"https:\/\/barneleker.no\/wp-content\/uploads\/2022\/02\/batman-transforming-batmobile-with-10-cm-figure.jpg\",\"datePublished\":\"2022-02-08T19:50:13+00:00\",\"breadcrumb\":{\"@id\":\"https:\/\/barneleker.no\/index.php\/product\/batman-transforming-batmobile-with-10-cm-figure\/#breadcrumb\"},\"inLanguage\":\"nb-NO\",\"potentialAction\":[{\"@type\":\"ReadAction\",\"target\":[\"https:\/\/barneleker.no\/index.php\/product\/batman-transforming-batmobile-with-10-cm-figure\/\"]}]},{\"@type\":\"ImageObject\",\"inLanguage\":\"nb-NO\",\"@id\":\"https:\/\/barneleker.no\/index.php\/product\/batman-transforming-batmobile-with-10-cm-figure\/#primaryimage\",\"url\":\"https:\/\/barneleker.no\/wp-content\/uploads\/2022\/02\/batman-transforming-batmobile-with-10-cm-figure.jpg\",\"contentUrl\":\"https:\/\/barneleker.no\/wp-content\/uploads\/2022\/02\/batman-transforming-batmobile-with-10-cm-figure.jpg\",\"width\":555,\"height\":555},{\"@type\":\"BreadcrumbList\",\"@id\":\"https:\/\/barneleker.no\/index.php\/product\/batman-transforming-batmobile-with-10-cm-figure\/#breadcrumb\",\"itemListElement\":[{\"@type\":\"ListItem\",\"position\":1,\"name\":\"Butikken\",\"item\":\"https:\/\/barneleker.no\/\"},{\"@type\":\"ListItem\",\"position\":2,\"name\":\"Batman, Transforming Batmobile with 10 cm Figure\"}]},{\"@type\":\"WebSite\",\"@id\":\"https:\/\/barneleker.no\/#website\",\"url\":\"https:\/\/barneleker.no\/\",\"name\":\"Barneleker.no\",\"description\":\"Selvf\u00f8lgelig!\",\"publisher\":{\"@id\":\"https:\/\/barneleker.no\/#organization\"},\"potentialAction\":[{\"@type\":\"SearchAction\",\"target\":{\"@type\":\"EntryPoint\",\"urlTemplate\":\"https:\/\/barneleker.no\/?s={search_term_string}\"},\"query-input\":{\"@type\":\"PropertyValueSpecification\",\"valueRequired\":true,\"valueName\":\"search_term_string\"}}],\"inLanguage\":\"nb-NO\"},{\"@type\":\"Organization\",\"@id\":\"https:\/\/barneleker.no\/#organization\",\"name\":\"Barneleker.no\",\"url\":\"https:\/\/barneleker.no\/\",\"logo\":{\"@type\":\"ImageObject\",\"inLanguage\":\"nb-NO\",\"@id\":\"https:\/\/barneleker.no\/#\/schema\/logo\/image\/\",\"url\":\"https:\/\/barneleker.no\/wp-content\/uploads\/2021\/11\/barneleker_logo-780x150-1.jpg\",\"contentUrl\":\"https:\/\/barneleker.no\/wp-content\/uploads\/2021\/11\/barneleker_logo-780x150-1.jpg\",\"width\":780,\"height\":150,\"caption\":\"Barneleker.no\"},\"image\":{\"@id\":\"https:\/\/barneleker.no\/#\/schema\/logo\/image\/\"}}]}<\/script>\n<!-- \/ Yoast SEO plugin. -->","yoast_head_json":{"title":"Batman, Transforming Batmobile with 10 cm Figure - Barneleker.no","robots":{"index":"index","follow":"follow","max-snippet":"max-snippet:-1","max-image-preview":"max-image-preview:large","max-video-preview":"max-video-preview:-1"},"canonical":"https:\/\/barneleker.no\/index.php\/product\/batman-transforming-batmobile-with-10-cm-figure\/","og_locale":"nb_NO","og_type":"article","og_title":"Batman, Transforming Batmobile with 10 cm Figure - Barneleker.no","og_description":"Dette merket fra Global Toy and Entertainment Company, Spin Master, er designet, utviklet, produsert og markedsf\u00f8rt for \u00e5 gi barn over hele verden. Spin Master&hellip;","og_url":"https:\/\/barneleker.no\/index.php\/product\/batman-transforming-batmobile-with-10-cm-figure\/","og_site_name":"Barneleker.no","twitter_card":"summary_large_image","schema":{"@context":"https:\/\/schema.org","@graph":[{"@type":"WebPage","@id":"https:\/\/barneleker.no\/index.php\/product\/batman-transforming-batmobile-with-10-cm-figure\/","url":"https:\/\/barneleker.no\/index.php\/product\/batman-transforming-batmobile-with-10-cm-figure\/","name":"Batman, Transforming Batmobile with 10 cm Figure - Barneleker.no","isPartOf":{"@id":"https:\/\/barneleker.no\/#website"},"primaryImageOfPage":{"@id":"https:\/\/barneleker.no\/index.php\/product\/batman-transforming-batmobile-with-10-cm-figure\/#primaryimage"},"image":{"@id":"https:\/\/barneleker.no\/index.php\/product\/batman-transforming-batmobile-with-10-cm-figure\/#primaryimage"},"thumbnailUrl":"https:\/\/barneleker.no\/wp-content\/uploads\/2022\/02\/batman-transforming-batmobile-with-10-cm-figure.jpg","datePublished":"2022-02-08T19:50:13+00:00","breadcrumb":{"@id":"https:\/\/barneleker.no\/index.php\/product\/batman-transforming-batmobile-with-10-cm-figure\/#breadcrumb"},"inLanguage":"nb-NO","potentialAction":[{"@type":"ReadAction","target":["https:\/\/barneleker.no\/index.php\/product\/batman-transforming-batmobile-with-10-cm-figure\/"]}]},{"@type":"ImageObject","inLanguage":"nb-NO","@id":"https:\/\/barneleker.no\/index.php\/product\/batman-transforming-batmobile-with-10-cm-figure\/#primaryimage","url":"https:\/\/barneleker.no\/wp-content\/uploads\/2022\/02\/batman-transforming-batmobile-with-10-cm-figure.jpg","contentUrl":"https:\/\/barneleker.no\/wp-content\/uploads\/2022\/02\/batman-transforming-batmobile-with-10-cm-figure.jpg","width":555,"height":555},{"@type":"BreadcrumbList","@id":"https:\/\/barneleker.no\/index.php\/product\/batman-transforming-batmobile-with-10-cm-figure\/#breadcrumb","itemListElement":[{"@type":"ListItem","position":1,"name":"Butikken","item":"https:\/\/barneleker.no\/"},{"@type":"ListItem","position":2,"name":"Batman, Transforming Batmobile with 10 cm Figure"}]},{"@type":"WebSite","@id":"https:\/\/barneleker.no\/#website","url":"https:\/\/barneleker.no\/","name":"Barneleker.no","description":"Selvf\u00f8lgelig!","publisher":{"@id":"https:\/\/barneleker.no\/#organization"},"potentialAction":[{"@type":"SearchAction","target":{"@type":"EntryPoint","urlTemplate":"https:\/\/barneleker.no\/?s={search_term_string}"},"query-input":{"@type":"PropertyValueSpecification","valueRequired":true,"valueName":"search_term_string"}}],"inLanguage":"nb-NO"},{"@type":"Organization","@id":"https:\/\/barneleker.no\/#organization","name":"Barneleker.no","url":"https:\/\/barneleker.no\/","logo":{"@type":"ImageObject","inLanguage":"nb-NO","@id":"https:\/\/barneleker.no\/#\/schema\/logo\/image\/","url":"https:\/\/barneleker.no\/wp-content\/uploads\/2021\/11\/barneleker_logo-780x150-1.jpg","contentUrl":"https:\/\/barneleker.no\/wp-content\/uploads\/2021\/11\/barneleker_logo-780x150-1.jpg","width":780,"height":150,"caption":"Barneleker.no"},"image":{"@id":"https:\/\/barneleker.no\/#\/schema\/logo\/image\/"}}]}},"_links":{"self":[{"href":"https:\/\/barneleker.no\/index.php\/wp-json\/wp\/v2\/product\/12371","targetHints":{"allow":["GET"]}}],"collection":[{"href":"https:\/\/barneleker.no\/index.php\/wp-json\/wp\/v2\/product"}],"about":[{"href":"https:\/\/barneleker.no\/index.php\/wp-json\/wp\/v2\/types\/product"}],"replies":[{"embeddable":true,"href":"https:\/\/barneleker.no\/index.php\/wp-json\/wp\/v2\/comments?post=12371"}],"wp:featuredmedia":[{"embeddable":true,"href":"https:\/\/barneleker.no\/index.php\/wp-json\/wp\/v2\/media\/12370"}],"wp:attachment":[{"href":"https:\/\/barneleker.no\/index.php\/wp-json\/wp\/v2\/media?parent=12371"}],"wp:term":[{"taxonomy":"product_brand","embeddable":true,"href":"https:\/\/barneleker.no\/index.php\/wp-json\/wp\/v2\/product_brand?post=12371"},{"taxonomy":"product_cat","embeddable":true,"href":"https:\/\/barneleker.no\/index.php\/wp-json\/wp\/v2\/product_cat?post=12371"},{"taxonomy":"product_tag","embeddable":true,"href":"https:\/\/barneleker.no\/index.php\/wp-json\/wp\/v2\/product_tag?post=12371"}],"curies":[{"name":"wp","href":"https:\/\/api.w.org\/{rel}","templated":true}]}}