{"id":12423,"date":"2022-02-08T19:50:31","date_gmt":"2022-02-08T19:50:31","guid":{"rendered":"https:\/\/barneleker.no\/index.php\/product\/nerf-nerf-elite-2-0-flip-8\/"},"modified":"2022-02-08T19:50:31","modified_gmt":"2022-02-08T19:50:31","slug":"nerf-nerf-elite-2-0-flip-8","status":"publish","type":"product","link":"https:\/\/barneleker.no\/index.php\/product\/nerf-nerf-elite-2-0-flip-8\/","title":{"rendered":"NERF Nerf, Elite 2.0 Flip 8"},"content":{"rendered":"<p>Gi deg selv inn i kampen med Nerf Elite 2.0 Flipshots Flip-8 Blast! The Blaster har 8 r\u00f8r &#8211; 4 fremover og 4 bakover. Brannpiler fra de 4veis fremover r\u00f8rene og sl\u00e5 deretter de 4 omvendte r\u00f8rene for \u00e5 fortsette \u00e5 skyte piler. Motstanderen mener at du har g\u00e5tt tom for pilene, men du kan overraske med 4 lastede r\u00f8r til! R\u00f8rene er sammenkoblet, s\u00e5 det er lett \u00e5 raskt rotere dem ved \u00e5 trekke synet. Utsikten p\u00e5 toppen av blasteren er ogs\u00e5 en svingemekanisme &#8211; trekk den for \u00e5 sl\u00e5 r\u00f8rene. Hvert r\u00f8r inneholder 1 pil, slik at blasteren har totalt 8 piler. Trekk h\u00e5ndtaket for \u00e5 lade blasteren og trykk p\u00e5 lukkerknappen for \u00e5 brenne 1 pil. Inneholder 8 offisielle Nerf Elite 2.0 skumstiler. \u00d8yevern anbefales (ikke inkludert). Drevet for h\u00e5nden av deg (ingen batterier kreves). Nerf og all relatert eiendom er varemerker for Hasbro.<\/p>\n","protected":false},"excerpt":{"rendered":"<p>Gi deg selv inn i kampen med Nerf Elite 2.0 Flipshots Flip-8 Blast! The Blaster har 8 r\u00f8r &#8211; 4 fremover og 4 bakover. Brannpiler&hellip;<\/p>\n","protected":false},"featured_media":12422,"comment_status":"open","ping_status":"closed","template":"","meta":[],"product_brand":[],"product_cat":[370],"product_tag":[],"class_list":{"0":"post-12423","1":"product","2":"type-product","3":"status-publish","4":"has-post-thumbnail","6":"product_cat-rollelek","8":"first","9":"instock","10":"shipping-taxable","11":"product-type-external","12":"customify-col"},"yoast_head":"<!-- This site is optimized with the Yoast SEO plugin v26.0 - https:\/\/yoast.com\/wordpress\/plugins\/seo\/ -->\n<title>NERF Nerf, Elite 2.0 Flip 8 - Barneleker.no<\/title>\n<meta name=\"robots\" content=\"index, follow, max-snippet:-1, max-image-preview:large, max-video-preview:-1\" \/>\n<link rel=\"canonical\" href=\"https:\/\/barneleker.no\/index.php\/product\/nerf-nerf-elite-2-0-flip-8\/\" \/>\n<meta property=\"og:locale\" content=\"nb_NO\" \/>\n<meta property=\"og:type\" content=\"article\" \/>\n<meta property=\"og:title\" content=\"NERF Nerf, Elite 2.0 Flip 8 - Barneleker.no\" \/>\n<meta property=\"og:description\" content=\"Gi deg selv inn i kampen med Nerf Elite 2.0 Flipshots Flip-8 Blast! The Blaster har 8 r\u00f8r &#8211; 4 fremover og 4 bakover. Brannpiler&hellip;\" \/>\n<meta property=\"og:url\" content=\"https:\/\/barneleker.no\/index.php\/product\/nerf-nerf-elite-2-0-flip-8\/\" \/>\n<meta property=\"og:site_name\" content=\"Barneleker.no\" \/>\n<meta name=\"twitter:card\" content=\"summary_large_image\" \/>\n<meta name=\"twitter:label1\" content=\"Ansl. lesetid\" \/>\n\t<meta name=\"twitter:data1\" content=\"1 minutt\" \/>\n<script type=\"application\/ld+json\" class=\"yoast-schema-graph\">{\"@context\":\"https:\/\/schema.org\",\"@graph\":[{\"@type\":\"WebPage\",\"@id\":\"https:\/\/barneleker.no\/index.php\/product\/nerf-nerf-elite-2-0-flip-8\/\",\"url\":\"https:\/\/barneleker.no\/index.php\/product\/nerf-nerf-elite-2-0-flip-8\/\",\"name\":\"NERF Nerf, Elite 2.0 Flip 8 - Barneleker.no\",\"isPartOf\":{\"@id\":\"https:\/\/barneleker.no\/#website\"},\"primaryImageOfPage\":{\"@id\":\"https:\/\/barneleker.no\/index.php\/product\/nerf-nerf-elite-2-0-flip-8\/#primaryimage\"},\"image\":{\"@id\":\"https:\/\/barneleker.no\/index.php\/product\/nerf-nerf-elite-2-0-flip-8\/#primaryimage\"},\"thumbnailUrl\":\"https:\/\/barneleker.no\/wp-content\/uploads\/2022\/02\/nerf-elite-2-0-flip-8.jpg\",\"datePublished\":\"2022-02-08T19:50:31+00:00\",\"breadcrumb\":{\"@id\":\"https:\/\/barneleker.no\/index.php\/product\/nerf-nerf-elite-2-0-flip-8\/#breadcrumb\"},\"inLanguage\":\"nb-NO\",\"potentialAction\":[{\"@type\":\"ReadAction\",\"target\":[\"https:\/\/barneleker.no\/index.php\/product\/nerf-nerf-elite-2-0-flip-8\/\"]}]},{\"@type\":\"ImageObject\",\"inLanguage\":\"nb-NO\",\"@id\":\"https:\/\/barneleker.no\/index.php\/product\/nerf-nerf-elite-2-0-flip-8\/#primaryimage\",\"url\":\"https:\/\/barneleker.no\/wp-content\/uploads\/2022\/02\/nerf-elite-2-0-flip-8.jpg\",\"contentUrl\":\"https:\/\/barneleker.no\/wp-content\/uploads\/2022\/02\/nerf-elite-2-0-flip-8.jpg\",\"width\":555,\"height\":555},{\"@type\":\"BreadcrumbList\",\"@id\":\"https:\/\/barneleker.no\/index.php\/product\/nerf-nerf-elite-2-0-flip-8\/#breadcrumb\",\"itemListElement\":[{\"@type\":\"ListItem\",\"position\":1,\"name\":\"Butikken\",\"item\":\"https:\/\/barneleker.no\/\"},{\"@type\":\"ListItem\",\"position\":2,\"name\":\"NERF Nerf, Elite 2.0 Flip 8\"}]},{\"@type\":\"WebSite\",\"@id\":\"https:\/\/barneleker.no\/#website\",\"url\":\"https:\/\/barneleker.no\/\",\"name\":\"Barneleker.no\",\"description\":\"Selvf\u00f8lgelig!\",\"publisher\":{\"@id\":\"https:\/\/barneleker.no\/#organization\"},\"potentialAction\":[{\"@type\":\"SearchAction\",\"target\":{\"@type\":\"EntryPoint\",\"urlTemplate\":\"https:\/\/barneleker.no\/?s={search_term_string}\"},\"query-input\":{\"@type\":\"PropertyValueSpecification\",\"valueRequired\":true,\"valueName\":\"search_term_string\"}}],\"inLanguage\":\"nb-NO\"},{\"@type\":\"Organization\",\"@id\":\"https:\/\/barneleker.no\/#organization\",\"name\":\"Barneleker.no\",\"url\":\"https:\/\/barneleker.no\/\",\"logo\":{\"@type\":\"ImageObject\",\"inLanguage\":\"nb-NO\",\"@id\":\"https:\/\/barneleker.no\/#\/schema\/logo\/image\/\",\"url\":\"https:\/\/barneleker.no\/wp-content\/uploads\/2021\/11\/barneleker_logo-780x150-1.jpg\",\"contentUrl\":\"https:\/\/barneleker.no\/wp-content\/uploads\/2021\/11\/barneleker_logo-780x150-1.jpg\",\"width\":780,\"height\":150,\"caption\":\"Barneleker.no\"},\"image\":{\"@id\":\"https:\/\/barneleker.no\/#\/schema\/logo\/image\/\"}}]}<\/script>\n<!-- \/ Yoast SEO plugin. -->","yoast_head_json":{"title":"NERF Nerf, Elite 2.0 Flip 8 - Barneleker.no","robots":{"index":"index","follow":"follow","max-snippet":"max-snippet:-1","max-image-preview":"max-image-preview:large","max-video-preview":"max-video-preview:-1"},"canonical":"https:\/\/barneleker.no\/index.php\/product\/nerf-nerf-elite-2-0-flip-8\/","og_locale":"nb_NO","og_type":"article","og_title":"NERF Nerf, Elite 2.0 Flip 8 - Barneleker.no","og_description":"Gi deg selv inn i kampen med Nerf Elite 2.0 Flipshots Flip-8 Blast! The Blaster har 8 r\u00f8r &#8211; 4 fremover og 4 bakover. Brannpiler&hellip;","og_url":"https:\/\/barneleker.no\/index.php\/product\/nerf-nerf-elite-2-0-flip-8\/","og_site_name":"Barneleker.no","twitter_card":"summary_large_image","twitter_misc":{"Ansl. lesetid":"1 minutt"},"schema":{"@context":"https:\/\/schema.org","@graph":[{"@type":"WebPage","@id":"https:\/\/barneleker.no\/index.php\/product\/nerf-nerf-elite-2-0-flip-8\/","url":"https:\/\/barneleker.no\/index.php\/product\/nerf-nerf-elite-2-0-flip-8\/","name":"NERF Nerf, Elite 2.0 Flip 8 - Barneleker.no","isPartOf":{"@id":"https:\/\/barneleker.no\/#website"},"primaryImageOfPage":{"@id":"https:\/\/barneleker.no\/index.php\/product\/nerf-nerf-elite-2-0-flip-8\/#primaryimage"},"image":{"@id":"https:\/\/barneleker.no\/index.php\/product\/nerf-nerf-elite-2-0-flip-8\/#primaryimage"},"thumbnailUrl":"https:\/\/barneleker.no\/wp-content\/uploads\/2022\/02\/nerf-elite-2-0-flip-8.jpg","datePublished":"2022-02-08T19:50:31+00:00","breadcrumb":{"@id":"https:\/\/barneleker.no\/index.php\/product\/nerf-nerf-elite-2-0-flip-8\/#breadcrumb"},"inLanguage":"nb-NO","potentialAction":[{"@type":"ReadAction","target":["https:\/\/barneleker.no\/index.php\/product\/nerf-nerf-elite-2-0-flip-8\/"]}]},{"@type":"ImageObject","inLanguage":"nb-NO","@id":"https:\/\/barneleker.no\/index.php\/product\/nerf-nerf-elite-2-0-flip-8\/#primaryimage","url":"https:\/\/barneleker.no\/wp-content\/uploads\/2022\/02\/nerf-elite-2-0-flip-8.jpg","contentUrl":"https:\/\/barneleker.no\/wp-content\/uploads\/2022\/02\/nerf-elite-2-0-flip-8.jpg","width":555,"height":555},{"@type":"BreadcrumbList","@id":"https:\/\/barneleker.no\/index.php\/product\/nerf-nerf-elite-2-0-flip-8\/#breadcrumb","itemListElement":[{"@type":"ListItem","position":1,"name":"Butikken","item":"https:\/\/barneleker.no\/"},{"@type":"ListItem","position":2,"name":"NERF Nerf, Elite 2.0 Flip 8"}]},{"@type":"WebSite","@id":"https:\/\/barneleker.no\/#website","url":"https:\/\/barneleker.no\/","name":"Barneleker.no","description":"Selvf\u00f8lgelig!","publisher":{"@id":"https:\/\/barneleker.no\/#organization"},"potentialAction":[{"@type":"SearchAction","target":{"@type":"EntryPoint","urlTemplate":"https:\/\/barneleker.no\/?s={search_term_string}"},"query-input":{"@type":"PropertyValueSpecification","valueRequired":true,"valueName":"search_term_string"}}],"inLanguage":"nb-NO"},{"@type":"Organization","@id":"https:\/\/barneleker.no\/#organization","name":"Barneleker.no","url":"https:\/\/barneleker.no\/","logo":{"@type":"ImageObject","inLanguage":"nb-NO","@id":"https:\/\/barneleker.no\/#\/schema\/logo\/image\/","url":"https:\/\/barneleker.no\/wp-content\/uploads\/2021\/11\/barneleker_logo-780x150-1.jpg","contentUrl":"https:\/\/barneleker.no\/wp-content\/uploads\/2021\/11\/barneleker_logo-780x150-1.jpg","width":780,"height":150,"caption":"Barneleker.no"},"image":{"@id":"https:\/\/barneleker.no\/#\/schema\/logo\/image\/"}}]}},"_links":{"self":[{"href":"https:\/\/barneleker.no\/index.php\/wp-json\/wp\/v2\/product\/12423","targetHints":{"allow":["GET"]}}],"collection":[{"href":"https:\/\/barneleker.no\/index.php\/wp-json\/wp\/v2\/product"}],"about":[{"href":"https:\/\/barneleker.no\/index.php\/wp-json\/wp\/v2\/types\/product"}],"replies":[{"embeddable":true,"href":"https:\/\/barneleker.no\/index.php\/wp-json\/wp\/v2\/comments?post=12423"}],"wp:featuredmedia":[{"embeddable":true,"href":"https:\/\/barneleker.no\/index.php\/wp-json\/wp\/v2\/media\/12422"}],"wp:attachment":[{"href":"https:\/\/barneleker.no\/index.php\/wp-json\/wp\/v2\/media?parent=12423"}],"wp:term":[{"taxonomy":"product_brand","embeddable":true,"href":"https:\/\/barneleker.no\/index.php\/wp-json\/wp\/v2\/product_brand?post=12423"},{"taxonomy":"product_cat","embeddable":true,"href":"https:\/\/barneleker.no\/index.php\/wp-json\/wp\/v2\/product_cat?post=12423"},{"taxonomy":"product_tag","embeddable":true,"href":"https:\/\/barneleker.no\/index.php\/wp-json\/wp\/v2\/product_tag?post=12423"}],"curies":[{"name":"wp","href":"https:\/\/api.w.org\/{rel}","templated":true}]}}