{"id":12433,"date":"2022-02-08T19:50:35","date_gmt":"2022-02-08T19:50:35","guid":{"rendered":"https:\/\/barneleker.no\/index.php\/product\/air-hogs-jump-fury-rc\/"},"modified":"2022-02-08T19:50:35","modified_gmt":"2022-02-08T19:50:35","slug":"air-hogs-jump-fury-rc","status":"publish","type":"product","link":"https:\/\/barneleker.no\/index.php\/product\/air-hogs-jump-fury-rc\/","title":{"rendered":"Air Hogs, Jump Fury RC"},"content":{"rendered":"<p>Fang ekstrem luft med Jump Fury, den helt nye innovative fjernstyrte lastebilen fra Air Hogs Super Soft. Tar fjernstyrte lastebiler til nye h\u00f8yder og hopper opp til 55 cm h\u00f8ye med denne helt nye innovative RC-lastebilen. Air Hogs Jump Fury gir vanvittig fart og presisjonskj\u00f8ring i hendene dine. Hopp p\u00e5, over og p\u00e5 toppen av konkurransen. Bli vill innend\u00f8rs og mestre episke stunts, inkludert 360-graders spinn, flips, drops, rebound og mer. De innovative ytelseshjulene er supermyke &#8211; de vil ikke skrape vegger eller m\u00f8bler &#8211; s\u00e5 det er trygt \u00e5 leke med innend\u00f8rs. Den fullfunksjonelle 2,4 GHz fjernkontrollen lar deg kontrollere Jump Fury fra opptil 30,5 m rekkevidde. Enkel \u00e5 kontrollere og kj\u00f8re som gj\u00f8r det til et flott leket\u00f8y for alle aldre. Hopp h\u00f8yere og kj\u00f8r t\u00f8ffere med den helt nye Air Hogs Jump Fury. H\u00e5per du ikke er redd for h\u00f8yder.<\/p>\n","protected":false},"excerpt":{"rendered":"<p>Fang ekstrem luft med Jump Fury, den helt nye innovative fjernstyrte lastebilen fra Air Hogs Super Soft. Tar fjernstyrte lastebiler til nye h\u00f8yder og hopper&hellip;<\/p>\n","protected":false},"featured_media":12432,"comment_status":"open","ping_status":"closed","template":"","meta":[],"product_brand":[],"product_cat":[430],"product_tag":[],"class_list":{"0":"post-12433","1":"product","2":"type-product","3":"status-publish","4":"has-post-thumbnail","6":"product_cat-radiostyrda-bilar","8":"first","9":"instock","10":"shipping-taxable","11":"product-type-external","12":"customify-col"},"yoast_head":"<!-- This site is optimized with the Yoast SEO plugin v26.0 - https:\/\/yoast.com\/wordpress\/plugins\/seo\/ -->\n<title>Air Hogs, Jump Fury RC - Barneleker.no<\/title>\n<meta name=\"robots\" content=\"index, follow, max-snippet:-1, max-image-preview:large, max-video-preview:-1\" \/>\n<link rel=\"canonical\" href=\"https:\/\/barneleker.no\/index.php\/product\/air-hogs-jump-fury-rc\/\" \/>\n<meta property=\"og:locale\" content=\"nb_NO\" \/>\n<meta property=\"og:type\" content=\"article\" \/>\n<meta property=\"og:title\" content=\"Air Hogs, Jump Fury RC - Barneleker.no\" \/>\n<meta property=\"og:description\" content=\"Fang ekstrem luft med Jump Fury, den helt nye innovative fjernstyrte lastebilen fra Air Hogs Super Soft. Tar fjernstyrte lastebiler til nye h\u00f8yder og hopper&hellip;\" \/>\n<meta property=\"og:url\" content=\"https:\/\/barneleker.no\/index.php\/product\/air-hogs-jump-fury-rc\/\" \/>\n<meta property=\"og:site_name\" content=\"Barneleker.no\" \/>\n<meta name=\"twitter:card\" content=\"summary_large_image\" \/>\n<meta name=\"twitter:label1\" content=\"Ansl. lesetid\" \/>\n\t<meta name=\"twitter:data1\" content=\"1 minutt\" \/>\n<script type=\"application\/ld+json\" class=\"yoast-schema-graph\">{\"@context\":\"https:\/\/schema.org\",\"@graph\":[{\"@type\":\"WebPage\",\"@id\":\"https:\/\/barneleker.no\/index.php\/product\/air-hogs-jump-fury-rc\/\",\"url\":\"https:\/\/barneleker.no\/index.php\/product\/air-hogs-jump-fury-rc\/\",\"name\":\"Air Hogs, Jump Fury RC - Barneleker.no\",\"isPartOf\":{\"@id\":\"https:\/\/barneleker.no\/#website\"},\"primaryImageOfPage\":{\"@id\":\"https:\/\/barneleker.no\/index.php\/product\/air-hogs-jump-fury-rc\/#primaryimage\"},\"image\":{\"@id\":\"https:\/\/barneleker.no\/index.php\/product\/air-hogs-jump-fury-rc\/#primaryimage\"},\"thumbnailUrl\":\"https:\/\/barneleker.no\/wp-content\/uploads\/2022\/02\/air-hogs-jump-fury-rc.jpg\",\"datePublished\":\"2022-02-08T19:50:35+00:00\",\"breadcrumb\":{\"@id\":\"https:\/\/barneleker.no\/index.php\/product\/air-hogs-jump-fury-rc\/#breadcrumb\"},\"inLanguage\":\"nb-NO\",\"potentialAction\":[{\"@type\":\"ReadAction\",\"target\":[\"https:\/\/barneleker.no\/index.php\/product\/air-hogs-jump-fury-rc\/\"]}]},{\"@type\":\"ImageObject\",\"inLanguage\":\"nb-NO\",\"@id\":\"https:\/\/barneleker.no\/index.php\/product\/air-hogs-jump-fury-rc\/#primaryimage\",\"url\":\"https:\/\/barneleker.no\/wp-content\/uploads\/2022\/02\/air-hogs-jump-fury-rc.jpg\",\"contentUrl\":\"https:\/\/barneleker.no\/wp-content\/uploads\/2022\/02\/air-hogs-jump-fury-rc.jpg\",\"width\":555,\"height\":555},{\"@type\":\"BreadcrumbList\",\"@id\":\"https:\/\/barneleker.no\/index.php\/product\/air-hogs-jump-fury-rc\/#breadcrumb\",\"itemListElement\":[{\"@type\":\"ListItem\",\"position\":1,\"name\":\"Butikken\",\"item\":\"https:\/\/barneleker.no\/\"},{\"@type\":\"ListItem\",\"position\":2,\"name\":\"Air Hogs, Jump Fury RC\"}]},{\"@type\":\"WebSite\",\"@id\":\"https:\/\/barneleker.no\/#website\",\"url\":\"https:\/\/barneleker.no\/\",\"name\":\"Barneleker.no\",\"description\":\"Selvf\u00f8lgelig!\",\"publisher\":{\"@id\":\"https:\/\/barneleker.no\/#organization\"},\"potentialAction\":[{\"@type\":\"SearchAction\",\"target\":{\"@type\":\"EntryPoint\",\"urlTemplate\":\"https:\/\/barneleker.no\/?s={search_term_string}\"},\"query-input\":{\"@type\":\"PropertyValueSpecification\",\"valueRequired\":true,\"valueName\":\"search_term_string\"}}],\"inLanguage\":\"nb-NO\"},{\"@type\":\"Organization\",\"@id\":\"https:\/\/barneleker.no\/#organization\",\"name\":\"Barneleker.no\",\"url\":\"https:\/\/barneleker.no\/\",\"logo\":{\"@type\":\"ImageObject\",\"inLanguage\":\"nb-NO\",\"@id\":\"https:\/\/barneleker.no\/#\/schema\/logo\/image\/\",\"url\":\"https:\/\/barneleker.no\/wp-content\/uploads\/2021\/11\/barneleker_logo-780x150-1.jpg\",\"contentUrl\":\"https:\/\/barneleker.no\/wp-content\/uploads\/2021\/11\/barneleker_logo-780x150-1.jpg\",\"width\":780,\"height\":150,\"caption\":\"Barneleker.no\"},\"image\":{\"@id\":\"https:\/\/barneleker.no\/#\/schema\/logo\/image\/\"}}]}<\/script>\n<!-- \/ Yoast SEO plugin. -->","yoast_head_json":{"title":"Air Hogs, Jump Fury RC - Barneleker.no","robots":{"index":"index","follow":"follow","max-snippet":"max-snippet:-1","max-image-preview":"max-image-preview:large","max-video-preview":"max-video-preview:-1"},"canonical":"https:\/\/barneleker.no\/index.php\/product\/air-hogs-jump-fury-rc\/","og_locale":"nb_NO","og_type":"article","og_title":"Air Hogs, Jump Fury RC - Barneleker.no","og_description":"Fang ekstrem luft med Jump Fury, den helt nye innovative fjernstyrte lastebilen fra Air Hogs Super Soft. Tar fjernstyrte lastebiler til nye h\u00f8yder og hopper&hellip;","og_url":"https:\/\/barneleker.no\/index.php\/product\/air-hogs-jump-fury-rc\/","og_site_name":"Barneleker.no","twitter_card":"summary_large_image","twitter_misc":{"Ansl. lesetid":"1 minutt"},"schema":{"@context":"https:\/\/schema.org","@graph":[{"@type":"WebPage","@id":"https:\/\/barneleker.no\/index.php\/product\/air-hogs-jump-fury-rc\/","url":"https:\/\/barneleker.no\/index.php\/product\/air-hogs-jump-fury-rc\/","name":"Air Hogs, Jump Fury RC - Barneleker.no","isPartOf":{"@id":"https:\/\/barneleker.no\/#website"},"primaryImageOfPage":{"@id":"https:\/\/barneleker.no\/index.php\/product\/air-hogs-jump-fury-rc\/#primaryimage"},"image":{"@id":"https:\/\/barneleker.no\/index.php\/product\/air-hogs-jump-fury-rc\/#primaryimage"},"thumbnailUrl":"https:\/\/barneleker.no\/wp-content\/uploads\/2022\/02\/air-hogs-jump-fury-rc.jpg","datePublished":"2022-02-08T19:50:35+00:00","breadcrumb":{"@id":"https:\/\/barneleker.no\/index.php\/product\/air-hogs-jump-fury-rc\/#breadcrumb"},"inLanguage":"nb-NO","potentialAction":[{"@type":"ReadAction","target":["https:\/\/barneleker.no\/index.php\/product\/air-hogs-jump-fury-rc\/"]}]},{"@type":"ImageObject","inLanguage":"nb-NO","@id":"https:\/\/barneleker.no\/index.php\/product\/air-hogs-jump-fury-rc\/#primaryimage","url":"https:\/\/barneleker.no\/wp-content\/uploads\/2022\/02\/air-hogs-jump-fury-rc.jpg","contentUrl":"https:\/\/barneleker.no\/wp-content\/uploads\/2022\/02\/air-hogs-jump-fury-rc.jpg","width":555,"height":555},{"@type":"BreadcrumbList","@id":"https:\/\/barneleker.no\/index.php\/product\/air-hogs-jump-fury-rc\/#breadcrumb","itemListElement":[{"@type":"ListItem","position":1,"name":"Butikken","item":"https:\/\/barneleker.no\/"},{"@type":"ListItem","position":2,"name":"Air Hogs, Jump Fury RC"}]},{"@type":"WebSite","@id":"https:\/\/barneleker.no\/#website","url":"https:\/\/barneleker.no\/","name":"Barneleker.no","description":"Selvf\u00f8lgelig!","publisher":{"@id":"https:\/\/barneleker.no\/#organization"},"potentialAction":[{"@type":"SearchAction","target":{"@type":"EntryPoint","urlTemplate":"https:\/\/barneleker.no\/?s={search_term_string}"},"query-input":{"@type":"PropertyValueSpecification","valueRequired":true,"valueName":"search_term_string"}}],"inLanguage":"nb-NO"},{"@type":"Organization","@id":"https:\/\/barneleker.no\/#organization","name":"Barneleker.no","url":"https:\/\/barneleker.no\/","logo":{"@type":"ImageObject","inLanguage":"nb-NO","@id":"https:\/\/barneleker.no\/#\/schema\/logo\/image\/","url":"https:\/\/barneleker.no\/wp-content\/uploads\/2021\/11\/barneleker_logo-780x150-1.jpg","contentUrl":"https:\/\/barneleker.no\/wp-content\/uploads\/2021\/11\/barneleker_logo-780x150-1.jpg","width":780,"height":150,"caption":"Barneleker.no"},"image":{"@id":"https:\/\/barneleker.no\/#\/schema\/logo\/image\/"}}]}},"_links":{"self":[{"href":"https:\/\/barneleker.no\/index.php\/wp-json\/wp\/v2\/product\/12433","targetHints":{"allow":["GET"]}}],"collection":[{"href":"https:\/\/barneleker.no\/index.php\/wp-json\/wp\/v2\/product"}],"about":[{"href":"https:\/\/barneleker.no\/index.php\/wp-json\/wp\/v2\/types\/product"}],"replies":[{"embeddable":true,"href":"https:\/\/barneleker.no\/index.php\/wp-json\/wp\/v2\/comments?post=12433"}],"wp:featuredmedia":[{"embeddable":true,"href":"https:\/\/barneleker.no\/index.php\/wp-json\/wp\/v2\/media\/12432"}],"wp:attachment":[{"href":"https:\/\/barneleker.no\/index.php\/wp-json\/wp\/v2\/media?parent=12433"}],"wp:term":[{"taxonomy":"product_brand","embeddable":true,"href":"https:\/\/barneleker.no\/index.php\/wp-json\/wp\/v2\/product_brand?post=12433"},{"taxonomy":"product_cat","embeddable":true,"href":"https:\/\/barneleker.no\/index.php\/wp-json\/wp\/v2\/product_cat?post=12433"},{"taxonomy":"product_tag","embeddable":true,"href":"https:\/\/barneleker.no\/index.php\/wp-json\/wp\/v2\/product_tag?post=12433"}],"curies":[{"name":"wp","href":"https:\/\/api.w.org\/{rel}","templated":true}]}}