{"id":12439,"date":"2022-02-08T19:50:37","date_gmt":"2022-02-08T19:50:37","guid":{"rendered":"https:\/\/barneleker.no\/index.php\/product\/paw-patrol-movie-rubbles-bulldozer\/"},"modified":"2022-02-08T19:50:37","modified_gmt":"2022-02-08T19:50:37","slug":"paw-patrol-movie-rubbles-bulldozer","status":"publish","type":"product","link":"https:\/\/barneleker.no\/index.php\/product\/paw-patrol-movie-rubbles-bulldozer\/","title":{"rendered":"Paw Patrol, Movie Rubble&#8217;s Bulldozer"},"content":{"rendered":"<p>Bli med i ruinene for \u00e5 redde frihet og jage fra lydighetsskolen med Paw Patrol: Filmen Rubble &#038; Rsquo; S Deluxe Bulldozer. Denne Paw Patrol Playset har alt du trenger for \u00e5 gjenoppleve scenen fra filmen, inkludert to lekne deler, tre pote patrulje figurer og er rubble transformere bulldozer leket\u00f8y lastebil. Plasser jakten i leket\u00f8yhunden og friheten utenfor, sett opp murveggen og gj\u00f8r deg klar for redningsoppdragene. Oppdag alle Deluxe Bulldozer&#8217;s spennende funksjoner, inkludert en sementblander som beveger seg opp og ned og en t\u00e5reball som kan strekkes ut og forvandles til en klo. Smasha deg gjennom veggen og lagre frihet og jage, bruk deretter riving ballen til \u00e5 avsl\u00f8re p\u00e5 stedet. For flere m\u00e5ter \u00e5 spille p\u00e5, har Deluxe Bulldozer ogs\u00e5 en scoop fremover, som beveger seg opp og ned. Spill dine egne redningsoppdrag over og om med rubbles Deluxe Bulldozer. Paw Patrol: Filmen leker for gutter og jenter er de ultimate gaver av barn og pote patrulje fans fra 3 \u00e5r og opp. Ta hjem rubble &#038; rsquo; s deluxe bulldozer og lagre dagen.<\/p>\n","protected":false},"excerpt":{"rendered":"<p>Bli med i ruinene for \u00e5 redde frihet og jage fra lydighetsskolen med Paw Patrol: Filmen Rubble &#038; Rsquo; S Deluxe Bulldozer. Denne Paw Patrol&hellip;<\/p>\n","protected":false},"featured_media":12438,"comment_status":"open","ping_status":"closed","template":"","meta":[],"product_brand":[],"product_cat":[352],"product_tag":[],"class_list":{"0":"post-12439","1":"product","2":"type-product","3":"status-publish","4":"has-post-thumbnail","6":"product_cat-figurer-roboter","8":"first","9":"instock","10":"shipping-taxable","11":"product-type-external","12":"customify-col"},"yoast_head":"<!-- This site is optimized with the Yoast SEO plugin v26.0 - https:\/\/yoast.com\/wordpress\/plugins\/seo\/ -->\n<title>Paw Patrol, Movie Rubble&#039;s Bulldozer - Barneleker.no<\/title>\n<meta name=\"robots\" content=\"index, follow, max-snippet:-1, max-image-preview:large, max-video-preview:-1\" \/>\n<link rel=\"canonical\" href=\"https:\/\/barneleker.no\/index.php\/product\/paw-patrol-movie-rubbles-bulldozer\/\" \/>\n<meta property=\"og:locale\" content=\"nb_NO\" \/>\n<meta property=\"og:type\" content=\"article\" \/>\n<meta property=\"og:title\" content=\"Paw Patrol, Movie Rubble&#039;s Bulldozer - Barneleker.no\" \/>\n<meta property=\"og:description\" content=\"Bli med i ruinene for \u00e5 redde frihet og jage fra lydighetsskolen med Paw Patrol: Filmen Rubble &#038; Rsquo; S Deluxe Bulldozer. Denne Paw Patrol&hellip;\" \/>\n<meta property=\"og:url\" content=\"https:\/\/barneleker.no\/index.php\/product\/paw-patrol-movie-rubbles-bulldozer\/\" \/>\n<meta property=\"og:site_name\" content=\"Barneleker.no\" \/>\n<meta name=\"twitter:card\" content=\"summary_large_image\" \/>\n<meta name=\"twitter:label1\" content=\"Ansl. lesetid\" \/>\n\t<meta name=\"twitter:data1\" content=\"1 minutt\" \/>\n<script type=\"application\/ld+json\" class=\"yoast-schema-graph\">{\"@context\":\"https:\/\/schema.org\",\"@graph\":[{\"@type\":\"WebPage\",\"@id\":\"https:\/\/barneleker.no\/index.php\/product\/paw-patrol-movie-rubbles-bulldozer\/\",\"url\":\"https:\/\/barneleker.no\/index.php\/product\/paw-patrol-movie-rubbles-bulldozer\/\",\"name\":\"Paw Patrol, Movie Rubble's Bulldozer - Barneleker.no\",\"isPartOf\":{\"@id\":\"https:\/\/barneleker.no\/#website\"},\"primaryImageOfPage\":{\"@id\":\"https:\/\/barneleker.no\/index.php\/product\/paw-patrol-movie-rubbles-bulldozer\/#primaryimage\"},\"image\":{\"@id\":\"https:\/\/barneleker.no\/index.php\/product\/paw-patrol-movie-rubbles-bulldozer\/#primaryimage\"},\"thumbnailUrl\":\"https:\/\/barneleker.no\/wp-content\/uploads\/2022\/02\/paw-patrol-movie-rubbles-bulldozer.jpg\",\"datePublished\":\"2022-02-08T19:50:37+00:00\",\"breadcrumb\":{\"@id\":\"https:\/\/barneleker.no\/index.php\/product\/paw-patrol-movie-rubbles-bulldozer\/#breadcrumb\"},\"inLanguage\":\"nb-NO\",\"potentialAction\":[{\"@type\":\"ReadAction\",\"target\":[\"https:\/\/barneleker.no\/index.php\/product\/paw-patrol-movie-rubbles-bulldozer\/\"]}]},{\"@type\":\"ImageObject\",\"inLanguage\":\"nb-NO\",\"@id\":\"https:\/\/barneleker.no\/index.php\/product\/paw-patrol-movie-rubbles-bulldozer\/#primaryimage\",\"url\":\"https:\/\/barneleker.no\/wp-content\/uploads\/2022\/02\/paw-patrol-movie-rubbles-bulldozer.jpg\",\"contentUrl\":\"https:\/\/barneleker.no\/wp-content\/uploads\/2022\/02\/paw-patrol-movie-rubbles-bulldozer.jpg\",\"width\":555,\"height\":555},{\"@type\":\"BreadcrumbList\",\"@id\":\"https:\/\/barneleker.no\/index.php\/product\/paw-patrol-movie-rubbles-bulldozer\/#breadcrumb\",\"itemListElement\":[{\"@type\":\"ListItem\",\"position\":1,\"name\":\"Butikken\",\"item\":\"https:\/\/barneleker.no\/\"},{\"@type\":\"ListItem\",\"position\":2,\"name\":\"Paw Patrol, Movie Rubble&#8217;s Bulldozer\"}]},{\"@type\":\"WebSite\",\"@id\":\"https:\/\/barneleker.no\/#website\",\"url\":\"https:\/\/barneleker.no\/\",\"name\":\"Barneleker.no\",\"description\":\"Selvf\u00f8lgelig!\",\"publisher\":{\"@id\":\"https:\/\/barneleker.no\/#organization\"},\"potentialAction\":[{\"@type\":\"SearchAction\",\"target\":{\"@type\":\"EntryPoint\",\"urlTemplate\":\"https:\/\/barneleker.no\/?s={search_term_string}\"},\"query-input\":{\"@type\":\"PropertyValueSpecification\",\"valueRequired\":true,\"valueName\":\"search_term_string\"}}],\"inLanguage\":\"nb-NO\"},{\"@type\":\"Organization\",\"@id\":\"https:\/\/barneleker.no\/#organization\",\"name\":\"Barneleker.no\",\"url\":\"https:\/\/barneleker.no\/\",\"logo\":{\"@type\":\"ImageObject\",\"inLanguage\":\"nb-NO\",\"@id\":\"https:\/\/barneleker.no\/#\/schema\/logo\/image\/\",\"url\":\"https:\/\/barneleker.no\/wp-content\/uploads\/2021\/11\/barneleker_logo-780x150-1.jpg\",\"contentUrl\":\"https:\/\/barneleker.no\/wp-content\/uploads\/2021\/11\/barneleker_logo-780x150-1.jpg\",\"width\":780,\"height\":150,\"caption\":\"Barneleker.no\"},\"image\":{\"@id\":\"https:\/\/barneleker.no\/#\/schema\/logo\/image\/\"}}]}<\/script>\n<!-- \/ Yoast SEO plugin. -->","yoast_head_json":{"title":"Paw Patrol, Movie Rubble's Bulldozer - Barneleker.no","robots":{"index":"index","follow":"follow","max-snippet":"max-snippet:-1","max-image-preview":"max-image-preview:large","max-video-preview":"max-video-preview:-1"},"canonical":"https:\/\/barneleker.no\/index.php\/product\/paw-patrol-movie-rubbles-bulldozer\/","og_locale":"nb_NO","og_type":"article","og_title":"Paw Patrol, Movie Rubble's Bulldozer - Barneleker.no","og_description":"Bli med i ruinene for \u00e5 redde frihet og jage fra lydighetsskolen med Paw Patrol: Filmen Rubble &#038; Rsquo; S Deluxe Bulldozer. Denne Paw Patrol&hellip;","og_url":"https:\/\/barneleker.no\/index.php\/product\/paw-patrol-movie-rubbles-bulldozer\/","og_site_name":"Barneleker.no","twitter_card":"summary_large_image","twitter_misc":{"Ansl. lesetid":"1 minutt"},"schema":{"@context":"https:\/\/schema.org","@graph":[{"@type":"WebPage","@id":"https:\/\/barneleker.no\/index.php\/product\/paw-patrol-movie-rubbles-bulldozer\/","url":"https:\/\/barneleker.no\/index.php\/product\/paw-patrol-movie-rubbles-bulldozer\/","name":"Paw Patrol, Movie Rubble's Bulldozer - Barneleker.no","isPartOf":{"@id":"https:\/\/barneleker.no\/#website"},"primaryImageOfPage":{"@id":"https:\/\/barneleker.no\/index.php\/product\/paw-patrol-movie-rubbles-bulldozer\/#primaryimage"},"image":{"@id":"https:\/\/barneleker.no\/index.php\/product\/paw-patrol-movie-rubbles-bulldozer\/#primaryimage"},"thumbnailUrl":"https:\/\/barneleker.no\/wp-content\/uploads\/2022\/02\/paw-patrol-movie-rubbles-bulldozer.jpg","datePublished":"2022-02-08T19:50:37+00:00","breadcrumb":{"@id":"https:\/\/barneleker.no\/index.php\/product\/paw-patrol-movie-rubbles-bulldozer\/#breadcrumb"},"inLanguage":"nb-NO","potentialAction":[{"@type":"ReadAction","target":["https:\/\/barneleker.no\/index.php\/product\/paw-patrol-movie-rubbles-bulldozer\/"]}]},{"@type":"ImageObject","inLanguage":"nb-NO","@id":"https:\/\/barneleker.no\/index.php\/product\/paw-patrol-movie-rubbles-bulldozer\/#primaryimage","url":"https:\/\/barneleker.no\/wp-content\/uploads\/2022\/02\/paw-patrol-movie-rubbles-bulldozer.jpg","contentUrl":"https:\/\/barneleker.no\/wp-content\/uploads\/2022\/02\/paw-patrol-movie-rubbles-bulldozer.jpg","width":555,"height":555},{"@type":"BreadcrumbList","@id":"https:\/\/barneleker.no\/index.php\/product\/paw-patrol-movie-rubbles-bulldozer\/#breadcrumb","itemListElement":[{"@type":"ListItem","position":1,"name":"Butikken","item":"https:\/\/barneleker.no\/"},{"@type":"ListItem","position":2,"name":"Paw Patrol, Movie Rubble&#8217;s Bulldozer"}]},{"@type":"WebSite","@id":"https:\/\/barneleker.no\/#website","url":"https:\/\/barneleker.no\/","name":"Barneleker.no","description":"Selvf\u00f8lgelig!","publisher":{"@id":"https:\/\/barneleker.no\/#organization"},"potentialAction":[{"@type":"SearchAction","target":{"@type":"EntryPoint","urlTemplate":"https:\/\/barneleker.no\/?s={search_term_string}"},"query-input":{"@type":"PropertyValueSpecification","valueRequired":true,"valueName":"search_term_string"}}],"inLanguage":"nb-NO"},{"@type":"Organization","@id":"https:\/\/barneleker.no\/#organization","name":"Barneleker.no","url":"https:\/\/barneleker.no\/","logo":{"@type":"ImageObject","inLanguage":"nb-NO","@id":"https:\/\/barneleker.no\/#\/schema\/logo\/image\/","url":"https:\/\/barneleker.no\/wp-content\/uploads\/2021\/11\/barneleker_logo-780x150-1.jpg","contentUrl":"https:\/\/barneleker.no\/wp-content\/uploads\/2021\/11\/barneleker_logo-780x150-1.jpg","width":780,"height":150,"caption":"Barneleker.no"},"image":{"@id":"https:\/\/barneleker.no\/#\/schema\/logo\/image\/"}}]}},"_links":{"self":[{"href":"https:\/\/barneleker.no\/index.php\/wp-json\/wp\/v2\/product\/12439","targetHints":{"allow":["GET"]}}],"collection":[{"href":"https:\/\/barneleker.no\/index.php\/wp-json\/wp\/v2\/product"}],"about":[{"href":"https:\/\/barneleker.no\/index.php\/wp-json\/wp\/v2\/types\/product"}],"replies":[{"embeddable":true,"href":"https:\/\/barneleker.no\/index.php\/wp-json\/wp\/v2\/comments?post=12439"}],"wp:featuredmedia":[{"embeddable":true,"href":"https:\/\/barneleker.no\/index.php\/wp-json\/wp\/v2\/media\/12438"}],"wp:attachment":[{"href":"https:\/\/barneleker.no\/index.php\/wp-json\/wp\/v2\/media?parent=12439"}],"wp:term":[{"taxonomy":"product_brand","embeddable":true,"href":"https:\/\/barneleker.no\/index.php\/wp-json\/wp\/v2\/product_brand?post=12439"},{"taxonomy":"product_cat","embeddable":true,"href":"https:\/\/barneleker.no\/index.php\/wp-json\/wp\/v2\/product_cat?post=12439"},{"taxonomy":"product_tag","embeddable":true,"href":"https:\/\/barneleker.no\/index.php\/wp-json\/wp\/v2\/product_tag?post=12439"}],"curies":[{"name":"wp","href":"https:\/\/api.w.org\/{rel}","templated":true}]}}