{"id":12475,"date":"2022-02-08T19:50:49","date_gmt":"2022-02-08T19:50:49","guid":{"rendered":"https:\/\/barneleker.no\/index.php\/product\/schleich-schleich-horse-club-mias-vaulting-set\/"},"modified":"2022-02-08T19:50:49","modified_gmt":"2022-02-08T19:50:49","slug":"schleich-schleich-horse-club-mias-vaulting-set","status":"publish","type":"product","link":"https:\/\/barneleker.no\/index.php\/product\/schleich-schleich-horse-club-mias-vaulting-set\/","title":{"rendered":"Schleich, Schleich, Horse Club Mia&#8217;s vaulting set"},"content":{"rendered":"<p>Den lille jenta, Mia, kan forberede seg perfekt til sin f\u00f8rste konkurranse ved hjelp av voltigesettet fra Schleich\u00ae Horse Club. Den mannlige rideinstrukt\u00f8ren, Tom, fester voltigelina p\u00e5 hesten sl\u00e5r forsiktig med pisken som han holder i h\u00e5nda, slik at hesten l\u00f8per jevnt i en sirkel innenfor gjerdet. Hannahs s\u00f8ster, Mia, har bevegelige armer som kan ta imot og holde den store gullpokalen. Sal, hodelag og teppe kan tas av og legges bort etter trening. Den brune kattungen ser p\u00e5 alt som skjer med stor interesse mens den koser seg inni den koselige lille kurven sin.<\/p>\n","protected":false},"excerpt":{"rendered":"<p>Den lille jenta, Mia, kan forberede seg perfekt til sin f\u00f8rste konkurranse ved hjelp av voltigesettet fra Schleich\u00ae Horse Club. Den mannlige rideinstrukt\u00f8ren, Tom, fester&hellip;<\/p>\n","protected":false},"featured_media":12474,"comment_status":"open","ping_status":"closed","template":"","meta":[],"product_brand":[],"product_cat":[358],"product_tag":[],"class_list":{"0":"post-12475","1":"product","2":"type-product","3":"status-publish","4":"has-post-thumbnail","6":"product_cat-dyr","8":"first","9":"instock","10":"shipping-taxable","11":"product-type-external","12":"customify-col"},"yoast_head":"<!-- This site is optimized with the Yoast SEO plugin v26.0 - https:\/\/yoast.com\/wordpress\/plugins\/seo\/ -->\n<title>Schleich, Schleich, Horse Club Mia&#039;s vaulting set - Barneleker.no<\/title>\n<meta name=\"robots\" content=\"index, follow, max-snippet:-1, max-image-preview:large, max-video-preview:-1\" \/>\n<link rel=\"canonical\" href=\"https:\/\/barneleker.no\/index.php\/product\/schleich-schleich-horse-club-mias-vaulting-set\/\" \/>\n<meta property=\"og:locale\" content=\"nb_NO\" \/>\n<meta property=\"og:type\" content=\"article\" \/>\n<meta property=\"og:title\" content=\"Schleich, Schleich, Horse Club Mia&#039;s vaulting set - Barneleker.no\" \/>\n<meta property=\"og:description\" content=\"Den lille jenta, Mia, kan forberede seg perfekt til sin f\u00f8rste konkurranse ved hjelp av voltigesettet fra Schleich\u00ae Horse Club. Den mannlige rideinstrukt\u00f8ren, Tom, fester&hellip;\" \/>\n<meta property=\"og:url\" content=\"https:\/\/barneleker.no\/index.php\/product\/schleich-schleich-horse-club-mias-vaulting-set\/\" \/>\n<meta property=\"og:site_name\" content=\"Barneleker.no\" \/>\n<meta name=\"twitter:card\" content=\"summary_large_image\" \/>\n<meta name=\"twitter:label1\" content=\"Ansl. lesetid\" \/>\n\t<meta name=\"twitter:data1\" content=\"1 minutt\" \/>\n<script type=\"application\/ld+json\" class=\"yoast-schema-graph\">{\"@context\":\"https:\/\/schema.org\",\"@graph\":[{\"@type\":\"WebPage\",\"@id\":\"https:\/\/barneleker.no\/index.php\/product\/schleich-schleich-horse-club-mias-vaulting-set\/\",\"url\":\"https:\/\/barneleker.no\/index.php\/product\/schleich-schleich-horse-club-mias-vaulting-set\/\",\"name\":\"Schleich, Schleich, Horse Club Mia's vaulting set - Barneleker.no\",\"isPartOf\":{\"@id\":\"https:\/\/barneleker.no\/#website\"},\"primaryImageOfPage\":{\"@id\":\"https:\/\/barneleker.no\/index.php\/product\/schleich-schleich-horse-club-mias-vaulting-set\/#primaryimage\"},\"image\":{\"@id\":\"https:\/\/barneleker.no\/index.php\/product\/schleich-schleich-horse-club-mias-vaulting-set\/#primaryimage\"},\"thumbnailUrl\":\"https:\/\/barneleker.no\/wp-content\/uploads\/2022\/02\/schleich-schleich-horse-club-mias-vaulting-set.jpg\",\"datePublished\":\"2022-02-08T19:50:49+00:00\",\"breadcrumb\":{\"@id\":\"https:\/\/barneleker.no\/index.php\/product\/schleich-schleich-horse-club-mias-vaulting-set\/#breadcrumb\"},\"inLanguage\":\"nb-NO\",\"potentialAction\":[{\"@type\":\"ReadAction\",\"target\":[\"https:\/\/barneleker.no\/index.php\/product\/schleich-schleich-horse-club-mias-vaulting-set\/\"]}]},{\"@type\":\"ImageObject\",\"inLanguage\":\"nb-NO\",\"@id\":\"https:\/\/barneleker.no\/index.php\/product\/schleich-schleich-horse-club-mias-vaulting-set\/#primaryimage\",\"url\":\"https:\/\/barneleker.no\/wp-content\/uploads\/2022\/02\/schleich-schleich-horse-club-mias-vaulting-set.jpg\",\"contentUrl\":\"https:\/\/barneleker.no\/wp-content\/uploads\/2022\/02\/schleich-schleich-horse-club-mias-vaulting-set.jpg\",\"width\":555,\"height\":555},{\"@type\":\"BreadcrumbList\",\"@id\":\"https:\/\/barneleker.no\/index.php\/product\/schleich-schleich-horse-club-mias-vaulting-set\/#breadcrumb\",\"itemListElement\":[{\"@type\":\"ListItem\",\"position\":1,\"name\":\"Butikken\",\"item\":\"https:\/\/barneleker.no\/\"},{\"@type\":\"ListItem\",\"position\":2,\"name\":\"Schleich, Schleich, Horse Club Mia&#8217;s vaulting set\"}]},{\"@type\":\"WebSite\",\"@id\":\"https:\/\/barneleker.no\/#website\",\"url\":\"https:\/\/barneleker.no\/\",\"name\":\"Barneleker.no\",\"description\":\"Selvf\u00f8lgelig!\",\"publisher\":{\"@id\":\"https:\/\/barneleker.no\/#organization\"},\"potentialAction\":[{\"@type\":\"SearchAction\",\"target\":{\"@type\":\"EntryPoint\",\"urlTemplate\":\"https:\/\/barneleker.no\/?s={search_term_string}\"},\"query-input\":{\"@type\":\"PropertyValueSpecification\",\"valueRequired\":true,\"valueName\":\"search_term_string\"}}],\"inLanguage\":\"nb-NO\"},{\"@type\":\"Organization\",\"@id\":\"https:\/\/barneleker.no\/#organization\",\"name\":\"Barneleker.no\",\"url\":\"https:\/\/barneleker.no\/\",\"logo\":{\"@type\":\"ImageObject\",\"inLanguage\":\"nb-NO\",\"@id\":\"https:\/\/barneleker.no\/#\/schema\/logo\/image\/\",\"url\":\"https:\/\/barneleker.no\/wp-content\/uploads\/2021\/11\/barneleker_logo-780x150-1.jpg\",\"contentUrl\":\"https:\/\/barneleker.no\/wp-content\/uploads\/2021\/11\/barneleker_logo-780x150-1.jpg\",\"width\":780,\"height\":150,\"caption\":\"Barneleker.no\"},\"image\":{\"@id\":\"https:\/\/barneleker.no\/#\/schema\/logo\/image\/\"}}]}<\/script>\n<!-- \/ Yoast SEO plugin. -->","yoast_head_json":{"title":"Schleich, Schleich, Horse Club Mia's vaulting set - Barneleker.no","robots":{"index":"index","follow":"follow","max-snippet":"max-snippet:-1","max-image-preview":"max-image-preview:large","max-video-preview":"max-video-preview:-1"},"canonical":"https:\/\/barneleker.no\/index.php\/product\/schleich-schleich-horse-club-mias-vaulting-set\/","og_locale":"nb_NO","og_type":"article","og_title":"Schleich, Schleich, Horse Club Mia's vaulting set - Barneleker.no","og_description":"Den lille jenta, Mia, kan forberede seg perfekt til sin f\u00f8rste konkurranse ved hjelp av voltigesettet fra Schleich\u00ae Horse Club. Den mannlige rideinstrukt\u00f8ren, Tom, fester&hellip;","og_url":"https:\/\/barneleker.no\/index.php\/product\/schleich-schleich-horse-club-mias-vaulting-set\/","og_site_name":"Barneleker.no","twitter_card":"summary_large_image","twitter_misc":{"Ansl. lesetid":"1 minutt"},"schema":{"@context":"https:\/\/schema.org","@graph":[{"@type":"WebPage","@id":"https:\/\/barneleker.no\/index.php\/product\/schleich-schleich-horse-club-mias-vaulting-set\/","url":"https:\/\/barneleker.no\/index.php\/product\/schleich-schleich-horse-club-mias-vaulting-set\/","name":"Schleich, Schleich, Horse Club Mia's vaulting set - Barneleker.no","isPartOf":{"@id":"https:\/\/barneleker.no\/#website"},"primaryImageOfPage":{"@id":"https:\/\/barneleker.no\/index.php\/product\/schleich-schleich-horse-club-mias-vaulting-set\/#primaryimage"},"image":{"@id":"https:\/\/barneleker.no\/index.php\/product\/schleich-schleich-horse-club-mias-vaulting-set\/#primaryimage"},"thumbnailUrl":"https:\/\/barneleker.no\/wp-content\/uploads\/2022\/02\/schleich-schleich-horse-club-mias-vaulting-set.jpg","datePublished":"2022-02-08T19:50:49+00:00","breadcrumb":{"@id":"https:\/\/barneleker.no\/index.php\/product\/schleich-schleich-horse-club-mias-vaulting-set\/#breadcrumb"},"inLanguage":"nb-NO","potentialAction":[{"@type":"ReadAction","target":["https:\/\/barneleker.no\/index.php\/product\/schleich-schleich-horse-club-mias-vaulting-set\/"]}]},{"@type":"ImageObject","inLanguage":"nb-NO","@id":"https:\/\/barneleker.no\/index.php\/product\/schleich-schleich-horse-club-mias-vaulting-set\/#primaryimage","url":"https:\/\/barneleker.no\/wp-content\/uploads\/2022\/02\/schleich-schleich-horse-club-mias-vaulting-set.jpg","contentUrl":"https:\/\/barneleker.no\/wp-content\/uploads\/2022\/02\/schleich-schleich-horse-club-mias-vaulting-set.jpg","width":555,"height":555},{"@type":"BreadcrumbList","@id":"https:\/\/barneleker.no\/index.php\/product\/schleich-schleich-horse-club-mias-vaulting-set\/#breadcrumb","itemListElement":[{"@type":"ListItem","position":1,"name":"Butikken","item":"https:\/\/barneleker.no\/"},{"@type":"ListItem","position":2,"name":"Schleich, Schleich, Horse Club Mia&#8217;s vaulting set"}]},{"@type":"WebSite","@id":"https:\/\/barneleker.no\/#website","url":"https:\/\/barneleker.no\/","name":"Barneleker.no","description":"Selvf\u00f8lgelig!","publisher":{"@id":"https:\/\/barneleker.no\/#organization"},"potentialAction":[{"@type":"SearchAction","target":{"@type":"EntryPoint","urlTemplate":"https:\/\/barneleker.no\/?s={search_term_string}"},"query-input":{"@type":"PropertyValueSpecification","valueRequired":true,"valueName":"search_term_string"}}],"inLanguage":"nb-NO"},{"@type":"Organization","@id":"https:\/\/barneleker.no\/#organization","name":"Barneleker.no","url":"https:\/\/barneleker.no\/","logo":{"@type":"ImageObject","inLanguage":"nb-NO","@id":"https:\/\/barneleker.no\/#\/schema\/logo\/image\/","url":"https:\/\/barneleker.no\/wp-content\/uploads\/2021\/11\/barneleker_logo-780x150-1.jpg","contentUrl":"https:\/\/barneleker.no\/wp-content\/uploads\/2021\/11\/barneleker_logo-780x150-1.jpg","width":780,"height":150,"caption":"Barneleker.no"},"image":{"@id":"https:\/\/barneleker.no\/#\/schema\/logo\/image\/"}}]}},"_links":{"self":[{"href":"https:\/\/barneleker.no\/index.php\/wp-json\/wp\/v2\/product\/12475","targetHints":{"allow":["GET"]}}],"collection":[{"href":"https:\/\/barneleker.no\/index.php\/wp-json\/wp\/v2\/product"}],"about":[{"href":"https:\/\/barneleker.no\/index.php\/wp-json\/wp\/v2\/types\/product"}],"replies":[{"embeddable":true,"href":"https:\/\/barneleker.no\/index.php\/wp-json\/wp\/v2\/comments?post=12475"}],"wp:featuredmedia":[{"embeddable":true,"href":"https:\/\/barneleker.no\/index.php\/wp-json\/wp\/v2\/media\/12474"}],"wp:attachment":[{"href":"https:\/\/barneleker.no\/index.php\/wp-json\/wp\/v2\/media?parent=12475"}],"wp:term":[{"taxonomy":"product_brand","embeddable":true,"href":"https:\/\/barneleker.no\/index.php\/wp-json\/wp\/v2\/product_brand?post=12475"},{"taxonomy":"product_cat","embeddable":true,"href":"https:\/\/barneleker.no\/index.php\/wp-json\/wp\/v2\/product_cat?post=12475"},{"taxonomy":"product_tag","embeddable":true,"href":"https:\/\/barneleker.no\/index.php\/wp-json\/wp\/v2\/product_tag?post=12475"}],"curies":[{"name":"wp","href":"https:\/\/api.w.org\/{rel}","templated":true}]}}