{"id":12477,"date":"2022-02-08T19:50:50","date_gmt":"2022-02-08T19:50:50","guid":{"rendered":"https:\/\/barneleker.no\/index.php\/product\/lego-super-heroes-76157-wonder-woman-mot-cheetah\/"},"modified":"2022-02-08T19:50:50","modified_gmt":"2022-02-08T19:50:50","slug":"lego-super-heroes-76157-wonder-woman-mot-cheetah","status":"publish","type":"product","link":"https:\/\/barneleker.no\/index.php\/product\/lego-super-heroes-76157-wonder-woman-mot-cheetah\/","title":{"rendered":"LEGO Super Heroes 76157, Wonder Woman\u2122 mot Cheetah"},"content":{"rendered":"<p>Unge superhelter kan gjenoppleve spennende action fra Wonder Woman\u2122 filmen fra 1984 med byggesettet LEGO\u00ae DC Wonder Woman mot Cheetah\u2122 (76157). N\u00e5r Wonder Woman (Diana Prince\u2122) st\u00f8ter p\u00e5 erkefienden Cheetah (legen Barbara Minerva\u2122) ved radiot\u00e5rnet, er det duket for et episk oppgj\u00f8r!  Wonder Woman mot Cheetah Dette actionfylte lekesettet gir barn dobbelt s\u00e5 mye moro. I bunkeren p\u00e5 bakkeplan pr\u00f8ver Max\u2122 \u00e5 komme seg inn i t\u00e5rnet, mens senderpanelene roterer h\u00f8yt oppe i luften. Imens st\u00e5r Wonder Woman og Cheetah overfor hverandre, klare til kamp. Med superkule funksjoner og utallige lekemuligheter er scenen satt for fantasifull lek for unge superhelter.  Popul\u00e6re minifiguractionleker fra LEGO DC Med LEGO DC byggeleker kan barn ta p\u00e5 seg rollen som superhelt og g\u00e5 til kamp mot superskurker for \u00e5 redde verden! LEGO DC byggesettene er like godt egnet til alenelek som gruppelek, og er bygget opp omkring legendariske figurer og kult utstyr.<\/p>\n","protected":false},"excerpt":{"rendered":"<p>Unge superhelter kan gjenoppleve spennende action fra Wonder Woman\u2122 filmen fra 1984 med byggesettet LEGO\u00ae DC Wonder Woman mot Cheetah\u2122 (76157). N\u00e5r Wonder Woman (Diana&hellip;<\/p>\n","protected":false},"featured_media":12476,"comment_status":"open","ping_status":"closed","template":"","meta":[],"product_brand":[],"product_cat":[340],"product_tag":[],"class_list":{"0":"post-12477","1":"product","2":"type-product","3":"status-publish","4":"has-post-thumbnail","6":"product_cat-set","8":"first","9":"instock","10":"shipping-taxable","11":"product-type-external","12":"customify-col"},"yoast_head":"<!-- This site is optimized with the Yoast SEO plugin v26.0 - https:\/\/yoast.com\/wordpress\/plugins\/seo\/ -->\n<title>LEGO Super Heroes 76157, Wonder Woman\u2122 mot Cheetah - Barneleker.no<\/title>\n<meta name=\"robots\" content=\"index, follow, max-snippet:-1, max-image-preview:large, max-video-preview:-1\" \/>\n<link rel=\"canonical\" href=\"https:\/\/barneleker.no\/index.php\/product\/lego-super-heroes-76157-wonder-woman-mot-cheetah\/\" \/>\n<meta property=\"og:locale\" content=\"nb_NO\" \/>\n<meta property=\"og:type\" content=\"article\" \/>\n<meta property=\"og:title\" content=\"LEGO Super Heroes 76157, Wonder Woman\u2122 mot Cheetah - Barneleker.no\" \/>\n<meta property=\"og:description\" content=\"Unge superhelter kan gjenoppleve spennende action fra Wonder Woman\u2122 filmen fra 1984 med byggesettet LEGO\u00ae DC Wonder Woman mot Cheetah\u2122 (76157). N\u00e5r Wonder Woman (Diana&hellip;\" \/>\n<meta property=\"og:url\" content=\"https:\/\/barneleker.no\/index.php\/product\/lego-super-heroes-76157-wonder-woman-mot-cheetah\/\" \/>\n<meta property=\"og:site_name\" content=\"Barneleker.no\" \/>\n<meta name=\"twitter:card\" content=\"summary_large_image\" \/>\n<meta name=\"twitter:label1\" content=\"Ansl. lesetid\" \/>\n\t<meta name=\"twitter:data1\" content=\"1 minutt\" \/>\n<script type=\"application\/ld+json\" class=\"yoast-schema-graph\">{\"@context\":\"https:\/\/schema.org\",\"@graph\":[{\"@type\":\"WebPage\",\"@id\":\"https:\/\/barneleker.no\/index.php\/product\/lego-super-heroes-76157-wonder-woman-mot-cheetah\/\",\"url\":\"https:\/\/barneleker.no\/index.php\/product\/lego-super-heroes-76157-wonder-woman-mot-cheetah\/\",\"name\":\"LEGO Super Heroes 76157, Wonder Woman\u2122 mot Cheetah - Barneleker.no\",\"isPartOf\":{\"@id\":\"https:\/\/barneleker.no\/#website\"},\"primaryImageOfPage\":{\"@id\":\"https:\/\/barneleker.no\/index.php\/product\/lego-super-heroes-76157-wonder-woman-mot-cheetah\/#primaryimage\"},\"image\":{\"@id\":\"https:\/\/barneleker.no\/index.php\/product\/lego-super-heroes-76157-wonder-woman-mot-cheetah\/#primaryimage\"},\"thumbnailUrl\":\"https:\/\/barneleker.no\/wp-content\/uploads\/2022\/02\/lego-super-heroes-76157-wonder-woman-mot-cheetah.jpg\",\"datePublished\":\"2022-02-08T19:50:50+00:00\",\"breadcrumb\":{\"@id\":\"https:\/\/barneleker.no\/index.php\/product\/lego-super-heroes-76157-wonder-woman-mot-cheetah\/#breadcrumb\"},\"inLanguage\":\"nb-NO\",\"potentialAction\":[{\"@type\":\"ReadAction\",\"target\":[\"https:\/\/barneleker.no\/index.php\/product\/lego-super-heroes-76157-wonder-woman-mot-cheetah\/\"]}]},{\"@type\":\"ImageObject\",\"inLanguage\":\"nb-NO\",\"@id\":\"https:\/\/barneleker.no\/index.php\/product\/lego-super-heroes-76157-wonder-woman-mot-cheetah\/#primaryimage\",\"url\":\"https:\/\/barneleker.no\/wp-content\/uploads\/2022\/02\/lego-super-heroes-76157-wonder-woman-mot-cheetah.jpg\",\"contentUrl\":\"https:\/\/barneleker.no\/wp-content\/uploads\/2022\/02\/lego-super-heroes-76157-wonder-woman-mot-cheetah.jpg\",\"width\":555,\"height\":555},{\"@type\":\"BreadcrumbList\",\"@id\":\"https:\/\/barneleker.no\/index.php\/product\/lego-super-heroes-76157-wonder-woman-mot-cheetah\/#breadcrumb\",\"itemListElement\":[{\"@type\":\"ListItem\",\"position\":1,\"name\":\"Butikken\",\"item\":\"https:\/\/barneleker.no\/\"},{\"@type\":\"ListItem\",\"position\":2,\"name\":\"LEGO Super Heroes 76157, Wonder Woman\u2122 mot Cheetah\"}]},{\"@type\":\"WebSite\",\"@id\":\"https:\/\/barneleker.no\/#website\",\"url\":\"https:\/\/barneleker.no\/\",\"name\":\"Barneleker.no\",\"description\":\"Selvf\u00f8lgelig!\",\"publisher\":{\"@id\":\"https:\/\/barneleker.no\/#organization\"},\"potentialAction\":[{\"@type\":\"SearchAction\",\"target\":{\"@type\":\"EntryPoint\",\"urlTemplate\":\"https:\/\/barneleker.no\/?s={search_term_string}\"},\"query-input\":{\"@type\":\"PropertyValueSpecification\",\"valueRequired\":true,\"valueName\":\"search_term_string\"}}],\"inLanguage\":\"nb-NO\"},{\"@type\":\"Organization\",\"@id\":\"https:\/\/barneleker.no\/#organization\",\"name\":\"Barneleker.no\",\"url\":\"https:\/\/barneleker.no\/\",\"logo\":{\"@type\":\"ImageObject\",\"inLanguage\":\"nb-NO\",\"@id\":\"https:\/\/barneleker.no\/#\/schema\/logo\/image\/\",\"url\":\"https:\/\/barneleker.no\/wp-content\/uploads\/2021\/11\/barneleker_logo-780x150-1.jpg\",\"contentUrl\":\"https:\/\/barneleker.no\/wp-content\/uploads\/2021\/11\/barneleker_logo-780x150-1.jpg\",\"width\":780,\"height\":150,\"caption\":\"Barneleker.no\"},\"image\":{\"@id\":\"https:\/\/barneleker.no\/#\/schema\/logo\/image\/\"}}]}<\/script>\n<!-- \/ Yoast SEO plugin. -->","yoast_head_json":{"title":"LEGO Super Heroes 76157, Wonder Woman\u2122 mot Cheetah - Barneleker.no","robots":{"index":"index","follow":"follow","max-snippet":"max-snippet:-1","max-image-preview":"max-image-preview:large","max-video-preview":"max-video-preview:-1"},"canonical":"https:\/\/barneleker.no\/index.php\/product\/lego-super-heroes-76157-wonder-woman-mot-cheetah\/","og_locale":"nb_NO","og_type":"article","og_title":"LEGO Super Heroes 76157, Wonder Woman\u2122 mot Cheetah - Barneleker.no","og_description":"Unge superhelter kan gjenoppleve spennende action fra Wonder Woman\u2122 filmen fra 1984 med byggesettet LEGO\u00ae DC Wonder Woman mot Cheetah\u2122 (76157). N\u00e5r Wonder Woman (Diana&hellip;","og_url":"https:\/\/barneleker.no\/index.php\/product\/lego-super-heroes-76157-wonder-woman-mot-cheetah\/","og_site_name":"Barneleker.no","twitter_card":"summary_large_image","twitter_misc":{"Ansl. lesetid":"1 minutt"},"schema":{"@context":"https:\/\/schema.org","@graph":[{"@type":"WebPage","@id":"https:\/\/barneleker.no\/index.php\/product\/lego-super-heroes-76157-wonder-woman-mot-cheetah\/","url":"https:\/\/barneleker.no\/index.php\/product\/lego-super-heroes-76157-wonder-woman-mot-cheetah\/","name":"LEGO Super Heroes 76157, Wonder Woman\u2122 mot Cheetah - Barneleker.no","isPartOf":{"@id":"https:\/\/barneleker.no\/#website"},"primaryImageOfPage":{"@id":"https:\/\/barneleker.no\/index.php\/product\/lego-super-heroes-76157-wonder-woman-mot-cheetah\/#primaryimage"},"image":{"@id":"https:\/\/barneleker.no\/index.php\/product\/lego-super-heroes-76157-wonder-woman-mot-cheetah\/#primaryimage"},"thumbnailUrl":"https:\/\/barneleker.no\/wp-content\/uploads\/2022\/02\/lego-super-heroes-76157-wonder-woman-mot-cheetah.jpg","datePublished":"2022-02-08T19:50:50+00:00","breadcrumb":{"@id":"https:\/\/barneleker.no\/index.php\/product\/lego-super-heroes-76157-wonder-woman-mot-cheetah\/#breadcrumb"},"inLanguage":"nb-NO","potentialAction":[{"@type":"ReadAction","target":["https:\/\/barneleker.no\/index.php\/product\/lego-super-heroes-76157-wonder-woman-mot-cheetah\/"]}]},{"@type":"ImageObject","inLanguage":"nb-NO","@id":"https:\/\/barneleker.no\/index.php\/product\/lego-super-heroes-76157-wonder-woman-mot-cheetah\/#primaryimage","url":"https:\/\/barneleker.no\/wp-content\/uploads\/2022\/02\/lego-super-heroes-76157-wonder-woman-mot-cheetah.jpg","contentUrl":"https:\/\/barneleker.no\/wp-content\/uploads\/2022\/02\/lego-super-heroes-76157-wonder-woman-mot-cheetah.jpg","width":555,"height":555},{"@type":"BreadcrumbList","@id":"https:\/\/barneleker.no\/index.php\/product\/lego-super-heroes-76157-wonder-woman-mot-cheetah\/#breadcrumb","itemListElement":[{"@type":"ListItem","position":1,"name":"Butikken","item":"https:\/\/barneleker.no\/"},{"@type":"ListItem","position":2,"name":"LEGO Super Heroes 76157, Wonder Woman\u2122 mot Cheetah"}]},{"@type":"WebSite","@id":"https:\/\/barneleker.no\/#website","url":"https:\/\/barneleker.no\/","name":"Barneleker.no","description":"Selvf\u00f8lgelig!","publisher":{"@id":"https:\/\/barneleker.no\/#organization"},"potentialAction":[{"@type":"SearchAction","target":{"@type":"EntryPoint","urlTemplate":"https:\/\/barneleker.no\/?s={search_term_string}"},"query-input":{"@type":"PropertyValueSpecification","valueRequired":true,"valueName":"search_term_string"}}],"inLanguage":"nb-NO"},{"@type":"Organization","@id":"https:\/\/barneleker.no\/#organization","name":"Barneleker.no","url":"https:\/\/barneleker.no\/","logo":{"@type":"ImageObject","inLanguage":"nb-NO","@id":"https:\/\/barneleker.no\/#\/schema\/logo\/image\/","url":"https:\/\/barneleker.no\/wp-content\/uploads\/2021\/11\/barneleker_logo-780x150-1.jpg","contentUrl":"https:\/\/barneleker.no\/wp-content\/uploads\/2021\/11\/barneleker_logo-780x150-1.jpg","width":780,"height":150,"caption":"Barneleker.no"},"image":{"@id":"https:\/\/barneleker.no\/#\/schema\/logo\/image\/"}}]}},"_links":{"self":[{"href":"https:\/\/barneleker.no\/index.php\/wp-json\/wp\/v2\/product\/12477","targetHints":{"allow":["GET"]}}],"collection":[{"href":"https:\/\/barneleker.no\/index.php\/wp-json\/wp\/v2\/product"}],"about":[{"href":"https:\/\/barneleker.no\/index.php\/wp-json\/wp\/v2\/types\/product"}],"replies":[{"embeddable":true,"href":"https:\/\/barneleker.no\/index.php\/wp-json\/wp\/v2\/comments?post=12477"}],"wp:featuredmedia":[{"embeddable":true,"href":"https:\/\/barneleker.no\/index.php\/wp-json\/wp\/v2\/media\/12476"}],"wp:attachment":[{"href":"https:\/\/barneleker.no\/index.php\/wp-json\/wp\/v2\/media?parent=12477"}],"wp:term":[{"taxonomy":"product_brand","embeddable":true,"href":"https:\/\/barneleker.no\/index.php\/wp-json\/wp\/v2\/product_brand?post=12477"},{"taxonomy":"product_cat","embeddable":true,"href":"https:\/\/barneleker.no\/index.php\/wp-json\/wp\/v2\/product_cat?post=12477"},{"taxonomy":"product_tag","embeddable":true,"href":"https:\/\/barneleker.no\/index.php\/wp-json\/wp\/v2\/product_tag?post=12477"}],"curies":[{"name":"wp","href":"https:\/\/api.w.org\/{rel}","templated":true}]}}