{"id":12481,"date":"2022-02-08T19:50:51","date_gmt":"2022-02-08T19:50:51","guid":{"rendered":"https:\/\/barneleker.no\/index.php\/product\/hape-rock-n-roll-ukulele\/"},"modified":"2022-02-08T19:50:51","modified_gmt":"2022-02-08T19:50:51","slug":"hape-rock-n-roll-ukulele","status":"publish","type":"product","link":"https:\/\/barneleker.no\/index.php\/product\/hape-rock-n-roll-ukulele\/","title":{"rendered":"Hape, Rock n Roll Ukulele"},"content":{"rendered":"<p>Start din musikalske utforskning og l\u00e6r \u00e5 strumme og fingerplukke favorittl\u00e5tene dine p\u00e5 den fantastiske Hape Rock &#8216;n&#8217; Roll Ukelele! Kult elektrisk gitarutseende! L\u00e6rer sm\u00e5 barn om grunnleggende rytme, strumming og andre musikalske teknikker &#8211; Flott forberedelse for avansert musikalsk l\u00e6ring og for \u00e5 utvikle auditive og kreative ferdigheter. Inkluderer instruksjon og en bok som l\u00e6rer deg hvordan du spiller. Ekte strenger som du faktisk kan stemme! Laget av tre for \u00e5 gi deg en ekte autentisk lyd n\u00e5r du strummer. Har et h\u00e5ndtak p\u00e5 kroppen som gj\u00f8r det enkelt \u00e5 ha ukulelen med seg.<\/p>\n","protected":false},"excerpt":{"rendered":"<p>Start din musikalske utforskning og l\u00e6r \u00e5 strumme og fingerplukke favorittl\u00e5tene dine p\u00e5 den fantastiske Hape Rock &#8216;n&#8217; Roll Ukelele! Kult elektrisk gitarutseende! L\u00e6rer sm\u00e5&hellip;<\/p>\n","protected":false},"featured_media":12480,"comment_status":"open","ping_status":"closed","template":"","meta":[],"product_brand":[],"product_cat":[446],"product_tag":[],"class_list":{"0":"post-12481","1":"product","2":"type-product","3":"status-publish","4":"has-post-thumbnail","6":"product_cat-instrument","8":"first","9":"instock","10":"shipping-taxable","11":"product-type-external","12":"customify-col"},"yoast_head":"<!-- This site is optimized with the Yoast SEO plugin v26.0 - https:\/\/yoast.com\/wordpress\/plugins\/seo\/ -->\n<title>Hape, Rock n Roll Ukulele - Barneleker.no<\/title>\n<meta name=\"robots\" content=\"index, follow, max-snippet:-1, max-image-preview:large, max-video-preview:-1\" \/>\n<link rel=\"canonical\" href=\"https:\/\/barneleker.no\/index.php\/product\/hape-rock-n-roll-ukulele\/\" \/>\n<meta property=\"og:locale\" content=\"nb_NO\" \/>\n<meta property=\"og:type\" content=\"article\" \/>\n<meta property=\"og:title\" content=\"Hape, Rock n Roll Ukulele - Barneleker.no\" \/>\n<meta property=\"og:description\" content=\"Start din musikalske utforskning og l\u00e6r \u00e5 strumme og fingerplukke favorittl\u00e5tene dine p\u00e5 den fantastiske Hape Rock &#8216;n&#8217; Roll Ukelele! Kult elektrisk gitarutseende! L\u00e6rer sm\u00e5&hellip;\" \/>\n<meta property=\"og:url\" content=\"https:\/\/barneleker.no\/index.php\/product\/hape-rock-n-roll-ukulele\/\" \/>\n<meta property=\"og:site_name\" content=\"Barneleker.no\" \/>\n<meta name=\"twitter:card\" content=\"summary_large_image\" \/>\n<script type=\"application\/ld+json\" class=\"yoast-schema-graph\">{\"@context\":\"https:\/\/schema.org\",\"@graph\":[{\"@type\":\"WebPage\",\"@id\":\"https:\/\/barneleker.no\/index.php\/product\/hape-rock-n-roll-ukulele\/\",\"url\":\"https:\/\/barneleker.no\/index.php\/product\/hape-rock-n-roll-ukulele\/\",\"name\":\"Hape, Rock n Roll Ukulele - Barneleker.no\",\"isPartOf\":{\"@id\":\"https:\/\/barneleker.no\/#website\"},\"primaryImageOfPage\":{\"@id\":\"https:\/\/barneleker.no\/index.php\/product\/hape-rock-n-roll-ukulele\/#primaryimage\"},\"image\":{\"@id\":\"https:\/\/barneleker.no\/index.php\/product\/hape-rock-n-roll-ukulele\/#primaryimage\"},\"thumbnailUrl\":\"https:\/\/barneleker.no\/wp-content\/uploads\/2022\/02\/hape-rock-n-roll-ukulele.jpg\",\"datePublished\":\"2022-02-08T19:50:51+00:00\",\"breadcrumb\":{\"@id\":\"https:\/\/barneleker.no\/index.php\/product\/hape-rock-n-roll-ukulele\/#breadcrumb\"},\"inLanguage\":\"nb-NO\",\"potentialAction\":[{\"@type\":\"ReadAction\",\"target\":[\"https:\/\/barneleker.no\/index.php\/product\/hape-rock-n-roll-ukulele\/\"]}]},{\"@type\":\"ImageObject\",\"inLanguage\":\"nb-NO\",\"@id\":\"https:\/\/barneleker.no\/index.php\/product\/hape-rock-n-roll-ukulele\/#primaryimage\",\"url\":\"https:\/\/barneleker.no\/wp-content\/uploads\/2022\/02\/hape-rock-n-roll-ukulele.jpg\",\"contentUrl\":\"https:\/\/barneleker.no\/wp-content\/uploads\/2022\/02\/hape-rock-n-roll-ukulele.jpg\",\"width\":555,\"height\":555},{\"@type\":\"BreadcrumbList\",\"@id\":\"https:\/\/barneleker.no\/index.php\/product\/hape-rock-n-roll-ukulele\/#breadcrumb\",\"itemListElement\":[{\"@type\":\"ListItem\",\"position\":1,\"name\":\"Butikken\",\"item\":\"https:\/\/barneleker.no\/\"},{\"@type\":\"ListItem\",\"position\":2,\"name\":\"Hape, Rock n Roll Ukulele\"}]},{\"@type\":\"WebSite\",\"@id\":\"https:\/\/barneleker.no\/#website\",\"url\":\"https:\/\/barneleker.no\/\",\"name\":\"Barneleker.no\",\"description\":\"Selvf\u00f8lgelig!\",\"publisher\":{\"@id\":\"https:\/\/barneleker.no\/#organization\"},\"potentialAction\":[{\"@type\":\"SearchAction\",\"target\":{\"@type\":\"EntryPoint\",\"urlTemplate\":\"https:\/\/barneleker.no\/?s={search_term_string}\"},\"query-input\":{\"@type\":\"PropertyValueSpecification\",\"valueRequired\":true,\"valueName\":\"search_term_string\"}}],\"inLanguage\":\"nb-NO\"},{\"@type\":\"Organization\",\"@id\":\"https:\/\/barneleker.no\/#organization\",\"name\":\"Barneleker.no\",\"url\":\"https:\/\/barneleker.no\/\",\"logo\":{\"@type\":\"ImageObject\",\"inLanguage\":\"nb-NO\",\"@id\":\"https:\/\/barneleker.no\/#\/schema\/logo\/image\/\",\"url\":\"https:\/\/barneleker.no\/wp-content\/uploads\/2021\/11\/barneleker_logo-780x150-1.jpg\",\"contentUrl\":\"https:\/\/barneleker.no\/wp-content\/uploads\/2021\/11\/barneleker_logo-780x150-1.jpg\",\"width\":780,\"height\":150,\"caption\":\"Barneleker.no\"},\"image\":{\"@id\":\"https:\/\/barneleker.no\/#\/schema\/logo\/image\/\"}}]}<\/script>\n<!-- \/ Yoast SEO plugin. -->","yoast_head_json":{"title":"Hape, Rock n Roll Ukulele - Barneleker.no","robots":{"index":"index","follow":"follow","max-snippet":"max-snippet:-1","max-image-preview":"max-image-preview:large","max-video-preview":"max-video-preview:-1"},"canonical":"https:\/\/barneleker.no\/index.php\/product\/hape-rock-n-roll-ukulele\/","og_locale":"nb_NO","og_type":"article","og_title":"Hape, Rock n Roll Ukulele - Barneleker.no","og_description":"Start din musikalske utforskning og l\u00e6r \u00e5 strumme og fingerplukke favorittl\u00e5tene dine p\u00e5 den fantastiske Hape Rock &#8216;n&#8217; Roll Ukelele! Kult elektrisk gitarutseende! L\u00e6rer sm\u00e5&hellip;","og_url":"https:\/\/barneleker.no\/index.php\/product\/hape-rock-n-roll-ukulele\/","og_site_name":"Barneleker.no","twitter_card":"summary_large_image","schema":{"@context":"https:\/\/schema.org","@graph":[{"@type":"WebPage","@id":"https:\/\/barneleker.no\/index.php\/product\/hape-rock-n-roll-ukulele\/","url":"https:\/\/barneleker.no\/index.php\/product\/hape-rock-n-roll-ukulele\/","name":"Hape, Rock n Roll Ukulele - Barneleker.no","isPartOf":{"@id":"https:\/\/barneleker.no\/#website"},"primaryImageOfPage":{"@id":"https:\/\/barneleker.no\/index.php\/product\/hape-rock-n-roll-ukulele\/#primaryimage"},"image":{"@id":"https:\/\/barneleker.no\/index.php\/product\/hape-rock-n-roll-ukulele\/#primaryimage"},"thumbnailUrl":"https:\/\/barneleker.no\/wp-content\/uploads\/2022\/02\/hape-rock-n-roll-ukulele.jpg","datePublished":"2022-02-08T19:50:51+00:00","breadcrumb":{"@id":"https:\/\/barneleker.no\/index.php\/product\/hape-rock-n-roll-ukulele\/#breadcrumb"},"inLanguage":"nb-NO","potentialAction":[{"@type":"ReadAction","target":["https:\/\/barneleker.no\/index.php\/product\/hape-rock-n-roll-ukulele\/"]}]},{"@type":"ImageObject","inLanguage":"nb-NO","@id":"https:\/\/barneleker.no\/index.php\/product\/hape-rock-n-roll-ukulele\/#primaryimage","url":"https:\/\/barneleker.no\/wp-content\/uploads\/2022\/02\/hape-rock-n-roll-ukulele.jpg","contentUrl":"https:\/\/barneleker.no\/wp-content\/uploads\/2022\/02\/hape-rock-n-roll-ukulele.jpg","width":555,"height":555},{"@type":"BreadcrumbList","@id":"https:\/\/barneleker.no\/index.php\/product\/hape-rock-n-roll-ukulele\/#breadcrumb","itemListElement":[{"@type":"ListItem","position":1,"name":"Butikken","item":"https:\/\/barneleker.no\/"},{"@type":"ListItem","position":2,"name":"Hape, Rock n Roll Ukulele"}]},{"@type":"WebSite","@id":"https:\/\/barneleker.no\/#website","url":"https:\/\/barneleker.no\/","name":"Barneleker.no","description":"Selvf\u00f8lgelig!","publisher":{"@id":"https:\/\/barneleker.no\/#organization"},"potentialAction":[{"@type":"SearchAction","target":{"@type":"EntryPoint","urlTemplate":"https:\/\/barneleker.no\/?s={search_term_string}"},"query-input":{"@type":"PropertyValueSpecification","valueRequired":true,"valueName":"search_term_string"}}],"inLanguage":"nb-NO"},{"@type":"Organization","@id":"https:\/\/barneleker.no\/#organization","name":"Barneleker.no","url":"https:\/\/barneleker.no\/","logo":{"@type":"ImageObject","inLanguage":"nb-NO","@id":"https:\/\/barneleker.no\/#\/schema\/logo\/image\/","url":"https:\/\/barneleker.no\/wp-content\/uploads\/2021\/11\/barneleker_logo-780x150-1.jpg","contentUrl":"https:\/\/barneleker.no\/wp-content\/uploads\/2021\/11\/barneleker_logo-780x150-1.jpg","width":780,"height":150,"caption":"Barneleker.no"},"image":{"@id":"https:\/\/barneleker.no\/#\/schema\/logo\/image\/"}}]}},"_links":{"self":[{"href":"https:\/\/barneleker.no\/index.php\/wp-json\/wp\/v2\/product\/12481","targetHints":{"allow":["GET"]}}],"collection":[{"href":"https:\/\/barneleker.no\/index.php\/wp-json\/wp\/v2\/product"}],"about":[{"href":"https:\/\/barneleker.no\/index.php\/wp-json\/wp\/v2\/types\/product"}],"replies":[{"embeddable":true,"href":"https:\/\/barneleker.no\/index.php\/wp-json\/wp\/v2\/comments?post=12481"}],"wp:featuredmedia":[{"embeddable":true,"href":"https:\/\/barneleker.no\/index.php\/wp-json\/wp\/v2\/media\/12480"}],"wp:attachment":[{"href":"https:\/\/barneleker.no\/index.php\/wp-json\/wp\/v2\/media?parent=12481"}],"wp:term":[{"taxonomy":"product_brand","embeddable":true,"href":"https:\/\/barneleker.no\/index.php\/wp-json\/wp\/v2\/product_brand?post=12481"},{"taxonomy":"product_cat","embeddable":true,"href":"https:\/\/barneleker.no\/index.php\/wp-json\/wp\/v2\/product_cat?post=12481"},{"taxonomy":"product_tag","embeddable":true,"href":"https:\/\/barneleker.no\/index.php\/wp-json\/wp\/v2\/product_tag?post=12481"}],"curies":[{"name":"wp","href":"https:\/\/api.w.org\/{rel}","templated":true}]}}