{"id":12511,"date":"2022-02-08T19:51:01","date_gmt":"2022-02-08T19:51:01","guid":{"rendered":"https:\/\/barneleker.no\/index.php\/product\/lego-super-mario-71388-ekstrabanesettet-boss-sumo-bro-og-tarnvelt\/"},"modified":"2022-02-08T19:51:01","modified_gmt":"2022-02-08T19:51:01","slug":"lego-super-mario-71388-ekstrabanesettet-boss-sumo-bro-og-tarnvelt","status":"publish","type":"product","link":"https:\/\/barneleker.no\/index.php\/product\/lego-super-mario-71388-ekstrabanesettet-boss-sumo-bro-og-tarnvelt\/","title":{"rendered":"LEGO Super Mario 71388, Ekstrabanesettet Boss Sumo Bro og t\u00e5rnvelt"},"content":{"rendered":"<p>La barn utvide LEGO\u00ae Super Mario\u2122 universet sitt med en ekstra utfordring med ekstrabanesettet Boss Sumo Bro og t\u00e5rnvelt (71388). Settet inkluderer et t\u00e5rn som vippes frem og tilbake n\u00e5r LEGO\u00ae Mario\u2122 og\/eller LEGO\u00ae Luigi\u2122 (figurene f\u00f8lger ikke med) hopper p\u00e5 spakene ved t\u00e5rnets fot. T\u00e5rnet kan bygges i ulike h\u00f8yder, og en superstjerneblokk kommer til syne n\u00e5r Boss Sumo Bro veltes. Inkluderer ogs\u00e5 en figur av Crowber. (Merk: Man m\u00e5 ha startbanesettet 71360 eller 71387 for \u00e5 kunne spille interaktivt.)<\/p>\n","protected":false},"excerpt":{"rendered":"<p>La barn utvide LEGO\u00ae Super Mario\u2122 universet sitt med en ekstra utfordring med ekstrabanesettet Boss Sumo Bro og t\u00e5rnvelt (71388). Settet inkluderer et t\u00e5rn som&hellip;<\/p>\n","protected":false},"featured_media":12510,"comment_status":"open","ping_status":"closed","template":"","meta":[],"product_brand":[],"product_cat":[340],"product_tag":[],"class_list":{"0":"post-12511","1":"product","2":"type-product","3":"status-publish","4":"has-post-thumbnail","6":"product_cat-set","8":"first","9":"instock","10":"shipping-taxable","11":"product-type-external","12":"customify-col"},"yoast_head":"<!-- This site is optimized with the Yoast SEO plugin v26.0 - https:\/\/yoast.com\/wordpress\/plugins\/seo\/ -->\n<title>LEGO Super Mario 71388, Ekstrabanesettet Boss Sumo Bro og t\u00e5rnvelt - Barneleker.no<\/title>\n<meta name=\"robots\" content=\"index, follow, max-snippet:-1, max-image-preview:large, max-video-preview:-1\" \/>\n<link rel=\"canonical\" href=\"https:\/\/barneleker.no\/index.php\/product\/lego-super-mario-71388-ekstrabanesettet-boss-sumo-bro-og-tarnvelt\/\" \/>\n<meta property=\"og:locale\" content=\"nb_NO\" \/>\n<meta property=\"og:type\" content=\"article\" \/>\n<meta property=\"og:title\" content=\"LEGO Super Mario 71388, Ekstrabanesettet Boss Sumo Bro og t\u00e5rnvelt - Barneleker.no\" \/>\n<meta property=\"og:description\" content=\"La barn utvide LEGO\u00ae Super Mario\u2122 universet sitt med en ekstra utfordring med ekstrabanesettet Boss Sumo Bro og t\u00e5rnvelt (71388). Settet inkluderer et t\u00e5rn som&hellip;\" \/>\n<meta property=\"og:url\" content=\"https:\/\/barneleker.no\/index.php\/product\/lego-super-mario-71388-ekstrabanesettet-boss-sumo-bro-og-tarnvelt\/\" \/>\n<meta property=\"og:site_name\" content=\"Barneleker.no\" \/>\n<meta name=\"twitter:card\" content=\"summary_large_image\" \/>\n<script type=\"application\/ld+json\" class=\"yoast-schema-graph\">{\"@context\":\"https:\/\/schema.org\",\"@graph\":[{\"@type\":\"WebPage\",\"@id\":\"https:\/\/barneleker.no\/index.php\/product\/lego-super-mario-71388-ekstrabanesettet-boss-sumo-bro-og-tarnvelt\/\",\"url\":\"https:\/\/barneleker.no\/index.php\/product\/lego-super-mario-71388-ekstrabanesettet-boss-sumo-bro-og-tarnvelt\/\",\"name\":\"LEGO Super Mario 71388, Ekstrabanesettet Boss Sumo Bro og t\u00e5rnvelt - Barneleker.no\",\"isPartOf\":{\"@id\":\"https:\/\/barneleker.no\/#website\"},\"primaryImageOfPage\":{\"@id\":\"https:\/\/barneleker.no\/index.php\/product\/lego-super-mario-71388-ekstrabanesettet-boss-sumo-bro-og-tarnvelt\/#primaryimage\"},\"image\":{\"@id\":\"https:\/\/barneleker.no\/index.php\/product\/lego-super-mario-71388-ekstrabanesettet-boss-sumo-bro-og-tarnvelt\/#primaryimage\"},\"thumbnailUrl\":\"https:\/\/barneleker.no\/wp-content\/uploads\/2022\/02\/lego-super-mario-71388-ekstrabanesettet-boss-sumo-bro-og-tarnvelt.jpg\",\"datePublished\":\"2022-02-08T19:51:01+00:00\",\"breadcrumb\":{\"@id\":\"https:\/\/barneleker.no\/index.php\/product\/lego-super-mario-71388-ekstrabanesettet-boss-sumo-bro-og-tarnvelt\/#breadcrumb\"},\"inLanguage\":\"nb-NO\",\"potentialAction\":[{\"@type\":\"ReadAction\",\"target\":[\"https:\/\/barneleker.no\/index.php\/product\/lego-super-mario-71388-ekstrabanesettet-boss-sumo-bro-og-tarnvelt\/\"]}]},{\"@type\":\"ImageObject\",\"inLanguage\":\"nb-NO\",\"@id\":\"https:\/\/barneleker.no\/index.php\/product\/lego-super-mario-71388-ekstrabanesettet-boss-sumo-bro-og-tarnvelt\/#primaryimage\",\"url\":\"https:\/\/barneleker.no\/wp-content\/uploads\/2022\/02\/lego-super-mario-71388-ekstrabanesettet-boss-sumo-bro-og-tarnvelt.jpg\",\"contentUrl\":\"https:\/\/barneleker.no\/wp-content\/uploads\/2022\/02\/lego-super-mario-71388-ekstrabanesettet-boss-sumo-bro-og-tarnvelt.jpg\",\"width\":555,\"height\":555},{\"@type\":\"BreadcrumbList\",\"@id\":\"https:\/\/barneleker.no\/index.php\/product\/lego-super-mario-71388-ekstrabanesettet-boss-sumo-bro-og-tarnvelt\/#breadcrumb\",\"itemListElement\":[{\"@type\":\"ListItem\",\"position\":1,\"name\":\"Butikken\",\"item\":\"https:\/\/barneleker.no\/\"},{\"@type\":\"ListItem\",\"position\":2,\"name\":\"LEGO Super Mario 71388, Ekstrabanesettet Boss Sumo Bro og t\u00e5rnvelt\"}]},{\"@type\":\"WebSite\",\"@id\":\"https:\/\/barneleker.no\/#website\",\"url\":\"https:\/\/barneleker.no\/\",\"name\":\"Barneleker.no\",\"description\":\"Selvf\u00f8lgelig!\",\"publisher\":{\"@id\":\"https:\/\/barneleker.no\/#organization\"},\"potentialAction\":[{\"@type\":\"SearchAction\",\"target\":{\"@type\":\"EntryPoint\",\"urlTemplate\":\"https:\/\/barneleker.no\/?s={search_term_string}\"},\"query-input\":{\"@type\":\"PropertyValueSpecification\",\"valueRequired\":true,\"valueName\":\"search_term_string\"}}],\"inLanguage\":\"nb-NO\"},{\"@type\":\"Organization\",\"@id\":\"https:\/\/barneleker.no\/#organization\",\"name\":\"Barneleker.no\",\"url\":\"https:\/\/barneleker.no\/\",\"logo\":{\"@type\":\"ImageObject\",\"inLanguage\":\"nb-NO\",\"@id\":\"https:\/\/barneleker.no\/#\/schema\/logo\/image\/\",\"url\":\"https:\/\/barneleker.no\/wp-content\/uploads\/2021\/11\/barneleker_logo-780x150-1.jpg\",\"contentUrl\":\"https:\/\/barneleker.no\/wp-content\/uploads\/2021\/11\/barneleker_logo-780x150-1.jpg\",\"width\":780,\"height\":150,\"caption\":\"Barneleker.no\"},\"image\":{\"@id\":\"https:\/\/barneleker.no\/#\/schema\/logo\/image\/\"}}]}<\/script>\n<!-- \/ Yoast SEO plugin. -->","yoast_head_json":{"title":"LEGO Super Mario 71388, Ekstrabanesettet Boss Sumo Bro og t\u00e5rnvelt - Barneleker.no","robots":{"index":"index","follow":"follow","max-snippet":"max-snippet:-1","max-image-preview":"max-image-preview:large","max-video-preview":"max-video-preview:-1"},"canonical":"https:\/\/barneleker.no\/index.php\/product\/lego-super-mario-71388-ekstrabanesettet-boss-sumo-bro-og-tarnvelt\/","og_locale":"nb_NO","og_type":"article","og_title":"LEGO Super Mario 71388, Ekstrabanesettet Boss Sumo Bro og t\u00e5rnvelt - Barneleker.no","og_description":"La barn utvide LEGO\u00ae Super Mario\u2122 universet sitt med en ekstra utfordring med ekstrabanesettet Boss Sumo Bro og t\u00e5rnvelt (71388). Settet inkluderer et t\u00e5rn som&hellip;","og_url":"https:\/\/barneleker.no\/index.php\/product\/lego-super-mario-71388-ekstrabanesettet-boss-sumo-bro-og-tarnvelt\/","og_site_name":"Barneleker.no","twitter_card":"summary_large_image","schema":{"@context":"https:\/\/schema.org","@graph":[{"@type":"WebPage","@id":"https:\/\/barneleker.no\/index.php\/product\/lego-super-mario-71388-ekstrabanesettet-boss-sumo-bro-og-tarnvelt\/","url":"https:\/\/barneleker.no\/index.php\/product\/lego-super-mario-71388-ekstrabanesettet-boss-sumo-bro-og-tarnvelt\/","name":"LEGO Super Mario 71388, Ekstrabanesettet Boss Sumo Bro og t\u00e5rnvelt - Barneleker.no","isPartOf":{"@id":"https:\/\/barneleker.no\/#website"},"primaryImageOfPage":{"@id":"https:\/\/barneleker.no\/index.php\/product\/lego-super-mario-71388-ekstrabanesettet-boss-sumo-bro-og-tarnvelt\/#primaryimage"},"image":{"@id":"https:\/\/barneleker.no\/index.php\/product\/lego-super-mario-71388-ekstrabanesettet-boss-sumo-bro-og-tarnvelt\/#primaryimage"},"thumbnailUrl":"https:\/\/barneleker.no\/wp-content\/uploads\/2022\/02\/lego-super-mario-71388-ekstrabanesettet-boss-sumo-bro-og-tarnvelt.jpg","datePublished":"2022-02-08T19:51:01+00:00","breadcrumb":{"@id":"https:\/\/barneleker.no\/index.php\/product\/lego-super-mario-71388-ekstrabanesettet-boss-sumo-bro-og-tarnvelt\/#breadcrumb"},"inLanguage":"nb-NO","potentialAction":[{"@type":"ReadAction","target":["https:\/\/barneleker.no\/index.php\/product\/lego-super-mario-71388-ekstrabanesettet-boss-sumo-bro-og-tarnvelt\/"]}]},{"@type":"ImageObject","inLanguage":"nb-NO","@id":"https:\/\/barneleker.no\/index.php\/product\/lego-super-mario-71388-ekstrabanesettet-boss-sumo-bro-og-tarnvelt\/#primaryimage","url":"https:\/\/barneleker.no\/wp-content\/uploads\/2022\/02\/lego-super-mario-71388-ekstrabanesettet-boss-sumo-bro-og-tarnvelt.jpg","contentUrl":"https:\/\/barneleker.no\/wp-content\/uploads\/2022\/02\/lego-super-mario-71388-ekstrabanesettet-boss-sumo-bro-og-tarnvelt.jpg","width":555,"height":555},{"@type":"BreadcrumbList","@id":"https:\/\/barneleker.no\/index.php\/product\/lego-super-mario-71388-ekstrabanesettet-boss-sumo-bro-og-tarnvelt\/#breadcrumb","itemListElement":[{"@type":"ListItem","position":1,"name":"Butikken","item":"https:\/\/barneleker.no\/"},{"@type":"ListItem","position":2,"name":"LEGO Super Mario 71388, Ekstrabanesettet Boss Sumo Bro og t\u00e5rnvelt"}]},{"@type":"WebSite","@id":"https:\/\/barneleker.no\/#website","url":"https:\/\/barneleker.no\/","name":"Barneleker.no","description":"Selvf\u00f8lgelig!","publisher":{"@id":"https:\/\/barneleker.no\/#organization"},"potentialAction":[{"@type":"SearchAction","target":{"@type":"EntryPoint","urlTemplate":"https:\/\/barneleker.no\/?s={search_term_string}"},"query-input":{"@type":"PropertyValueSpecification","valueRequired":true,"valueName":"search_term_string"}}],"inLanguage":"nb-NO"},{"@type":"Organization","@id":"https:\/\/barneleker.no\/#organization","name":"Barneleker.no","url":"https:\/\/barneleker.no\/","logo":{"@type":"ImageObject","inLanguage":"nb-NO","@id":"https:\/\/barneleker.no\/#\/schema\/logo\/image\/","url":"https:\/\/barneleker.no\/wp-content\/uploads\/2021\/11\/barneleker_logo-780x150-1.jpg","contentUrl":"https:\/\/barneleker.no\/wp-content\/uploads\/2021\/11\/barneleker_logo-780x150-1.jpg","width":780,"height":150,"caption":"Barneleker.no"},"image":{"@id":"https:\/\/barneleker.no\/#\/schema\/logo\/image\/"}}]}},"_links":{"self":[{"href":"https:\/\/barneleker.no\/index.php\/wp-json\/wp\/v2\/product\/12511","targetHints":{"allow":["GET"]}}],"collection":[{"href":"https:\/\/barneleker.no\/index.php\/wp-json\/wp\/v2\/product"}],"about":[{"href":"https:\/\/barneleker.no\/index.php\/wp-json\/wp\/v2\/types\/product"}],"replies":[{"embeddable":true,"href":"https:\/\/barneleker.no\/index.php\/wp-json\/wp\/v2\/comments?post=12511"}],"wp:featuredmedia":[{"embeddable":true,"href":"https:\/\/barneleker.no\/index.php\/wp-json\/wp\/v2\/media\/12510"}],"wp:attachment":[{"href":"https:\/\/barneleker.no\/index.php\/wp-json\/wp\/v2\/media?parent=12511"}],"wp:term":[{"taxonomy":"product_brand","embeddable":true,"href":"https:\/\/barneleker.no\/index.php\/wp-json\/wp\/v2\/product_brand?post=12511"},{"taxonomy":"product_cat","embeddable":true,"href":"https:\/\/barneleker.no\/index.php\/wp-json\/wp\/v2\/product_cat?post=12511"},{"taxonomy":"product_tag","embeddable":true,"href":"https:\/\/barneleker.no\/index.php\/wp-json\/wp\/v2\/product_tag?post=12511"}],"curies":[{"name":"wp","href":"https:\/\/api.w.org\/{rel}","templated":true}]}}