{"id":12527,"date":"2022-02-08T19:51:07","date_gmt":"2022-02-08T19:51:07","guid":{"rendered":"https:\/\/barneleker.no\/index.php\/product\/kid-unicorn-sparkebil\/"},"modified":"2022-02-08T19:51:07","modified_gmt":"2022-02-08T19:51:07","slug":"kid-unicorn-sparkebil","status":"publish","type":"product","link":"https:\/\/barneleker.no\/index.php\/product\/kid-unicorn-sparkebil\/","title":{"rendered":"KID, Unicorn Sparkebil"},"content":{"rendered":"<p>Fantastisk s\u00f8t sparkesykkel formet som en magisk enhj\u00f8rning med rullende hjul. Denne s\u00f8te sparkesykkelen har lyder og lyser for \u00e5 gj\u00f8re leken ekstra naturtro, og sammen kan dere reise ut p\u00e5 spennende og fantasifulle eventyr! Den solide og robuste designen gj\u00f8r at denne lykkelige enhj\u00f8rningen kan v\u00e6re med lenge og dere kan dra p\u00e5 eventyr s\u00e5 mye du orker!<\/p>\n","protected":false},"excerpt":{"rendered":"<p>Fantastisk s\u00f8t sparkesykkel formet som en magisk enhj\u00f8rning med rullende hjul. Denne s\u00f8te sparkesykkelen har lyder og lyser for \u00e5 gj\u00f8re leken ekstra naturtro, og&hellip;<\/p>\n","protected":false},"featured_media":12526,"comment_status":"open","ping_status":"closed","template":"","meta":[],"product_brand":[],"product_cat":[365],"product_tag":[],"class_list":{"0":"post-12527","1":"product","2":"type-product","3":"status-publish","4":"has-post-thumbnail","6":"product_cat-babyleker","8":"first","9":"instock","10":"shipping-taxable","11":"product-type-external","12":"customify-col"},"yoast_head":"<!-- This site is optimized with the Yoast SEO plugin v26.0 - https:\/\/yoast.com\/wordpress\/plugins\/seo\/ -->\n<title>KID, Unicorn Sparkebil - Barneleker.no<\/title>\n<meta name=\"robots\" content=\"index, follow, max-snippet:-1, max-image-preview:large, max-video-preview:-1\" \/>\n<link rel=\"canonical\" href=\"https:\/\/barneleker.no\/index.php\/product\/kid-unicorn-sparkebil\/\" \/>\n<meta property=\"og:locale\" content=\"nb_NO\" \/>\n<meta property=\"og:type\" content=\"article\" \/>\n<meta property=\"og:title\" content=\"KID, Unicorn Sparkebil - Barneleker.no\" \/>\n<meta property=\"og:description\" content=\"Fantastisk s\u00f8t sparkesykkel formet som en magisk enhj\u00f8rning med rullende hjul. Denne s\u00f8te sparkesykkelen har lyder og lyser for \u00e5 gj\u00f8re leken ekstra naturtro, og&hellip;\" \/>\n<meta property=\"og:url\" content=\"https:\/\/barneleker.no\/index.php\/product\/kid-unicorn-sparkebil\/\" \/>\n<meta property=\"og:site_name\" content=\"Barneleker.no\" \/>\n<meta name=\"twitter:card\" content=\"summary_large_image\" \/>\n<script type=\"application\/ld+json\" class=\"yoast-schema-graph\">{\"@context\":\"https:\/\/schema.org\",\"@graph\":[{\"@type\":\"WebPage\",\"@id\":\"https:\/\/barneleker.no\/index.php\/product\/kid-unicorn-sparkebil\/\",\"url\":\"https:\/\/barneleker.no\/index.php\/product\/kid-unicorn-sparkebil\/\",\"name\":\"KID, Unicorn Sparkebil - Barneleker.no\",\"isPartOf\":{\"@id\":\"https:\/\/barneleker.no\/#website\"},\"primaryImageOfPage\":{\"@id\":\"https:\/\/barneleker.no\/index.php\/product\/kid-unicorn-sparkebil\/#primaryimage\"},\"image\":{\"@id\":\"https:\/\/barneleker.no\/index.php\/product\/kid-unicorn-sparkebil\/#primaryimage\"},\"thumbnailUrl\":\"https:\/\/barneleker.no\/wp-content\/uploads\/2022\/02\/kid-unicorn-sparkebil.jpg\",\"datePublished\":\"2022-02-08T19:51:07+00:00\",\"breadcrumb\":{\"@id\":\"https:\/\/barneleker.no\/index.php\/product\/kid-unicorn-sparkebil\/#breadcrumb\"},\"inLanguage\":\"nb-NO\",\"potentialAction\":[{\"@type\":\"ReadAction\",\"target\":[\"https:\/\/barneleker.no\/index.php\/product\/kid-unicorn-sparkebil\/\"]}]},{\"@type\":\"ImageObject\",\"inLanguage\":\"nb-NO\",\"@id\":\"https:\/\/barneleker.no\/index.php\/product\/kid-unicorn-sparkebil\/#primaryimage\",\"url\":\"https:\/\/barneleker.no\/wp-content\/uploads\/2022\/02\/kid-unicorn-sparkebil.jpg\",\"contentUrl\":\"https:\/\/barneleker.no\/wp-content\/uploads\/2022\/02\/kid-unicorn-sparkebil.jpg\",\"width\":555,\"height\":555},{\"@type\":\"BreadcrumbList\",\"@id\":\"https:\/\/barneleker.no\/index.php\/product\/kid-unicorn-sparkebil\/#breadcrumb\",\"itemListElement\":[{\"@type\":\"ListItem\",\"position\":1,\"name\":\"Butikken\",\"item\":\"https:\/\/barneleker.no\/\"},{\"@type\":\"ListItem\",\"position\":2,\"name\":\"KID, Unicorn Sparkebil\"}]},{\"@type\":\"WebSite\",\"@id\":\"https:\/\/barneleker.no\/#website\",\"url\":\"https:\/\/barneleker.no\/\",\"name\":\"Barneleker.no\",\"description\":\"Selvf\u00f8lgelig!\",\"publisher\":{\"@id\":\"https:\/\/barneleker.no\/#organization\"},\"potentialAction\":[{\"@type\":\"SearchAction\",\"target\":{\"@type\":\"EntryPoint\",\"urlTemplate\":\"https:\/\/barneleker.no\/?s={search_term_string}\"},\"query-input\":{\"@type\":\"PropertyValueSpecification\",\"valueRequired\":true,\"valueName\":\"search_term_string\"}}],\"inLanguage\":\"nb-NO\"},{\"@type\":\"Organization\",\"@id\":\"https:\/\/barneleker.no\/#organization\",\"name\":\"Barneleker.no\",\"url\":\"https:\/\/barneleker.no\/\",\"logo\":{\"@type\":\"ImageObject\",\"inLanguage\":\"nb-NO\",\"@id\":\"https:\/\/barneleker.no\/#\/schema\/logo\/image\/\",\"url\":\"https:\/\/barneleker.no\/wp-content\/uploads\/2021\/11\/barneleker_logo-780x150-1.jpg\",\"contentUrl\":\"https:\/\/barneleker.no\/wp-content\/uploads\/2021\/11\/barneleker_logo-780x150-1.jpg\",\"width\":780,\"height\":150,\"caption\":\"Barneleker.no\"},\"image\":{\"@id\":\"https:\/\/barneleker.no\/#\/schema\/logo\/image\/\"}}]}<\/script>\n<!-- \/ Yoast SEO plugin. -->","yoast_head_json":{"title":"KID, Unicorn Sparkebil - Barneleker.no","robots":{"index":"index","follow":"follow","max-snippet":"max-snippet:-1","max-image-preview":"max-image-preview:large","max-video-preview":"max-video-preview:-1"},"canonical":"https:\/\/barneleker.no\/index.php\/product\/kid-unicorn-sparkebil\/","og_locale":"nb_NO","og_type":"article","og_title":"KID, Unicorn Sparkebil - Barneleker.no","og_description":"Fantastisk s\u00f8t sparkesykkel formet som en magisk enhj\u00f8rning med rullende hjul. Denne s\u00f8te sparkesykkelen har lyder og lyser for \u00e5 gj\u00f8re leken ekstra naturtro, og&hellip;","og_url":"https:\/\/barneleker.no\/index.php\/product\/kid-unicorn-sparkebil\/","og_site_name":"Barneleker.no","twitter_card":"summary_large_image","schema":{"@context":"https:\/\/schema.org","@graph":[{"@type":"WebPage","@id":"https:\/\/barneleker.no\/index.php\/product\/kid-unicorn-sparkebil\/","url":"https:\/\/barneleker.no\/index.php\/product\/kid-unicorn-sparkebil\/","name":"KID, Unicorn Sparkebil - Barneleker.no","isPartOf":{"@id":"https:\/\/barneleker.no\/#website"},"primaryImageOfPage":{"@id":"https:\/\/barneleker.no\/index.php\/product\/kid-unicorn-sparkebil\/#primaryimage"},"image":{"@id":"https:\/\/barneleker.no\/index.php\/product\/kid-unicorn-sparkebil\/#primaryimage"},"thumbnailUrl":"https:\/\/barneleker.no\/wp-content\/uploads\/2022\/02\/kid-unicorn-sparkebil.jpg","datePublished":"2022-02-08T19:51:07+00:00","breadcrumb":{"@id":"https:\/\/barneleker.no\/index.php\/product\/kid-unicorn-sparkebil\/#breadcrumb"},"inLanguage":"nb-NO","potentialAction":[{"@type":"ReadAction","target":["https:\/\/barneleker.no\/index.php\/product\/kid-unicorn-sparkebil\/"]}]},{"@type":"ImageObject","inLanguage":"nb-NO","@id":"https:\/\/barneleker.no\/index.php\/product\/kid-unicorn-sparkebil\/#primaryimage","url":"https:\/\/barneleker.no\/wp-content\/uploads\/2022\/02\/kid-unicorn-sparkebil.jpg","contentUrl":"https:\/\/barneleker.no\/wp-content\/uploads\/2022\/02\/kid-unicorn-sparkebil.jpg","width":555,"height":555},{"@type":"BreadcrumbList","@id":"https:\/\/barneleker.no\/index.php\/product\/kid-unicorn-sparkebil\/#breadcrumb","itemListElement":[{"@type":"ListItem","position":1,"name":"Butikken","item":"https:\/\/barneleker.no\/"},{"@type":"ListItem","position":2,"name":"KID, Unicorn Sparkebil"}]},{"@type":"WebSite","@id":"https:\/\/barneleker.no\/#website","url":"https:\/\/barneleker.no\/","name":"Barneleker.no","description":"Selvf\u00f8lgelig!","publisher":{"@id":"https:\/\/barneleker.no\/#organization"},"potentialAction":[{"@type":"SearchAction","target":{"@type":"EntryPoint","urlTemplate":"https:\/\/barneleker.no\/?s={search_term_string}"},"query-input":{"@type":"PropertyValueSpecification","valueRequired":true,"valueName":"search_term_string"}}],"inLanguage":"nb-NO"},{"@type":"Organization","@id":"https:\/\/barneleker.no\/#organization","name":"Barneleker.no","url":"https:\/\/barneleker.no\/","logo":{"@type":"ImageObject","inLanguage":"nb-NO","@id":"https:\/\/barneleker.no\/#\/schema\/logo\/image\/","url":"https:\/\/barneleker.no\/wp-content\/uploads\/2021\/11\/barneleker_logo-780x150-1.jpg","contentUrl":"https:\/\/barneleker.no\/wp-content\/uploads\/2021\/11\/barneleker_logo-780x150-1.jpg","width":780,"height":150,"caption":"Barneleker.no"},"image":{"@id":"https:\/\/barneleker.no\/#\/schema\/logo\/image\/"}}]}},"_links":{"self":[{"href":"https:\/\/barneleker.no\/index.php\/wp-json\/wp\/v2\/product\/12527","targetHints":{"allow":["GET"]}}],"collection":[{"href":"https:\/\/barneleker.no\/index.php\/wp-json\/wp\/v2\/product"}],"about":[{"href":"https:\/\/barneleker.no\/index.php\/wp-json\/wp\/v2\/types\/product"}],"replies":[{"embeddable":true,"href":"https:\/\/barneleker.no\/index.php\/wp-json\/wp\/v2\/comments?post=12527"}],"wp:featuredmedia":[{"embeddable":true,"href":"https:\/\/barneleker.no\/index.php\/wp-json\/wp\/v2\/media\/12526"}],"wp:attachment":[{"href":"https:\/\/barneleker.no\/index.php\/wp-json\/wp\/v2\/media?parent=12527"}],"wp:term":[{"taxonomy":"product_brand","embeddable":true,"href":"https:\/\/barneleker.no\/index.php\/wp-json\/wp\/v2\/product_brand?post=12527"},{"taxonomy":"product_cat","embeddable":true,"href":"https:\/\/barneleker.no\/index.php\/wp-json\/wp\/v2\/product_cat?post=12527"},{"taxonomy":"product_tag","embeddable":true,"href":"https:\/\/barneleker.no\/index.php\/wp-json\/wp\/v2\/product_tag?post=12527"}],"curies":[{"name":"wp","href":"https:\/\/api.w.org\/{rel}","templated":true}]}}