{"id":12533,"date":"2022-02-08T19:51:10","date_gmt":"2022-02-08T19:51:10","guid":{"rendered":"https:\/\/barneleker.no\/index.php\/product\/lekia-bank-attack-med-sv-og-no\/"},"modified":"2022-02-08T19:51:10","modified_gmt":"2022-02-08T19:51:10","slug":"lekia-bank-attack-med-sv-og-no","status":"publish","type":"product","link":"https:\/\/barneleker.no\/index.php\/product\/lekia-bank-attack-med-sv-og-no\/","title":{"rendered":"Lekia Bank Attack med SV og NO"},"content":{"rendered":"<p>Spennende lagbrettspill for 2-4 spillere. Sjefen har valgt deg til \u00e5 teste laget ditt og utf\u00f8re \u00e5rhundrets ran p\u00e5 5 minutter! Samarbeid, f\u00f8lg sjefens instruksjoner n\u00f8ye, gj\u00f8r ingen feil! Hvis du gj\u00f8r det, \u00e5pner safen seg og byttet p\u00e5 50 millioner er ditt. Hvis ikke, vil sirenen starte, og du vil ha mislyktes. Svensk og norsk tale. Moro for hele familien! Fra 5 ar<\/p>\n","protected":false},"excerpt":{"rendered":"<p>Spennende lagbrettspill for 2-4 spillere. Sjefen har valgt deg til \u00e5 teste laget ditt og utf\u00f8re \u00e5rhundrets ran p\u00e5 5 minutter! Samarbeid, f\u00f8lg sjefens instruksjoner&hellip;<\/p>\n","protected":false},"featured_media":12532,"comment_status":"open","ping_status":"closed","template":"","meta":[],"product_brand":[],"product_cat":[382],"product_tag":[],"class_list":{"0":"post-12533","1":"product","2":"type-product","3":"status-publish","4":"has-post-thumbnail","6":"product_cat-spill","8":"first","9":"instock","10":"shipping-taxable","11":"product-type-external","12":"customify-col"},"yoast_head":"<!-- This site is optimized with the Yoast SEO plugin v26.0 - https:\/\/yoast.com\/wordpress\/plugins\/seo\/ -->\n<title>Lekia Bank Attack med SV og NO - Barneleker.no<\/title>\n<meta name=\"robots\" content=\"index, follow, max-snippet:-1, max-image-preview:large, max-video-preview:-1\" \/>\n<link rel=\"canonical\" href=\"https:\/\/barneleker.no\/index.php\/product\/lekia-bank-attack-med-sv-og-no\/\" \/>\n<meta property=\"og:locale\" content=\"nb_NO\" \/>\n<meta property=\"og:type\" content=\"article\" \/>\n<meta property=\"og:title\" content=\"Lekia Bank Attack med SV og NO - Barneleker.no\" \/>\n<meta property=\"og:description\" content=\"Spennende lagbrettspill for 2-4 spillere. Sjefen har valgt deg til \u00e5 teste laget ditt og utf\u00f8re \u00e5rhundrets ran p\u00e5 5 minutter! Samarbeid, f\u00f8lg sjefens instruksjoner&hellip;\" \/>\n<meta property=\"og:url\" content=\"https:\/\/barneleker.no\/index.php\/product\/lekia-bank-attack-med-sv-og-no\/\" \/>\n<meta property=\"og:site_name\" content=\"Barneleker.no\" \/>\n<meta name=\"twitter:card\" content=\"summary_large_image\" \/>\n<script type=\"application\/ld+json\" class=\"yoast-schema-graph\">{\"@context\":\"https:\/\/schema.org\",\"@graph\":[{\"@type\":\"WebPage\",\"@id\":\"https:\/\/barneleker.no\/index.php\/product\/lekia-bank-attack-med-sv-og-no\/\",\"url\":\"https:\/\/barneleker.no\/index.php\/product\/lekia-bank-attack-med-sv-og-no\/\",\"name\":\"Lekia Bank Attack med SV og NO - Barneleker.no\",\"isPartOf\":{\"@id\":\"https:\/\/barneleker.no\/#website\"},\"primaryImageOfPage\":{\"@id\":\"https:\/\/barneleker.no\/index.php\/product\/lekia-bank-attack-med-sv-og-no\/#primaryimage\"},\"image\":{\"@id\":\"https:\/\/barneleker.no\/index.php\/product\/lekia-bank-attack-med-sv-og-no\/#primaryimage\"},\"thumbnailUrl\":\"https:\/\/barneleker.no\/wp-content\/uploads\/2022\/02\/bank-attack.jpg\",\"datePublished\":\"2022-02-08T19:51:10+00:00\",\"breadcrumb\":{\"@id\":\"https:\/\/barneleker.no\/index.php\/product\/lekia-bank-attack-med-sv-og-no\/#breadcrumb\"},\"inLanguage\":\"nb-NO\",\"potentialAction\":[{\"@type\":\"ReadAction\",\"target\":[\"https:\/\/barneleker.no\/index.php\/product\/lekia-bank-attack-med-sv-og-no\/\"]}]},{\"@type\":\"ImageObject\",\"inLanguage\":\"nb-NO\",\"@id\":\"https:\/\/barneleker.no\/index.php\/product\/lekia-bank-attack-med-sv-og-no\/#primaryimage\",\"url\":\"https:\/\/barneleker.no\/wp-content\/uploads\/2022\/02\/bank-attack.jpg\",\"contentUrl\":\"https:\/\/barneleker.no\/wp-content\/uploads\/2022\/02\/bank-attack.jpg\",\"width\":555,\"height\":555},{\"@type\":\"BreadcrumbList\",\"@id\":\"https:\/\/barneleker.no\/index.php\/product\/lekia-bank-attack-med-sv-og-no\/#breadcrumb\",\"itemListElement\":[{\"@type\":\"ListItem\",\"position\":1,\"name\":\"Butikken\",\"item\":\"https:\/\/barneleker.no\/\"},{\"@type\":\"ListItem\",\"position\":2,\"name\":\"Lekia Bank Attack med SV og NO\"}]},{\"@type\":\"WebSite\",\"@id\":\"https:\/\/barneleker.no\/#website\",\"url\":\"https:\/\/barneleker.no\/\",\"name\":\"Barneleker.no\",\"description\":\"Selvf\u00f8lgelig!\",\"publisher\":{\"@id\":\"https:\/\/barneleker.no\/#organization\"},\"potentialAction\":[{\"@type\":\"SearchAction\",\"target\":{\"@type\":\"EntryPoint\",\"urlTemplate\":\"https:\/\/barneleker.no\/?s={search_term_string}\"},\"query-input\":{\"@type\":\"PropertyValueSpecification\",\"valueRequired\":true,\"valueName\":\"search_term_string\"}}],\"inLanguage\":\"nb-NO\"},{\"@type\":\"Organization\",\"@id\":\"https:\/\/barneleker.no\/#organization\",\"name\":\"Barneleker.no\",\"url\":\"https:\/\/barneleker.no\/\",\"logo\":{\"@type\":\"ImageObject\",\"inLanguage\":\"nb-NO\",\"@id\":\"https:\/\/barneleker.no\/#\/schema\/logo\/image\/\",\"url\":\"https:\/\/barneleker.no\/wp-content\/uploads\/2021\/11\/barneleker_logo-780x150-1.jpg\",\"contentUrl\":\"https:\/\/barneleker.no\/wp-content\/uploads\/2021\/11\/barneleker_logo-780x150-1.jpg\",\"width\":780,\"height\":150,\"caption\":\"Barneleker.no\"},\"image\":{\"@id\":\"https:\/\/barneleker.no\/#\/schema\/logo\/image\/\"}}]}<\/script>\n<!-- \/ Yoast SEO plugin. -->","yoast_head_json":{"title":"Lekia Bank Attack med SV og NO - Barneleker.no","robots":{"index":"index","follow":"follow","max-snippet":"max-snippet:-1","max-image-preview":"max-image-preview:large","max-video-preview":"max-video-preview:-1"},"canonical":"https:\/\/barneleker.no\/index.php\/product\/lekia-bank-attack-med-sv-og-no\/","og_locale":"nb_NO","og_type":"article","og_title":"Lekia Bank Attack med SV og NO - Barneleker.no","og_description":"Spennende lagbrettspill for 2-4 spillere. Sjefen har valgt deg til \u00e5 teste laget ditt og utf\u00f8re \u00e5rhundrets ran p\u00e5 5 minutter! Samarbeid, f\u00f8lg sjefens instruksjoner&hellip;","og_url":"https:\/\/barneleker.no\/index.php\/product\/lekia-bank-attack-med-sv-og-no\/","og_site_name":"Barneleker.no","twitter_card":"summary_large_image","schema":{"@context":"https:\/\/schema.org","@graph":[{"@type":"WebPage","@id":"https:\/\/barneleker.no\/index.php\/product\/lekia-bank-attack-med-sv-og-no\/","url":"https:\/\/barneleker.no\/index.php\/product\/lekia-bank-attack-med-sv-og-no\/","name":"Lekia Bank Attack med SV og NO - Barneleker.no","isPartOf":{"@id":"https:\/\/barneleker.no\/#website"},"primaryImageOfPage":{"@id":"https:\/\/barneleker.no\/index.php\/product\/lekia-bank-attack-med-sv-og-no\/#primaryimage"},"image":{"@id":"https:\/\/barneleker.no\/index.php\/product\/lekia-bank-attack-med-sv-og-no\/#primaryimage"},"thumbnailUrl":"https:\/\/barneleker.no\/wp-content\/uploads\/2022\/02\/bank-attack.jpg","datePublished":"2022-02-08T19:51:10+00:00","breadcrumb":{"@id":"https:\/\/barneleker.no\/index.php\/product\/lekia-bank-attack-med-sv-og-no\/#breadcrumb"},"inLanguage":"nb-NO","potentialAction":[{"@type":"ReadAction","target":["https:\/\/barneleker.no\/index.php\/product\/lekia-bank-attack-med-sv-og-no\/"]}]},{"@type":"ImageObject","inLanguage":"nb-NO","@id":"https:\/\/barneleker.no\/index.php\/product\/lekia-bank-attack-med-sv-og-no\/#primaryimage","url":"https:\/\/barneleker.no\/wp-content\/uploads\/2022\/02\/bank-attack.jpg","contentUrl":"https:\/\/barneleker.no\/wp-content\/uploads\/2022\/02\/bank-attack.jpg","width":555,"height":555},{"@type":"BreadcrumbList","@id":"https:\/\/barneleker.no\/index.php\/product\/lekia-bank-attack-med-sv-og-no\/#breadcrumb","itemListElement":[{"@type":"ListItem","position":1,"name":"Butikken","item":"https:\/\/barneleker.no\/"},{"@type":"ListItem","position":2,"name":"Lekia Bank Attack med SV og NO"}]},{"@type":"WebSite","@id":"https:\/\/barneleker.no\/#website","url":"https:\/\/barneleker.no\/","name":"Barneleker.no","description":"Selvf\u00f8lgelig!","publisher":{"@id":"https:\/\/barneleker.no\/#organization"},"potentialAction":[{"@type":"SearchAction","target":{"@type":"EntryPoint","urlTemplate":"https:\/\/barneleker.no\/?s={search_term_string}"},"query-input":{"@type":"PropertyValueSpecification","valueRequired":true,"valueName":"search_term_string"}}],"inLanguage":"nb-NO"},{"@type":"Organization","@id":"https:\/\/barneleker.no\/#organization","name":"Barneleker.no","url":"https:\/\/barneleker.no\/","logo":{"@type":"ImageObject","inLanguage":"nb-NO","@id":"https:\/\/barneleker.no\/#\/schema\/logo\/image\/","url":"https:\/\/barneleker.no\/wp-content\/uploads\/2021\/11\/barneleker_logo-780x150-1.jpg","contentUrl":"https:\/\/barneleker.no\/wp-content\/uploads\/2021\/11\/barneleker_logo-780x150-1.jpg","width":780,"height":150,"caption":"Barneleker.no"},"image":{"@id":"https:\/\/barneleker.no\/#\/schema\/logo\/image\/"}}]}},"_links":{"self":[{"href":"https:\/\/barneleker.no\/index.php\/wp-json\/wp\/v2\/product\/12533","targetHints":{"allow":["GET"]}}],"collection":[{"href":"https:\/\/barneleker.no\/index.php\/wp-json\/wp\/v2\/product"}],"about":[{"href":"https:\/\/barneleker.no\/index.php\/wp-json\/wp\/v2\/types\/product"}],"replies":[{"embeddable":true,"href":"https:\/\/barneleker.no\/index.php\/wp-json\/wp\/v2\/comments?post=12533"}],"wp:featuredmedia":[{"embeddable":true,"href":"https:\/\/barneleker.no\/index.php\/wp-json\/wp\/v2\/media\/12532"}],"wp:attachment":[{"href":"https:\/\/barneleker.no\/index.php\/wp-json\/wp\/v2\/media?parent=12533"}],"wp:term":[{"taxonomy":"product_brand","embeddable":true,"href":"https:\/\/barneleker.no\/index.php\/wp-json\/wp\/v2\/product_brand?post=12533"},{"taxonomy":"product_cat","embeddable":true,"href":"https:\/\/barneleker.no\/index.php\/wp-json\/wp\/v2\/product_cat?post=12533"},{"taxonomy":"product_tag","embeddable":true,"href":"https:\/\/barneleker.no\/index.php\/wp-json\/wp\/v2\/product_tag?post=12533"}],"curies":[{"name":"wp","href":"https:\/\/api.w.org\/{rel}","templated":true}]}}