{"id":12577,"date":"2022-02-08T19:51:25","date_gmt":"2022-02-08T19:51:25","guid":{"rendered":"https:\/\/barneleker.no\/index.php\/product\/l-o-l-surprise-boys-arcade-heroes\/"},"modified":"2022-02-08T19:51:25","modified_gmt":"2022-02-08T19:51:25","slug":"l-o-l-surprise-boys-arcade-heroes","status":"publish","type":"product","link":"https:\/\/barneleker.no\/index.php\/product\/l-o-l-surprise-boys-arcade-heroes\/","title":{"rendered":"L.O.L. Surprise, Boys Arcade Heroes"},"content":{"rendered":"<p>L.O.L Surprise introduserer de helt nye superheltene! I tillegg er det en helt ny m\u00e5te \u00e5 pakke ut gutte-superheltene p\u00e5 f\u00f8r du oppdager de kule superheltene L.O.L. Superheltene er kledd i stilige romdrakter. N\u00e5r du pakker opp settet, finner du overraskelsene en etter en, og avsl\u00f8rer hvilken dukke du f\u00e5r. Den leveres med tilbeh\u00f8r, mote og mye mer! Passer for barn fra 4 \u00e5r.<\/p>\n","protected":false},"excerpt":{"rendered":"<p>L.O.L Surprise introduserer de helt nye superheltene! I tillegg er det en helt ny m\u00e5te \u00e5 pakke ut gutte-superheltene p\u00e5 f\u00f8r du oppdager de kule&hellip;<\/p>\n","protected":false},"featured_media":12576,"comment_status":"open","ping_status":"closed","template":"","meta":[],"product_brand":[],"product_cat":[352],"product_tag":[],"class_list":{"0":"post-12577","1":"product","2":"type-product","3":"status-publish","4":"has-post-thumbnail","6":"product_cat-figurer-roboter","8":"first","9":"instock","10":"shipping-taxable","11":"product-type-external","12":"customify-col"},"yoast_head":"<!-- This site is optimized with the Yoast SEO plugin v26.0 - https:\/\/yoast.com\/wordpress\/plugins\/seo\/ -->\n<title>L.O.L. Surprise, Boys Arcade Heroes - Barneleker.no<\/title>\n<meta name=\"robots\" content=\"index, follow, max-snippet:-1, max-image-preview:large, max-video-preview:-1\" \/>\n<link rel=\"canonical\" href=\"https:\/\/barneleker.no\/index.php\/product\/l-o-l-surprise-boys-arcade-heroes\/\" \/>\n<meta property=\"og:locale\" content=\"nb_NO\" \/>\n<meta property=\"og:type\" content=\"article\" \/>\n<meta property=\"og:title\" content=\"L.O.L. Surprise, Boys Arcade Heroes - Barneleker.no\" \/>\n<meta property=\"og:description\" content=\"L.O.L Surprise introduserer de helt nye superheltene! I tillegg er det en helt ny m\u00e5te \u00e5 pakke ut gutte-superheltene p\u00e5 f\u00f8r du oppdager de kule&hellip;\" \/>\n<meta property=\"og:url\" content=\"https:\/\/barneleker.no\/index.php\/product\/l-o-l-surprise-boys-arcade-heroes\/\" \/>\n<meta property=\"og:site_name\" content=\"Barneleker.no\" \/>\n<meta name=\"twitter:card\" content=\"summary_large_image\" \/>\n<script type=\"application\/ld+json\" class=\"yoast-schema-graph\">{\"@context\":\"https:\/\/schema.org\",\"@graph\":[{\"@type\":\"WebPage\",\"@id\":\"https:\/\/barneleker.no\/index.php\/product\/l-o-l-surprise-boys-arcade-heroes\/\",\"url\":\"https:\/\/barneleker.no\/index.php\/product\/l-o-l-surprise-boys-arcade-heroes\/\",\"name\":\"L.O.L. Surprise, Boys Arcade Heroes - Barneleker.no\",\"isPartOf\":{\"@id\":\"https:\/\/barneleker.no\/#website\"},\"primaryImageOfPage\":{\"@id\":\"https:\/\/barneleker.no\/index.php\/product\/l-o-l-surprise-boys-arcade-heroes\/#primaryimage\"},\"image\":{\"@id\":\"https:\/\/barneleker.no\/index.php\/product\/l-o-l-surprise-boys-arcade-heroes\/#primaryimage\"},\"thumbnailUrl\":\"https:\/\/barneleker.no\/wp-content\/uploads\/2022\/02\/l-o-l-surprise-boys-arcade-heroes.jpg\",\"datePublished\":\"2022-02-08T19:51:25+00:00\",\"breadcrumb\":{\"@id\":\"https:\/\/barneleker.no\/index.php\/product\/l-o-l-surprise-boys-arcade-heroes\/#breadcrumb\"},\"inLanguage\":\"nb-NO\",\"potentialAction\":[{\"@type\":\"ReadAction\",\"target\":[\"https:\/\/barneleker.no\/index.php\/product\/l-o-l-surprise-boys-arcade-heroes\/\"]}]},{\"@type\":\"ImageObject\",\"inLanguage\":\"nb-NO\",\"@id\":\"https:\/\/barneleker.no\/index.php\/product\/l-o-l-surprise-boys-arcade-heroes\/#primaryimage\",\"url\":\"https:\/\/barneleker.no\/wp-content\/uploads\/2022\/02\/l-o-l-surprise-boys-arcade-heroes.jpg\",\"contentUrl\":\"https:\/\/barneleker.no\/wp-content\/uploads\/2022\/02\/l-o-l-surprise-boys-arcade-heroes.jpg\",\"width\":555,\"height\":555},{\"@type\":\"BreadcrumbList\",\"@id\":\"https:\/\/barneleker.no\/index.php\/product\/l-o-l-surprise-boys-arcade-heroes\/#breadcrumb\",\"itemListElement\":[{\"@type\":\"ListItem\",\"position\":1,\"name\":\"Butikken\",\"item\":\"https:\/\/barneleker.no\/\"},{\"@type\":\"ListItem\",\"position\":2,\"name\":\"L.O.L. Surprise, Boys Arcade Heroes\"}]},{\"@type\":\"WebSite\",\"@id\":\"https:\/\/barneleker.no\/#website\",\"url\":\"https:\/\/barneleker.no\/\",\"name\":\"Barneleker.no\",\"description\":\"Selvf\u00f8lgelig!\",\"publisher\":{\"@id\":\"https:\/\/barneleker.no\/#organization\"},\"potentialAction\":[{\"@type\":\"SearchAction\",\"target\":{\"@type\":\"EntryPoint\",\"urlTemplate\":\"https:\/\/barneleker.no\/?s={search_term_string}\"},\"query-input\":{\"@type\":\"PropertyValueSpecification\",\"valueRequired\":true,\"valueName\":\"search_term_string\"}}],\"inLanguage\":\"nb-NO\"},{\"@type\":\"Organization\",\"@id\":\"https:\/\/barneleker.no\/#organization\",\"name\":\"Barneleker.no\",\"url\":\"https:\/\/barneleker.no\/\",\"logo\":{\"@type\":\"ImageObject\",\"inLanguage\":\"nb-NO\",\"@id\":\"https:\/\/barneleker.no\/#\/schema\/logo\/image\/\",\"url\":\"https:\/\/barneleker.no\/wp-content\/uploads\/2021\/11\/barneleker_logo-780x150-1.jpg\",\"contentUrl\":\"https:\/\/barneleker.no\/wp-content\/uploads\/2021\/11\/barneleker_logo-780x150-1.jpg\",\"width\":780,\"height\":150,\"caption\":\"Barneleker.no\"},\"image\":{\"@id\":\"https:\/\/barneleker.no\/#\/schema\/logo\/image\/\"}}]}<\/script>\n<!-- \/ Yoast SEO plugin. -->","yoast_head_json":{"title":"L.O.L. Surprise, Boys Arcade Heroes - Barneleker.no","robots":{"index":"index","follow":"follow","max-snippet":"max-snippet:-1","max-image-preview":"max-image-preview:large","max-video-preview":"max-video-preview:-1"},"canonical":"https:\/\/barneleker.no\/index.php\/product\/l-o-l-surprise-boys-arcade-heroes\/","og_locale":"nb_NO","og_type":"article","og_title":"L.O.L. Surprise, Boys Arcade Heroes - Barneleker.no","og_description":"L.O.L Surprise introduserer de helt nye superheltene! I tillegg er det en helt ny m\u00e5te \u00e5 pakke ut gutte-superheltene p\u00e5 f\u00f8r du oppdager de kule&hellip;","og_url":"https:\/\/barneleker.no\/index.php\/product\/l-o-l-surprise-boys-arcade-heroes\/","og_site_name":"Barneleker.no","twitter_card":"summary_large_image","schema":{"@context":"https:\/\/schema.org","@graph":[{"@type":"WebPage","@id":"https:\/\/barneleker.no\/index.php\/product\/l-o-l-surprise-boys-arcade-heroes\/","url":"https:\/\/barneleker.no\/index.php\/product\/l-o-l-surprise-boys-arcade-heroes\/","name":"L.O.L. Surprise, Boys Arcade Heroes - Barneleker.no","isPartOf":{"@id":"https:\/\/barneleker.no\/#website"},"primaryImageOfPage":{"@id":"https:\/\/barneleker.no\/index.php\/product\/l-o-l-surprise-boys-arcade-heroes\/#primaryimage"},"image":{"@id":"https:\/\/barneleker.no\/index.php\/product\/l-o-l-surprise-boys-arcade-heroes\/#primaryimage"},"thumbnailUrl":"https:\/\/barneleker.no\/wp-content\/uploads\/2022\/02\/l-o-l-surprise-boys-arcade-heroes.jpg","datePublished":"2022-02-08T19:51:25+00:00","breadcrumb":{"@id":"https:\/\/barneleker.no\/index.php\/product\/l-o-l-surprise-boys-arcade-heroes\/#breadcrumb"},"inLanguage":"nb-NO","potentialAction":[{"@type":"ReadAction","target":["https:\/\/barneleker.no\/index.php\/product\/l-o-l-surprise-boys-arcade-heroes\/"]}]},{"@type":"ImageObject","inLanguage":"nb-NO","@id":"https:\/\/barneleker.no\/index.php\/product\/l-o-l-surprise-boys-arcade-heroes\/#primaryimage","url":"https:\/\/barneleker.no\/wp-content\/uploads\/2022\/02\/l-o-l-surprise-boys-arcade-heroes.jpg","contentUrl":"https:\/\/barneleker.no\/wp-content\/uploads\/2022\/02\/l-o-l-surprise-boys-arcade-heroes.jpg","width":555,"height":555},{"@type":"BreadcrumbList","@id":"https:\/\/barneleker.no\/index.php\/product\/l-o-l-surprise-boys-arcade-heroes\/#breadcrumb","itemListElement":[{"@type":"ListItem","position":1,"name":"Butikken","item":"https:\/\/barneleker.no\/"},{"@type":"ListItem","position":2,"name":"L.O.L. Surprise, Boys Arcade Heroes"}]},{"@type":"WebSite","@id":"https:\/\/barneleker.no\/#website","url":"https:\/\/barneleker.no\/","name":"Barneleker.no","description":"Selvf\u00f8lgelig!","publisher":{"@id":"https:\/\/barneleker.no\/#organization"},"potentialAction":[{"@type":"SearchAction","target":{"@type":"EntryPoint","urlTemplate":"https:\/\/barneleker.no\/?s={search_term_string}"},"query-input":{"@type":"PropertyValueSpecification","valueRequired":true,"valueName":"search_term_string"}}],"inLanguage":"nb-NO"},{"@type":"Organization","@id":"https:\/\/barneleker.no\/#organization","name":"Barneleker.no","url":"https:\/\/barneleker.no\/","logo":{"@type":"ImageObject","inLanguage":"nb-NO","@id":"https:\/\/barneleker.no\/#\/schema\/logo\/image\/","url":"https:\/\/barneleker.no\/wp-content\/uploads\/2021\/11\/barneleker_logo-780x150-1.jpg","contentUrl":"https:\/\/barneleker.no\/wp-content\/uploads\/2021\/11\/barneleker_logo-780x150-1.jpg","width":780,"height":150,"caption":"Barneleker.no"},"image":{"@id":"https:\/\/barneleker.no\/#\/schema\/logo\/image\/"}}]}},"_links":{"self":[{"href":"https:\/\/barneleker.no\/index.php\/wp-json\/wp\/v2\/product\/12577","targetHints":{"allow":["GET"]}}],"collection":[{"href":"https:\/\/barneleker.no\/index.php\/wp-json\/wp\/v2\/product"}],"about":[{"href":"https:\/\/barneleker.no\/index.php\/wp-json\/wp\/v2\/types\/product"}],"replies":[{"embeddable":true,"href":"https:\/\/barneleker.no\/index.php\/wp-json\/wp\/v2\/comments?post=12577"}],"wp:featuredmedia":[{"embeddable":true,"href":"https:\/\/barneleker.no\/index.php\/wp-json\/wp\/v2\/media\/12576"}],"wp:attachment":[{"href":"https:\/\/barneleker.no\/index.php\/wp-json\/wp\/v2\/media?parent=12577"}],"wp:term":[{"taxonomy":"product_brand","embeddable":true,"href":"https:\/\/barneleker.no\/index.php\/wp-json\/wp\/v2\/product_brand?post=12577"},{"taxonomy":"product_cat","embeddable":true,"href":"https:\/\/barneleker.no\/index.php\/wp-json\/wp\/v2\/product_cat?post=12577"},{"taxonomy":"product_tag","embeddable":true,"href":"https:\/\/barneleker.no\/index.php\/wp-json\/wp\/v2\/product_tag?post=12577"}],"curies":[{"name":"wp","href":"https:\/\/api.w.org\/{rel}","templated":true}]}}