{"id":12601,"date":"2022-02-08T19:51:34","date_gmt":"2022-02-08T19:51:34","guid":{"rendered":"https:\/\/barneleker.no\/index.php\/product\/peppa-gris-putteboks-piknik-set\/"},"modified":"2022-02-08T19:51:34","modified_gmt":"2022-02-08T19:51:34","slug":"peppa-gris-putteboks-piknik-set","status":"publish","type":"product","link":"https:\/\/barneleker.no\/index.php\/product\/peppa-gris-putteboks-piknik-set\/","title":{"rendered":"Peppa Gris, Putteboks Piknik Set"},"content":{"rendered":"<p>Ta med deg piknik-kurven din og du vil oppdage at den ogs\u00e5 kan brukes til \u00e5 sortere forskjellige former! Trykk p\u00e5 solen p\u00e5 forsiden for \u00e5 aktivere Peppa Gris\u2019 temasang. Du kan putte former og mat inn i de riktige hullene og bli bel\u00f8nnet med en morsom Peppa-lyd: \u2019grynt\u2019, \u2019hihihi\u2019. Settet inneholder 6 forskjellige former med mat.<\/p>\n","protected":false},"excerpt":{"rendered":"<p>Ta med deg piknik-kurven din og du vil oppdage at den ogs\u00e5 kan brukes til \u00e5 sortere forskjellige former! Trykk p\u00e5 solen p\u00e5 forsiden for&hellip;<\/p>\n","protected":false},"featured_media":12600,"comment_status":"open","ping_status":"closed","template":"","meta":[],"product_brand":[],"product_cat":[452],"product_tag":[],"class_list":{"0":"post-12601","1":"product","2":"type-product","3":"status-publish","4":"has-post-thumbnail","6":"product_cat-plocklador","8":"first","9":"instock","10":"shipping-taxable","11":"product-type-external","12":"customify-col"},"yoast_head":"<!-- This site is optimized with the Yoast SEO plugin v26.0 - https:\/\/yoast.com\/wordpress\/plugins\/seo\/ -->\n<title>Peppa Gris, Putteboks Piknik Set - Barneleker.no<\/title>\n<meta name=\"robots\" content=\"index, follow, max-snippet:-1, max-image-preview:large, max-video-preview:-1\" \/>\n<link rel=\"canonical\" href=\"https:\/\/barneleker.no\/index.php\/product\/peppa-gris-putteboks-piknik-set\/\" \/>\n<meta property=\"og:locale\" content=\"nb_NO\" \/>\n<meta property=\"og:type\" content=\"article\" \/>\n<meta property=\"og:title\" content=\"Peppa Gris, Putteboks Piknik Set - Barneleker.no\" \/>\n<meta property=\"og:description\" content=\"Ta med deg piknik-kurven din og du vil oppdage at den ogs\u00e5 kan brukes til \u00e5 sortere forskjellige former! Trykk p\u00e5 solen p\u00e5 forsiden for&hellip;\" \/>\n<meta property=\"og:url\" content=\"https:\/\/barneleker.no\/index.php\/product\/peppa-gris-putteboks-piknik-set\/\" \/>\n<meta property=\"og:site_name\" content=\"Barneleker.no\" \/>\n<meta name=\"twitter:card\" content=\"summary_large_image\" \/>\n<script type=\"application\/ld+json\" class=\"yoast-schema-graph\">{\"@context\":\"https:\/\/schema.org\",\"@graph\":[{\"@type\":\"WebPage\",\"@id\":\"https:\/\/barneleker.no\/index.php\/product\/peppa-gris-putteboks-piknik-set\/\",\"url\":\"https:\/\/barneleker.no\/index.php\/product\/peppa-gris-putteboks-piknik-set\/\",\"name\":\"Peppa Gris, Putteboks Piknik Set - Barneleker.no\",\"isPartOf\":{\"@id\":\"https:\/\/barneleker.no\/#website\"},\"primaryImageOfPage\":{\"@id\":\"https:\/\/barneleker.no\/index.php\/product\/peppa-gris-putteboks-piknik-set\/#primaryimage\"},\"image\":{\"@id\":\"https:\/\/barneleker.no\/index.php\/product\/peppa-gris-putteboks-piknik-set\/#primaryimage\"},\"thumbnailUrl\":\"https:\/\/barneleker.no\/wp-content\/uploads\/2022\/02\/peppa-gris-putteboks-piknik-set.jpg\",\"datePublished\":\"2022-02-08T19:51:34+00:00\",\"breadcrumb\":{\"@id\":\"https:\/\/barneleker.no\/index.php\/product\/peppa-gris-putteboks-piknik-set\/#breadcrumb\"},\"inLanguage\":\"nb-NO\",\"potentialAction\":[{\"@type\":\"ReadAction\",\"target\":[\"https:\/\/barneleker.no\/index.php\/product\/peppa-gris-putteboks-piknik-set\/\"]}]},{\"@type\":\"ImageObject\",\"inLanguage\":\"nb-NO\",\"@id\":\"https:\/\/barneleker.no\/index.php\/product\/peppa-gris-putteboks-piknik-set\/#primaryimage\",\"url\":\"https:\/\/barneleker.no\/wp-content\/uploads\/2022\/02\/peppa-gris-putteboks-piknik-set.jpg\",\"contentUrl\":\"https:\/\/barneleker.no\/wp-content\/uploads\/2022\/02\/peppa-gris-putteboks-piknik-set.jpg\",\"width\":555,\"height\":555},{\"@type\":\"BreadcrumbList\",\"@id\":\"https:\/\/barneleker.no\/index.php\/product\/peppa-gris-putteboks-piknik-set\/#breadcrumb\",\"itemListElement\":[{\"@type\":\"ListItem\",\"position\":1,\"name\":\"Butikken\",\"item\":\"https:\/\/barneleker.no\/\"},{\"@type\":\"ListItem\",\"position\":2,\"name\":\"Peppa Gris, Putteboks Piknik Set\"}]},{\"@type\":\"WebSite\",\"@id\":\"https:\/\/barneleker.no\/#website\",\"url\":\"https:\/\/barneleker.no\/\",\"name\":\"Barneleker.no\",\"description\":\"Selvf\u00f8lgelig!\",\"publisher\":{\"@id\":\"https:\/\/barneleker.no\/#organization\"},\"potentialAction\":[{\"@type\":\"SearchAction\",\"target\":{\"@type\":\"EntryPoint\",\"urlTemplate\":\"https:\/\/barneleker.no\/?s={search_term_string}\"},\"query-input\":{\"@type\":\"PropertyValueSpecification\",\"valueRequired\":true,\"valueName\":\"search_term_string\"}}],\"inLanguage\":\"nb-NO\"},{\"@type\":\"Organization\",\"@id\":\"https:\/\/barneleker.no\/#organization\",\"name\":\"Barneleker.no\",\"url\":\"https:\/\/barneleker.no\/\",\"logo\":{\"@type\":\"ImageObject\",\"inLanguage\":\"nb-NO\",\"@id\":\"https:\/\/barneleker.no\/#\/schema\/logo\/image\/\",\"url\":\"https:\/\/barneleker.no\/wp-content\/uploads\/2021\/11\/barneleker_logo-780x150-1.jpg\",\"contentUrl\":\"https:\/\/barneleker.no\/wp-content\/uploads\/2021\/11\/barneleker_logo-780x150-1.jpg\",\"width\":780,\"height\":150,\"caption\":\"Barneleker.no\"},\"image\":{\"@id\":\"https:\/\/barneleker.no\/#\/schema\/logo\/image\/\"}}]}<\/script>\n<!-- \/ Yoast SEO plugin. -->","yoast_head_json":{"title":"Peppa Gris, Putteboks Piknik Set - Barneleker.no","robots":{"index":"index","follow":"follow","max-snippet":"max-snippet:-1","max-image-preview":"max-image-preview:large","max-video-preview":"max-video-preview:-1"},"canonical":"https:\/\/barneleker.no\/index.php\/product\/peppa-gris-putteboks-piknik-set\/","og_locale":"nb_NO","og_type":"article","og_title":"Peppa Gris, Putteboks Piknik Set - Barneleker.no","og_description":"Ta med deg piknik-kurven din og du vil oppdage at den ogs\u00e5 kan brukes til \u00e5 sortere forskjellige former! Trykk p\u00e5 solen p\u00e5 forsiden for&hellip;","og_url":"https:\/\/barneleker.no\/index.php\/product\/peppa-gris-putteboks-piknik-set\/","og_site_name":"Barneleker.no","twitter_card":"summary_large_image","schema":{"@context":"https:\/\/schema.org","@graph":[{"@type":"WebPage","@id":"https:\/\/barneleker.no\/index.php\/product\/peppa-gris-putteboks-piknik-set\/","url":"https:\/\/barneleker.no\/index.php\/product\/peppa-gris-putteboks-piknik-set\/","name":"Peppa Gris, Putteboks Piknik Set - Barneleker.no","isPartOf":{"@id":"https:\/\/barneleker.no\/#website"},"primaryImageOfPage":{"@id":"https:\/\/barneleker.no\/index.php\/product\/peppa-gris-putteboks-piknik-set\/#primaryimage"},"image":{"@id":"https:\/\/barneleker.no\/index.php\/product\/peppa-gris-putteboks-piknik-set\/#primaryimage"},"thumbnailUrl":"https:\/\/barneleker.no\/wp-content\/uploads\/2022\/02\/peppa-gris-putteboks-piknik-set.jpg","datePublished":"2022-02-08T19:51:34+00:00","breadcrumb":{"@id":"https:\/\/barneleker.no\/index.php\/product\/peppa-gris-putteboks-piknik-set\/#breadcrumb"},"inLanguage":"nb-NO","potentialAction":[{"@type":"ReadAction","target":["https:\/\/barneleker.no\/index.php\/product\/peppa-gris-putteboks-piknik-set\/"]}]},{"@type":"ImageObject","inLanguage":"nb-NO","@id":"https:\/\/barneleker.no\/index.php\/product\/peppa-gris-putteboks-piknik-set\/#primaryimage","url":"https:\/\/barneleker.no\/wp-content\/uploads\/2022\/02\/peppa-gris-putteboks-piknik-set.jpg","contentUrl":"https:\/\/barneleker.no\/wp-content\/uploads\/2022\/02\/peppa-gris-putteboks-piknik-set.jpg","width":555,"height":555},{"@type":"BreadcrumbList","@id":"https:\/\/barneleker.no\/index.php\/product\/peppa-gris-putteboks-piknik-set\/#breadcrumb","itemListElement":[{"@type":"ListItem","position":1,"name":"Butikken","item":"https:\/\/barneleker.no\/"},{"@type":"ListItem","position":2,"name":"Peppa Gris, Putteboks Piknik Set"}]},{"@type":"WebSite","@id":"https:\/\/barneleker.no\/#website","url":"https:\/\/barneleker.no\/","name":"Barneleker.no","description":"Selvf\u00f8lgelig!","publisher":{"@id":"https:\/\/barneleker.no\/#organization"},"potentialAction":[{"@type":"SearchAction","target":{"@type":"EntryPoint","urlTemplate":"https:\/\/barneleker.no\/?s={search_term_string}"},"query-input":{"@type":"PropertyValueSpecification","valueRequired":true,"valueName":"search_term_string"}}],"inLanguage":"nb-NO"},{"@type":"Organization","@id":"https:\/\/barneleker.no\/#organization","name":"Barneleker.no","url":"https:\/\/barneleker.no\/","logo":{"@type":"ImageObject","inLanguage":"nb-NO","@id":"https:\/\/barneleker.no\/#\/schema\/logo\/image\/","url":"https:\/\/barneleker.no\/wp-content\/uploads\/2021\/11\/barneleker_logo-780x150-1.jpg","contentUrl":"https:\/\/barneleker.no\/wp-content\/uploads\/2021\/11\/barneleker_logo-780x150-1.jpg","width":780,"height":150,"caption":"Barneleker.no"},"image":{"@id":"https:\/\/barneleker.no\/#\/schema\/logo\/image\/"}}]}},"_links":{"self":[{"href":"https:\/\/barneleker.no\/index.php\/wp-json\/wp\/v2\/product\/12601","targetHints":{"allow":["GET"]}}],"collection":[{"href":"https:\/\/barneleker.no\/index.php\/wp-json\/wp\/v2\/product"}],"about":[{"href":"https:\/\/barneleker.no\/index.php\/wp-json\/wp\/v2\/types\/product"}],"replies":[{"embeddable":true,"href":"https:\/\/barneleker.no\/index.php\/wp-json\/wp\/v2\/comments?post=12601"}],"wp:featuredmedia":[{"embeddable":true,"href":"https:\/\/barneleker.no\/index.php\/wp-json\/wp\/v2\/media\/12600"}],"wp:attachment":[{"href":"https:\/\/barneleker.no\/index.php\/wp-json\/wp\/v2\/media?parent=12601"}],"wp:term":[{"taxonomy":"product_brand","embeddable":true,"href":"https:\/\/barneleker.no\/index.php\/wp-json\/wp\/v2\/product_brand?post=12601"},{"taxonomy":"product_cat","embeddable":true,"href":"https:\/\/barneleker.no\/index.php\/wp-json\/wp\/v2\/product_cat?post=12601"},{"taxonomy":"product_tag","embeddable":true,"href":"https:\/\/barneleker.no\/index.php\/wp-json\/wp\/v2\/product_tag?post=12601"}],"curies":[{"name":"wp","href":"https:\/\/api.w.org\/{rel}","templated":true}]}}