{"id":12609,"date":"2022-02-08T19:51:37","date_gmt":"2022-02-08T19:51:37","guid":{"rendered":"https:\/\/barneleker.no\/index.php\/product\/lekia-spill-pick-up-pete-last-lastebilen-uten-at-stolene-faller\/"},"modified":"2022-02-08T19:51:37","modified_gmt":"2022-02-08T19:51:37","slug":"lekia-spill-pick-up-pete-last-lastebilen-uten-at-stolene-faller","status":"publish","type":"product","link":"https:\/\/barneleker.no\/index.php\/product\/lekia-spill-pick-up-pete-last-lastebilen-uten-at-stolene-faller\/","title":{"rendered":"Lekia Spill, Pick Up Pete. Last Lastebilen uten at stolene faller"},"content":{"rendered":"<p>Pick Up Pete er det morsomme, selvkj\u00f8rende spillet der du stoler stoler. Det er perfekt \u00e5 spille i grupper p\u00e5 opptil 4 og til og med alene. Hver spiller bytter p\u00e5 \u00e5 stable sin fargede stol p\u00e5 Petes pickup mens Pete kj\u00f8rer rundt i en sirkel. Spilleren som f\u00f8rst stabler alle stolene sine vinner. Hvis stolen faller av, m\u00e5 du ta den opp og fortsette \u00e5 stable.<\/p>\n","protected":false},"excerpt":{"rendered":"<p>Pick Up Pete er det morsomme, selvkj\u00f8rende spillet der du stoler stoler. Det er perfekt \u00e5 spille i grupper p\u00e5 opptil 4 og til og&hellip;<\/p>\n","protected":false},"featured_media":12608,"comment_status":"open","ping_status":"closed","template":"","meta":[],"product_brand":[],"product_cat":[382],"product_tag":[],"class_list":{"0":"post-12609","1":"product","2":"type-product","3":"status-publish","4":"has-post-thumbnail","6":"product_cat-spill","8":"first","9":"instock","10":"shipping-taxable","11":"product-type-external","12":"customify-col"},"yoast_head":"<!-- This site is optimized with the Yoast SEO plugin v26.0 - https:\/\/yoast.com\/wordpress\/plugins\/seo\/ -->\n<title>Lekia Spill, Pick Up Pete. Last Lastebilen uten at stolene faller - Barneleker.no<\/title>\n<meta name=\"robots\" content=\"index, follow, max-snippet:-1, max-image-preview:large, max-video-preview:-1\" \/>\n<link rel=\"canonical\" href=\"https:\/\/barneleker.no\/index.php\/product\/lekia-spill-pick-up-pete-last-lastebilen-uten-at-stolene-faller\/\" \/>\n<meta property=\"og:locale\" content=\"nb_NO\" \/>\n<meta property=\"og:type\" content=\"article\" \/>\n<meta property=\"og:title\" content=\"Lekia Spill, Pick Up Pete. Last Lastebilen uten at stolene faller - Barneleker.no\" \/>\n<meta property=\"og:description\" content=\"Pick Up Pete er det morsomme, selvkj\u00f8rende spillet der du stoler stoler. Det er perfekt \u00e5 spille i grupper p\u00e5 opptil 4 og til og&hellip;\" \/>\n<meta property=\"og:url\" content=\"https:\/\/barneleker.no\/index.php\/product\/lekia-spill-pick-up-pete-last-lastebilen-uten-at-stolene-faller\/\" \/>\n<meta property=\"og:site_name\" content=\"Barneleker.no\" \/>\n<meta name=\"twitter:card\" content=\"summary_large_image\" \/>\n<script type=\"application\/ld+json\" class=\"yoast-schema-graph\">{\"@context\":\"https:\/\/schema.org\",\"@graph\":[{\"@type\":\"WebPage\",\"@id\":\"https:\/\/barneleker.no\/index.php\/product\/lekia-spill-pick-up-pete-last-lastebilen-uten-at-stolene-faller\/\",\"url\":\"https:\/\/barneleker.no\/index.php\/product\/lekia-spill-pick-up-pete-last-lastebilen-uten-at-stolene-faller\/\",\"name\":\"Lekia Spill, Pick Up Pete. Last Lastebilen uten at stolene faller - Barneleker.no\",\"isPartOf\":{\"@id\":\"https:\/\/barneleker.no\/#website\"},\"primaryImageOfPage\":{\"@id\":\"https:\/\/barneleker.no\/index.php\/product\/lekia-spill-pick-up-pete-last-lastebilen-uten-at-stolene-faller\/#primaryimage\"},\"image\":{\"@id\":\"https:\/\/barneleker.no\/index.php\/product\/lekia-spill-pick-up-pete-last-lastebilen-uten-at-stolene-faller\/#primaryimage\"},\"thumbnailUrl\":\"https:\/\/barneleker.no\/wp-content\/uploads\/2022\/02\/spill-pick-up-pete-last-lastebilen-uten-at-stolene-faller-av.jpg\",\"datePublished\":\"2022-02-08T19:51:37+00:00\",\"breadcrumb\":{\"@id\":\"https:\/\/barneleker.no\/index.php\/product\/lekia-spill-pick-up-pete-last-lastebilen-uten-at-stolene-faller\/#breadcrumb\"},\"inLanguage\":\"nb-NO\",\"potentialAction\":[{\"@type\":\"ReadAction\",\"target\":[\"https:\/\/barneleker.no\/index.php\/product\/lekia-spill-pick-up-pete-last-lastebilen-uten-at-stolene-faller\/\"]}]},{\"@type\":\"ImageObject\",\"inLanguage\":\"nb-NO\",\"@id\":\"https:\/\/barneleker.no\/index.php\/product\/lekia-spill-pick-up-pete-last-lastebilen-uten-at-stolene-faller\/#primaryimage\",\"url\":\"https:\/\/barneleker.no\/wp-content\/uploads\/2022\/02\/spill-pick-up-pete-last-lastebilen-uten-at-stolene-faller-av.jpg\",\"contentUrl\":\"https:\/\/barneleker.no\/wp-content\/uploads\/2022\/02\/spill-pick-up-pete-last-lastebilen-uten-at-stolene-faller-av.jpg\",\"width\":555,\"height\":555},{\"@type\":\"BreadcrumbList\",\"@id\":\"https:\/\/barneleker.no\/index.php\/product\/lekia-spill-pick-up-pete-last-lastebilen-uten-at-stolene-faller\/#breadcrumb\",\"itemListElement\":[{\"@type\":\"ListItem\",\"position\":1,\"name\":\"Butikken\",\"item\":\"https:\/\/barneleker.no\/\"},{\"@type\":\"ListItem\",\"position\":2,\"name\":\"Lekia Spill, Pick Up Pete. Last Lastebilen uten at stolene faller\"}]},{\"@type\":\"WebSite\",\"@id\":\"https:\/\/barneleker.no\/#website\",\"url\":\"https:\/\/barneleker.no\/\",\"name\":\"Barneleker.no\",\"description\":\"Selvf\u00f8lgelig!\",\"publisher\":{\"@id\":\"https:\/\/barneleker.no\/#organization\"},\"potentialAction\":[{\"@type\":\"SearchAction\",\"target\":{\"@type\":\"EntryPoint\",\"urlTemplate\":\"https:\/\/barneleker.no\/?s={search_term_string}\"},\"query-input\":{\"@type\":\"PropertyValueSpecification\",\"valueRequired\":true,\"valueName\":\"search_term_string\"}}],\"inLanguage\":\"nb-NO\"},{\"@type\":\"Organization\",\"@id\":\"https:\/\/barneleker.no\/#organization\",\"name\":\"Barneleker.no\",\"url\":\"https:\/\/barneleker.no\/\",\"logo\":{\"@type\":\"ImageObject\",\"inLanguage\":\"nb-NO\",\"@id\":\"https:\/\/barneleker.no\/#\/schema\/logo\/image\/\",\"url\":\"https:\/\/barneleker.no\/wp-content\/uploads\/2021\/11\/barneleker_logo-780x150-1.jpg\",\"contentUrl\":\"https:\/\/barneleker.no\/wp-content\/uploads\/2021\/11\/barneleker_logo-780x150-1.jpg\",\"width\":780,\"height\":150,\"caption\":\"Barneleker.no\"},\"image\":{\"@id\":\"https:\/\/barneleker.no\/#\/schema\/logo\/image\/\"}}]}<\/script>\n<!-- \/ Yoast SEO plugin. -->","yoast_head_json":{"title":"Lekia Spill, Pick Up Pete. Last Lastebilen uten at stolene faller - Barneleker.no","robots":{"index":"index","follow":"follow","max-snippet":"max-snippet:-1","max-image-preview":"max-image-preview:large","max-video-preview":"max-video-preview:-1"},"canonical":"https:\/\/barneleker.no\/index.php\/product\/lekia-spill-pick-up-pete-last-lastebilen-uten-at-stolene-faller\/","og_locale":"nb_NO","og_type":"article","og_title":"Lekia Spill, Pick Up Pete. Last Lastebilen uten at stolene faller - Barneleker.no","og_description":"Pick Up Pete er det morsomme, selvkj\u00f8rende spillet der du stoler stoler. Det er perfekt \u00e5 spille i grupper p\u00e5 opptil 4 og til og&hellip;","og_url":"https:\/\/barneleker.no\/index.php\/product\/lekia-spill-pick-up-pete-last-lastebilen-uten-at-stolene-faller\/","og_site_name":"Barneleker.no","twitter_card":"summary_large_image","schema":{"@context":"https:\/\/schema.org","@graph":[{"@type":"WebPage","@id":"https:\/\/barneleker.no\/index.php\/product\/lekia-spill-pick-up-pete-last-lastebilen-uten-at-stolene-faller\/","url":"https:\/\/barneleker.no\/index.php\/product\/lekia-spill-pick-up-pete-last-lastebilen-uten-at-stolene-faller\/","name":"Lekia Spill, Pick Up Pete. Last Lastebilen uten at stolene faller - Barneleker.no","isPartOf":{"@id":"https:\/\/barneleker.no\/#website"},"primaryImageOfPage":{"@id":"https:\/\/barneleker.no\/index.php\/product\/lekia-spill-pick-up-pete-last-lastebilen-uten-at-stolene-faller\/#primaryimage"},"image":{"@id":"https:\/\/barneleker.no\/index.php\/product\/lekia-spill-pick-up-pete-last-lastebilen-uten-at-stolene-faller\/#primaryimage"},"thumbnailUrl":"https:\/\/barneleker.no\/wp-content\/uploads\/2022\/02\/spill-pick-up-pete-last-lastebilen-uten-at-stolene-faller-av.jpg","datePublished":"2022-02-08T19:51:37+00:00","breadcrumb":{"@id":"https:\/\/barneleker.no\/index.php\/product\/lekia-spill-pick-up-pete-last-lastebilen-uten-at-stolene-faller\/#breadcrumb"},"inLanguage":"nb-NO","potentialAction":[{"@type":"ReadAction","target":["https:\/\/barneleker.no\/index.php\/product\/lekia-spill-pick-up-pete-last-lastebilen-uten-at-stolene-faller\/"]}]},{"@type":"ImageObject","inLanguage":"nb-NO","@id":"https:\/\/barneleker.no\/index.php\/product\/lekia-spill-pick-up-pete-last-lastebilen-uten-at-stolene-faller\/#primaryimage","url":"https:\/\/barneleker.no\/wp-content\/uploads\/2022\/02\/spill-pick-up-pete-last-lastebilen-uten-at-stolene-faller-av.jpg","contentUrl":"https:\/\/barneleker.no\/wp-content\/uploads\/2022\/02\/spill-pick-up-pete-last-lastebilen-uten-at-stolene-faller-av.jpg","width":555,"height":555},{"@type":"BreadcrumbList","@id":"https:\/\/barneleker.no\/index.php\/product\/lekia-spill-pick-up-pete-last-lastebilen-uten-at-stolene-faller\/#breadcrumb","itemListElement":[{"@type":"ListItem","position":1,"name":"Butikken","item":"https:\/\/barneleker.no\/"},{"@type":"ListItem","position":2,"name":"Lekia Spill, Pick Up Pete. Last Lastebilen uten at stolene faller"}]},{"@type":"WebSite","@id":"https:\/\/barneleker.no\/#website","url":"https:\/\/barneleker.no\/","name":"Barneleker.no","description":"Selvf\u00f8lgelig!","publisher":{"@id":"https:\/\/barneleker.no\/#organization"},"potentialAction":[{"@type":"SearchAction","target":{"@type":"EntryPoint","urlTemplate":"https:\/\/barneleker.no\/?s={search_term_string}"},"query-input":{"@type":"PropertyValueSpecification","valueRequired":true,"valueName":"search_term_string"}}],"inLanguage":"nb-NO"},{"@type":"Organization","@id":"https:\/\/barneleker.no\/#organization","name":"Barneleker.no","url":"https:\/\/barneleker.no\/","logo":{"@type":"ImageObject","inLanguage":"nb-NO","@id":"https:\/\/barneleker.no\/#\/schema\/logo\/image\/","url":"https:\/\/barneleker.no\/wp-content\/uploads\/2021\/11\/barneleker_logo-780x150-1.jpg","contentUrl":"https:\/\/barneleker.no\/wp-content\/uploads\/2021\/11\/barneleker_logo-780x150-1.jpg","width":780,"height":150,"caption":"Barneleker.no"},"image":{"@id":"https:\/\/barneleker.no\/#\/schema\/logo\/image\/"}}]}},"_links":{"self":[{"href":"https:\/\/barneleker.no\/index.php\/wp-json\/wp\/v2\/product\/12609","targetHints":{"allow":["GET"]}}],"collection":[{"href":"https:\/\/barneleker.no\/index.php\/wp-json\/wp\/v2\/product"}],"about":[{"href":"https:\/\/barneleker.no\/index.php\/wp-json\/wp\/v2\/types\/product"}],"replies":[{"embeddable":true,"href":"https:\/\/barneleker.no\/index.php\/wp-json\/wp\/v2\/comments?post=12609"}],"wp:featuredmedia":[{"embeddable":true,"href":"https:\/\/barneleker.no\/index.php\/wp-json\/wp\/v2\/media\/12608"}],"wp:attachment":[{"href":"https:\/\/barneleker.no\/index.php\/wp-json\/wp\/v2\/media?parent=12609"}],"wp:term":[{"taxonomy":"product_brand","embeddable":true,"href":"https:\/\/barneleker.no\/index.php\/wp-json\/wp\/v2\/product_brand?post=12609"},{"taxonomy":"product_cat","embeddable":true,"href":"https:\/\/barneleker.no\/index.php\/wp-json\/wp\/v2\/product_cat?post=12609"},{"taxonomy":"product_tag","embeddable":true,"href":"https:\/\/barneleker.no\/index.php\/wp-json\/wp\/v2\/product_tag?post=12609"}],"curies":[{"name":"wp","href":"https:\/\/api.w.org\/{rel}","templated":true}]}}