{"id":12649,"date":"2022-02-08T19:51:51","date_gmt":"2022-02-08T19:51:51","guid":{"rendered":"https:\/\/barneleker.no\/index.php\/product\/lamaze-archer-the-apple-clip-go\/"},"modified":"2022-02-08T19:51:51","modified_gmt":"2022-02-08T19:51:51","slug":"lamaze-archer-the-apple-clip-go","status":"publish","type":"product","link":"https:\/\/barneleker.no\/index.php\/product\/lamaze-archer-the-apple-clip-go\/","title":{"rendered":"Lamaze, Archer The Apple Clip &#038; Go"},"content":{"rendered":"<p>La de minste plukke epler n\u00e5r de er trygt i barnevognen eller i bilsetet. Lamazes Cute Archer Apple er et uunnv\u00e6rlig tilbeh\u00f8r n\u00e5r du g\u00e5r ut og g\u00e5r. Apple er utstyrt med mange fine funksjoner som bidrar til \u00e5 opprettholde barnet ditt. Det er mulig \u00e5 ta ut en liten Apple-klynge, som hjelper barnet til \u00e5 utvikle motorens ferdigheter, og det utvikler grepet. Apple er utstyrt med ulike strukturer som bidrar til \u00e5 stimulere barnets taktile sanser &#8211; og det er s\u00e5 g\u00f8y n\u00e5r barnet opplever de rustende lydene.<\/p>\n","protected":false},"excerpt":{"rendered":"<p>La de minste plukke epler n\u00e5r de er trygt i barnevognen eller i bilsetet. Lamazes Cute Archer Apple er et uunnv\u00e6rlig tilbeh\u00f8r n\u00e5r du g\u00e5r&hellip;<\/p>\n","protected":false},"featured_media":12648,"comment_status":"open","ping_status":"closed","template":"","meta":[],"product_brand":[],"product_cat":[428],"product_tag":[],"class_list":{"0":"post-12649","1":"product","2":"type-product","3":"status-publish","4":"has-post-thumbnail","6":"product_cat-djur-figurer","8":"first","9":"instock","10":"shipping-taxable","11":"product-type-external","12":"customify-col"},"yoast_head":"<!-- This site is optimized with the Yoast SEO plugin v26.0 - https:\/\/yoast.com\/wordpress\/plugins\/seo\/ -->\n<title>Lamaze, Archer The Apple Clip &amp; Go - Barneleker.no<\/title>\n<meta name=\"robots\" content=\"index, follow, max-snippet:-1, max-image-preview:large, max-video-preview:-1\" \/>\n<link rel=\"canonical\" href=\"https:\/\/barneleker.no\/index.php\/product\/lamaze-archer-the-apple-clip-go\/\" \/>\n<meta property=\"og:locale\" content=\"nb_NO\" \/>\n<meta property=\"og:type\" content=\"article\" \/>\n<meta property=\"og:title\" content=\"Lamaze, Archer The Apple Clip &amp; Go - Barneleker.no\" \/>\n<meta property=\"og:description\" content=\"La de minste plukke epler n\u00e5r de er trygt i barnevognen eller i bilsetet. Lamazes Cute Archer Apple er et uunnv\u00e6rlig tilbeh\u00f8r n\u00e5r du g\u00e5r&hellip;\" \/>\n<meta property=\"og:url\" content=\"https:\/\/barneleker.no\/index.php\/product\/lamaze-archer-the-apple-clip-go\/\" \/>\n<meta property=\"og:site_name\" content=\"Barneleker.no\" \/>\n<meta name=\"twitter:card\" content=\"summary_large_image\" \/>\n<script type=\"application\/ld+json\" class=\"yoast-schema-graph\">{\"@context\":\"https:\/\/schema.org\",\"@graph\":[{\"@type\":\"WebPage\",\"@id\":\"https:\/\/barneleker.no\/index.php\/product\/lamaze-archer-the-apple-clip-go\/\",\"url\":\"https:\/\/barneleker.no\/index.php\/product\/lamaze-archer-the-apple-clip-go\/\",\"name\":\"Lamaze, Archer The Apple Clip & Go - Barneleker.no\",\"isPartOf\":{\"@id\":\"https:\/\/barneleker.no\/#website\"},\"primaryImageOfPage\":{\"@id\":\"https:\/\/barneleker.no\/index.php\/product\/lamaze-archer-the-apple-clip-go\/#primaryimage\"},\"image\":{\"@id\":\"https:\/\/barneleker.no\/index.php\/product\/lamaze-archer-the-apple-clip-go\/#primaryimage\"},\"thumbnailUrl\":\"https:\/\/barneleker.no\/wp-content\/uploads\/2022\/02\/lamaze-archer-the-apple-clip-go.jpg\",\"datePublished\":\"2022-02-08T19:51:51+00:00\",\"breadcrumb\":{\"@id\":\"https:\/\/barneleker.no\/index.php\/product\/lamaze-archer-the-apple-clip-go\/#breadcrumb\"},\"inLanguage\":\"nb-NO\",\"potentialAction\":[{\"@type\":\"ReadAction\",\"target\":[\"https:\/\/barneleker.no\/index.php\/product\/lamaze-archer-the-apple-clip-go\/\"]}]},{\"@type\":\"ImageObject\",\"inLanguage\":\"nb-NO\",\"@id\":\"https:\/\/barneleker.no\/index.php\/product\/lamaze-archer-the-apple-clip-go\/#primaryimage\",\"url\":\"https:\/\/barneleker.no\/wp-content\/uploads\/2022\/02\/lamaze-archer-the-apple-clip-go.jpg\",\"contentUrl\":\"https:\/\/barneleker.no\/wp-content\/uploads\/2022\/02\/lamaze-archer-the-apple-clip-go.jpg\",\"width\":555,\"height\":555},{\"@type\":\"BreadcrumbList\",\"@id\":\"https:\/\/barneleker.no\/index.php\/product\/lamaze-archer-the-apple-clip-go\/#breadcrumb\",\"itemListElement\":[{\"@type\":\"ListItem\",\"position\":1,\"name\":\"Butikken\",\"item\":\"https:\/\/barneleker.no\/\"},{\"@type\":\"ListItem\",\"position\":2,\"name\":\"Lamaze, Archer The Apple Clip &#038; Go\"}]},{\"@type\":\"WebSite\",\"@id\":\"https:\/\/barneleker.no\/#website\",\"url\":\"https:\/\/barneleker.no\/\",\"name\":\"Barneleker.no\",\"description\":\"Selvf\u00f8lgelig!\",\"publisher\":{\"@id\":\"https:\/\/barneleker.no\/#organization\"},\"potentialAction\":[{\"@type\":\"SearchAction\",\"target\":{\"@type\":\"EntryPoint\",\"urlTemplate\":\"https:\/\/barneleker.no\/?s={search_term_string}\"},\"query-input\":{\"@type\":\"PropertyValueSpecification\",\"valueRequired\":true,\"valueName\":\"search_term_string\"}}],\"inLanguage\":\"nb-NO\"},{\"@type\":\"Organization\",\"@id\":\"https:\/\/barneleker.no\/#organization\",\"name\":\"Barneleker.no\",\"url\":\"https:\/\/barneleker.no\/\",\"logo\":{\"@type\":\"ImageObject\",\"inLanguage\":\"nb-NO\",\"@id\":\"https:\/\/barneleker.no\/#\/schema\/logo\/image\/\",\"url\":\"https:\/\/barneleker.no\/wp-content\/uploads\/2021\/11\/barneleker_logo-780x150-1.jpg\",\"contentUrl\":\"https:\/\/barneleker.no\/wp-content\/uploads\/2021\/11\/barneleker_logo-780x150-1.jpg\",\"width\":780,\"height\":150,\"caption\":\"Barneleker.no\"},\"image\":{\"@id\":\"https:\/\/barneleker.no\/#\/schema\/logo\/image\/\"}}]}<\/script>\n<!-- \/ Yoast SEO plugin. -->","yoast_head_json":{"title":"Lamaze, Archer The Apple Clip & Go - Barneleker.no","robots":{"index":"index","follow":"follow","max-snippet":"max-snippet:-1","max-image-preview":"max-image-preview:large","max-video-preview":"max-video-preview:-1"},"canonical":"https:\/\/barneleker.no\/index.php\/product\/lamaze-archer-the-apple-clip-go\/","og_locale":"nb_NO","og_type":"article","og_title":"Lamaze, Archer The Apple Clip & Go - Barneleker.no","og_description":"La de minste plukke epler n\u00e5r de er trygt i barnevognen eller i bilsetet. Lamazes Cute Archer Apple er et uunnv\u00e6rlig tilbeh\u00f8r n\u00e5r du g\u00e5r&hellip;","og_url":"https:\/\/barneleker.no\/index.php\/product\/lamaze-archer-the-apple-clip-go\/","og_site_name":"Barneleker.no","twitter_card":"summary_large_image","schema":{"@context":"https:\/\/schema.org","@graph":[{"@type":"WebPage","@id":"https:\/\/barneleker.no\/index.php\/product\/lamaze-archer-the-apple-clip-go\/","url":"https:\/\/barneleker.no\/index.php\/product\/lamaze-archer-the-apple-clip-go\/","name":"Lamaze, Archer The Apple Clip & Go - Barneleker.no","isPartOf":{"@id":"https:\/\/barneleker.no\/#website"},"primaryImageOfPage":{"@id":"https:\/\/barneleker.no\/index.php\/product\/lamaze-archer-the-apple-clip-go\/#primaryimage"},"image":{"@id":"https:\/\/barneleker.no\/index.php\/product\/lamaze-archer-the-apple-clip-go\/#primaryimage"},"thumbnailUrl":"https:\/\/barneleker.no\/wp-content\/uploads\/2022\/02\/lamaze-archer-the-apple-clip-go.jpg","datePublished":"2022-02-08T19:51:51+00:00","breadcrumb":{"@id":"https:\/\/barneleker.no\/index.php\/product\/lamaze-archer-the-apple-clip-go\/#breadcrumb"},"inLanguage":"nb-NO","potentialAction":[{"@type":"ReadAction","target":["https:\/\/barneleker.no\/index.php\/product\/lamaze-archer-the-apple-clip-go\/"]}]},{"@type":"ImageObject","inLanguage":"nb-NO","@id":"https:\/\/barneleker.no\/index.php\/product\/lamaze-archer-the-apple-clip-go\/#primaryimage","url":"https:\/\/barneleker.no\/wp-content\/uploads\/2022\/02\/lamaze-archer-the-apple-clip-go.jpg","contentUrl":"https:\/\/barneleker.no\/wp-content\/uploads\/2022\/02\/lamaze-archer-the-apple-clip-go.jpg","width":555,"height":555},{"@type":"BreadcrumbList","@id":"https:\/\/barneleker.no\/index.php\/product\/lamaze-archer-the-apple-clip-go\/#breadcrumb","itemListElement":[{"@type":"ListItem","position":1,"name":"Butikken","item":"https:\/\/barneleker.no\/"},{"@type":"ListItem","position":2,"name":"Lamaze, Archer The Apple Clip &#038; Go"}]},{"@type":"WebSite","@id":"https:\/\/barneleker.no\/#website","url":"https:\/\/barneleker.no\/","name":"Barneleker.no","description":"Selvf\u00f8lgelig!","publisher":{"@id":"https:\/\/barneleker.no\/#organization"},"potentialAction":[{"@type":"SearchAction","target":{"@type":"EntryPoint","urlTemplate":"https:\/\/barneleker.no\/?s={search_term_string}"},"query-input":{"@type":"PropertyValueSpecification","valueRequired":true,"valueName":"search_term_string"}}],"inLanguage":"nb-NO"},{"@type":"Organization","@id":"https:\/\/barneleker.no\/#organization","name":"Barneleker.no","url":"https:\/\/barneleker.no\/","logo":{"@type":"ImageObject","inLanguage":"nb-NO","@id":"https:\/\/barneleker.no\/#\/schema\/logo\/image\/","url":"https:\/\/barneleker.no\/wp-content\/uploads\/2021\/11\/barneleker_logo-780x150-1.jpg","contentUrl":"https:\/\/barneleker.no\/wp-content\/uploads\/2021\/11\/barneleker_logo-780x150-1.jpg","width":780,"height":150,"caption":"Barneleker.no"},"image":{"@id":"https:\/\/barneleker.no\/#\/schema\/logo\/image\/"}}]}},"_links":{"self":[{"href":"https:\/\/barneleker.no\/index.php\/wp-json\/wp\/v2\/product\/12649","targetHints":{"allow":["GET"]}}],"collection":[{"href":"https:\/\/barneleker.no\/index.php\/wp-json\/wp\/v2\/product"}],"about":[{"href":"https:\/\/barneleker.no\/index.php\/wp-json\/wp\/v2\/types\/product"}],"replies":[{"embeddable":true,"href":"https:\/\/barneleker.no\/index.php\/wp-json\/wp\/v2\/comments?post=12649"}],"wp:featuredmedia":[{"embeddable":true,"href":"https:\/\/barneleker.no\/index.php\/wp-json\/wp\/v2\/media\/12648"}],"wp:attachment":[{"href":"https:\/\/barneleker.no\/index.php\/wp-json\/wp\/v2\/media?parent=12649"}],"wp:term":[{"taxonomy":"product_brand","embeddable":true,"href":"https:\/\/barneleker.no\/index.php\/wp-json\/wp\/v2\/product_brand?post=12649"},{"taxonomy":"product_cat","embeddable":true,"href":"https:\/\/barneleker.no\/index.php\/wp-json\/wp\/v2\/product_cat?post=12649"},{"taxonomy":"product_tag","embeddable":true,"href":"https:\/\/barneleker.no\/index.php\/wp-json\/wp\/v2\/product_tag?post=12649"}],"curies":[{"name":"wp","href":"https:\/\/api.w.org\/{rel}","templated":true}]}}