{"id":12665,"date":"2022-02-08T19:51:56","date_gmt":"2022-02-08T19:51:56","guid":{"rendered":"https:\/\/barneleker.no\/index.php\/product\/wrk-verktoy-friksjonsbor\/"},"modified":"2022-02-08T19:51:56","modified_gmt":"2022-02-08T19:51:56","slug":"wrk-verktoy-friksjonsbor","status":"publish","type":"product","link":"https:\/\/barneleker.no\/index.php\/product\/wrk-verktoy-friksjonsbor\/","title":{"rendered":"WRK, Verkt\u00f8y Friksjonsbor"},"content":{"rendered":"<p>Sm\u00e5 snekkere trenger alltid en veldig god drill n\u00e5r de skal utf\u00f8re sine mesterverk. Denne drillen leveres med et par briller, 3 forskjellige bor og ingen batterier er n\u00f8dvendig for \u00e5 f\u00e5 det til \u00e5 spinne. Bare trykk p\u00e5 knappen for \u00e5 f\u00e5 den til \u00e5 spinne, og barnet kan umiddelbart begynne \u00e5 leke. Fra 3 \u00e5r.<\/p>\n","protected":false},"excerpt":{"rendered":"<p>Sm\u00e5 snekkere trenger alltid en veldig god drill n\u00e5r de skal utf\u00f8re sine mesterverk. Denne drillen leveres med et par briller, 3 forskjellige bor og&hellip;<\/p>\n","protected":false},"featured_media":12664,"comment_status":"open","ping_status":"closed","template":"","meta":[],"product_brand":[],"product_cat":[381],"product_tag":[],"class_list":{"0":"post-12665","1":"product","2":"type-product","3":"status-publish","4":"has-post-thumbnail","6":"product_cat-leksaksverktyg","8":"first","9":"instock","10":"shipping-taxable","11":"product-type-external","12":"customify-col"},"yoast_head":"<!-- This site is optimized with the Yoast SEO plugin v26.0 - https:\/\/yoast.com\/wordpress\/plugins\/seo\/ -->\n<title>WRK, Verkt\u00f8y Friksjonsbor - Barneleker.no<\/title>\n<meta name=\"robots\" content=\"index, follow, max-snippet:-1, max-image-preview:large, max-video-preview:-1\" \/>\n<link rel=\"canonical\" href=\"https:\/\/barneleker.no\/index.php\/product\/wrk-verktoy-friksjonsbor\/\" \/>\n<meta property=\"og:locale\" content=\"nb_NO\" \/>\n<meta property=\"og:type\" content=\"article\" \/>\n<meta property=\"og:title\" content=\"WRK, Verkt\u00f8y Friksjonsbor - Barneleker.no\" \/>\n<meta property=\"og:description\" content=\"Sm\u00e5 snekkere trenger alltid en veldig god drill n\u00e5r de skal utf\u00f8re sine mesterverk. Denne drillen leveres med et par briller, 3 forskjellige bor og&hellip;\" \/>\n<meta property=\"og:url\" content=\"https:\/\/barneleker.no\/index.php\/product\/wrk-verktoy-friksjonsbor\/\" \/>\n<meta property=\"og:site_name\" content=\"Barneleker.no\" \/>\n<meta name=\"twitter:card\" content=\"summary_large_image\" \/>\n<script type=\"application\/ld+json\" class=\"yoast-schema-graph\">{\"@context\":\"https:\/\/schema.org\",\"@graph\":[{\"@type\":\"WebPage\",\"@id\":\"https:\/\/barneleker.no\/index.php\/product\/wrk-verktoy-friksjonsbor\/\",\"url\":\"https:\/\/barneleker.no\/index.php\/product\/wrk-verktoy-friksjonsbor\/\",\"name\":\"WRK, Verkt\u00f8y Friksjonsbor - Barneleker.no\",\"isPartOf\":{\"@id\":\"https:\/\/barneleker.no\/#website\"},\"primaryImageOfPage\":{\"@id\":\"https:\/\/barneleker.no\/index.php\/product\/wrk-verktoy-friksjonsbor\/#primaryimage\"},\"image\":{\"@id\":\"https:\/\/barneleker.no\/index.php\/product\/wrk-verktoy-friksjonsbor\/#primaryimage\"},\"thumbnailUrl\":\"https:\/\/barneleker.no\/wp-content\/uploads\/2022\/02\/wrk-verktoy-friksjonsbor.jpg\",\"datePublished\":\"2022-02-08T19:51:56+00:00\",\"breadcrumb\":{\"@id\":\"https:\/\/barneleker.no\/index.php\/product\/wrk-verktoy-friksjonsbor\/#breadcrumb\"},\"inLanguage\":\"nb-NO\",\"potentialAction\":[{\"@type\":\"ReadAction\",\"target\":[\"https:\/\/barneleker.no\/index.php\/product\/wrk-verktoy-friksjonsbor\/\"]}]},{\"@type\":\"ImageObject\",\"inLanguage\":\"nb-NO\",\"@id\":\"https:\/\/barneleker.no\/index.php\/product\/wrk-verktoy-friksjonsbor\/#primaryimage\",\"url\":\"https:\/\/barneleker.no\/wp-content\/uploads\/2022\/02\/wrk-verktoy-friksjonsbor.jpg\",\"contentUrl\":\"https:\/\/barneleker.no\/wp-content\/uploads\/2022\/02\/wrk-verktoy-friksjonsbor.jpg\",\"width\":555,\"height\":555},{\"@type\":\"BreadcrumbList\",\"@id\":\"https:\/\/barneleker.no\/index.php\/product\/wrk-verktoy-friksjonsbor\/#breadcrumb\",\"itemListElement\":[{\"@type\":\"ListItem\",\"position\":1,\"name\":\"Butikken\",\"item\":\"https:\/\/barneleker.no\/\"},{\"@type\":\"ListItem\",\"position\":2,\"name\":\"WRK, Verkt\u00f8y Friksjonsbor\"}]},{\"@type\":\"WebSite\",\"@id\":\"https:\/\/barneleker.no\/#website\",\"url\":\"https:\/\/barneleker.no\/\",\"name\":\"Barneleker.no\",\"description\":\"Selvf\u00f8lgelig!\",\"publisher\":{\"@id\":\"https:\/\/barneleker.no\/#organization\"},\"potentialAction\":[{\"@type\":\"SearchAction\",\"target\":{\"@type\":\"EntryPoint\",\"urlTemplate\":\"https:\/\/barneleker.no\/?s={search_term_string}\"},\"query-input\":{\"@type\":\"PropertyValueSpecification\",\"valueRequired\":true,\"valueName\":\"search_term_string\"}}],\"inLanguage\":\"nb-NO\"},{\"@type\":\"Organization\",\"@id\":\"https:\/\/barneleker.no\/#organization\",\"name\":\"Barneleker.no\",\"url\":\"https:\/\/barneleker.no\/\",\"logo\":{\"@type\":\"ImageObject\",\"inLanguage\":\"nb-NO\",\"@id\":\"https:\/\/barneleker.no\/#\/schema\/logo\/image\/\",\"url\":\"https:\/\/barneleker.no\/wp-content\/uploads\/2021\/11\/barneleker_logo-780x150-1.jpg\",\"contentUrl\":\"https:\/\/barneleker.no\/wp-content\/uploads\/2021\/11\/barneleker_logo-780x150-1.jpg\",\"width\":780,\"height\":150,\"caption\":\"Barneleker.no\"},\"image\":{\"@id\":\"https:\/\/barneleker.no\/#\/schema\/logo\/image\/\"}}]}<\/script>\n<!-- \/ Yoast SEO plugin. -->","yoast_head_json":{"title":"WRK, Verkt\u00f8y Friksjonsbor - Barneleker.no","robots":{"index":"index","follow":"follow","max-snippet":"max-snippet:-1","max-image-preview":"max-image-preview:large","max-video-preview":"max-video-preview:-1"},"canonical":"https:\/\/barneleker.no\/index.php\/product\/wrk-verktoy-friksjonsbor\/","og_locale":"nb_NO","og_type":"article","og_title":"WRK, Verkt\u00f8y Friksjonsbor - Barneleker.no","og_description":"Sm\u00e5 snekkere trenger alltid en veldig god drill n\u00e5r de skal utf\u00f8re sine mesterverk. Denne drillen leveres med et par briller, 3 forskjellige bor og&hellip;","og_url":"https:\/\/barneleker.no\/index.php\/product\/wrk-verktoy-friksjonsbor\/","og_site_name":"Barneleker.no","twitter_card":"summary_large_image","schema":{"@context":"https:\/\/schema.org","@graph":[{"@type":"WebPage","@id":"https:\/\/barneleker.no\/index.php\/product\/wrk-verktoy-friksjonsbor\/","url":"https:\/\/barneleker.no\/index.php\/product\/wrk-verktoy-friksjonsbor\/","name":"WRK, Verkt\u00f8y Friksjonsbor - Barneleker.no","isPartOf":{"@id":"https:\/\/barneleker.no\/#website"},"primaryImageOfPage":{"@id":"https:\/\/barneleker.no\/index.php\/product\/wrk-verktoy-friksjonsbor\/#primaryimage"},"image":{"@id":"https:\/\/barneleker.no\/index.php\/product\/wrk-verktoy-friksjonsbor\/#primaryimage"},"thumbnailUrl":"https:\/\/barneleker.no\/wp-content\/uploads\/2022\/02\/wrk-verktoy-friksjonsbor.jpg","datePublished":"2022-02-08T19:51:56+00:00","breadcrumb":{"@id":"https:\/\/barneleker.no\/index.php\/product\/wrk-verktoy-friksjonsbor\/#breadcrumb"},"inLanguage":"nb-NO","potentialAction":[{"@type":"ReadAction","target":["https:\/\/barneleker.no\/index.php\/product\/wrk-verktoy-friksjonsbor\/"]}]},{"@type":"ImageObject","inLanguage":"nb-NO","@id":"https:\/\/barneleker.no\/index.php\/product\/wrk-verktoy-friksjonsbor\/#primaryimage","url":"https:\/\/barneleker.no\/wp-content\/uploads\/2022\/02\/wrk-verktoy-friksjonsbor.jpg","contentUrl":"https:\/\/barneleker.no\/wp-content\/uploads\/2022\/02\/wrk-verktoy-friksjonsbor.jpg","width":555,"height":555},{"@type":"BreadcrumbList","@id":"https:\/\/barneleker.no\/index.php\/product\/wrk-verktoy-friksjonsbor\/#breadcrumb","itemListElement":[{"@type":"ListItem","position":1,"name":"Butikken","item":"https:\/\/barneleker.no\/"},{"@type":"ListItem","position":2,"name":"WRK, Verkt\u00f8y Friksjonsbor"}]},{"@type":"WebSite","@id":"https:\/\/barneleker.no\/#website","url":"https:\/\/barneleker.no\/","name":"Barneleker.no","description":"Selvf\u00f8lgelig!","publisher":{"@id":"https:\/\/barneleker.no\/#organization"},"potentialAction":[{"@type":"SearchAction","target":{"@type":"EntryPoint","urlTemplate":"https:\/\/barneleker.no\/?s={search_term_string}"},"query-input":{"@type":"PropertyValueSpecification","valueRequired":true,"valueName":"search_term_string"}}],"inLanguage":"nb-NO"},{"@type":"Organization","@id":"https:\/\/barneleker.no\/#organization","name":"Barneleker.no","url":"https:\/\/barneleker.no\/","logo":{"@type":"ImageObject","inLanguage":"nb-NO","@id":"https:\/\/barneleker.no\/#\/schema\/logo\/image\/","url":"https:\/\/barneleker.no\/wp-content\/uploads\/2021\/11\/barneleker_logo-780x150-1.jpg","contentUrl":"https:\/\/barneleker.no\/wp-content\/uploads\/2021\/11\/barneleker_logo-780x150-1.jpg","width":780,"height":150,"caption":"Barneleker.no"},"image":{"@id":"https:\/\/barneleker.no\/#\/schema\/logo\/image\/"}}]}},"_links":{"self":[{"href":"https:\/\/barneleker.no\/index.php\/wp-json\/wp\/v2\/product\/12665","targetHints":{"allow":["GET"]}}],"collection":[{"href":"https:\/\/barneleker.no\/index.php\/wp-json\/wp\/v2\/product"}],"about":[{"href":"https:\/\/barneleker.no\/index.php\/wp-json\/wp\/v2\/types\/product"}],"replies":[{"embeddable":true,"href":"https:\/\/barneleker.no\/index.php\/wp-json\/wp\/v2\/comments?post=12665"}],"wp:featuredmedia":[{"embeddable":true,"href":"https:\/\/barneleker.no\/index.php\/wp-json\/wp\/v2\/media\/12664"}],"wp:attachment":[{"href":"https:\/\/barneleker.no\/index.php\/wp-json\/wp\/v2\/media?parent=12665"}],"wp:term":[{"taxonomy":"product_brand","embeddable":true,"href":"https:\/\/barneleker.no\/index.php\/wp-json\/wp\/v2\/product_brand?post=12665"},{"taxonomy":"product_cat","embeddable":true,"href":"https:\/\/barneleker.no\/index.php\/wp-json\/wp\/v2\/product_cat?post=12665"},{"taxonomy":"product_tag","embeddable":true,"href":"https:\/\/barneleker.no\/index.php\/wp-json\/wp\/v2\/product_tag?post=12665"}],"curies":[{"name":"wp","href":"https:\/\/api.w.org\/{rel}","templated":true}]}}