{"id":12695,"date":"2022-02-08T19:52:06","date_gmt":"2022-02-08T19:52:06","guid":{"rendered":"https:\/\/barneleker.no\/index.php\/product\/batman-rc-all-terrain-batmobile\/"},"modified":"2022-02-08T19:52:06","modified_gmt":"2022-02-08T19:52:06","slug":"batman-rc-all-terrain-batmobile","status":"publish","type":"product","link":"https:\/\/barneleker.no\/index.php\/product\/batman-rc-all-terrain-batmobile\/","title":{"rendered":"Batman, RC All-Terrain Batmobile"},"content":{"rendered":"<p>Ta Batman-oppdragene dine til neste niv\u00e5 med All-Terrain Batmobil i skala 1:15! Denne Batmobilen med fjernkontroll lar deg kj\u00f8re fra land til vann og fortsette! Kj\u00f8ret\u00f8yet er bygget med ytelsesdekk for ustoppelig ytelse n\u00e5r du racer gjennom terrenget! Vann, sn\u00f8, gj\u00f8rme, stein og gress er ingen kamp for terrengbatmobilen! 2,4 GHz dobbel joystick-fjernkontroll er USB-oppladbar og har sensorer slik at du vet n\u00e5r din Batmobil trenger \u00e5 holde seg i n\u00e6rheten, lade opp og komme tilbake til land! Perfekt for utend\u00f8rs lek! Det ikoniske Batman-kj\u00f8ret\u00f8yet er kompatibelt med alle 4 \u201dBatman-actionfigurer (selges separat). DC-fans i alle aldre elsker denne Batmobile-samlingen for \u00e5 engasjere fantasien og lage sine egne episke superheltoppdrag! Sett Batman-figuren din (selges separat) i f\u00f8rersetet og gj\u00f8r deg klar til \u00e5 kj\u00f8re fra land til vann! Denne Batmobile RC-bilen er klar til \u00e5 kjempe mot Super-Villains overalt!<\/p>\n","protected":false},"excerpt":{"rendered":"<p>Ta Batman-oppdragene dine til neste niv\u00e5 med All-Terrain Batmobil i skala 1:15! Denne Batmobilen med fjernkontroll lar deg kj\u00f8re fra land til vann og fortsette!&hellip;<\/p>\n","protected":false},"featured_media":12694,"comment_status":"open","ping_status":"closed","template":"","meta":[],"product_brand":[],"product_cat":[395],"product_tag":[],"class_list":{"0":"post-12695","1":"product","2":"type-product","3":"status-publish","4":"has-post-thumbnail","6":"product_cat-fordon-figurer-robotar","8":"first","9":"instock","10":"shipping-taxable","11":"product-type-external","12":"customify-col"},"yoast_head":"<!-- This site is optimized with the Yoast SEO plugin v26.0 - https:\/\/yoast.com\/wordpress\/plugins\/seo\/ -->\n<title>Batman, RC All-Terrain Batmobile - Barneleker.no<\/title>\n<meta name=\"robots\" content=\"index, follow, max-snippet:-1, max-image-preview:large, max-video-preview:-1\" \/>\n<link rel=\"canonical\" href=\"https:\/\/barneleker.no\/index.php\/product\/batman-rc-all-terrain-batmobile\/\" \/>\n<meta property=\"og:locale\" content=\"nb_NO\" \/>\n<meta property=\"og:type\" content=\"article\" \/>\n<meta property=\"og:title\" content=\"Batman, RC All-Terrain Batmobile - Barneleker.no\" \/>\n<meta property=\"og:description\" content=\"Ta Batman-oppdragene dine til neste niv\u00e5 med All-Terrain Batmobil i skala 1:15! Denne Batmobilen med fjernkontroll lar deg kj\u00f8re fra land til vann og fortsette!&hellip;\" \/>\n<meta property=\"og:url\" content=\"https:\/\/barneleker.no\/index.php\/product\/batman-rc-all-terrain-batmobile\/\" \/>\n<meta property=\"og:site_name\" content=\"Barneleker.no\" \/>\n<meta name=\"twitter:card\" content=\"summary_large_image\" \/>\n<meta name=\"twitter:label1\" content=\"Ansl. lesetid\" \/>\n\t<meta name=\"twitter:data1\" content=\"1 minutt\" \/>\n<script type=\"application\/ld+json\" class=\"yoast-schema-graph\">{\"@context\":\"https:\/\/schema.org\",\"@graph\":[{\"@type\":\"WebPage\",\"@id\":\"https:\/\/barneleker.no\/index.php\/product\/batman-rc-all-terrain-batmobile\/\",\"url\":\"https:\/\/barneleker.no\/index.php\/product\/batman-rc-all-terrain-batmobile\/\",\"name\":\"Batman, RC All-Terrain Batmobile - Barneleker.no\",\"isPartOf\":{\"@id\":\"https:\/\/barneleker.no\/#website\"},\"primaryImageOfPage\":{\"@id\":\"https:\/\/barneleker.no\/index.php\/product\/batman-rc-all-terrain-batmobile\/#primaryimage\"},\"image\":{\"@id\":\"https:\/\/barneleker.no\/index.php\/product\/batman-rc-all-terrain-batmobile\/#primaryimage\"},\"thumbnailUrl\":\"https:\/\/barneleker.no\/wp-content\/uploads\/2022\/02\/batman-rc-all-terrain-batmobile.jpg\",\"datePublished\":\"2022-02-08T19:52:06+00:00\",\"breadcrumb\":{\"@id\":\"https:\/\/barneleker.no\/index.php\/product\/batman-rc-all-terrain-batmobile\/#breadcrumb\"},\"inLanguage\":\"nb-NO\",\"potentialAction\":[{\"@type\":\"ReadAction\",\"target\":[\"https:\/\/barneleker.no\/index.php\/product\/batman-rc-all-terrain-batmobile\/\"]}]},{\"@type\":\"ImageObject\",\"inLanguage\":\"nb-NO\",\"@id\":\"https:\/\/barneleker.no\/index.php\/product\/batman-rc-all-terrain-batmobile\/#primaryimage\",\"url\":\"https:\/\/barneleker.no\/wp-content\/uploads\/2022\/02\/batman-rc-all-terrain-batmobile.jpg\",\"contentUrl\":\"https:\/\/barneleker.no\/wp-content\/uploads\/2022\/02\/batman-rc-all-terrain-batmobile.jpg\",\"width\":555,\"height\":555},{\"@type\":\"BreadcrumbList\",\"@id\":\"https:\/\/barneleker.no\/index.php\/product\/batman-rc-all-terrain-batmobile\/#breadcrumb\",\"itemListElement\":[{\"@type\":\"ListItem\",\"position\":1,\"name\":\"Butikken\",\"item\":\"https:\/\/barneleker.no\/\"},{\"@type\":\"ListItem\",\"position\":2,\"name\":\"Batman, RC All-Terrain Batmobile\"}]},{\"@type\":\"WebSite\",\"@id\":\"https:\/\/barneleker.no\/#website\",\"url\":\"https:\/\/barneleker.no\/\",\"name\":\"Barneleker.no\",\"description\":\"Selvf\u00f8lgelig!\",\"publisher\":{\"@id\":\"https:\/\/barneleker.no\/#organization\"},\"potentialAction\":[{\"@type\":\"SearchAction\",\"target\":{\"@type\":\"EntryPoint\",\"urlTemplate\":\"https:\/\/barneleker.no\/?s={search_term_string}\"},\"query-input\":{\"@type\":\"PropertyValueSpecification\",\"valueRequired\":true,\"valueName\":\"search_term_string\"}}],\"inLanguage\":\"nb-NO\"},{\"@type\":\"Organization\",\"@id\":\"https:\/\/barneleker.no\/#organization\",\"name\":\"Barneleker.no\",\"url\":\"https:\/\/barneleker.no\/\",\"logo\":{\"@type\":\"ImageObject\",\"inLanguage\":\"nb-NO\",\"@id\":\"https:\/\/barneleker.no\/#\/schema\/logo\/image\/\",\"url\":\"https:\/\/barneleker.no\/wp-content\/uploads\/2021\/11\/barneleker_logo-780x150-1.jpg\",\"contentUrl\":\"https:\/\/barneleker.no\/wp-content\/uploads\/2021\/11\/barneleker_logo-780x150-1.jpg\",\"width\":780,\"height\":150,\"caption\":\"Barneleker.no\"},\"image\":{\"@id\":\"https:\/\/barneleker.no\/#\/schema\/logo\/image\/\"}}]}<\/script>\n<!-- \/ Yoast SEO plugin. -->","yoast_head_json":{"title":"Batman, RC All-Terrain Batmobile - Barneleker.no","robots":{"index":"index","follow":"follow","max-snippet":"max-snippet:-1","max-image-preview":"max-image-preview:large","max-video-preview":"max-video-preview:-1"},"canonical":"https:\/\/barneleker.no\/index.php\/product\/batman-rc-all-terrain-batmobile\/","og_locale":"nb_NO","og_type":"article","og_title":"Batman, RC All-Terrain Batmobile - Barneleker.no","og_description":"Ta Batman-oppdragene dine til neste niv\u00e5 med All-Terrain Batmobil i skala 1:15! Denne Batmobilen med fjernkontroll lar deg kj\u00f8re fra land til vann og fortsette!&hellip;","og_url":"https:\/\/barneleker.no\/index.php\/product\/batman-rc-all-terrain-batmobile\/","og_site_name":"Barneleker.no","twitter_card":"summary_large_image","twitter_misc":{"Ansl. lesetid":"1 minutt"},"schema":{"@context":"https:\/\/schema.org","@graph":[{"@type":"WebPage","@id":"https:\/\/barneleker.no\/index.php\/product\/batman-rc-all-terrain-batmobile\/","url":"https:\/\/barneleker.no\/index.php\/product\/batman-rc-all-terrain-batmobile\/","name":"Batman, RC All-Terrain Batmobile - Barneleker.no","isPartOf":{"@id":"https:\/\/barneleker.no\/#website"},"primaryImageOfPage":{"@id":"https:\/\/barneleker.no\/index.php\/product\/batman-rc-all-terrain-batmobile\/#primaryimage"},"image":{"@id":"https:\/\/barneleker.no\/index.php\/product\/batman-rc-all-terrain-batmobile\/#primaryimage"},"thumbnailUrl":"https:\/\/barneleker.no\/wp-content\/uploads\/2022\/02\/batman-rc-all-terrain-batmobile.jpg","datePublished":"2022-02-08T19:52:06+00:00","breadcrumb":{"@id":"https:\/\/barneleker.no\/index.php\/product\/batman-rc-all-terrain-batmobile\/#breadcrumb"},"inLanguage":"nb-NO","potentialAction":[{"@type":"ReadAction","target":["https:\/\/barneleker.no\/index.php\/product\/batman-rc-all-terrain-batmobile\/"]}]},{"@type":"ImageObject","inLanguage":"nb-NO","@id":"https:\/\/barneleker.no\/index.php\/product\/batman-rc-all-terrain-batmobile\/#primaryimage","url":"https:\/\/barneleker.no\/wp-content\/uploads\/2022\/02\/batman-rc-all-terrain-batmobile.jpg","contentUrl":"https:\/\/barneleker.no\/wp-content\/uploads\/2022\/02\/batman-rc-all-terrain-batmobile.jpg","width":555,"height":555},{"@type":"BreadcrumbList","@id":"https:\/\/barneleker.no\/index.php\/product\/batman-rc-all-terrain-batmobile\/#breadcrumb","itemListElement":[{"@type":"ListItem","position":1,"name":"Butikken","item":"https:\/\/barneleker.no\/"},{"@type":"ListItem","position":2,"name":"Batman, RC All-Terrain Batmobile"}]},{"@type":"WebSite","@id":"https:\/\/barneleker.no\/#website","url":"https:\/\/barneleker.no\/","name":"Barneleker.no","description":"Selvf\u00f8lgelig!","publisher":{"@id":"https:\/\/barneleker.no\/#organization"},"potentialAction":[{"@type":"SearchAction","target":{"@type":"EntryPoint","urlTemplate":"https:\/\/barneleker.no\/?s={search_term_string}"},"query-input":{"@type":"PropertyValueSpecification","valueRequired":true,"valueName":"search_term_string"}}],"inLanguage":"nb-NO"},{"@type":"Organization","@id":"https:\/\/barneleker.no\/#organization","name":"Barneleker.no","url":"https:\/\/barneleker.no\/","logo":{"@type":"ImageObject","inLanguage":"nb-NO","@id":"https:\/\/barneleker.no\/#\/schema\/logo\/image\/","url":"https:\/\/barneleker.no\/wp-content\/uploads\/2021\/11\/barneleker_logo-780x150-1.jpg","contentUrl":"https:\/\/barneleker.no\/wp-content\/uploads\/2021\/11\/barneleker_logo-780x150-1.jpg","width":780,"height":150,"caption":"Barneleker.no"},"image":{"@id":"https:\/\/barneleker.no\/#\/schema\/logo\/image\/"}}]}},"_links":{"self":[{"href":"https:\/\/barneleker.no\/index.php\/wp-json\/wp\/v2\/product\/12695","targetHints":{"allow":["GET"]}}],"collection":[{"href":"https:\/\/barneleker.no\/index.php\/wp-json\/wp\/v2\/product"}],"about":[{"href":"https:\/\/barneleker.no\/index.php\/wp-json\/wp\/v2\/types\/product"}],"replies":[{"embeddable":true,"href":"https:\/\/barneleker.no\/index.php\/wp-json\/wp\/v2\/comments?post=12695"}],"wp:featuredmedia":[{"embeddable":true,"href":"https:\/\/barneleker.no\/index.php\/wp-json\/wp\/v2\/media\/12694"}],"wp:attachment":[{"href":"https:\/\/barneleker.no\/index.php\/wp-json\/wp\/v2\/media?parent=12695"}],"wp:term":[{"taxonomy":"product_brand","embeddable":true,"href":"https:\/\/barneleker.no\/index.php\/wp-json\/wp\/v2\/product_brand?post=12695"},{"taxonomy":"product_cat","embeddable":true,"href":"https:\/\/barneleker.no\/index.php\/wp-json\/wp\/v2\/product_cat?post=12695"},{"taxonomy":"product_tag","embeddable":true,"href":"https:\/\/barneleker.no\/index.php\/wp-json\/wp\/v2\/product_tag?post=12695"}],"curies":[{"name":"wp","href":"https:\/\/api.w.org\/{rel}","templated":true}]}}