{"id":12723,"date":"2022-02-08T19:52:17","date_gmt":"2022-02-08T19:52:17","guid":{"rendered":"https:\/\/barneleker.no\/index.php\/product\/aquaplay-1542-mountainlake\/"},"modified":"2022-02-08T19:52:17","modified_gmt":"2022-02-08T19:52:17","slug":"aquaplay-1542-mountainlake","status":"publish","type":"product","link":"https:\/\/barneleker.no\/index.php\/product\/aquaplay-1542-mountainlake\/","title":{"rendered":"AquaPlay, 1542, MountainLake"},"content":{"rendered":"<p>M\u00f8t Aquaplays nye eventyr, Mountain Lake! Dette store kanalsystemet vil holde barna opptatt i timevis med den splitter nye lekefunksjonen. Det store fjellet med en innsj\u00f8. Det inkluderer ogs\u00e5 et skip, en container b\u00e5t med container og de tre dyrefigurer; Anden Lotta, Frosken Nils og Bj\u00f8rnen Bo. Sammen med figurene kan barna utforske den mystiske grotten i fjellet, klatre de bratte klippene, ta hurtigb\u00e5ten inn i den frodige fossen eller se etter skatter i kanalene. Sett vannet i bevegelse ved \u00e5 padle vannhjulet og passer gjennom det enorme slusesystemet. Du regulerer vannstanden ved hjelp av pumpen og \u00e5pner sluseportene. Dette er en kreativ og leken m\u00e5te \u00e5 l\u00e6re hvordan vann beveger seg, l\u00f8fter og klatrer! M\u00e5l montert: 126 x 88 x 35 cm Antall deler: 44 Fra 3 \u00e5r<\/p>\n","protected":false},"excerpt":{"rendered":"<p>M\u00f8t Aquaplays nye eventyr, Mountain Lake! Dette store kanalsystemet vil holde barna opptatt i timevis med den splitter nye lekefunksjonen. Det store fjellet med en&hellip;<\/p>\n","protected":false},"featured_media":12722,"comment_status":"open","ping_status":"closed","template":"","meta":[],"product_brand":[],"product_cat":[459],"product_tag":[],"class_list":{"0":"post-12723","1":"product","2":"type-product","3":"status-publish","4":"has-post-thumbnail","6":"product_cat-vattenbanor","8":"first","9":"instock","10":"shipping-taxable","11":"product-type-external","12":"customify-col"},"yoast_head":"<!-- This site is optimized with the Yoast SEO plugin v26.0 - https:\/\/yoast.com\/wordpress\/plugins\/seo\/ -->\n<title>AquaPlay, 1542, MountainLake - Barneleker.no<\/title>\n<meta name=\"robots\" content=\"index, follow, max-snippet:-1, max-image-preview:large, max-video-preview:-1\" \/>\n<link rel=\"canonical\" href=\"https:\/\/barneleker.no\/index.php\/product\/aquaplay-1542-mountainlake\/\" \/>\n<meta property=\"og:locale\" content=\"nb_NO\" \/>\n<meta property=\"og:type\" content=\"article\" \/>\n<meta property=\"og:title\" content=\"AquaPlay, 1542, MountainLake - Barneleker.no\" \/>\n<meta property=\"og:description\" content=\"M\u00f8t Aquaplays nye eventyr, Mountain Lake! Dette store kanalsystemet vil holde barna opptatt i timevis med den splitter nye lekefunksjonen. Det store fjellet med en&hellip;\" \/>\n<meta property=\"og:url\" content=\"https:\/\/barneleker.no\/index.php\/product\/aquaplay-1542-mountainlake\/\" \/>\n<meta property=\"og:site_name\" content=\"Barneleker.no\" \/>\n<meta name=\"twitter:card\" content=\"summary_large_image\" \/>\n<meta name=\"twitter:label1\" content=\"Ansl. lesetid\" \/>\n\t<meta name=\"twitter:data1\" content=\"1 minutt\" \/>\n<script type=\"application\/ld+json\" class=\"yoast-schema-graph\">{\"@context\":\"https:\/\/schema.org\",\"@graph\":[{\"@type\":\"WebPage\",\"@id\":\"https:\/\/barneleker.no\/index.php\/product\/aquaplay-1542-mountainlake\/\",\"url\":\"https:\/\/barneleker.no\/index.php\/product\/aquaplay-1542-mountainlake\/\",\"name\":\"AquaPlay, 1542, MountainLake - Barneleker.no\",\"isPartOf\":{\"@id\":\"https:\/\/barneleker.no\/#website\"},\"primaryImageOfPage\":{\"@id\":\"https:\/\/barneleker.no\/index.php\/product\/aquaplay-1542-mountainlake\/#primaryimage\"},\"image\":{\"@id\":\"https:\/\/barneleker.no\/index.php\/product\/aquaplay-1542-mountainlake\/#primaryimage\"},\"thumbnailUrl\":\"https:\/\/barneleker.no\/wp-content\/uploads\/2022\/02\/aquaplay-1542-mountainlake.jpg\",\"datePublished\":\"2022-02-08T19:52:17+00:00\",\"breadcrumb\":{\"@id\":\"https:\/\/barneleker.no\/index.php\/product\/aquaplay-1542-mountainlake\/#breadcrumb\"},\"inLanguage\":\"nb-NO\",\"potentialAction\":[{\"@type\":\"ReadAction\",\"target\":[\"https:\/\/barneleker.no\/index.php\/product\/aquaplay-1542-mountainlake\/\"]}]},{\"@type\":\"ImageObject\",\"inLanguage\":\"nb-NO\",\"@id\":\"https:\/\/barneleker.no\/index.php\/product\/aquaplay-1542-mountainlake\/#primaryimage\",\"url\":\"https:\/\/barneleker.no\/wp-content\/uploads\/2022\/02\/aquaplay-1542-mountainlake.jpg\",\"contentUrl\":\"https:\/\/barneleker.no\/wp-content\/uploads\/2022\/02\/aquaplay-1542-mountainlake.jpg\",\"width\":555,\"height\":555},{\"@type\":\"BreadcrumbList\",\"@id\":\"https:\/\/barneleker.no\/index.php\/product\/aquaplay-1542-mountainlake\/#breadcrumb\",\"itemListElement\":[{\"@type\":\"ListItem\",\"position\":1,\"name\":\"Butikken\",\"item\":\"https:\/\/barneleker.no\/\"},{\"@type\":\"ListItem\",\"position\":2,\"name\":\"AquaPlay, 1542, MountainLake\"}]},{\"@type\":\"WebSite\",\"@id\":\"https:\/\/barneleker.no\/#website\",\"url\":\"https:\/\/barneleker.no\/\",\"name\":\"Barneleker.no\",\"description\":\"Selvf\u00f8lgelig!\",\"publisher\":{\"@id\":\"https:\/\/barneleker.no\/#organization\"},\"potentialAction\":[{\"@type\":\"SearchAction\",\"target\":{\"@type\":\"EntryPoint\",\"urlTemplate\":\"https:\/\/barneleker.no\/?s={search_term_string}\"},\"query-input\":{\"@type\":\"PropertyValueSpecification\",\"valueRequired\":true,\"valueName\":\"search_term_string\"}}],\"inLanguage\":\"nb-NO\"},{\"@type\":\"Organization\",\"@id\":\"https:\/\/barneleker.no\/#organization\",\"name\":\"Barneleker.no\",\"url\":\"https:\/\/barneleker.no\/\",\"logo\":{\"@type\":\"ImageObject\",\"inLanguage\":\"nb-NO\",\"@id\":\"https:\/\/barneleker.no\/#\/schema\/logo\/image\/\",\"url\":\"https:\/\/barneleker.no\/wp-content\/uploads\/2021\/11\/barneleker_logo-780x150-1.jpg\",\"contentUrl\":\"https:\/\/barneleker.no\/wp-content\/uploads\/2021\/11\/barneleker_logo-780x150-1.jpg\",\"width\":780,\"height\":150,\"caption\":\"Barneleker.no\"},\"image\":{\"@id\":\"https:\/\/barneleker.no\/#\/schema\/logo\/image\/\"}}]}<\/script>\n<!-- \/ Yoast SEO plugin. -->","yoast_head_json":{"title":"AquaPlay, 1542, MountainLake - Barneleker.no","robots":{"index":"index","follow":"follow","max-snippet":"max-snippet:-1","max-image-preview":"max-image-preview:large","max-video-preview":"max-video-preview:-1"},"canonical":"https:\/\/barneleker.no\/index.php\/product\/aquaplay-1542-mountainlake\/","og_locale":"nb_NO","og_type":"article","og_title":"AquaPlay, 1542, MountainLake - Barneleker.no","og_description":"M\u00f8t Aquaplays nye eventyr, Mountain Lake! Dette store kanalsystemet vil holde barna opptatt i timevis med den splitter nye lekefunksjonen. Det store fjellet med en&hellip;","og_url":"https:\/\/barneleker.no\/index.php\/product\/aquaplay-1542-mountainlake\/","og_site_name":"Barneleker.no","twitter_card":"summary_large_image","twitter_misc":{"Ansl. lesetid":"1 minutt"},"schema":{"@context":"https:\/\/schema.org","@graph":[{"@type":"WebPage","@id":"https:\/\/barneleker.no\/index.php\/product\/aquaplay-1542-mountainlake\/","url":"https:\/\/barneleker.no\/index.php\/product\/aquaplay-1542-mountainlake\/","name":"AquaPlay, 1542, MountainLake - Barneleker.no","isPartOf":{"@id":"https:\/\/barneleker.no\/#website"},"primaryImageOfPage":{"@id":"https:\/\/barneleker.no\/index.php\/product\/aquaplay-1542-mountainlake\/#primaryimage"},"image":{"@id":"https:\/\/barneleker.no\/index.php\/product\/aquaplay-1542-mountainlake\/#primaryimage"},"thumbnailUrl":"https:\/\/barneleker.no\/wp-content\/uploads\/2022\/02\/aquaplay-1542-mountainlake.jpg","datePublished":"2022-02-08T19:52:17+00:00","breadcrumb":{"@id":"https:\/\/barneleker.no\/index.php\/product\/aquaplay-1542-mountainlake\/#breadcrumb"},"inLanguage":"nb-NO","potentialAction":[{"@type":"ReadAction","target":["https:\/\/barneleker.no\/index.php\/product\/aquaplay-1542-mountainlake\/"]}]},{"@type":"ImageObject","inLanguage":"nb-NO","@id":"https:\/\/barneleker.no\/index.php\/product\/aquaplay-1542-mountainlake\/#primaryimage","url":"https:\/\/barneleker.no\/wp-content\/uploads\/2022\/02\/aquaplay-1542-mountainlake.jpg","contentUrl":"https:\/\/barneleker.no\/wp-content\/uploads\/2022\/02\/aquaplay-1542-mountainlake.jpg","width":555,"height":555},{"@type":"BreadcrumbList","@id":"https:\/\/barneleker.no\/index.php\/product\/aquaplay-1542-mountainlake\/#breadcrumb","itemListElement":[{"@type":"ListItem","position":1,"name":"Butikken","item":"https:\/\/barneleker.no\/"},{"@type":"ListItem","position":2,"name":"AquaPlay, 1542, MountainLake"}]},{"@type":"WebSite","@id":"https:\/\/barneleker.no\/#website","url":"https:\/\/barneleker.no\/","name":"Barneleker.no","description":"Selvf\u00f8lgelig!","publisher":{"@id":"https:\/\/barneleker.no\/#organization"},"potentialAction":[{"@type":"SearchAction","target":{"@type":"EntryPoint","urlTemplate":"https:\/\/barneleker.no\/?s={search_term_string}"},"query-input":{"@type":"PropertyValueSpecification","valueRequired":true,"valueName":"search_term_string"}}],"inLanguage":"nb-NO"},{"@type":"Organization","@id":"https:\/\/barneleker.no\/#organization","name":"Barneleker.no","url":"https:\/\/barneleker.no\/","logo":{"@type":"ImageObject","inLanguage":"nb-NO","@id":"https:\/\/barneleker.no\/#\/schema\/logo\/image\/","url":"https:\/\/barneleker.no\/wp-content\/uploads\/2021\/11\/barneleker_logo-780x150-1.jpg","contentUrl":"https:\/\/barneleker.no\/wp-content\/uploads\/2021\/11\/barneleker_logo-780x150-1.jpg","width":780,"height":150,"caption":"Barneleker.no"},"image":{"@id":"https:\/\/barneleker.no\/#\/schema\/logo\/image\/"}}]}},"_links":{"self":[{"href":"https:\/\/barneleker.no\/index.php\/wp-json\/wp\/v2\/product\/12723","targetHints":{"allow":["GET"]}}],"collection":[{"href":"https:\/\/barneleker.no\/index.php\/wp-json\/wp\/v2\/product"}],"about":[{"href":"https:\/\/barneleker.no\/index.php\/wp-json\/wp\/v2\/types\/product"}],"replies":[{"embeddable":true,"href":"https:\/\/barneleker.no\/index.php\/wp-json\/wp\/v2\/comments?post=12723"}],"wp:featuredmedia":[{"embeddable":true,"href":"https:\/\/barneleker.no\/index.php\/wp-json\/wp\/v2\/media\/12722"}],"wp:attachment":[{"href":"https:\/\/barneleker.no\/index.php\/wp-json\/wp\/v2\/media?parent=12723"}],"wp:term":[{"taxonomy":"product_brand","embeddable":true,"href":"https:\/\/barneleker.no\/index.php\/wp-json\/wp\/v2\/product_brand?post=12723"},{"taxonomy":"product_cat","embeddable":true,"href":"https:\/\/barneleker.no\/index.php\/wp-json\/wp\/v2\/product_cat?post=12723"},{"taxonomy":"product_tag","embeddable":true,"href":"https:\/\/barneleker.no\/index.php\/wp-json\/wp\/v2\/product_tag?post=12723"}],"curies":[{"name":"wp","href":"https:\/\/api.w.org\/{rel}","templated":true}]}}