{"id":12733,"date":"2022-02-08T19:52:20","date_gmt":"2022-02-08T19:52:20","guid":{"rendered":"https:\/\/barneleker.no\/index.php\/product\/lego-technic-42129-firehjulsdrevet-mercedes-benz-zetros-konkurransetruck\/"},"modified":"2022-02-08T19:52:20","modified_gmt":"2022-02-08T19:52:20","slug":"lego-technic-42129-firehjulsdrevet-mercedes-benz-zetros-konkurransetruck","status":"publish","type":"product","link":"https:\/\/barneleker.no\/index.php\/product\/lego-technic-42129-firehjulsdrevet-mercedes-benz-zetros-konkurransetruck\/","title":{"rendered":"LEGO Technic 42129, Firehjulsdrevet Mercedes-Benz Zetros konkurransetruck"},"content":{"rendered":"<p>Alle som liker kraftige lekelastebiler og byggeleker, vil garantert like modellen LEGO\u00ae Technic Firehjulsdrevet Mercedes-Benz Zetros konkurransetruck (42129). Denne leketrucken er full av realistiske funksjoner og byr p\u00e5 en engasjerende byggeopplevelse for voksne og barn fra 12 \u00e5r. D\u00f8rer og panser kan \u00e5pnes. Sjekk ut det fungerende hjulopphenget p\u00e5 alle fire hjulene, og \u00e5pne serviceluken for \u00e5 inspisere girkassen. Modellen har en detaljert motor med roterende radiatorvifte. Det er aller f\u00f8rste gang at en LEGO Technic modell er utstyrt med differensiall\u00e5s. L\u00e5s og l\u00e5s opp differensialene ved hjelp av appen mens du man\u00f8vrerer kj\u00f8ret\u00f8yet i krevende terreng.<\/p>\n","protected":false},"excerpt":{"rendered":"<p>Alle som liker kraftige lekelastebiler og byggeleker, vil garantert like modellen LEGO\u00ae Technic Firehjulsdrevet Mercedes-Benz Zetros konkurransetruck (42129). Denne leketrucken er full av realistiske funksjoner&hellip;<\/p>\n","protected":false},"featured_media":12732,"comment_status":"open","ping_status":"closed","template":"","meta":[],"product_brand":[],"product_cat":[340],"product_tag":[],"class_list":{"0":"post-12733","1":"product","2":"type-product","3":"status-publish","4":"has-post-thumbnail","6":"product_cat-set","8":"first","9":"instock","10":"shipping-taxable","11":"product-type-external","12":"customify-col"},"yoast_head":"<!-- This site is optimized with the Yoast SEO plugin v26.0 - https:\/\/yoast.com\/wordpress\/plugins\/seo\/ -->\n<title>LEGO Technic 42129, Firehjulsdrevet Mercedes-Benz Zetros konkurransetruck - Barneleker.no<\/title>\n<meta name=\"robots\" content=\"index, follow, max-snippet:-1, max-image-preview:large, max-video-preview:-1\" \/>\n<link rel=\"canonical\" href=\"https:\/\/barneleker.no\/index.php\/product\/lego-technic-42129-firehjulsdrevet-mercedes-benz-zetros-konkurransetruck\/\" \/>\n<meta property=\"og:locale\" content=\"nb_NO\" \/>\n<meta property=\"og:type\" content=\"article\" \/>\n<meta property=\"og:title\" content=\"LEGO Technic 42129, Firehjulsdrevet Mercedes-Benz Zetros konkurransetruck - Barneleker.no\" \/>\n<meta property=\"og:description\" content=\"Alle som liker kraftige lekelastebiler og byggeleker, vil garantert like modellen LEGO\u00ae Technic Firehjulsdrevet Mercedes-Benz Zetros konkurransetruck (42129). Denne leketrucken er full av realistiske funksjoner&hellip;\" \/>\n<meta property=\"og:url\" content=\"https:\/\/barneleker.no\/index.php\/product\/lego-technic-42129-firehjulsdrevet-mercedes-benz-zetros-konkurransetruck\/\" \/>\n<meta property=\"og:site_name\" content=\"Barneleker.no\" \/>\n<meta name=\"twitter:card\" content=\"summary_large_image\" \/>\n<meta name=\"twitter:label1\" content=\"Ansl. lesetid\" \/>\n\t<meta name=\"twitter:data1\" content=\"1 minutt\" \/>\n<script type=\"application\/ld+json\" class=\"yoast-schema-graph\">{\"@context\":\"https:\/\/schema.org\",\"@graph\":[{\"@type\":\"WebPage\",\"@id\":\"https:\/\/barneleker.no\/index.php\/product\/lego-technic-42129-firehjulsdrevet-mercedes-benz-zetros-konkurransetruck\/\",\"url\":\"https:\/\/barneleker.no\/index.php\/product\/lego-technic-42129-firehjulsdrevet-mercedes-benz-zetros-konkurransetruck\/\",\"name\":\"LEGO Technic 42129, Firehjulsdrevet Mercedes-Benz Zetros konkurransetruck - Barneleker.no\",\"isPartOf\":{\"@id\":\"https:\/\/barneleker.no\/#website\"},\"primaryImageOfPage\":{\"@id\":\"https:\/\/barneleker.no\/index.php\/product\/lego-technic-42129-firehjulsdrevet-mercedes-benz-zetros-konkurransetruck\/#primaryimage\"},\"image\":{\"@id\":\"https:\/\/barneleker.no\/index.php\/product\/lego-technic-42129-firehjulsdrevet-mercedes-benz-zetros-konkurransetruck\/#primaryimage\"},\"thumbnailUrl\":\"https:\/\/barneleker.no\/wp-content\/uploads\/2022\/02\/lego-technic-42129-firehjulsdrevet-mercedes-benz-zetros-konkurransetruck.jpg\",\"datePublished\":\"2022-02-08T19:52:20+00:00\",\"breadcrumb\":{\"@id\":\"https:\/\/barneleker.no\/index.php\/product\/lego-technic-42129-firehjulsdrevet-mercedes-benz-zetros-konkurransetruck\/#breadcrumb\"},\"inLanguage\":\"nb-NO\",\"potentialAction\":[{\"@type\":\"ReadAction\",\"target\":[\"https:\/\/barneleker.no\/index.php\/product\/lego-technic-42129-firehjulsdrevet-mercedes-benz-zetros-konkurransetruck\/\"]}]},{\"@type\":\"ImageObject\",\"inLanguage\":\"nb-NO\",\"@id\":\"https:\/\/barneleker.no\/index.php\/product\/lego-technic-42129-firehjulsdrevet-mercedes-benz-zetros-konkurransetruck\/#primaryimage\",\"url\":\"https:\/\/barneleker.no\/wp-content\/uploads\/2022\/02\/lego-technic-42129-firehjulsdrevet-mercedes-benz-zetros-konkurransetruck.jpg\",\"contentUrl\":\"https:\/\/barneleker.no\/wp-content\/uploads\/2022\/02\/lego-technic-42129-firehjulsdrevet-mercedes-benz-zetros-konkurransetruck.jpg\",\"width\":555,\"height\":555},{\"@type\":\"BreadcrumbList\",\"@id\":\"https:\/\/barneleker.no\/index.php\/product\/lego-technic-42129-firehjulsdrevet-mercedes-benz-zetros-konkurransetruck\/#breadcrumb\",\"itemListElement\":[{\"@type\":\"ListItem\",\"position\":1,\"name\":\"Butikken\",\"item\":\"https:\/\/barneleker.no\/\"},{\"@type\":\"ListItem\",\"position\":2,\"name\":\"LEGO Technic 42129, Firehjulsdrevet Mercedes-Benz Zetros konkurransetruck\"}]},{\"@type\":\"WebSite\",\"@id\":\"https:\/\/barneleker.no\/#website\",\"url\":\"https:\/\/barneleker.no\/\",\"name\":\"Barneleker.no\",\"description\":\"Selvf\u00f8lgelig!\",\"publisher\":{\"@id\":\"https:\/\/barneleker.no\/#organization\"},\"potentialAction\":[{\"@type\":\"SearchAction\",\"target\":{\"@type\":\"EntryPoint\",\"urlTemplate\":\"https:\/\/barneleker.no\/?s={search_term_string}\"},\"query-input\":{\"@type\":\"PropertyValueSpecification\",\"valueRequired\":true,\"valueName\":\"search_term_string\"}}],\"inLanguage\":\"nb-NO\"},{\"@type\":\"Organization\",\"@id\":\"https:\/\/barneleker.no\/#organization\",\"name\":\"Barneleker.no\",\"url\":\"https:\/\/barneleker.no\/\",\"logo\":{\"@type\":\"ImageObject\",\"inLanguage\":\"nb-NO\",\"@id\":\"https:\/\/barneleker.no\/#\/schema\/logo\/image\/\",\"url\":\"https:\/\/barneleker.no\/wp-content\/uploads\/2021\/11\/barneleker_logo-780x150-1.jpg\",\"contentUrl\":\"https:\/\/barneleker.no\/wp-content\/uploads\/2021\/11\/barneleker_logo-780x150-1.jpg\",\"width\":780,\"height\":150,\"caption\":\"Barneleker.no\"},\"image\":{\"@id\":\"https:\/\/barneleker.no\/#\/schema\/logo\/image\/\"}}]}<\/script>\n<!-- \/ Yoast SEO plugin. -->","yoast_head_json":{"title":"LEGO Technic 42129, Firehjulsdrevet Mercedes-Benz Zetros konkurransetruck - Barneleker.no","robots":{"index":"index","follow":"follow","max-snippet":"max-snippet:-1","max-image-preview":"max-image-preview:large","max-video-preview":"max-video-preview:-1"},"canonical":"https:\/\/barneleker.no\/index.php\/product\/lego-technic-42129-firehjulsdrevet-mercedes-benz-zetros-konkurransetruck\/","og_locale":"nb_NO","og_type":"article","og_title":"LEGO Technic 42129, Firehjulsdrevet Mercedes-Benz Zetros konkurransetruck - Barneleker.no","og_description":"Alle som liker kraftige lekelastebiler og byggeleker, vil garantert like modellen LEGO\u00ae Technic Firehjulsdrevet Mercedes-Benz Zetros konkurransetruck (42129). Denne leketrucken er full av realistiske funksjoner&hellip;","og_url":"https:\/\/barneleker.no\/index.php\/product\/lego-technic-42129-firehjulsdrevet-mercedes-benz-zetros-konkurransetruck\/","og_site_name":"Barneleker.no","twitter_card":"summary_large_image","twitter_misc":{"Ansl. lesetid":"1 minutt"},"schema":{"@context":"https:\/\/schema.org","@graph":[{"@type":"WebPage","@id":"https:\/\/barneleker.no\/index.php\/product\/lego-technic-42129-firehjulsdrevet-mercedes-benz-zetros-konkurransetruck\/","url":"https:\/\/barneleker.no\/index.php\/product\/lego-technic-42129-firehjulsdrevet-mercedes-benz-zetros-konkurransetruck\/","name":"LEGO Technic 42129, Firehjulsdrevet Mercedes-Benz Zetros konkurransetruck - Barneleker.no","isPartOf":{"@id":"https:\/\/barneleker.no\/#website"},"primaryImageOfPage":{"@id":"https:\/\/barneleker.no\/index.php\/product\/lego-technic-42129-firehjulsdrevet-mercedes-benz-zetros-konkurransetruck\/#primaryimage"},"image":{"@id":"https:\/\/barneleker.no\/index.php\/product\/lego-technic-42129-firehjulsdrevet-mercedes-benz-zetros-konkurransetruck\/#primaryimage"},"thumbnailUrl":"https:\/\/barneleker.no\/wp-content\/uploads\/2022\/02\/lego-technic-42129-firehjulsdrevet-mercedes-benz-zetros-konkurransetruck.jpg","datePublished":"2022-02-08T19:52:20+00:00","breadcrumb":{"@id":"https:\/\/barneleker.no\/index.php\/product\/lego-technic-42129-firehjulsdrevet-mercedes-benz-zetros-konkurransetruck\/#breadcrumb"},"inLanguage":"nb-NO","potentialAction":[{"@type":"ReadAction","target":["https:\/\/barneleker.no\/index.php\/product\/lego-technic-42129-firehjulsdrevet-mercedes-benz-zetros-konkurransetruck\/"]}]},{"@type":"ImageObject","inLanguage":"nb-NO","@id":"https:\/\/barneleker.no\/index.php\/product\/lego-technic-42129-firehjulsdrevet-mercedes-benz-zetros-konkurransetruck\/#primaryimage","url":"https:\/\/barneleker.no\/wp-content\/uploads\/2022\/02\/lego-technic-42129-firehjulsdrevet-mercedes-benz-zetros-konkurransetruck.jpg","contentUrl":"https:\/\/barneleker.no\/wp-content\/uploads\/2022\/02\/lego-technic-42129-firehjulsdrevet-mercedes-benz-zetros-konkurransetruck.jpg","width":555,"height":555},{"@type":"BreadcrumbList","@id":"https:\/\/barneleker.no\/index.php\/product\/lego-technic-42129-firehjulsdrevet-mercedes-benz-zetros-konkurransetruck\/#breadcrumb","itemListElement":[{"@type":"ListItem","position":1,"name":"Butikken","item":"https:\/\/barneleker.no\/"},{"@type":"ListItem","position":2,"name":"LEGO Technic 42129, Firehjulsdrevet Mercedes-Benz Zetros konkurransetruck"}]},{"@type":"WebSite","@id":"https:\/\/barneleker.no\/#website","url":"https:\/\/barneleker.no\/","name":"Barneleker.no","description":"Selvf\u00f8lgelig!","publisher":{"@id":"https:\/\/barneleker.no\/#organization"},"potentialAction":[{"@type":"SearchAction","target":{"@type":"EntryPoint","urlTemplate":"https:\/\/barneleker.no\/?s={search_term_string}"},"query-input":{"@type":"PropertyValueSpecification","valueRequired":true,"valueName":"search_term_string"}}],"inLanguage":"nb-NO"},{"@type":"Organization","@id":"https:\/\/barneleker.no\/#organization","name":"Barneleker.no","url":"https:\/\/barneleker.no\/","logo":{"@type":"ImageObject","inLanguage":"nb-NO","@id":"https:\/\/barneleker.no\/#\/schema\/logo\/image\/","url":"https:\/\/barneleker.no\/wp-content\/uploads\/2021\/11\/barneleker_logo-780x150-1.jpg","contentUrl":"https:\/\/barneleker.no\/wp-content\/uploads\/2021\/11\/barneleker_logo-780x150-1.jpg","width":780,"height":150,"caption":"Barneleker.no"},"image":{"@id":"https:\/\/barneleker.no\/#\/schema\/logo\/image\/"}}]}},"_links":{"self":[{"href":"https:\/\/barneleker.no\/index.php\/wp-json\/wp\/v2\/product\/12733","targetHints":{"allow":["GET"]}}],"collection":[{"href":"https:\/\/barneleker.no\/index.php\/wp-json\/wp\/v2\/product"}],"about":[{"href":"https:\/\/barneleker.no\/index.php\/wp-json\/wp\/v2\/types\/product"}],"replies":[{"embeddable":true,"href":"https:\/\/barneleker.no\/index.php\/wp-json\/wp\/v2\/comments?post=12733"}],"wp:featuredmedia":[{"embeddable":true,"href":"https:\/\/barneleker.no\/index.php\/wp-json\/wp\/v2\/media\/12732"}],"wp:attachment":[{"href":"https:\/\/barneleker.no\/index.php\/wp-json\/wp\/v2\/media?parent=12733"}],"wp:term":[{"taxonomy":"product_brand","embeddable":true,"href":"https:\/\/barneleker.no\/index.php\/wp-json\/wp\/v2\/product_brand?post=12733"},{"taxonomy":"product_cat","embeddable":true,"href":"https:\/\/barneleker.no\/index.php\/wp-json\/wp\/v2\/product_cat?post=12733"},{"taxonomy":"product_tag","embeddable":true,"href":"https:\/\/barneleker.no\/index.php\/wp-json\/wp\/v2\/product_tag?post=12733"}],"curies":[{"name":"wp","href":"https:\/\/api.w.org\/{rel}","templated":true}]}}