{"id":12737,"date":"2022-02-08T19:52:21","date_gmt":"2022-02-08T19:52:21","guid":{"rendered":"https:\/\/barneleker.no\/index.php\/product\/hatchimals-pixies-babysitters\/"},"modified":"2022-02-08T19:52:21","modified_gmt":"2022-02-08T19:52:21","slug":"hatchimals-pixies-babysitters","status":"publish","type":"product","link":"https:\/\/barneleker.no\/index.php\/product\/hatchimals-pixies-babysitters\/","title":{"rendered":"Hatchimals, Pixies Babysitters"},"content":{"rendered":"<p>Hatch din perfekte Shimmer Babies Pixie og en matchende baby Hatchimal! Disse superstilige Hatchimals Pixies har et unikt utseende, med antrekk og tilbeh\u00f8r inspirert av morsomme aktiviteter, som rullesk\u00f8yter, sleepovers, dansekurs og mer! Hvert Shimmer Babies Pixie-egg er fullt av overraskelser: babyens CollEGGtibles-karakter, tilbeh\u00f8r til Pixie, tilbeh\u00f8r til Hatchimal, en barneseng, BFF-medaljong og et gjenbrukbart egg som blir et kult barnevakt-hangout! Egget har ogs\u00e5 et skjult kj\u00f8nn avsl\u00f8rer for babyen din CollEGGtibles karakter &#8211; innsiden blir rosa for en jente eller bl\u00e5 for en gutt! Skrell hjerteklistremerket for \u00e5 avsl\u00f8re et symbol som antyder Pixies barnevakt-tema. Klem hjertet for \u00e5 f\u00e5 en sniktitt p\u00e5 Pixie, og \u00e5pne deretter hver side av egget for \u00e5 m\u00f8te Pixies Babysitter og den s\u00f8te iriserende og skinnende babyen Hatchimal! Vil du klekke ut Skatin \u2019Stella and Bouncing Burtle, Dreamy Dana og PJ Pandor, Dancin\u2019 Dahlia og Ballerina Bunwee? I tillegg er det en sjanse for at du finner den sjeldne glitrende BFF-medaljen og krybben inne i egget ditt! \u00c5pne settets medaljong for \u00e5 se bilder av Shimmer Babies BFF-ene dine og klips det p\u00e5 sekken for \u00e5 ta den med deg p\u00e5 farten! Tilpass Pixie med det super s\u00f8te tilbeh\u00f8ret som et visir, s\u00f8vnmaske, veske og mer, og gi dine s\u00f8te Shimmer Babies Hatchimal dets skraller, flaske, smokk eller teppe, og legg babyen din i barneseng for nattetid! Pynt egget med klistremerkene og bruk det som en skjerm for dine nye venner. Temaet bak innsiden av egget gj\u00f8r det til den ultimate barnevakt-hangouten for din late play storytelling! Med seks Pixies Babysitters sm\u00e5 dukker \u00e5 samle, hver med et poserbart hode og glitrende vinger, legg dem alle til samlingen din (hver selges separat)! Hatchimals CollEGGtibles and Pixies leker for barn er de perfekte gaver for jenter p\u00e5 5 \u00e5r og oppover. Gj\u00f8r deg klar for et spennende barnevakteventyr med din egen Hatchimals Shimmer Babies Pixie!<\/p>\n","protected":false},"excerpt":{"rendered":"<p>Hatch din perfekte Shimmer Babies Pixie og en matchende baby Hatchimal! Disse superstilige Hatchimals Pixies har et unikt utseende, med antrekk og tilbeh\u00f8r inspirert av&hellip;<\/p>\n","protected":false},"featured_media":12736,"comment_status":"open","ping_status":"closed","template":"","meta":[],"product_brand":[],"product_cat":[445],"product_tag":[],"class_list":{"0":"post-12737","1":"product","2":"type-product","3":"status-publish","4":"has-post-thumbnail","6":"product_cat-sagofigurer","8":"first","9":"instock","10":"shipping-taxable","11":"product-type-external","12":"customify-col"},"yoast_head":"<!-- This site is optimized with the Yoast SEO plugin v26.0 - https:\/\/yoast.com\/wordpress\/plugins\/seo\/ -->\n<title>Hatchimals, Pixies Babysitters - Barneleker.no<\/title>\n<meta name=\"robots\" content=\"index, follow, max-snippet:-1, max-image-preview:large, max-video-preview:-1\" \/>\n<link rel=\"canonical\" href=\"https:\/\/barneleker.no\/index.php\/product\/hatchimals-pixies-babysitters\/\" \/>\n<meta property=\"og:locale\" content=\"nb_NO\" \/>\n<meta property=\"og:type\" content=\"article\" \/>\n<meta property=\"og:title\" content=\"Hatchimals, Pixies Babysitters - Barneleker.no\" \/>\n<meta property=\"og:description\" content=\"Hatch din perfekte Shimmer Babies Pixie og en matchende baby Hatchimal! Disse superstilige Hatchimals Pixies har et unikt utseende, med antrekk og tilbeh\u00f8r inspirert av&hellip;\" \/>\n<meta property=\"og:url\" content=\"https:\/\/barneleker.no\/index.php\/product\/hatchimals-pixies-babysitters\/\" \/>\n<meta property=\"og:site_name\" content=\"Barneleker.no\" \/>\n<meta name=\"twitter:card\" content=\"summary_large_image\" \/>\n<meta name=\"twitter:label1\" content=\"Ansl. lesetid\" \/>\n\t<meta name=\"twitter:data1\" content=\"2 minutter\" \/>\n<script type=\"application\/ld+json\" class=\"yoast-schema-graph\">{\"@context\":\"https:\/\/schema.org\",\"@graph\":[{\"@type\":\"WebPage\",\"@id\":\"https:\/\/barneleker.no\/index.php\/product\/hatchimals-pixies-babysitters\/\",\"url\":\"https:\/\/barneleker.no\/index.php\/product\/hatchimals-pixies-babysitters\/\",\"name\":\"Hatchimals, Pixies Babysitters - Barneleker.no\",\"isPartOf\":{\"@id\":\"https:\/\/barneleker.no\/#website\"},\"primaryImageOfPage\":{\"@id\":\"https:\/\/barneleker.no\/index.php\/product\/hatchimals-pixies-babysitters\/#primaryimage\"},\"image\":{\"@id\":\"https:\/\/barneleker.no\/index.php\/product\/hatchimals-pixies-babysitters\/#primaryimage\"},\"thumbnailUrl\":\"https:\/\/barneleker.no\/wp-content\/uploads\/2022\/02\/hatchimals-pixies-babysitters.jpg\",\"datePublished\":\"2022-02-08T19:52:21+00:00\",\"breadcrumb\":{\"@id\":\"https:\/\/barneleker.no\/index.php\/product\/hatchimals-pixies-babysitters\/#breadcrumb\"},\"inLanguage\":\"nb-NO\",\"potentialAction\":[{\"@type\":\"ReadAction\",\"target\":[\"https:\/\/barneleker.no\/index.php\/product\/hatchimals-pixies-babysitters\/\"]}]},{\"@type\":\"ImageObject\",\"inLanguage\":\"nb-NO\",\"@id\":\"https:\/\/barneleker.no\/index.php\/product\/hatchimals-pixies-babysitters\/#primaryimage\",\"url\":\"https:\/\/barneleker.no\/wp-content\/uploads\/2022\/02\/hatchimals-pixies-babysitters.jpg\",\"contentUrl\":\"https:\/\/barneleker.no\/wp-content\/uploads\/2022\/02\/hatchimals-pixies-babysitters.jpg\",\"width\":555,\"height\":555},{\"@type\":\"BreadcrumbList\",\"@id\":\"https:\/\/barneleker.no\/index.php\/product\/hatchimals-pixies-babysitters\/#breadcrumb\",\"itemListElement\":[{\"@type\":\"ListItem\",\"position\":1,\"name\":\"Butikken\",\"item\":\"https:\/\/barneleker.no\/\"},{\"@type\":\"ListItem\",\"position\":2,\"name\":\"Hatchimals, Pixies Babysitters\"}]},{\"@type\":\"WebSite\",\"@id\":\"https:\/\/barneleker.no\/#website\",\"url\":\"https:\/\/barneleker.no\/\",\"name\":\"Barneleker.no\",\"description\":\"Selvf\u00f8lgelig!\",\"publisher\":{\"@id\":\"https:\/\/barneleker.no\/#organization\"},\"potentialAction\":[{\"@type\":\"SearchAction\",\"target\":{\"@type\":\"EntryPoint\",\"urlTemplate\":\"https:\/\/barneleker.no\/?s={search_term_string}\"},\"query-input\":{\"@type\":\"PropertyValueSpecification\",\"valueRequired\":true,\"valueName\":\"search_term_string\"}}],\"inLanguage\":\"nb-NO\"},{\"@type\":\"Organization\",\"@id\":\"https:\/\/barneleker.no\/#organization\",\"name\":\"Barneleker.no\",\"url\":\"https:\/\/barneleker.no\/\",\"logo\":{\"@type\":\"ImageObject\",\"inLanguage\":\"nb-NO\",\"@id\":\"https:\/\/barneleker.no\/#\/schema\/logo\/image\/\",\"url\":\"https:\/\/barneleker.no\/wp-content\/uploads\/2021\/11\/barneleker_logo-780x150-1.jpg\",\"contentUrl\":\"https:\/\/barneleker.no\/wp-content\/uploads\/2021\/11\/barneleker_logo-780x150-1.jpg\",\"width\":780,\"height\":150,\"caption\":\"Barneleker.no\"},\"image\":{\"@id\":\"https:\/\/barneleker.no\/#\/schema\/logo\/image\/\"}}]}<\/script>\n<!-- \/ Yoast SEO plugin. -->","yoast_head_json":{"title":"Hatchimals, Pixies Babysitters - Barneleker.no","robots":{"index":"index","follow":"follow","max-snippet":"max-snippet:-1","max-image-preview":"max-image-preview:large","max-video-preview":"max-video-preview:-1"},"canonical":"https:\/\/barneleker.no\/index.php\/product\/hatchimals-pixies-babysitters\/","og_locale":"nb_NO","og_type":"article","og_title":"Hatchimals, Pixies Babysitters - Barneleker.no","og_description":"Hatch din perfekte Shimmer Babies Pixie og en matchende baby Hatchimal! Disse superstilige Hatchimals Pixies har et unikt utseende, med antrekk og tilbeh\u00f8r inspirert av&hellip;","og_url":"https:\/\/barneleker.no\/index.php\/product\/hatchimals-pixies-babysitters\/","og_site_name":"Barneleker.no","twitter_card":"summary_large_image","twitter_misc":{"Ansl. lesetid":"2 minutter"},"schema":{"@context":"https:\/\/schema.org","@graph":[{"@type":"WebPage","@id":"https:\/\/barneleker.no\/index.php\/product\/hatchimals-pixies-babysitters\/","url":"https:\/\/barneleker.no\/index.php\/product\/hatchimals-pixies-babysitters\/","name":"Hatchimals, Pixies Babysitters - Barneleker.no","isPartOf":{"@id":"https:\/\/barneleker.no\/#website"},"primaryImageOfPage":{"@id":"https:\/\/barneleker.no\/index.php\/product\/hatchimals-pixies-babysitters\/#primaryimage"},"image":{"@id":"https:\/\/barneleker.no\/index.php\/product\/hatchimals-pixies-babysitters\/#primaryimage"},"thumbnailUrl":"https:\/\/barneleker.no\/wp-content\/uploads\/2022\/02\/hatchimals-pixies-babysitters.jpg","datePublished":"2022-02-08T19:52:21+00:00","breadcrumb":{"@id":"https:\/\/barneleker.no\/index.php\/product\/hatchimals-pixies-babysitters\/#breadcrumb"},"inLanguage":"nb-NO","potentialAction":[{"@type":"ReadAction","target":["https:\/\/barneleker.no\/index.php\/product\/hatchimals-pixies-babysitters\/"]}]},{"@type":"ImageObject","inLanguage":"nb-NO","@id":"https:\/\/barneleker.no\/index.php\/product\/hatchimals-pixies-babysitters\/#primaryimage","url":"https:\/\/barneleker.no\/wp-content\/uploads\/2022\/02\/hatchimals-pixies-babysitters.jpg","contentUrl":"https:\/\/barneleker.no\/wp-content\/uploads\/2022\/02\/hatchimals-pixies-babysitters.jpg","width":555,"height":555},{"@type":"BreadcrumbList","@id":"https:\/\/barneleker.no\/index.php\/product\/hatchimals-pixies-babysitters\/#breadcrumb","itemListElement":[{"@type":"ListItem","position":1,"name":"Butikken","item":"https:\/\/barneleker.no\/"},{"@type":"ListItem","position":2,"name":"Hatchimals, Pixies Babysitters"}]},{"@type":"WebSite","@id":"https:\/\/barneleker.no\/#website","url":"https:\/\/barneleker.no\/","name":"Barneleker.no","description":"Selvf\u00f8lgelig!","publisher":{"@id":"https:\/\/barneleker.no\/#organization"},"potentialAction":[{"@type":"SearchAction","target":{"@type":"EntryPoint","urlTemplate":"https:\/\/barneleker.no\/?s={search_term_string}"},"query-input":{"@type":"PropertyValueSpecification","valueRequired":true,"valueName":"search_term_string"}}],"inLanguage":"nb-NO"},{"@type":"Organization","@id":"https:\/\/barneleker.no\/#organization","name":"Barneleker.no","url":"https:\/\/barneleker.no\/","logo":{"@type":"ImageObject","inLanguage":"nb-NO","@id":"https:\/\/barneleker.no\/#\/schema\/logo\/image\/","url":"https:\/\/barneleker.no\/wp-content\/uploads\/2021\/11\/barneleker_logo-780x150-1.jpg","contentUrl":"https:\/\/barneleker.no\/wp-content\/uploads\/2021\/11\/barneleker_logo-780x150-1.jpg","width":780,"height":150,"caption":"Barneleker.no"},"image":{"@id":"https:\/\/barneleker.no\/#\/schema\/logo\/image\/"}}]}},"_links":{"self":[{"href":"https:\/\/barneleker.no\/index.php\/wp-json\/wp\/v2\/product\/12737","targetHints":{"allow":["GET"]}}],"collection":[{"href":"https:\/\/barneleker.no\/index.php\/wp-json\/wp\/v2\/product"}],"about":[{"href":"https:\/\/barneleker.no\/index.php\/wp-json\/wp\/v2\/types\/product"}],"replies":[{"embeddable":true,"href":"https:\/\/barneleker.no\/index.php\/wp-json\/wp\/v2\/comments?post=12737"}],"wp:featuredmedia":[{"embeddable":true,"href":"https:\/\/barneleker.no\/index.php\/wp-json\/wp\/v2\/media\/12736"}],"wp:attachment":[{"href":"https:\/\/barneleker.no\/index.php\/wp-json\/wp\/v2\/media?parent=12737"}],"wp:term":[{"taxonomy":"product_brand","embeddable":true,"href":"https:\/\/barneleker.no\/index.php\/wp-json\/wp\/v2\/product_brand?post=12737"},{"taxonomy":"product_cat","embeddable":true,"href":"https:\/\/barneleker.no\/index.php\/wp-json\/wp\/v2\/product_cat?post=12737"},{"taxonomy":"product_tag","embeddable":true,"href":"https:\/\/barneleker.no\/index.php\/wp-json\/wp\/v2\/product_tag?post=12737"}],"curies":[{"name":"wp","href":"https:\/\/api.w.org\/{rel}","templated":true}]}}