{"id":12741,"date":"2022-02-08T19:52:23","date_gmt":"2022-02-08T19:52:23","guid":{"rendered":"https:\/\/barneleker.no\/index.php\/product\/hape-teach-yourself-electric-ukulele-blue\/"},"modified":"2022-02-08T19:52:23","modified_gmt":"2022-02-08T19:52:23","slug":"hape-teach-yourself-electric-ukulele-blue","status":"publish","type":"product","link":"https:\/\/barneleker.no\/index.php\/product\/hape-teach-yourself-electric-ukulele-blue\/","title":{"rendered":"Hape, Teach Yourself Electric Ukulele, Blue"},"content":{"rendered":"<p>Begynn din musikalske reise og l\u00e6r deg \u00e5 spille favorittl\u00e5tene dine p\u00e5 denne flotte Hape L\u00e6r Deg Selv Elektrisk Ukulele. Med blinkende lys som l\u00e6rer deg \u00e5 spille! Fingerplukk og strum sammen med de blinkende lysene for \u00e5 spille melodien til en av fem sanger da, og n\u00e5r du blir mer trygg kan du bytte til Tutti-modus for \u00e5 \u00f8ke hastigheten og h\u00f8re tilh\u00f8rende instrumenter. Kult elektrisk gitarutseende! L\u00e6rer sm\u00e5 barn om grunnleggende rytme, strumming og andre musikalske teknikker. Flott forberedelse for avansert musikalsk l\u00e6ring og for \u00e5 utvikle auditive og kreative ferdigheter. Inkluderer instruksjon og hefte. Har et h\u00e5ndtak p\u00e5 kroppen som gj\u00f8r det enkelt \u00e5 ha ukulele med seg. Laget av tre for \u00e5 gi deg en ekte autentisk lyd n\u00e5r du strummer.<\/p>\n","protected":false},"excerpt":{"rendered":"<p>Begynn din musikalske reise og l\u00e6r deg \u00e5 spille favorittl\u00e5tene dine p\u00e5 denne flotte Hape L\u00e6r Deg Selv Elektrisk Ukulele. Med blinkende lys som l\u00e6rer&hellip;<\/p>\n","protected":false},"featured_media":12740,"comment_status":"open","ping_status":"closed","template":"","meta":[],"product_brand":[],"product_cat":[446],"product_tag":[],"class_list":{"0":"post-12741","1":"product","2":"type-product","3":"status-publish","4":"has-post-thumbnail","6":"product_cat-instrument","8":"first","9":"instock","10":"shipping-taxable","11":"product-type-external","12":"customify-col"},"yoast_head":"<!-- This site is optimized with the Yoast SEO plugin v26.0 - https:\/\/yoast.com\/wordpress\/plugins\/seo\/ -->\n<title>Hape, Teach Yourself Electric Ukulele, Blue - Barneleker.no<\/title>\n<meta name=\"robots\" content=\"index, follow, max-snippet:-1, max-image-preview:large, max-video-preview:-1\" \/>\n<link rel=\"canonical\" href=\"https:\/\/barneleker.no\/index.php\/product\/hape-teach-yourself-electric-ukulele-blue\/\" \/>\n<meta property=\"og:locale\" content=\"nb_NO\" \/>\n<meta property=\"og:type\" content=\"article\" \/>\n<meta property=\"og:title\" content=\"Hape, Teach Yourself Electric Ukulele, Blue - Barneleker.no\" \/>\n<meta property=\"og:description\" content=\"Begynn din musikalske reise og l\u00e6r deg \u00e5 spille favorittl\u00e5tene dine p\u00e5 denne flotte Hape L\u00e6r Deg Selv Elektrisk Ukulele. Med blinkende lys som l\u00e6rer&hellip;\" \/>\n<meta property=\"og:url\" content=\"https:\/\/barneleker.no\/index.php\/product\/hape-teach-yourself-electric-ukulele-blue\/\" \/>\n<meta property=\"og:site_name\" content=\"Barneleker.no\" \/>\n<meta name=\"twitter:card\" content=\"summary_large_image\" \/>\n<meta name=\"twitter:label1\" content=\"Ansl. lesetid\" \/>\n\t<meta name=\"twitter:data1\" content=\"1 minutt\" \/>\n<script type=\"application\/ld+json\" class=\"yoast-schema-graph\">{\"@context\":\"https:\/\/schema.org\",\"@graph\":[{\"@type\":\"WebPage\",\"@id\":\"https:\/\/barneleker.no\/index.php\/product\/hape-teach-yourself-electric-ukulele-blue\/\",\"url\":\"https:\/\/barneleker.no\/index.php\/product\/hape-teach-yourself-electric-ukulele-blue\/\",\"name\":\"Hape, Teach Yourself Electric Ukulele, Blue - Barneleker.no\",\"isPartOf\":{\"@id\":\"https:\/\/barneleker.no\/#website\"},\"primaryImageOfPage\":{\"@id\":\"https:\/\/barneleker.no\/index.php\/product\/hape-teach-yourself-electric-ukulele-blue\/#primaryimage\"},\"image\":{\"@id\":\"https:\/\/barneleker.no\/index.php\/product\/hape-teach-yourself-electric-ukulele-blue\/#primaryimage\"},\"thumbnailUrl\":\"https:\/\/barneleker.no\/wp-content\/uploads\/2022\/02\/hape-teach-yourself-electric-ukulele-blue.jpg\",\"datePublished\":\"2022-02-08T19:52:23+00:00\",\"breadcrumb\":{\"@id\":\"https:\/\/barneleker.no\/index.php\/product\/hape-teach-yourself-electric-ukulele-blue\/#breadcrumb\"},\"inLanguage\":\"nb-NO\",\"potentialAction\":[{\"@type\":\"ReadAction\",\"target\":[\"https:\/\/barneleker.no\/index.php\/product\/hape-teach-yourself-electric-ukulele-blue\/\"]}]},{\"@type\":\"ImageObject\",\"inLanguage\":\"nb-NO\",\"@id\":\"https:\/\/barneleker.no\/index.php\/product\/hape-teach-yourself-electric-ukulele-blue\/#primaryimage\",\"url\":\"https:\/\/barneleker.no\/wp-content\/uploads\/2022\/02\/hape-teach-yourself-electric-ukulele-blue.jpg\",\"contentUrl\":\"https:\/\/barneleker.no\/wp-content\/uploads\/2022\/02\/hape-teach-yourself-electric-ukulele-blue.jpg\",\"width\":555,\"height\":555},{\"@type\":\"BreadcrumbList\",\"@id\":\"https:\/\/barneleker.no\/index.php\/product\/hape-teach-yourself-electric-ukulele-blue\/#breadcrumb\",\"itemListElement\":[{\"@type\":\"ListItem\",\"position\":1,\"name\":\"Butikken\",\"item\":\"https:\/\/barneleker.no\/\"},{\"@type\":\"ListItem\",\"position\":2,\"name\":\"Hape, Teach Yourself Electric Ukulele, Blue\"}]},{\"@type\":\"WebSite\",\"@id\":\"https:\/\/barneleker.no\/#website\",\"url\":\"https:\/\/barneleker.no\/\",\"name\":\"Barneleker.no\",\"description\":\"Selvf\u00f8lgelig!\",\"publisher\":{\"@id\":\"https:\/\/barneleker.no\/#organization\"},\"potentialAction\":[{\"@type\":\"SearchAction\",\"target\":{\"@type\":\"EntryPoint\",\"urlTemplate\":\"https:\/\/barneleker.no\/?s={search_term_string}\"},\"query-input\":{\"@type\":\"PropertyValueSpecification\",\"valueRequired\":true,\"valueName\":\"search_term_string\"}}],\"inLanguage\":\"nb-NO\"},{\"@type\":\"Organization\",\"@id\":\"https:\/\/barneleker.no\/#organization\",\"name\":\"Barneleker.no\",\"url\":\"https:\/\/barneleker.no\/\",\"logo\":{\"@type\":\"ImageObject\",\"inLanguage\":\"nb-NO\",\"@id\":\"https:\/\/barneleker.no\/#\/schema\/logo\/image\/\",\"url\":\"https:\/\/barneleker.no\/wp-content\/uploads\/2021\/11\/barneleker_logo-780x150-1.jpg\",\"contentUrl\":\"https:\/\/barneleker.no\/wp-content\/uploads\/2021\/11\/barneleker_logo-780x150-1.jpg\",\"width\":780,\"height\":150,\"caption\":\"Barneleker.no\"},\"image\":{\"@id\":\"https:\/\/barneleker.no\/#\/schema\/logo\/image\/\"}}]}<\/script>\n<!-- \/ Yoast SEO plugin. -->","yoast_head_json":{"title":"Hape, Teach Yourself Electric Ukulele, Blue - Barneleker.no","robots":{"index":"index","follow":"follow","max-snippet":"max-snippet:-1","max-image-preview":"max-image-preview:large","max-video-preview":"max-video-preview:-1"},"canonical":"https:\/\/barneleker.no\/index.php\/product\/hape-teach-yourself-electric-ukulele-blue\/","og_locale":"nb_NO","og_type":"article","og_title":"Hape, Teach Yourself Electric Ukulele, Blue - Barneleker.no","og_description":"Begynn din musikalske reise og l\u00e6r deg \u00e5 spille favorittl\u00e5tene dine p\u00e5 denne flotte Hape L\u00e6r Deg Selv Elektrisk Ukulele. Med blinkende lys som l\u00e6rer&hellip;","og_url":"https:\/\/barneleker.no\/index.php\/product\/hape-teach-yourself-electric-ukulele-blue\/","og_site_name":"Barneleker.no","twitter_card":"summary_large_image","twitter_misc":{"Ansl. lesetid":"1 minutt"},"schema":{"@context":"https:\/\/schema.org","@graph":[{"@type":"WebPage","@id":"https:\/\/barneleker.no\/index.php\/product\/hape-teach-yourself-electric-ukulele-blue\/","url":"https:\/\/barneleker.no\/index.php\/product\/hape-teach-yourself-electric-ukulele-blue\/","name":"Hape, Teach Yourself Electric Ukulele, Blue - Barneleker.no","isPartOf":{"@id":"https:\/\/barneleker.no\/#website"},"primaryImageOfPage":{"@id":"https:\/\/barneleker.no\/index.php\/product\/hape-teach-yourself-electric-ukulele-blue\/#primaryimage"},"image":{"@id":"https:\/\/barneleker.no\/index.php\/product\/hape-teach-yourself-electric-ukulele-blue\/#primaryimage"},"thumbnailUrl":"https:\/\/barneleker.no\/wp-content\/uploads\/2022\/02\/hape-teach-yourself-electric-ukulele-blue.jpg","datePublished":"2022-02-08T19:52:23+00:00","breadcrumb":{"@id":"https:\/\/barneleker.no\/index.php\/product\/hape-teach-yourself-electric-ukulele-blue\/#breadcrumb"},"inLanguage":"nb-NO","potentialAction":[{"@type":"ReadAction","target":["https:\/\/barneleker.no\/index.php\/product\/hape-teach-yourself-electric-ukulele-blue\/"]}]},{"@type":"ImageObject","inLanguage":"nb-NO","@id":"https:\/\/barneleker.no\/index.php\/product\/hape-teach-yourself-electric-ukulele-blue\/#primaryimage","url":"https:\/\/barneleker.no\/wp-content\/uploads\/2022\/02\/hape-teach-yourself-electric-ukulele-blue.jpg","contentUrl":"https:\/\/barneleker.no\/wp-content\/uploads\/2022\/02\/hape-teach-yourself-electric-ukulele-blue.jpg","width":555,"height":555},{"@type":"BreadcrumbList","@id":"https:\/\/barneleker.no\/index.php\/product\/hape-teach-yourself-electric-ukulele-blue\/#breadcrumb","itemListElement":[{"@type":"ListItem","position":1,"name":"Butikken","item":"https:\/\/barneleker.no\/"},{"@type":"ListItem","position":2,"name":"Hape, Teach Yourself Electric Ukulele, Blue"}]},{"@type":"WebSite","@id":"https:\/\/barneleker.no\/#website","url":"https:\/\/barneleker.no\/","name":"Barneleker.no","description":"Selvf\u00f8lgelig!","publisher":{"@id":"https:\/\/barneleker.no\/#organization"},"potentialAction":[{"@type":"SearchAction","target":{"@type":"EntryPoint","urlTemplate":"https:\/\/barneleker.no\/?s={search_term_string}"},"query-input":{"@type":"PropertyValueSpecification","valueRequired":true,"valueName":"search_term_string"}}],"inLanguage":"nb-NO"},{"@type":"Organization","@id":"https:\/\/barneleker.no\/#organization","name":"Barneleker.no","url":"https:\/\/barneleker.no\/","logo":{"@type":"ImageObject","inLanguage":"nb-NO","@id":"https:\/\/barneleker.no\/#\/schema\/logo\/image\/","url":"https:\/\/barneleker.no\/wp-content\/uploads\/2021\/11\/barneleker_logo-780x150-1.jpg","contentUrl":"https:\/\/barneleker.no\/wp-content\/uploads\/2021\/11\/barneleker_logo-780x150-1.jpg","width":780,"height":150,"caption":"Barneleker.no"},"image":{"@id":"https:\/\/barneleker.no\/#\/schema\/logo\/image\/"}}]}},"_links":{"self":[{"href":"https:\/\/barneleker.no\/index.php\/wp-json\/wp\/v2\/product\/12741","targetHints":{"allow":["GET"]}}],"collection":[{"href":"https:\/\/barneleker.no\/index.php\/wp-json\/wp\/v2\/product"}],"about":[{"href":"https:\/\/barneleker.no\/index.php\/wp-json\/wp\/v2\/types\/product"}],"replies":[{"embeddable":true,"href":"https:\/\/barneleker.no\/index.php\/wp-json\/wp\/v2\/comments?post=12741"}],"wp:featuredmedia":[{"embeddable":true,"href":"https:\/\/barneleker.no\/index.php\/wp-json\/wp\/v2\/media\/12740"}],"wp:attachment":[{"href":"https:\/\/barneleker.no\/index.php\/wp-json\/wp\/v2\/media?parent=12741"}],"wp:term":[{"taxonomy":"product_brand","embeddable":true,"href":"https:\/\/barneleker.no\/index.php\/wp-json\/wp\/v2\/product_brand?post=12741"},{"taxonomy":"product_cat","embeddable":true,"href":"https:\/\/barneleker.no\/index.php\/wp-json\/wp\/v2\/product_cat?post=12741"},{"taxonomy":"product_tag","embeddable":true,"href":"https:\/\/barneleker.no\/index.php\/wp-json\/wp\/v2\/product_tag?post=12741"}],"curies":[{"name":"wp","href":"https:\/\/api.w.org\/{rel}","templated":true}]}}