{"id":12785,"date":"2022-02-08T19:52:38","date_gmt":"2022-02-08T19:52:38","guid":{"rendered":"https:\/\/barneleker.no\/index.php\/product\/simba-steffi-lovely-horse-dukke-hest\/"},"modified":"2022-02-08T19:52:38","modified_gmt":"2022-02-08T19:52:38","slug":"simba-steffi-lovely-horse-dukke-hest","status":"publish","type":"product","link":"https:\/\/barneleker.no\/index.php\/product\/simba-steffi-lovely-horse-dukke-hest\/","title":{"rendered":"Simba Steffi, Lovely Horse &#8211; Dukke &#038; Hest"},"content":{"rendered":"<p>Superfint sett med mange tilbeh\u00f8r fra Steffi Love! La Steffi ta vare p\u00e5 sin fine hest ved \u00e5 pusse manen eller mate den med gulr\u00f8tter. Ikke glem \u00e5 sette p\u00e5 Steffi den fine hjelmen f\u00f8r det er p\u00e5 tide med en ridetur.<\/p>\n","protected":false},"excerpt":{"rendered":"<p>Superfint sett med mange tilbeh\u00f8r fra Steffi Love! La Steffi ta vare p\u00e5 sin fine hest ved \u00e5 pusse manen eller mate den med gulr\u00f8tter.&hellip;<\/p>\n","protected":false},"featured_media":12784,"comment_status":"open","ping_status":"closed","template":"","meta":[],"product_brand":[],"product_cat":[349],"product_tag":[],"class_list":{"0":"post-12785","1":"product","2":"type-product","3":"status-publish","4":"has-post-thumbnail","6":"product_cat-modedockor","8":"first","9":"instock","10":"shipping-taxable","11":"product-type-external","12":"customify-col"},"yoast_head":"<!-- This site is optimized with the Yoast SEO plugin v26.0 - https:\/\/yoast.com\/wordpress\/plugins\/seo\/ -->\n<title>Simba Steffi, Lovely Horse - Dukke &amp; Hest - Barneleker.no<\/title>\n<meta name=\"robots\" content=\"index, follow, max-snippet:-1, max-image-preview:large, max-video-preview:-1\" \/>\n<link rel=\"canonical\" href=\"https:\/\/barneleker.no\/index.php\/product\/simba-steffi-lovely-horse-dukke-hest\/\" \/>\n<meta property=\"og:locale\" content=\"nb_NO\" \/>\n<meta property=\"og:type\" content=\"article\" \/>\n<meta property=\"og:title\" content=\"Simba Steffi, Lovely Horse - Dukke &amp; Hest - Barneleker.no\" \/>\n<meta property=\"og:description\" content=\"Superfint sett med mange tilbeh\u00f8r fra Steffi Love! La Steffi ta vare p\u00e5 sin fine hest ved \u00e5 pusse manen eller mate den med gulr\u00f8tter.&hellip;\" \/>\n<meta property=\"og:url\" content=\"https:\/\/barneleker.no\/index.php\/product\/simba-steffi-lovely-horse-dukke-hest\/\" \/>\n<meta property=\"og:site_name\" content=\"Barneleker.no\" \/>\n<meta name=\"twitter:card\" content=\"summary_large_image\" \/>\n<script type=\"application\/ld+json\" class=\"yoast-schema-graph\">{\"@context\":\"https:\/\/schema.org\",\"@graph\":[{\"@type\":\"WebPage\",\"@id\":\"https:\/\/barneleker.no\/index.php\/product\/simba-steffi-lovely-horse-dukke-hest\/\",\"url\":\"https:\/\/barneleker.no\/index.php\/product\/simba-steffi-lovely-horse-dukke-hest\/\",\"name\":\"Simba Steffi, Lovely Horse - Dukke & Hest - Barneleker.no\",\"isPartOf\":{\"@id\":\"https:\/\/barneleker.no\/#website\"},\"primaryImageOfPage\":{\"@id\":\"https:\/\/barneleker.no\/index.php\/product\/simba-steffi-lovely-horse-dukke-hest\/#primaryimage\"},\"image\":{\"@id\":\"https:\/\/barneleker.no\/index.php\/product\/simba-steffi-lovely-horse-dukke-hest\/#primaryimage\"},\"thumbnailUrl\":\"https:\/\/barneleker.no\/wp-content\/uploads\/2022\/02\/steffi-lovely-horse-dukke-hest.jpg\",\"datePublished\":\"2022-02-08T19:52:38+00:00\",\"breadcrumb\":{\"@id\":\"https:\/\/barneleker.no\/index.php\/product\/simba-steffi-lovely-horse-dukke-hest\/#breadcrumb\"},\"inLanguage\":\"nb-NO\",\"potentialAction\":[{\"@type\":\"ReadAction\",\"target\":[\"https:\/\/barneleker.no\/index.php\/product\/simba-steffi-lovely-horse-dukke-hest\/\"]}]},{\"@type\":\"ImageObject\",\"inLanguage\":\"nb-NO\",\"@id\":\"https:\/\/barneleker.no\/index.php\/product\/simba-steffi-lovely-horse-dukke-hest\/#primaryimage\",\"url\":\"https:\/\/barneleker.no\/wp-content\/uploads\/2022\/02\/steffi-lovely-horse-dukke-hest.jpg\",\"contentUrl\":\"https:\/\/barneleker.no\/wp-content\/uploads\/2022\/02\/steffi-lovely-horse-dukke-hest.jpg\",\"width\":555,\"height\":555},{\"@type\":\"BreadcrumbList\",\"@id\":\"https:\/\/barneleker.no\/index.php\/product\/simba-steffi-lovely-horse-dukke-hest\/#breadcrumb\",\"itemListElement\":[{\"@type\":\"ListItem\",\"position\":1,\"name\":\"Butikken\",\"item\":\"https:\/\/barneleker.no\/\"},{\"@type\":\"ListItem\",\"position\":2,\"name\":\"Simba Steffi, Lovely Horse &#8211; Dukke &#038; Hest\"}]},{\"@type\":\"WebSite\",\"@id\":\"https:\/\/barneleker.no\/#website\",\"url\":\"https:\/\/barneleker.no\/\",\"name\":\"Barneleker.no\",\"description\":\"Selvf\u00f8lgelig!\",\"publisher\":{\"@id\":\"https:\/\/barneleker.no\/#organization\"},\"potentialAction\":[{\"@type\":\"SearchAction\",\"target\":{\"@type\":\"EntryPoint\",\"urlTemplate\":\"https:\/\/barneleker.no\/?s={search_term_string}\"},\"query-input\":{\"@type\":\"PropertyValueSpecification\",\"valueRequired\":true,\"valueName\":\"search_term_string\"}}],\"inLanguage\":\"nb-NO\"},{\"@type\":\"Organization\",\"@id\":\"https:\/\/barneleker.no\/#organization\",\"name\":\"Barneleker.no\",\"url\":\"https:\/\/barneleker.no\/\",\"logo\":{\"@type\":\"ImageObject\",\"inLanguage\":\"nb-NO\",\"@id\":\"https:\/\/barneleker.no\/#\/schema\/logo\/image\/\",\"url\":\"https:\/\/barneleker.no\/wp-content\/uploads\/2021\/11\/barneleker_logo-780x150-1.jpg\",\"contentUrl\":\"https:\/\/barneleker.no\/wp-content\/uploads\/2021\/11\/barneleker_logo-780x150-1.jpg\",\"width\":780,\"height\":150,\"caption\":\"Barneleker.no\"},\"image\":{\"@id\":\"https:\/\/barneleker.no\/#\/schema\/logo\/image\/\"}}]}<\/script>\n<!-- \/ Yoast SEO plugin. -->","yoast_head_json":{"title":"Simba Steffi, Lovely Horse - Dukke & Hest - Barneleker.no","robots":{"index":"index","follow":"follow","max-snippet":"max-snippet:-1","max-image-preview":"max-image-preview:large","max-video-preview":"max-video-preview:-1"},"canonical":"https:\/\/barneleker.no\/index.php\/product\/simba-steffi-lovely-horse-dukke-hest\/","og_locale":"nb_NO","og_type":"article","og_title":"Simba Steffi, Lovely Horse - Dukke & Hest - Barneleker.no","og_description":"Superfint sett med mange tilbeh\u00f8r fra Steffi Love! La Steffi ta vare p\u00e5 sin fine hest ved \u00e5 pusse manen eller mate den med gulr\u00f8tter.&hellip;","og_url":"https:\/\/barneleker.no\/index.php\/product\/simba-steffi-lovely-horse-dukke-hest\/","og_site_name":"Barneleker.no","twitter_card":"summary_large_image","schema":{"@context":"https:\/\/schema.org","@graph":[{"@type":"WebPage","@id":"https:\/\/barneleker.no\/index.php\/product\/simba-steffi-lovely-horse-dukke-hest\/","url":"https:\/\/barneleker.no\/index.php\/product\/simba-steffi-lovely-horse-dukke-hest\/","name":"Simba Steffi, Lovely Horse - Dukke & Hest - Barneleker.no","isPartOf":{"@id":"https:\/\/barneleker.no\/#website"},"primaryImageOfPage":{"@id":"https:\/\/barneleker.no\/index.php\/product\/simba-steffi-lovely-horse-dukke-hest\/#primaryimage"},"image":{"@id":"https:\/\/barneleker.no\/index.php\/product\/simba-steffi-lovely-horse-dukke-hest\/#primaryimage"},"thumbnailUrl":"https:\/\/barneleker.no\/wp-content\/uploads\/2022\/02\/steffi-lovely-horse-dukke-hest.jpg","datePublished":"2022-02-08T19:52:38+00:00","breadcrumb":{"@id":"https:\/\/barneleker.no\/index.php\/product\/simba-steffi-lovely-horse-dukke-hest\/#breadcrumb"},"inLanguage":"nb-NO","potentialAction":[{"@type":"ReadAction","target":["https:\/\/barneleker.no\/index.php\/product\/simba-steffi-lovely-horse-dukke-hest\/"]}]},{"@type":"ImageObject","inLanguage":"nb-NO","@id":"https:\/\/barneleker.no\/index.php\/product\/simba-steffi-lovely-horse-dukke-hest\/#primaryimage","url":"https:\/\/barneleker.no\/wp-content\/uploads\/2022\/02\/steffi-lovely-horse-dukke-hest.jpg","contentUrl":"https:\/\/barneleker.no\/wp-content\/uploads\/2022\/02\/steffi-lovely-horse-dukke-hest.jpg","width":555,"height":555},{"@type":"BreadcrumbList","@id":"https:\/\/barneleker.no\/index.php\/product\/simba-steffi-lovely-horse-dukke-hest\/#breadcrumb","itemListElement":[{"@type":"ListItem","position":1,"name":"Butikken","item":"https:\/\/barneleker.no\/"},{"@type":"ListItem","position":2,"name":"Simba Steffi, Lovely Horse &#8211; Dukke &#038; Hest"}]},{"@type":"WebSite","@id":"https:\/\/barneleker.no\/#website","url":"https:\/\/barneleker.no\/","name":"Barneleker.no","description":"Selvf\u00f8lgelig!","publisher":{"@id":"https:\/\/barneleker.no\/#organization"},"potentialAction":[{"@type":"SearchAction","target":{"@type":"EntryPoint","urlTemplate":"https:\/\/barneleker.no\/?s={search_term_string}"},"query-input":{"@type":"PropertyValueSpecification","valueRequired":true,"valueName":"search_term_string"}}],"inLanguage":"nb-NO"},{"@type":"Organization","@id":"https:\/\/barneleker.no\/#organization","name":"Barneleker.no","url":"https:\/\/barneleker.no\/","logo":{"@type":"ImageObject","inLanguage":"nb-NO","@id":"https:\/\/barneleker.no\/#\/schema\/logo\/image\/","url":"https:\/\/barneleker.no\/wp-content\/uploads\/2021\/11\/barneleker_logo-780x150-1.jpg","contentUrl":"https:\/\/barneleker.no\/wp-content\/uploads\/2021\/11\/barneleker_logo-780x150-1.jpg","width":780,"height":150,"caption":"Barneleker.no"},"image":{"@id":"https:\/\/barneleker.no\/#\/schema\/logo\/image\/"}}]}},"_links":{"self":[{"href":"https:\/\/barneleker.no\/index.php\/wp-json\/wp\/v2\/product\/12785","targetHints":{"allow":["GET"]}}],"collection":[{"href":"https:\/\/barneleker.no\/index.php\/wp-json\/wp\/v2\/product"}],"about":[{"href":"https:\/\/barneleker.no\/index.php\/wp-json\/wp\/v2\/types\/product"}],"replies":[{"embeddable":true,"href":"https:\/\/barneleker.no\/index.php\/wp-json\/wp\/v2\/comments?post=12785"}],"wp:featuredmedia":[{"embeddable":true,"href":"https:\/\/barneleker.no\/index.php\/wp-json\/wp\/v2\/media\/12784"}],"wp:attachment":[{"href":"https:\/\/barneleker.no\/index.php\/wp-json\/wp\/v2\/media?parent=12785"}],"wp:term":[{"taxonomy":"product_brand","embeddable":true,"href":"https:\/\/barneleker.no\/index.php\/wp-json\/wp\/v2\/product_brand?post=12785"},{"taxonomy":"product_cat","embeddable":true,"href":"https:\/\/barneleker.no\/index.php\/wp-json\/wp\/v2\/product_cat?post=12785"},{"taxonomy":"product_tag","embeddable":true,"href":"https:\/\/barneleker.no\/index.php\/wp-json\/wp\/v2\/product_tag?post=12785"}],"curies":[{"name":"wp","href":"https:\/\/api.w.org\/{rel}","templated":true}]}}